{"id":613,"date":"2013-10-02T18:23:35","date_gmt":"2013-10-02T16:23:35","guid":{"rendered":"http:\/\/www.xn--heimatverein-prrbach-hbc.de\/?page_id=613"},"modified":"2013-12-22T16:01:57","modified_gmt":"2013-12-22T14:01:57","slug":"festschrift-25-jahre-heimatverein","status":"publish","type":"page","link":"https:\/\/www.xn--heimatverein-prrbach-hbc.de\/?page_id=613","title":{"rendered":"Festschrift 25 Jahre Heimatverein"},"content":{"rendered":"<h1 style=\"text-align: center;\"><span style=\"font-family: arial,helvetica,sans-serif;\"><a href=\"https:\/\/www.xn--heimatverein-prrbach-hbc.de\/wp-content\/uploads\/2013\/10\/Festschrift-Deckblatt.jpg\"><img loading=\"lazy\" decoding=\"async\" class=\" wp-image-614 aligncenter\" alt=\"Festschrift Deckblatt\" src=\"https:\/\/www.xn--heimatverein-prrbach-hbc.de\/wp-content\/uploads\/2013\/10\/Festschrift-Deckblatt-717x1024.jpg\" width=\"594\" height=\"848\" srcset=\"https:\/\/www.xn--heimatverein-prrbach-hbc.de\/wp-content\/uploads\/2013\/10\/Festschrift-Deckblatt-717x1024.jpg 717w, https:\/\/www.xn--heimatverein-prrbach-hbc.de\/wp-content\/uploads\/2013\/10\/Festschrift-Deckblatt-210x300.jpg 210w, https:\/\/www.xn--heimatverein-prrbach-hbc.de\/wp-content\/uploads\/2013\/10\/Festschrift-Deckblatt.jpg 1750w\" sizes=\"auto, (max-width: 594px) 100vw, 594px\" \/><\/a><\/span><\/h1>\n<h1><strong><span style=\"font-family: arial,helvetica,sans-serif; font-size: x-large;\">Ausz\u00fcge aus der Festschrift<\/span><\/strong><\/h1>\n<h2><span style=\"font-family: arial,helvetica,sans-serif;\">Gru\u00dfwort der 1. Vorsitzenden, Elke Zantopp<\/span><\/h2>\n<p><span style=\"font-size: medium;\">Liebe Mitb\u00fcrger\/Innen und Freunde des Heimatvereins,<\/span><\/p>\n<p><span style=\"font-size: medium;\">25 Jahre Heimatverein P\u00f6rrbach, ein Grund zu feiern und Ihnen unseren Verein und dessen Geschichte etwas n\u00e4her zu bringen.<\/span><\/p>\n<p><span style=\"font-size: medium;\">Der Heimatverein ist zwar mit seinen 123 Mitgliedern ein kleiner Verein, aber bei nur ca. 80 Einwohnern doch bemerkenswert gro\u00df!<\/span><\/p>\n<p><span style=\"font-size: medium;\">Ich m\u00f6chte mich, auch im Namen der Vorstandschaft, ganz herzlich bei allen Mitgliedern f\u00fcr die Treue, Unterst\u00fctzung und Mithilfe bedanken. Denn ein Verein steht und f\u00e4llt mit dem Engagement seiner Mitglieder.<\/span><\/p>\n<p><span style=\"font-size: medium;\">Es war schon immer ein sehr r\u00fchriger Verein, dem es vor allem um die Erhaltung der <\/span><span style=\"font-size: medium;\">Traditionen und den Zusammenhalt in der Gemeinde ging. Die Einnahmen standen dabei nie im Vordergrund.<\/span><\/p>\n<p><span style=\"font-size: medium;\">Mit gro\u00dfer Freude und Engagement organisieren wir unser Dorffest, die Herbstwanderung und eine Kulturveranstaltung.<\/span><\/p>\n<p><span style=\"font-size: medium;\">Es war und ist uns wichtig, mit dem dabei eingenommenen Geld unser Dorf zu versch\u00f6nern und soziale Projekte zu unterst\u00fctzen.<\/span><\/p>\n<p><span style=\"font-size: medium;\">Vor drei Jahren haben wir zusammen mit dem Wirt des P\u00f6rrbacher Hofes, die P\u00f6rrbacher Kerwe wieder zum Leben erweckt. Auch dabei hat sich gezeigt, dass das ganze Dorf, von jung bis alt, mit Begeisterung dabei ist und gerne zusammen feiert.<\/span><\/p>\n<p><span style=\"font-size: medium;\">Dass wir keine Nachwuchssorgen haben, hat sich bei der letzten Wahl des Vorstandes im M\u00e4rz gezeigt. Es freut mich ganz besonders, dass sich so viele junge P\u00f6rrbacher zur Mitarbeit in der Vorstandschaft bereit erkl\u00e4rt haben und wir jetzt \u00fcber eine gute Mischung aus erfahrenen und jungen Vorstandsmitgliedern verf\u00fcgen.<\/span><\/p>\n<p><span style=\"font-size: medium;\">Ich bin stolz darauf, nun als Vorsitzende mit dazu beitragen zu k\u00f6nnen, dass es den Heimatverein mit seinen Traditionen und Werten noch viele weitere Jahre geben wird.<\/span><\/p>\n<p><span style=\"font-size: medium;\">Ich m\u00f6chte mich noch einmal bei allen Mitgliedern, Freunden, unserem Ortsb\u00fcrgermeister und unserer B\u00fcrgermeisterin f\u00fcr die Unterst\u00fctzung bedanken und w\u00fcnsche uns noch viele sch\u00f6ne gemeinsame Stunden.<\/span><\/p>\n<p><strong><span style=\"font-size: medium;\"><em>Elke Zantopp<\/em><\/span><\/strong><\/p>\n<p>&nbsp;<\/p>\n<h2><span style=\"font-family: arial,helvetica,sans-serif;\">Gru\u00dfwort des Ortsb\u00fcrgermeisters, Dieter Hirsch<\/span><\/h2>\n<p>&nbsp;<\/p>\n<p class=\"MsoNormal\" style=\"margin: 0cm 0cm 0pt;\"><span style=\"font-family: arial,helvetica,sans-serif; font-size: medium;\">Der Heimatverein P\u00f6rrbach feiert in diesem Jahr sein 25-j\u00e4hriges Bestehen.<\/span><\/p>\n<p class=\"MsoNormal\" style=\"margin: 0cm 0cm 0pt;\"><span style=\"font-family: arial,helvetica,sans-serif; font-size: medium;\">F\u00fcr unsere Ortsgemeinde Schwedelbach-P\u00f6rrbach ist das ein Grund zur Freude und zur Dankbarkeit. lm Namen des Gemeinderates und aller B\u00fcrgerinnen und B\u00fcrger von Schwedelbach m\u00f6chte ich dem Heimatverein P\u00f6rrbach zu diesem Jubil\u00e4um die allerherzlichsten Gr\u00fc\u00dfe und Gl\u00fcckw\u00fcnsche \u00fcbermitteln. Wir w\u00fcnschen dem Heimatverein P\u00f6rrbach bei der Erf\u00fcllung seiner wichtigen kulturellen Aufgaben weiterhin viel Freude und Erfolg.<\/span><\/p>\n<p class=\"MsoNormal\" style=\"margin: 0cm 0cm 0pt;\"><span style=\"font-family: arial,helvetica,sans-serif; font-size: medium;\">Besonders die Veranstaltungen wie Dorffest, Wanderungen, und die kulturellen Veranstaltungen sind zu einem nicht mehr wegzudenkenden Bestandteil der Schwedelbach-P\u00f6rrbacher Dorfgemeinschaft geworden. Die Veranstaltungen haben unsere Gemeinden im ganzen Landkreis positiv bekannt werden lassen.<\/span><\/p>\n<p class=\"MsoNormal\" style=\"margin: 0cm 0cm 0pt;\"><span style=\"font-family: arial,helvetica,sans-serif; font-size: medium;\">Wir m\u00f6chten dem Heimatverein P\u00f6rrbach insbesondere f\u00fcr die Unterst\u00fctzung an die Gemeinde danken. Dank gilt all denen, die sich um den Heimatverein P\u00f6rrbach verdient gemacht haben und die zum Gelingen der Jubil\u00e4umsfeier beigetragen haben.<\/span><\/p>\n<p class=\"MsoNormal\" style=\"margin: 0cm 0cm 0pt;\"><span style=\"font-family: arial,helvetica,sans-serif; font-size: medium;\">Die Geschichte einer Ortschaft ist zu allen Zeiten auch die Geschichte ihrer Einwohner. Alles, was die beiden Gemeinden heute sind und was sie geschaffen haben, verdanken sie allen ihren B\u00fcrgerinnen und B\u00fcrgern und dem immer lebendigen Gemeinschaftssinn. Seit nunmehr einem Vierteljahrhundert tr\u00e4gt auch der Heimatverein P\u00f6rrbach dazu bei, diesen Gemeinschaftssinn mit zu tragen und zu gestalten.<\/span><\/p>\n<p class=\"MsoNormal\" style=\"margin: 0cm 0cm 0pt;\"><span style=\"font-size: medium;\"><span style=\"font-family: arial,helvetica,sans-serif;\">Gemeinderat und all unsere B\u00fcrgerinnen und B\u00fcrger sprechen dem Vorstand und allen Mitgliedern des Heimatvereins P\u00f6rrbach ihren Dank und ihre Anerkennung f\u00fcr die bisher geleistete Arbeit aus und w\u00fcnschen f\u00fcr die weitere Zukunft des Vereins alles Gute und weiterhin viel Spa\u00df an der Heimatgeschichte und der Gemeinsamkeit<\/span>.<\/span><\/p>\n<p><strong><i style=\"mso-bidi-font-style: normal;\"><span style=\"font-size: 14pt;\"><span style=\"font-size: medium;\">Dieter Hirsch<\/span><\/span><\/i><\/strong><\/p>\n<p>&nbsp;<\/p>\n<p>&nbsp;<\/p>\n<h2><span style=\"font-family: arial,helvetica,sans-serif;\">Gru\u00dfwort der B\u00fcrgermeisterin, Anja Pfeiffer<\/span><\/h2>\n<p>&nbsp;<\/p>\n<p class=\"MsoBodyText\" style=\"margin: 0cm -32.4pt 0pt 0cm; text-align: justify;\"><span style=\"font-size: 12pt;\"><span style=\"color: #000000;\">Der Heimatverein P\u00f6rrbach feiert dieses Jahr seinen 25. Geburtstag.<\/span><\/span><\/p>\n<p><span style=\"font-size: 12pt;\"><span style=\"color: #000000;\">Hierzu gratuliere ich ganz herzlich. <\/span><\/span><\/p>\n<p><span style=\"font-size: 12pt;\"><span style=\"color: #000000;\">Idyllisch gelegen, in einer reizvollen Landschaft, als Ortsteil der Gemeinde Schwedelbach und Teil der Verbandsgemeinde Weilerbach strahlt es f\u00fcr mich ein St\u00fcck \u201eHeile Welt\u201c aus.<\/span><\/span><\/p>\n<p><span style=\"font-size: 12pt;\"><span style=\"color: #000000;\">Und um eine solche \u201eheile Welt\u201c zu erhalten wurde schon vor 25 Jahren der Heimatverein P\u00f6rrbach gebildet.<span style=\"mso-spacerun: yes;\">\u00a0 <\/span>\u201eZur Wahrung des kulturellen Gutes, der Tradition und der Pflege der von der Ortsgemeinde gef\u00f6rderten Einrichtungen\u201c, so steht es in der Satzung.<\/span><\/span><\/p>\n<p><span style=\"font-size: 12pt;\"><span style=\"color: #000000;\">Da bringen sich B\u00fcrgerinnen, B\u00fcrger und Freunde ein, organisieren Feste und andere Veranstaltungen und leisten durch Versch\u00f6nerungsma\u00dfnahmen einen erheblichen Beitrag zur Gestaltung des Ortsbildes.<\/span><\/span><\/p>\n<p>&nbsp;<\/p>\n<p class=\"MsoBodyText\" style=\"margin: 0cm -32.4pt 0pt 0cm; text-align: justify;\"><span style=\"font-size: 12pt;\"><span style=\"color: #000000;\">Das trifft meine Vorstellung von \u201eheiler Welt\u201c:<\/span><\/span><\/p>\n<p class=\"MsoBodyText\" style=\"margin: 0cm -32.4pt 0pt 0cm; text-align: justify;\"><span style=\"font-size: 12pt;\"><span style=\"color: #000000;\">&#8211; ein sch\u00f6ner Ort,<\/span><\/span><\/p>\n<p class=\"MsoBodyText\" style=\"margin: 0cm -32.4pt 0pt 0cm; text-align: justify;\"><span style=\"font-size: 12pt;\"><span style=\"color: #000000;\">&#8211; aktives Gemeindeleben,<\/span><\/span><\/p>\n<p class=\"MsoBodyText\" style=\"margin: 0cm -32.4pt 0pt 0cm; text-align: justify;\"><span style=\"font-size: 12pt;\"><span style=\"color: #000000;\">&#8211; gemeinsames Feiern<\/span><\/span><\/p>\n<p><span style=\"font-size: 12pt;\"><span style=\"color: #000000;\">und dies durchgef\u00fchrt von Menschen, die hierin den Sinn erkannt haben, dass ihnen ihr Ort und ihr Verein es wert sind, daf\u00fcr Freizeit zu investieren oder \u2013 wie man es auch sehen kann \u2013 zu opfern.<\/span><\/span><\/p>\n<p><span style=\"font-size: 12pt;\"><span style=\"color: #000000;\">Im R\u00fcckblick auf seine 25j\u00e4hrige Geschichte kann der Heimatverein mit Stolz behaupten, dass er die Traditionen und Werte aufrecht erh\u00e4lt.<\/span><\/span><\/p>\n<p><span style=\"font-size: 12pt;\"><span style=\"color: #000000;\">Ein kleiner Ort mit einem gro\u00dfen Verein, darauf kann man als B\u00fcrger, als Gemeinde und nat\u00fcrlich als Vereinsmitglied stolz sein.<\/span><\/span><\/p>\n<p><span style=\"font-size: 12pt;\"><span style=\"color: #000000;\">Ich darf mich bei allen Mitgliedern und der Vorstandschaft f\u00fcr ihr gro\u00dfes Engagement \u00fcber all die Jahre bedanken. Auch die Verbandsgemeinde Weilerbach ist stolz auf diesen r\u00fchrigen Verein.<\/span><\/span><\/p>\n<p><span style=\"font-size: 12pt;\"><span style=\"color: #000000;\">Ich begl\u00fcckw\u00fcnsche den Heimatverein P\u00f6rrbach zu seinem Jubil\u00e4um ganz herzlich und w\u00fcnsche dem Fest einen guten Verlauf und weiterhin alles Gute.<\/span><\/span><\/p>\n<p><strong><em><span style=\"font-size: 12pt;\"><span style=\"color: #000000;\">Anja Pfeiffer<\/span><\/span><\/em><\/strong><\/p>\n<p>&nbsp;<\/p>\n<p class=\"MsoBodyText\" style=\"margin: 0cm -32.4pt 0pt 0cm; text-align: justify;\"><span style=\"font-size: 12pt;\"><span style=\"color: #000000;\">\u00a0<\/span><\/span><\/p>\n<p>&nbsp;<\/p>\n<p>&nbsp;<\/p>\n<p>&nbsp;<\/p>\n<p class=\"MsoNormal\" style=\"margin: 0cm 0cm 0pt;\"><span style=\"font-family: arial,helvetica,sans-serif; font-size: large;\">\u00a0<\/span><\/p>\n<p>&nbsp;<\/p>\n<p>&nbsp;<\/p>\n","protected":false},"excerpt":{"rendered":"<p>Ausz\u00fcge aus der Festschrift Gru\u00dfwort der 1. Vorsitzenden, Elke Zantopp Liebe Mitb\u00fcrger\/Innen und Freunde des Heimatvereins, 25 Jahre Heimatverein P\u00f6rrbach, ein Grund zu feiern und Ihnen unseren Verein und dessen Geschichte etwas n\u00e4her zu bringen. Der Heimatverein ist zwar mit seinen 123 Mitgliedern ein kleiner Verein, aber bei nur ca. 80 Einwohnern doch bemerkenswert gro\u00df! &hellip; <\/p>\n<p><a class=\"more-link btn\" href=\"https:\/\/www.xn--heimatverein-prrbach-hbc.de\/?page_id=613\">Weiterlesen<\/a><\/p>\n","protected":false},"author":2,"featured_media":0,"parent":427,"menu_order":72,"comment_status":"open","ping_status":"open","template":"","meta":{"footnotes":""},"class_list":["post-613","page","type-page","status-publish","hentry","nodate","item-wrap"],"_links":{"self":[{"href":"https:\/\/www.xn--heimatverein-prrbach-hbc.de\/index.php?rest_route=\/wp\/v2\/pages\/613","targetHints":{"allow":["GET"]}}],"collection":[{"href":"https:\/\/www.xn--heimatverein-prrbach-hbc.de\/index.php?rest_route=\/wp\/v2\/pages"}],"about":[{"href":"https:\/\/www.xn--heimatverein-prrbach-hbc.de\/index.php?rest_route=\/wp\/v2\/types\/page"}],"author":[{"embeddable":true,"href":"https:\/\/www.xn--heimatverein-prrbach-hbc.de\/index.php?rest_route=\/wp\/v2\/users\/2"}],"replies":[{"embeddable":true,"href":"https:\/\/www.xn--heimatverein-prrbach-hbc.de\/index.php?rest_route=%2Fwp%2Fv2%2Fcomments&post=613"}],"version-history":[{"count":17,"href":"https:\/\/www.xn--heimatverein-prrbach-hbc.de\/index.php?rest_route=\/wp\/v2\/pages\/613\/revisions"}],"predecessor-version":[{"id":720,"href":"https:\/\/www.xn--heimatverein-prrbach-hbc.de\/index.php?rest_route=\/wp\/v2\/pages\/613\/revisions\/720"}],"up":[{"embeddable":true,"href":"https:\/\/www.xn--heimatverein-prrbach-hbc.de\/index.php?rest_route=\/wp\/v2\/pages\/427"}],"wp:attachment":[{"href":"https:\/\/www.xn--heimatverein-prrbach-hbc.de\/index.php?rest_route=%2Fwp%2Fv2%2Fmedia&parent=613"}],"curies":[{"name":"wp","href":"https:\/\/api.w.org\/{rel}","templated":true}]}}