{"id":602,"date":"2013-10-02T17:20:02","date_gmt":"2013-10-02T15:20:02","guid":{"rendered":"http:\/\/www.xn--heimatverein-prrbach-hbc.de\/?page_id=602"},"modified":"2013-10-02T17:22:22","modified_gmt":"2013-10-02T15:22:22","slug":"chronik-25-jahre-hvp","status":"publish","type":"page","link":"https:\/\/www.xn--heimatverein-prrbach-hbc.de\/?page_id=602","title":{"rendered":"Chronik &#8211; 25 Jahre Heimatverein P\u00f6rrbach"},"content":{"rendered":"<h2><span style=\"font-family: arial,helvetica,sans-serif;\"><span style=\"font-size: medium;\"><span style=\"font-size: medium;\"><span style=\"color: #000000;\"><span>25 Jahre Heimatverein P\u00f6rrbach &#8211; 2013<\/span><\/span><\/span><\/span><\/span><\/h2>\n<p><span style=\"font-family: arial,helvetica,sans-serif;\"><span style=\"font-size: medium;\"><span style=\"color: #000000; font-size: medium;\"> <a href=\"https:\/\/www.xn--heimatverein-prrbach-hbc.de\/wp-content\/uploads\/2013\/10\/Umzug-09-1990.jpg\"><img loading=\"lazy\" decoding=\"async\" class=\"alignright size-medium wp-image-603\" alt=\"Umzug 09-1990\" src=\"https:\/\/www.xn--heimatverein-prrbach-hbc.de\/wp-content\/uploads\/2013\/10\/Umzug-09-1990-300x203.jpg\" width=\"300\" height=\"203\" srcset=\"https:\/\/www.xn--heimatverein-prrbach-hbc.de\/wp-content\/uploads\/2013\/10\/Umzug-09-1990-300x203.jpg 300w, https:\/\/www.xn--heimatverein-prrbach-hbc.de\/wp-content\/uploads\/2013\/10\/Umzug-09-1990.jpg 1024w\" sizes=\"auto, (max-width: 300px) 100vw, 300px\" \/><\/a><\/span><\/span><span style=\"font-size: medium;\"><span><span style=\"color: #000000;\"><span>Die Gr\u00fcndung des Heimatvereins ist zwei M\u00e4nnern zu verdanken. Zum einen jemandem der erkannt hat, welches Potenzial in P\u00f6rrbach steckt, zum anderen einem Kritiker, welcher bis aufs Blut gereizt hat. Wenn P\u00f6rrbacher sauer werden, endet dies mit dem 25-j\u00e4hrigen Jubil\u00e4um des Heimatvereins P\u00f6rrbach.<\/span><\/span><\/span><\/span><\/span><\/p>\n<p><span style=\"font-family: arial,helvetica,sans-serif; font-size: medium;\"> <span style=\"font-size: medium;\"><span style=\"color: #000000;\"><span><span style=\"font-size: medium;\">Der eine, Klaus-Dieter Holz, damals wohnhaft im \u201eP\u00f6rrbacher Hof\u201c, trommelte 1985 alle P\u00f6rrbacher zusammen \u2013 das Event konnte nun mit einem Grillfest begonnen werden. Zwei Jahre sp\u00e4ter nahm dieses Fest immer gr\u00f6\u00dfere Ausma\u00dfe an \u2013 ein Anlass den heutigen Heimatverein P\u00f6rrbach zu gr\u00fcnden.<\/span><\/span><\/span><\/span><\/span><\/p>\n<p><span style=\"font-family: arial,helvetica,sans-serif; font-size: medium;\"><span style=\"font-size: medium;\"><span style=\"color: #000000;\"><span>Zeitgleich kam der damalige Ortsb\u00fcrgermeister, Hans-Joachim Schmidt, mit einer legend\u00e4ren Aussage (nach einem AH-Spiel der ESP) ins Spiel: \u201eIch kann nett Esse gehe, ich muss no P\u00f6rrbach, die Baure do iwwe die mache schunn wieder e Fescht.\u201c Er bestreitet diese Aussage bis heute, es gab jedoch viele Zeitzeugen. Nach 25 Jahren kann der Verein sagen: \u201eDanke, Klaus-Dieter Holz, danke Hans Joachim Schmidt.\u201c<\/span><\/span><\/span><\/span><\/p>\n<p><span style=\"font-family: arial,helvetica,sans-serif;\"><span style=\"font-size: medium;\"><span style=\"color: #000000; font-size: medium;\"> <a href=\"https:\/\/www.xn--heimatverein-prrbach-hbc.de\/wp-content\/uploads\/2013\/10\/Dorffest-1995-Kopie.jpg\"><img loading=\"lazy\" decoding=\"async\" class=\"alignleft size-medium wp-image-604\" alt=\"Dorffest 1995\" src=\"https:\/\/www.xn--heimatverein-prrbach-hbc.de\/wp-content\/uploads\/2013\/10\/Dorffest-1995-Kopie-300x208.jpg\" width=\"300\" height=\"208\" srcset=\"https:\/\/www.xn--heimatverein-prrbach-hbc.de\/wp-content\/uploads\/2013\/10\/Dorffest-1995-Kopie-300x208.jpg 300w, https:\/\/www.xn--heimatverein-prrbach-hbc.de\/wp-content\/uploads\/2013\/10\/Dorffest-1995-Kopie.jpg 1024w\" sizes=\"auto, (max-width: 300px) 100vw, 300px\" \/><\/a><\/span><\/span><span style=\"font-size: medium;\"><span style=\"font-size: medium;\"><span style=\"color: #000000;\"><span><span style=\"font-size: medium;\">Reiz\u00fcberflutet hat man 1988 den Heimatverein P\u00f6rrbach gegr\u00fcndet. Die P\u00f6rrbacher Bauern haben Sense und Mistgabeln in die Ecke gestellt und sich seither um die Kultur in und um ihren Ort gek\u00fcmmert. Nach der Gr\u00fcndung \u00fcbernahm die ersten drei Jahre Thomas Heinz den Posten des 1. Vorsitzenden. Er \u00fcbergab dieses Amt im Anschluss 18 Jahre lang an G\u00fcnter Heinz. 2010 trat an dessen Stelle Thomas Haffner, 2012 sprang Gerd Schmidt-Z\u00f6llner f\u00fcr 1 Jahr ein und seit dem 08.03.2013 steht erstmalig eine Frau &#8211; Elke Zantopp \u2013 an der Spitze des Vereins.<\/span><\/span><\/span><\/span><\/span><\/span><\/p>\n<p><span style=\"font-family: arial,helvetica,sans-serif;\"><span style=\"font-size: medium;\"><span style=\"font-size: medium;\"><span style=\"color: #000000;\"><span>1999 begr\u00fc\u00dfte der Heimatverein P\u00f6rrbach das 100ste Mitglied, Frau Elke Schmidt-Z\u00f6llner.<\/span><\/span><\/span><\/span><\/span><\/p>\n<p><span style=\"font-family: arial,helvetica,sans-serif;\"><span style=\"font-size: medium;\"><span style=\"font-size: medium;\"><span style=\"color: #000000;\"><span>Der Verein hat in den letzten 25 Jahren sehr viel geleistet. Hier ein kurzer \u00dcberblick:<\/span><\/span><\/span><\/span><\/span><\/p>\n<p><span style=\"font-family: arial,helvetica,sans-serif;\"><span style=\"font-size: medium;\"><span style=\"font-size: medium;\"><span style=\"color: #000000;\"><span>Es wurden unz\u00e4hlige Weinfahrten organisiert und tolle Abende zusammen erlebt. Weiterhin beteiligte man sich an zahlreichen Umz\u00fcgen in der Region: 2x Fasnachtsumzug in Ramstein, 650 Jahrfeier in Schwedelbach, 700 Jahrfeier in Rodenbach, 700 Jahrfeier in Reichenbach, Kerweumzug in Schwedelbach. Wegen Sturmwarnungen wurde 1990 in Ramstein der Umzug abgesagt, woraufhin die P\u00f6rrbacher Teilnehmer kurzer Hand einen eigenen durch ihren Ort und Schwedelbach starteten. Der Abschluss fand in der B\u00fcrgerstube, beim damaligen Wirt und Vereinsmitglied Rudi Urschel, statt. Es war einer der l\u00e4ngsten Umz\u00fcge\u2026<\/span><\/span><\/span><\/span><\/span><\/p>\n<p><span style=\"font-family: arial,helvetica,sans-serif;\"><span style=\"font-size: medium;\"><span style=\"color: #000000; font-size: medium;\"> <a href=\"https:\/\/www.xn--heimatverein-prrbach-hbc.de\/wp-content\/uploads\/2013\/10\/Wappen3-Stein.jpg\"><img loading=\"lazy\" decoding=\"async\" class=\"alignright  wp-image-605\" alt=\"Wappen3 - Stein\" src=\"https:\/\/www.xn--heimatverein-prrbach-hbc.de\/wp-content\/uploads\/2013\/10\/Wappen3-Stein-300x282.jpg\" width=\"168\" height=\"158\" srcset=\"https:\/\/www.xn--heimatverein-prrbach-hbc.de\/wp-content\/uploads\/2013\/10\/Wappen3-Stein-300x282.jpg 300w, https:\/\/www.xn--heimatverein-prrbach-hbc.de\/wp-content\/uploads\/2013\/10\/Wappen3-Stein.jpg 451w\" sizes=\"auto, (max-width: 168px) 100vw, 168px\" \/><\/a><\/span><\/span><span style=\"font-size: medium;\"><span style=\"font-size: medium;\"><span style=\"color: #000000;\"><span>Am 18.09.1989 stellte der Heimatverein bei der VG Weilerbach einen Antrag zum Aufstellen eines Sandsteines mit Wappen und Inschrift in der Ortsmitte von P\u00f6rrbach. Dieser wurde in \u201eWindeseile\u201c bearbeitet, sodass bereits 2004 der von Gerhard Rettinger behauene Stein aufgestellt werden konnte.<\/span><\/span><\/span><\/span><\/span><\/p>\n<p><span style=\"font-family: arial,helvetica,sans-serif;\"><span style=\"font-size: medium;\"><span style=\"font-size: medium;\"><span style=\"color: #000000;\"><span>In den vergangenen Jahren fanden regelm\u00e4\u00dfig Wanderungen mit Vereinsmitgliedern und deren Familien statt. Seit letztem Jahr steht sogar ein gleichbleibender Termin fest &#8211; der 03. Oktober jeden Jahres.<\/span><\/span><\/span><\/span><\/span><\/p>\n<p><span style=\"font-family: arial,helvetica,sans-serif;\"><span style=\"font-size: medium;\"><span style=\"font-size: medium;\"><span style=\"color: #000000;\"><span>Der Verein unterst\u00fctzt regelm\u00e4\u00dfig gute Zwecke durch Spenden. So z.\u00a0B. 2004 f\u00fcr den an Leuk\u00e4mie erkrankten Simon Wenz, den Kindergarten Schwedelbach oder f\u00fcr die Friedhofshalle in Schwedelbach.<\/span><\/span><\/span><\/span><\/span><\/p>\n<p><span style=\"font-family: arial,helvetica,sans-serif;\"><span style=\"font-size: medium;\"><span style=\"font-size: medium;\"><span style=\"color: #000000;\"><span>Rund um P\u00f6rrbach stellten Vereinsmitglieder B\u00e4nke auf, beteiligten sich tatkr\u00e4ftig bei der Errichtung der Unterstellhalle auf dem Friedhof in P\u00f6rrbach und versahen das Buswarteh\u00e4uschen mit Steinw\u00e4nden.<\/span><\/span><\/span><\/span><\/span><\/p>\n<p><span style=\"font-family: arial,helvetica,sans-serif;\"><span style=\"font-size: medium;\"><span style=\"font-size: medium;\"><span style=\"color: #000000;\"><span>Um Weihnachten organisierte der Heimatverein mit Unterst\u00fctzung des Kirchenchors Schwedelbach sowie der Zithergruppe Erfenbach Feierlichkeiten. Auch der Nikolaus reiste gerne f\u00fcr diese Zwecke an.<\/span><\/span><\/span><\/span><\/span><\/p>\n<p><span style=\"font-family: arial,helvetica,sans-serif;\"><span style=\"font-size: medium;\"><span style=\"color: #000000; font-size: medium;\"> <a href=\"https:\/\/www.xn--heimatverein-prrbach-hbc.de\/wp-content\/uploads\/2013\/10\/Toilettenwagen.jpg\"><img loading=\"lazy\" decoding=\"async\" class=\"alignleft  wp-image-585\" alt=\"Toilettenwagen\" src=\"https:\/\/www.xn--heimatverein-prrbach-hbc.de\/wp-content\/uploads\/2013\/10\/Toilettenwagen-300x228.jpg\" width=\"240\" height=\"182\" srcset=\"https:\/\/www.xn--heimatverein-prrbach-hbc.de\/wp-content\/uploads\/2013\/10\/Toilettenwagen-300x228.jpg 300w, https:\/\/www.xn--heimatverein-prrbach-hbc.de\/wp-content\/uploads\/2013\/10\/Toilettenwagen-1024x779.jpg 1024w, https:\/\/www.xn--heimatverein-prrbach-hbc.de\/wp-content\/uploads\/2013\/10\/Toilettenwagen.jpg 1113w\" sizes=\"auto, (max-width: 240px) 100vw, 240px\" \/><\/a><\/span><\/span><span style=\"font-size: medium;\"><span style=\"font-size: medium;\"><span style=\"color: #000000;\"><span>1993 wurde ein Toilettenwagen \u201eaus Nichts\u201c zusammengebaut. Hierdurch konnte die Ortsgemeinde entlastet werden, welche bis dahin die Kosten f\u00fcr einen Miettoilettenwagen getragen hatte. Dieser Wagen begleitete den Ort 19 Jahre lang, bis er 2013 ver\u00e4u\u00dfert wurde. Der Verein scheute keine Kosten und M\u00fchen und baute einen ganz neuen Toilettenwagen mit moderner Sanit\u00e4rtechnik \u2013 ein wahres Schmuckst\u00fcck. Und das ohne staatliche F\u00f6rderungen, ohne F\u00f6rderung der Verbands- oder Ortsgemeinde.<\/span><\/span><\/span><\/span><\/span><\/p>\n<p><span style=\"font-family: arial,helvetica,sans-serif;\"><span style=\"font-size: medium;\"><span style=\"font-size: medium;\"><span style=\"color: #000000;\"><span>Seit mehreren Jahren versch\u00f6nert der Heimatverein allj\u00e4hrlich den Ort mit Blumenampeln an den Stra\u00dfenlaternen.<a href=\"https:\/\/www.xn--heimatverein-prrbach-hbc.de\/wp-content\/uploads\/2013\/04\/Blumenampeln-2011-4.jpg\"><img loading=\"lazy\" decoding=\"async\" class=\"alignright  wp-image-190\" alt=\"Blumenampeln 2011-4\" src=\"https:\/\/www.xn--heimatverein-prrbach-hbc.de\/wp-content\/uploads\/2013\/04\/Blumenampeln-2011-4-300x225.jpg\" width=\"240\" height=\"180\" srcset=\"https:\/\/www.xn--heimatverein-prrbach-hbc.de\/wp-content\/uploads\/2013\/04\/Blumenampeln-2011-4-300x225.jpg 300w, https:\/\/www.xn--heimatverein-prrbach-hbc.de\/wp-content\/uploads\/2013\/04\/Blumenampeln-2011-4.jpg 1024w\" sizes=\"auto, (max-width: 240px) 100vw, 240px\" \/><\/a><\/span><\/span><\/span><\/span><\/span><\/p>\n<p><span style=\"font-family: arial,helvetica,sans-serif;\"><span style=\"font-size: medium;\"><span style=\"font-size: medium;\"><span style=\"color: #000000;\"><span>1989 starteten die Mitglieder den Versuch, einen Pf\u00e4lzer Abend mit der \u201eTimmer-Band\u201c im B\u00fcrgerhaus in Schwedelbach zu gestalten. Es waren leider die einzigen Schwedelbacher, die an diesem Abend teilnahmen. Seit 2011 veranstaltet der Verein immer im November einen Kulturabend im S\u00e4ngerheim Erzenhausen. Ramon Chormann machte damals den Anfang. Dieses Jahr tritt Detlev Sch\u00f6nauer mit seinem Jubil\u00e4umsprogramm \u201eGeist ist geil\u201c beim Heimatverein auf.<\/span><\/span><\/span><\/span><\/span><\/p>\n<p><span style=\"font-family: arial,helvetica,sans-serif;\"><span style=\"font-size: medium;\"><span style=\"font-size: medium;\"><span style=\"color: #000000;\"><span>Die wichtigste Veranstaltung ist und bleibt nat\u00fcrlich das j\u00e4hrliche Dorffest am ersten Sonntag im Juli. Umrahmt wird das Fest von interessanten Unterhaltungsspielen (z.\u00a0B. Kuhlotto, Kuhmelken, Pferderennen, \u2026) und Musik verschiedener Musikvereine und K\u00fcnstler. Auch die j\u00fcngsten Besucher nehmen voller Freude an dem Fest teil. Es wird gebastelt, gemalt und gespielt. Seit einigen Jahren steht auch eine H\u00fcpfburg f\u00fcr Kinder bereit. Der Erfolg dieses Events ist fest mit dem P\u00f6rrbacher Glauben verbunden. Sie glauben, wenn dieses Fest mit einem Gottesdienst beginnt, wird alles gut.<\/span><\/span><\/span><\/span><\/span><\/p>\n<p><span style=\"font-family: arial,helvetica,sans-serif;\"><span style=\"font-size: medium;\"><span style=\"color: #000000; font-size: medium;\"> <a href=\"https:\/\/www.xn--heimatverein-prrbach-hbc.de\/wp-content\/uploads\/2013\/10\/Dorffest-2013.jpg\"><img loading=\"lazy\" decoding=\"async\" class=\" wp-image-606 alignleft\" alt=\"Dorffest 2013\" src=\"https:\/\/www.xn--heimatverein-prrbach-hbc.de\/wp-content\/uploads\/2013\/10\/Dorffest-2013-300x225.jpg\" width=\"240\" height=\"180\" srcset=\"https:\/\/www.xn--heimatverein-prrbach-hbc.de\/wp-content\/uploads\/2013\/10\/Dorffest-2013-300x225.jpg 300w, https:\/\/www.xn--heimatverein-prrbach-hbc.de\/wp-content\/uploads\/2013\/10\/Dorffest-2013.jpg 1024w\" sizes=\"auto, (max-width: 240px) 100vw, 240px\" \/><\/a><\/span><\/span><span style=\"font-size: medium;\"><span style=\"font-size: medium;\"><span style=\"color: #000000;\"><span>Doch das aller Wichtigste in 25 Jahren Heimatverein P\u00f6rrbach war und ist nat\u00fcrlich die ehrenamtliche Unterst\u00fctzung der vielen Mitglieder und Freunde, die helfenden H\u00e4nde, die Ideen und die bedingungslose Bereitschaft den Verein bei all seinen Aktivit\u00e4ten zu unterst\u00fctzen.<\/span><\/span><\/span><\/span><\/span><\/p>\n<p><span style=\"font-family: arial,helvetica,sans-serif;\"><span style=\"font-size: medium;\"><span style=\"font-size: medium;\"><span style=\"color: #000000;\"><span>Vielen Dank!<\/span><\/span><\/span><\/span><\/span><\/p>\n<p>&nbsp;<\/p>\n","protected":false},"excerpt":{"rendered":"<p>25 Jahre Heimatverein P\u00f6rrbach &#8211; 2013 Die Gr\u00fcndung des Heimatvereins ist zwei M\u00e4nnern zu verdanken. Zum einen jemandem der erkannt hat, welches Potenzial in P\u00f6rrbach steckt, zum anderen einem Kritiker, welcher bis aufs Blut gereizt hat. Wenn P\u00f6rrbacher sauer werden, endet dies mit dem 25-j\u00e4hrigen Jubil\u00e4um des Heimatvereins P\u00f6rrbach. Der eine, Klaus-Dieter Holz, damals wohnhaft &hellip; <\/p>\n<p><a class=\"more-link btn\" href=\"https:\/\/www.xn--heimatverein-prrbach-hbc.de\/?page_id=602\">Weiterlesen<\/a><\/p>\n","protected":false},"author":2,"featured_media":0,"parent":13,"menu_order":33,"comment_status":"open","ping_status":"open","template":"","meta":{"footnotes":""},"class_list":["post-602","page","type-page","status-publish","hentry","nodate","item-wrap"],"_links":{"self":[{"href":"https:\/\/www.xn--heimatverein-prrbach-hbc.de\/index.php?rest_route=\/wp\/v2\/pages\/602","targetHints":{"allow":["GET"]}}],"collection":[{"href":"https:\/\/www.xn--heimatverein-prrbach-hbc.de\/index.php?rest_route=\/wp\/v2\/pages"}],"about":[{"href":"https:\/\/www.xn--heimatverein-prrbach-hbc.de\/index.php?rest_route=\/wp\/v2\/types\/page"}],"author":[{"embeddable":true,"href":"https:\/\/www.xn--heimatverein-prrbach-hbc.de\/index.php?rest_route=\/wp\/v2\/users\/2"}],"replies":[{"embeddable":true,"href":"https:\/\/www.xn--heimatverein-prrbach-hbc.de\/index.php?rest_route=%2Fwp%2Fv2%2Fcomments&post=602"}],"version-history":[{"count":4,"href":"https:\/\/www.xn--heimatverein-prrbach-hbc.de\/index.php?rest_route=\/wp\/v2\/pages\/602\/revisions"}],"predecessor-version":[{"id":609,"href":"https:\/\/www.xn--heimatverein-prrbach-hbc.de\/index.php?rest_route=\/wp\/v2\/pages\/602\/revisions\/609"}],"up":[{"embeddable":true,"href":"https:\/\/www.xn--heimatverein-prrbach-hbc.de\/index.php?rest_route=\/wp\/v2\/pages\/13"}],"wp:attachment":[{"href":"https:\/\/www.xn--heimatverein-prrbach-hbc.de\/index.php?rest_route=%2Fwp%2Fv2%2Fmedia&parent=602"}],"curies":[{"name":"wp","href":"https:\/\/api.w.org\/{rel}","templated":true}]}}