{"id":557,"date":"2013-09-08T17:39:25","date_gmt":"2013-09-08T15:39:25","guid":{"rendered":"http:\/\/www.xn--heimatverein-prrbach-hbc.de\/?page_id=557"},"modified":"2013-10-01T17:28:12","modified_gmt":"2013-10-01T15:28:12","slug":"fussball-dorfmeisterschaft-2013","status":"publish","type":"page","link":"https:\/\/www.xn--heimatverein-prrbach-hbc.de\/?page_id=557","title":{"rendered":"Fussball-Dorfmeisterschaft 2013"},"content":{"rendered":"\n\t\t<style type=\"text\/css\">\n\t\t\t#gallery-1 {\n\t\t\t\tmargin: auto;\n\t\t\t}\n\t\t\t#gallery-1 .gallery-item {\n\t\t\t\tfloat: left;\n\t\t\t\tmargin-top: 10px;\n\t\t\t\ttext-align: center;\n\t\t\t\twidth: 25%;\n\t\t\t}\n\t\t\t#gallery-1 img {\n\t\t\t\tborder: 2px solid #cfcfcf;\n\t\t\t}\n\t\t\t#gallery-1 .gallery-caption {\n\t\t\t\tmargin-left: 0;\n\t\t\t}\n\t\t\t\/* see gallery_shortcode() in wp-includes\/media.php *\/\n\t\t<\/style>\n\t\t<div id='gallery-1' class='gallery galleryid-557 gallery-columns-4 gallery-size-thumbnail'><dl class='gallery-item'>\n\t\t\t<dt class='gallery-icon landscape'>\n\t\t\t\t<a href='https:\/\/www.xn--heimatverein-prrbach-hbc.de\/?attachment_id=534'><img loading=\"lazy\" decoding=\"async\" width=\"150\" height=\"150\" src=\"https:\/\/www.xn--heimatverein-prrbach-hbc.de\/wp-content\/uploads\/2013\/09\/Dorffu\u00dfballmeisterschaft-2013-01-150x150.jpg\" class=\"attachment-thumbnail size-thumbnail\" alt=\"\" \/><\/a>\n\t\t\t<\/dt><\/dl><dl class='gallery-item'>\n\t\t\t<dt class='gallery-icon landscape'>\n\t\t\t\t<a href='https:\/\/www.xn--heimatverein-prrbach-hbc.de\/?attachment_id=535'><img loading=\"lazy\" decoding=\"async\" width=\"150\" height=\"150\" src=\"https:\/\/www.xn--heimatverein-prrbach-hbc.de\/wp-content\/uploads\/2013\/09\/Dorffu\u00dfballmeisterschaft-2013-02-150x150.jpg\" class=\"attachment-thumbnail size-thumbnail\" alt=\"\" \/><\/a>\n\t\t\t<\/dt><\/dl><dl class='gallery-item'>\n\t\t\t<dt class='gallery-icon landscape'>\n\t\t\t\t<a href='https:\/\/www.xn--heimatverein-prrbach-hbc.de\/?attachment_id=536'><img loading=\"lazy\" decoding=\"async\" width=\"150\" height=\"150\" src=\"https:\/\/www.xn--heimatverein-prrbach-hbc.de\/wp-content\/uploads\/2013\/09\/Dorffu\u00dfballmeisterschaft-2013-03-150x150.jpg\" class=\"attachment-thumbnail size-thumbnail\" alt=\"\" \/><\/a>\n\t\t\t<\/dt><\/dl><dl class='gallery-item'>\n\t\t\t<dt class='gallery-icon landscape'>\n\t\t\t\t<a href='https:\/\/www.xn--heimatverein-prrbach-hbc.de\/?attachment_id=537'><img loading=\"lazy\" decoding=\"async\" width=\"150\" height=\"150\" src=\"https:\/\/www.xn--heimatverein-prrbach-hbc.de\/wp-content\/uploads\/2013\/09\/Dorffu\u00dfballmeisterschaft-2013-04-150x150.jpg\" class=\"attachment-thumbnail size-thumbnail\" alt=\"\" \/><\/a>\n\t\t\t<\/dt><\/dl><br style=\"clear: both\" \/><dl class='gallery-item'>\n\t\t\t<dt class='gallery-icon landscape'>\n\t\t\t\t<a href='https:\/\/www.xn--heimatverein-prrbach-hbc.de\/?attachment_id=538'><img loading=\"lazy\" decoding=\"async\" width=\"150\" height=\"150\" src=\"https:\/\/www.xn--heimatverein-prrbach-hbc.de\/wp-content\/uploads\/2013\/09\/Dorffu\u00dfballmeisterschaft-2013-05-150x150.jpg\" class=\"attachment-thumbnail size-thumbnail\" alt=\"\" \/><\/a>\n\t\t\t<\/dt><\/dl><dl class='gallery-item'>\n\t\t\t<dt class='gallery-icon landscape'>\n\t\t\t\t<a href='https:\/\/www.xn--heimatverein-prrbach-hbc.de\/?attachment_id=539'><img loading=\"lazy\" decoding=\"async\" width=\"150\" height=\"150\" src=\"https:\/\/www.xn--heimatverein-prrbach-hbc.de\/wp-content\/uploads\/2013\/09\/Dorffu\u00dfballmeisterschaft-2013-06-150x150.jpg\" class=\"attachment-thumbnail size-thumbnail\" alt=\"\" \/><\/a>\n\t\t\t<\/dt><\/dl><dl class='gallery-item'>\n\t\t\t<dt class='gallery-icon landscape'>\n\t\t\t\t<a href='https:\/\/www.xn--heimatverein-prrbach-hbc.de\/?attachment_id=540'><img loading=\"lazy\" decoding=\"async\" width=\"150\" height=\"150\" src=\"https:\/\/www.xn--heimatverein-prrbach-hbc.de\/wp-content\/uploads\/2013\/09\/Dorffu\u00dfballmeisterschaft-2013-07-150x150.jpg\" class=\"attachment-thumbnail size-thumbnail\" alt=\"\" \/><\/a>\n\t\t\t<\/dt><\/dl><dl class='gallery-item'>\n\t\t\t<dt class='gallery-icon landscape'>\n\t\t\t\t<a href='https:\/\/www.xn--heimatverein-prrbach-hbc.de\/?attachment_id=541'><img loading=\"lazy\" decoding=\"async\" width=\"150\" height=\"150\" src=\"https:\/\/www.xn--heimatverein-prrbach-hbc.de\/wp-content\/uploads\/2013\/09\/Dorffu\u00dfballmeisterschaft-2013-08-150x150.jpg\" class=\"attachment-thumbnail size-thumbnail\" alt=\"\" \/><\/a>\n\t\t\t<\/dt><\/dl><br style=\"clear: both\" \/><dl class='gallery-item'>\n\t\t\t<dt class='gallery-icon landscape'>\n\t\t\t\t<a href='https:\/\/www.xn--heimatverein-prrbach-hbc.de\/?attachment_id=542'><img loading=\"lazy\" decoding=\"async\" width=\"150\" height=\"150\" src=\"https:\/\/www.xn--heimatverein-prrbach-hbc.de\/wp-content\/uploads\/2013\/09\/Dorffu\u00dfballmeisterschaft-2013-09-150x150.jpg\" class=\"attachment-thumbnail size-thumbnail\" alt=\"\" \/><\/a>\n\t\t\t<\/dt><\/dl><dl class='gallery-item'>\n\t\t\t<dt class='gallery-icon landscape'>\n\t\t\t\t<a href='https:\/\/www.xn--heimatverein-prrbach-hbc.de\/?attachment_id=543'><img loading=\"lazy\" decoding=\"async\" width=\"150\" height=\"150\" src=\"https:\/\/www.xn--heimatverein-prrbach-hbc.de\/wp-content\/uploads\/2013\/09\/Dorffu\u00dfballmeisterschaft-2013-10-150x150.jpg\" class=\"attachment-thumbnail size-thumbnail\" alt=\"\" \/><\/a>\n\t\t\t<\/dt><\/dl><dl class='gallery-item'>\n\t\t\t<dt class='gallery-icon landscape'>\n\t\t\t\t<a href='https:\/\/www.xn--heimatverein-prrbach-hbc.de\/?attachment_id=544'><img loading=\"lazy\" decoding=\"async\" width=\"150\" height=\"150\" src=\"https:\/\/www.xn--heimatverein-prrbach-hbc.de\/wp-content\/uploads\/2013\/09\/Dorffu\u00dfballmeisterschaft-2013-11-150x150.jpg\" class=\"attachment-thumbnail size-thumbnail\" alt=\"\" \/><\/a>\n\t\t\t<\/dt><\/dl><dl class='gallery-item'>\n\t\t\t<dt class='gallery-icon landscape'>\n\t\t\t\t<a href='https:\/\/www.xn--heimatverein-prrbach-hbc.de\/?attachment_id=545'><img loading=\"lazy\" decoding=\"async\" width=\"150\" height=\"150\" src=\"https:\/\/www.xn--heimatverein-prrbach-hbc.de\/wp-content\/uploads\/2013\/09\/Dorffu\u00dfballmeisterschaft-2013-12-150x150.jpg\" class=\"attachment-thumbnail size-thumbnail\" alt=\"\" \/><\/a>\n\t\t\t<\/dt><\/dl><br style=\"clear: both\" \/><dl class='gallery-item'>\n\t\t\t<dt class='gallery-icon landscape'>\n\t\t\t\t<a href='https:\/\/www.xn--heimatverein-prrbach-hbc.de\/?attachment_id=546'><img loading=\"lazy\" decoding=\"async\" width=\"150\" height=\"150\" src=\"https:\/\/www.xn--heimatverein-prrbach-hbc.de\/wp-content\/uploads\/2013\/09\/Dorffu\u00dfballmeisterschaft-2013-13-150x150.jpg\" class=\"attachment-thumbnail size-thumbnail\" alt=\"\" \/><\/a>\n\t\t\t<\/dt><\/dl><dl class='gallery-item'>\n\t\t\t<dt class='gallery-icon portrait'>\n\t\t\t\t<a href='https:\/\/www.xn--heimatverein-prrbach-hbc.de\/?attachment_id=547'><img loading=\"lazy\" decoding=\"async\" width=\"150\" height=\"150\" src=\"https:\/\/www.xn--heimatverein-prrbach-hbc.de\/wp-content\/uploads\/2013\/09\/Dorffu\u00dfballmeisterschaft-2013-14-150x150.jpg\" class=\"attachment-thumbnail size-thumbnail\" alt=\"\" \/><\/a>\n\t\t\t<\/dt><\/dl><dl class='gallery-item'>\n\t\t\t<dt class='gallery-icon landscape'>\n\t\t\t\t<a href='https:\/\/www.xn--heimatverein-prrbach-hbc.de\/?attachment_id=548'><img loading=\"lazy\" decoding=\"async\" width=\"150\" height=\"150\" src=\"https:\/\/www.xn--heimatverein-prrbach-hbc.de\/wp-content\/uploads\/2013\/09\/Dorffu\u00dfballmeisterschaft-2013-15-150x150.jpg\" class=\"attachment-thumbnail size-thumbnail\" alt=\"\" \/><\/a>\n\t\t\t<\/dt><\/dl><dl class='gallery-item'>\n\t\t\t<dt class='gallery-icon landscape'>\n\t\t\t\t<a href='https:\/\/www.xn--heimatverein-prrbach-hbc.de\/?attachment_id=549'><img loading=\"lazy\" decoding=\"async\" width=\"150\" height=\"150\" src=\"https:\/\/www.xn--heimatverein-prrbach-hbc.de\/wp-content\/uploads\/2013\/09\/Dorffu\u00dfballmeisterschaft-2013-16-150x150.jpg\" class=\"attachment-thumbnail size-thumbnail\" alt=\"\" \/><\/a>\n\t\t\t<\/dt><\/dl><br style=\"clear: both\" \/><dl class='gallery-item'>\n\t\t\t<dt class='gallery-icon landscape'>\n\t\t\t\t<a href='https:\/\/www.xn--heimatverein-prrbach-hbc.de\/?attachment_id=550'><img loading=\"lazy\" decoding=\"async\" width=\"150\" height=\"150\" src=\"https:\/\/www.xn--heimatverein-prrbach-hbc.de\/wp-content\/uploads\/2013\/09\/Dorffu\u00dfballmeisterschaft-2013-17-150x150.jpg\" class=\"attachment-thumbnail size-thumbnail\" alt=\"\" \/><\/a>\n\t\t\t<\/dt><\/dl><dl class='gallery-item'>\n\t\t\t<dt class='gallery-icon portrait'>\n\t\t\t\t<a href='https:\/\/www.xn--heimatverein-prrbach-hbc.de\/?attachment_id=531'><img loading=\"lazy\" decoding=\"async\" width=\"150\" height=\"150\" src=\"https:\/\/www.xn--heimatverein-prrbach-hbc.de\/wp-content\/uploads\/2013\/09\/Dorffu\u00dfballmeisterschaft-2013-18-150x150.jpg\" class=\"attachment-thumbnail size-thumbnail\" alt=\"\" \/><\/a>\n\t\t\t<\/dt><\/dl><dl class='gallery-item'>\n\t\t\t<dt class='gallery-icon landscape'>\n\t\t\t\t<a href='https:\/\/www.xn--heimatverein-prrbach-hbc.de\/?attachment_id=532'><img loading=\"lazy\" decoding=\"async\" width=\"150\" height=\"150\" src=\"https:\/\/www.xn--heimatverein-prrbach-hbc.de\/wp-content\/uploads\/2013\/09\/Dorffu\u00dfballmeisterschaft-2013-19-150x150.jpg\" class=\"attachment-thumbnail size-thumbnail\" alt=\"\" \/><\/a>\n\t\t\t<\/dt><\/dl><dl class='gallery-item'>\n\t\t\t<dt class='gallery-icon landscape'>\n\t\t\t\t<a href='https:\/\/www.xn--heimatverein-prrbach-hbc.de\/?attachment_id=533'><img loading=\"lazy\" decoding=\"async\" width=\"150\" height=\"150\" src=\"https:\/\/www.xn--heimatverein-prrbach-hbc.de\/wp-content\/uploads\/2013\/09\/Dorffu\u00dfballmeisterschaft-2013-20-150x150.jpg\" class=\"attachment-thumbnail size-thumbnail\" alt=\"\" \/><\/a>\n\t\t\t<\/dt><\/dl><br style=\"clear: both\" \/>\n\t\t<\/div>\n\n<p><span style=\"text-decoration: underline;\">\u00a0\u00a0\u00a0\u00a0\u00a0\u00a0\u00a0\u00a0\u00a0\u00a0\u00a0\u00a0\u00a0\u00a0\u00a0\u00a0\u00a0\u00a0\u00a0\u00a0\u00a0\u00a0\u00a0\u00a0\u00a0\u00a0\u00a0\u00a0\u00a0\u00a0\u00a0\u00a0\u00a0\u00a0\u00a0\u00a0\u00a0\u00a0\u00a0\u00a0\u00a0\u00a0\u00a0\u00a0\u00a0\u00a0\u00a0\u00a0\u00a0\u00a0\u00a0\u00a0\u00a0\u00a0\u00a0\u00a0\u00a0\u00a0\u00a0\u00a0\u00a0\u00a0\u00a0\u00a0\u00a0\u00a0\u00a0\u00a0\u00a0\u00a0\u00a0\u00a0\u00a0\u00a0\u00a0\u00a0\u00a0\u00a0\u00a0\u00a0\u00a0\u00a0\u00a0\u00a0\u00a0\u00a0\u00a0\u00a0\u00a0\u00a0\u00a0\u00a0\u00a0\u00a0\u00a0\u00a0\u00a0\u00a0\u00a0\u00a0\u00a0\u00a0\u00a0\u00a0\u00a0\u00a0\u00a0\u00a0\u00a0\u00a0\u00a0\u00a0\u00a0\u00a0\u00a0\u00a0\u00a0\u00a0\u00a0\u00a0\u00a0\u00a0\u00a0\u00a0\u00a0\u00a0\u00a0\u00a0\u00a0\u00a0\u00a0\u00a0\u00a0\u00a0\u00a0\u00a0\u00a0\u00a0\u00a0\u00a0\u00a0\u00a0\u00a0\u00a0\u00a0\u00a0\u00a0\u00a0\u00a0\u00a0\u00a0\u00a0\u00a0\u00a0\u00a0\u00a0\u00a0\u00a0\u00a0\u00a0\u00a0\u00a0\u00a0\u00a0\u00a0\u00a0\u00a0\u00a0\u00a0\u00a0\u00a0\u00a0\u00a0\u00a0\u00a0\u00a0\u00a0\u00a0\u00a0\u00a0\u00a0\u00a0\u00a0\u00a0\u00a0\u00a0\u00a0\u00a0\u00a0\u00a0\u00a0\u00a0\u00a0\u00a0\u00a0\u00a0\u00a0\u00a0\u00a0\u00a0\u00a0\u00a0\u00a0 <\/span><\/p>\n<h2><b>Trotz himmelblauem Strumpfband nicht aufs Siegertreppchen<\/b><\/h2>\n<p>Weilerbach Aktuell KW 37\/13 | Donnerstag, 12. September 2013 &#8211; G. Brehm<\/p>\n<p><span style=\"font-size: medium;\"><a href=\"https:\/\/www.xn--heimatverein-prrbach-hbc.de\/wp-content\/uploads\/2013\/09\/Fu\u00dfball-Dorfmeisterschaft-Bild-WA-12.09.13.jpg\"><img loading=\"lazy\" decoding=\"async\" class=\"alignleft size-full wp-image-572\" alt=\"Fu\u00dfball-Dorfmeisterschaft - Bild - WA - 12.09.13\" src=\"https:\/\/www.xn--heimatverein-prrbach-hbc.de\/wp-content\/uploads\/2013\/09\/Fu\u00dfball-Dorfmeisterschaft-Bild-WA-12.09.13.jpg\" width=\"404\" height=\"600\" srcset=\"https:\/\/www.xn--heimatverein-prrbach-hbc.de\/wp-content\/uploads\/2013\/09\/Fu\u00dfball-Dorfmeisterschaft-Bild-WA-12.09.13.jpg 404w, https:\/\/www.xn--heimatverein-prrbach-hbc.de\/wp-content\/uploads\/2013\/09\/Fu\u00dfball-Dorfmeisterschaft-Bild-WA-12.09.13-202x300.jpg 202w\" sizes=\"auto, (max-width: 404px) 100vw, 404px\" \/><\/a>Wow! Was f\u00fcr eine Leistung der teilnehmenden Mannschaften. Tolles Wetter, kein Regen w\u00e4hrend der 1. Dorfmeisterschaft auf dem Rasen-Kleinfeldspielplatz in Schwedelbach. Die Stimmung der Verantwortlichen und Mitspieler war bereits schon vor Beginn des Turniers gro\u00dfartig. Wie zu erwarten, war die Nervosit\u00e4t und Aufregung bei allen neun Mannschaften deutlich sp\u00fcrbar. Es wurde gestikuliert, Anweisungen gebr\u00fcllt, gelobt oder kritisiert. Auch wenn Ortsb\u00fcrgermeister Dieter Hirsch sich spielerisch nicht aktiv beteiligte, mit dem Mannschafts-T-Shirt, das ihn als Anh\u00e4nger seiner Stra\u00dfenriege auswies, zeigte er Flagge. Und dass er bei so manchen gegl\u00fcckten Aktionen &#8222;seines&#8220; Teams aus der Rolle des Unparteiischen fiel, nahm man ihm nicht \u00fcbel. Wohlwollend sah man dem &#8222;Stenzentaler&#8220; seine verbalen Blutgr\u00e4tschen nach, agierte er ansonsten doch gemeinsam mit Henning Schauml\u00f6ffel, der als Spieler selbst in das Turniergeschehen involviert war, als Turnierleitung mit verbindlichem Ernst und Objektivit\u00e4t.<\/span><br \/>\n<span style=\"font-size: medium;\">Auf dem kleinen Spielfeld, das von vielen Schaulustigen regelrecht eingekesselt war, entbrannte ein mehrst\u00fcndiges Kr\u00e4ftemessen um den begehrten Pokal. Viele Spiele waren hart umk\u00e4mpft. Entscheidungen im Millimeterbereich keine Seltenheit. Bei diesem ersten Turnier auf dem Kleinspielfeld bewiesen einige &#8222;\u00e4ltere&#8220; Herren\u00a0eine aus fr\u00fcheren Fu\u00dfballerzeiten hin\u00fcbergerettete virtuose Meisterschaft am Ball und Cleverness auf dem Rasen. Was H\u00e4nschen gelernt hat, das verlernt der Hans nicht so schnell. Mit dieser Erkenntnis wurde am Samstag so mancher Jungkicker auf dem Spielfeld konfrontiert. Und war erstaunt. <\/span><br \/>\n<span style=\"font-size: medium;\">Auch viele Schwedelbacher Neub\u00fcrger waren mit gro\u00dfem Engagement dabei. In einem sehr spannenden, aber dennoch fairen Wettkampf\u00a0 konnte sich\u00a0 am Ende das Team Kollweilerstra\u00dfe-Schulstra\u00dfe-Hohlstra\u00dfe\u00a0mit 18 Punkten klar durchsetzen und den Pokal der Ortsgemeinde unter gro\u00dfem Jubel in Empfang nahm. Ortsb\u00fcrgermeister Dieter Hirsch gratulierte der couragiert starken Mannschaft zu ihrem Erfolg.<\/span><br \/>\n<span style=\"font-size: medium;\">Der Ortsteil P\u00f6rrbach war am Samstag wahrscheinlich ausgestorben. Der ganze Ort schien auf den Beinen, als Spieler oder Fan im froschgr\u00fcnen &#8222;Sieger der Herzen&#8220;-T-Shirt. Der Keeper des P\u00f6rrbacher Teams, Thomas Heinz, hoffte mit Hilfe eines Fetischs, den Sieg nach Hause tragen zu k\u00f6nnen. Doch das Spitzen-Strumpfband in Himmelblau und Wei\u00df, das er dezent am rechten Oberschenkel trug, brachte leider nicht den gew\u00fcnschten Erfolg. <\/span><br \/>\n<span style=\"font-size: medium;\">Ortsb\u00fcrgermeister Dieter Hirsch freute sich \u00fcber die mehr als 250 mitfiebernden B\u00fcrgerinnen und B\u00fcrger. Sein Dank galt dem souver\u00e4nen Turnierleiter Henning Schauml\u00f6ffel, dem Schiedsrichtertrio, das sich aus B\u00fcrgermeisterin Anja Pfeiffer, Ernst M\u00fcller aus Rodenbach und Dieter Maue aus Miesenbach zusammensetzte, den vielen ehrenamtlichen Helfern, den Kuchen-Frauen und nicht zuletzt den Sponsoren. Allen voran dem Sporthaus Wirth aus Weilerbach, das den Ball stiftete, unentgeltlich die Torschussmessmaschine zur Verf\u00fcgung stellte und die Trikots s\u00e4mtlicher Stra\u00dfenmannschaften zu einem sensationellen Preis der Ortsgemeinde f\u00fcr diese und die n\u00e4chsten Meisterschaften \u00fcberlie\u00df. Hirschs Dank galt weiterhin dem Trophy Center in Weilerbach f\u00fcr die Pokalspende, der Firma Zemo f\u00fcr drei B\u00e4lle und der Metzgerei Steil aus Mackenbach f\u00fcr einen weiteren Sachpreis. Dieter Hirsch: &#8222;Die Ortsgemeinde Schwedelbach-P\u00f6rrbach dankt allen Freunden, G\u00f6nnern f\u00fcr diesen tollen Nachmittag in unserer Ortsgemeinde Schwedelbach.&#8220;<\/span><br \/>\n<span style=\"font-size: medium;\">Auf unseren Aufnahmen: Hervorragend besuchte Fu\u00dfball-Dorfmeisterschaft. &#8211; Kein Gl\u00fcck trotz Strumpfband-Fetisch: Thomas Heinz aus P\u00f6rrbach. &#8211; Jubel und Begeisterung auf den R\u00e4ngen. &#8211; Eine schmackhafte Fu\u00dfballplatztorte. &#8211; \u00c4ltester Fan der Dorf-Fu\u00dfballmeisterschaft war Bajram Mece aus der siegreichen\u00a0Kollweilerstra\u00dfe mit weiteren Senioren. &#8211; Ein unschlagbares Turnierleitungsteam: Henning Schauml\u00f6ffel und Ortsb\u00fcrgermeister Dieter Hirsch. &#8211; Auch die Kleinsten hatten ihren Spa\u00df. &#8211; Turniersieger Kollweilerstra\u00dfe-Schulstra\u00dfe-Hohlstra\u00dfe.<\/span><br \/>\n<span style=\"font-size: medium;\">Text\/Fotos: dh\/bm<\/span><\/p>\n<p>&nbsp;<\/p>\n","protected":false},"excerpt":{"rendered":"<p>\u00a0\u00a0\u00a0\u00a0\u00a0\u00a0\u00a0\u00a0\u00a0\u00a0\u00a0\u00a0\u00a0\u00a0\u00a0\u00a0\u00a0\u00a0\u00a0\u00a0\u00a0\u00a0\u00a0\u00a0\u00a0\u00a0\u00a0\u00a0\u00a0\u00a0\u00a0\u00a0\u00a0\u00a0\u00a0\u00a0\u00a0\u00a0\u00a0\u00a0\u00a0\u00a0\u00a0\u00a0\u00a0\u00a0\u00a0\u00a0\u00a0\u00a0\u00a0\u00a0\u00a0\u00a0\u00a0\u00a0\u00a0\u00a0\u00a0\u00a0\u00a0\u00a0\u00a0\u00a0\u00a0\u00a0\u00a0\u00a0\u00a0\u00a0\u00a0\u00a0\u00a0\u00a0\u00a0\u00a0\u00a0\u00a0\u00a0\u00a0\u00a0\u00a0\u00a0\u00a0\u00a0\u00a0\u00a0\u00a0\u00a0\u00a0\u00a0\u00a0\u00a0\u00a0\u00a0\u00a0\u00a0\u00a0\u00a0\u00a0\u00a0\u00a0\u00a0\u00a0\u00a0\u00a0\u00a0\u00a0\u00a0\u00a0\u00a0\u00a0\u00a0\u00a0\u00a0\u00a0\u00a0\u00a0\u00a0\u00a0\u00a0\u00a0\u00a0\u00a0\u00a0\u00a0\u00a0\u00a0\u00a0\u00a0\u00a0\u00a0\u00a0\u00a0\u00a0\u00a0\u00a0\u00a0\u00a0\u00a0\u00a0\u00a0\u00a0\u00a0\u00a0\u00a0\u00a0\u00a0\u00a0\u00a0\u00a0\u00a0\u00a0\u00a0\u00a0\u00a0\u00a0\u00a0\u00a0\u00a0\u00a0\u00a0\u00a0\u00a0\u00a0\u00a0\u00a0\u00a0\u00a0\u00a0\u00a0\u00a0\u00a0\u00a0\u00a0\u00a0\u00a0\u00a0\u00a0\u00a0\u00a0\u00a0\u00a0\u00a0\u00a0\u00a0\u00a0\u00a0\u00a0\u00a0\u00a0\u00a0\u00a0\u00a0\u00a0\u00a0\u00a0\u00a0\u00a0\u00a0\u00a0\u00a0\u00a0 Trotz himmelblauem Strumpfband nicht aufs Siegertreppchen Weilerbach Aktuell KW 37\/13 | Donnerstag, 12. September 2013 &#8211; G. Brehm Wow! Was f\u00fcr eine Leistung der teilnehmenden Mannschaften. Tolles Wetter, kein Regen w\u00e4hrend der 1. Dorfmeisterschaft auf dem Rasen-Kleinfeldspielplatz in Schwedelbach. Die Stimmung der Verantwortlichen und Mitspieler war bereits schon vor Beginn des Turniers gro\u00dfartig. Wie &hellip; <\/p>\n<p><a class=\"more-link btn\" href=\"https:\/\/www.xn--heimatverein-prrbach-hbc.de\/?page_id=557\">Weiterlesen<\/a><\/p>\n","protected":false},"author":2,"featured_media":0,"parent":427,"menu_order":57,"comment_status":"open","ping_status":"open","template":"","meta":{"footnotes":""},"class_list":["post-557","page","type-page","status-publish","hentry","nodate","item-wrap"],"_links":{"self":[{"href":"https:\/\/www.xn--heimatverein-prrbach-hbc.de\/index.php?rest_route=\/wp\/v2\/pages\/557","targetHints":{"allow":["GET"]}}],"collection":[{"href":"https:\/\/www.xn--heimatverein-prrbach-hbc.de\/index.php?rest_route=\/wp\/v2\/pages"}],"about":[{"href":"https:\/\/www.xn--heimatverein-prrbach-hbc.de\/index.php?rest_route=\/wp\/v2\/types\/page"}],"author":[{"embeddable":true,"href":"https:\/\/www.xn--heimatverein-prrbach-hbc.de\/index.php?rest_route=\/wp\/v2\/users\/2"}],"replies":[{"embeddable":true,"href":"https:\/\/www.xn--heimatverein-prrbach-hbc.de\/index.php?rest_route=%2Fwp%2Fv2%2Fcomments&post=557"}],"version-history":[{"count":7,"href":"https:\/\/www.xn--heimatverein-prrbach-hbc.de\/index.php?rest_route=\/wp\/v2\/pages\/557\/revisions"}],"predecessor-version":[{"id":562,"href":"https:\/\/www.xn--heimatverein-prrbach-hbc.de\/index.php?rest_route=\/wp\/v2\/pages\/557\/revisions\/562"}],"up":[{"embeddable":true,"href":"https:\/\/www.xn--heimatverein-prrbach-hbc.de\/index.php?rest_route=\/wp\/v2\/pages\/427"}],"wp:attachment":[{"href":"https:\/\/www.xn--heimatverein-prrbach-hbc.de\/index.php?rest_route=%2Fwp%2Fv2%2Fmedia&parent=557"}],"curies":[{"name":"wp","href":"https:\/\/api.w.org\/{rel}","templated":true}]}}