{"id":520,"date":"2013-08-24T18:30:44","date_gmt":"2013-08-24T16:30:44","guid":{"rendered":"http:\/\/www.xn--heimatverein-prrbach-hbc.de\/?page_id=520"},"modified":"2013-10-01T17:27:08","modified_gmt":"2013-10-01T15:27:08","slug":"kerwe-2013","status":"publish","type":"page","link":"https:\/\/www.xn--heimatverein-prrbach-hbc.de\/?page_id=520","title":{"rendered":"Kerwe 2013"},"content":{"rendered":"<p>Weilerbach Aktuell &#8211; 22.08.13 &#8211; Brehm<\/p>\n<h2><b>Kerweumzug fast so lang wie das D\u00f6rfchen P\u00f6rrbach<\/b><\/h2>\n<h2><a href=\"https:\/\/www.xn--heimatverein-prrbach-hbc.de\/wp-content\/uploads\/2013\/08\/Kerwe-2013-Bilder-WA-22.08.13.jpg\"><img loading=\"lazy\" decoding=\"async\" class=\"aligncenter size-full wp-image-521\" alt=\"Kerwe 2013 - Bilder WA - 22.08.13\" src=\"https:\/\/www.xn--heimatverein-prrbach-hbc.de\/wp-content\/uploads\/2013\/08\/Kerwe-2013-Bilder-WA-22.08.13.jpg\" width=\"569\" height=\"600\" srcset=\"https:\/\/www.xn--heimatverein-prrbach-hbc.de\/wp-content\/uploads\/2013\/08\/Kerwe-2013-Bilder-WA-22.08.13.jpg 569w, https:\/\/www.xn--heimatverein-prrbach-hbc.de\/wp-content\/uploads\/2013\/08\/Kerwe-2013-Bilder-WA-22.08.13-284x300.jpg 284w\" sizes=\"auto, (max-width: 569px) 100vw, 569px\" \/><\/a><\/h2>\n<p><span style=\"font-size: medium;\">P\u00f6rrbach hat zwar nur 80 Einwohner, aber ein reges kulturelles Leben, wie es oft wesentlich gr\u00f6\u00dfere Gemeinden vermissen lassen. Urheber ist ein r\u00fchriger Heimatverein, der in diesem Jahr sein 25-j\u00e4hriges Bestehen feiert und dem seit M\u00e4rz mit Elke Zantopp erstmals eine Frau vorsteht. Auch die Kerwetradition wird von dem Heimatverein hochgehalten. <\/span><br \/>\n<span style=\"font-size: medium;\">Der Aufwand des Festes steht im krassen Gegensatz zur Gr\u00f6\u00dfe des Ortes. Die Strau\u00dfjugend ist zwar nicht mehr den Teenagern zuzurechnen, mit 20 Mitgliedern aber steht sie denen wesentlich gr\u00f6\u00dferer Orte keinesfalls nach. Und auch der Kerwestrau\u00df, das bunte Symbol unbeschwerter Feierlaune, in dessen Schatten ein ganzes Dorf sich dem Vergn\u00fcgen hingibt, hat eine Dimension, die keinen Vergleich zu scheuen braucht. Vom Umzug gar nicht zu reden. Von der Spitze, dem Pony-Wagen der Familie Hommes, \u00fcber die Reiterquadriga der Pferdepension Theisinger, dem Strau\u00dfjugendnachwuchs, der seinen Hut als Nachfolger f\u00fcr 2026 mit Ministrau\u00df und Handkarren in den Ring geworfen hat, den von Michael Gras gesteuerten Traktor mit dem Kerwestrau\u00df, die Strau\u00dfbuwe und -m\u00e4d bis zu den fidelen Mackenbacher Dorfmusikanten &#8222;hoch auf dem gr\u00fcnen Wagen&#8220; war der Umzug, kaum dass er an einem Ortsende gestartet war, auch schon fast am anderen. Also kehrt, marsch, marsch. Und noch einmal die gleiche Prozedur unter heftiger Aussch\u00fcttung von Kamellen, die dem Rosenmontagszug in Mainz oder K\u00f6ln zur Ehre gereicht h\u00e4tte. Diesmal bis zum P\u00f6rrbacher Hof, der Herzst\u00fcck und Angelpunkt des mehrt\u00e4gigen Kerwetreibens war. Wieder einmal, weil es dort so idyllisch ist und es sich so trefflich feiern l\u00e4sst.<\/span><br \/>\n<span style=\"font-size: medium;\">Die Kerwerede selbst tr\u00e4gt die Handschrift eines Profis. Als &#8222;letschder Handwerker&#8220; hat Thomas Heinz seine humorigen &#8222;Duftmarken&#8220; bei so mancher Fernsehfasenacht und auf Kleinkunstb\u00fchnen gesetzt. Der reimende Routinier zog wieder mal das Dorfgeschehen durch den Kakau und war Verursacher von so manchem Schwei\u00dfausbruch unter der P\u00f6rrbacher Bev\u00f6lkerung. G\u00fcnter Mannweiler hielt die Kerweg\u00e4ste bei Stimmung und Laune.<\/span><br \/>\n<span style=\"font-size: medium;\">Am vorgestrigen Dienstagabend fand das Kerwezeremoniell seinen kr\u00f6nenden Abschluss. Da hat der gesamte trauerumflorte Strau\u00dfjugend-Hofstaat sich an &#8222;Gequellde mit Ingeleede&#8220; (Hering) g\u00fctlich getan, anschlie\u00dfend die Kerwe zu Grabe getragen, der Heinzschen Beerdigungsrede and\u00e4chtig gelauscht und die obligatorische Weinflasche verbuddelt. Und freut sich schon auf<\/span> <span style=\"font-size: medium;\">n\u00e4chstes Jahr, wenn die Kerwe freitags ausgegraben, der alte Kerwestrau\u00df verbrannt und die Eichung der neuen Strau\u00dfbuwe gelungen sein wird.<\/span><br \/>\n<span style=\"font-size: medium;\">Nach der Kerwerede gab es Preise f\u00fcr die erfolgreichsten Teilnehmer des Luftballonwettbewerbs anl\u00e4sslich des Dorffestes. Der Siegerballon von Leonie Schmitt aus Schwedelbach flog 87 Kilometer weit, der von Moritz Brehm aus Mackenbach 67 und der von Kerstin Heinz und Louisa Heinz aus P\u00f6rrbach je 56 Kilometer weit.<\/span><br \/>\n<span style=\"font-size: medium;\">Auf unseren Aufnahmen: &#8222;Bass uff, dass es net ins Glas r\u00e4\u00e4nt!&#8220; Kerweredner (-perre) Thomas Heinz mit Mundschenk Mathias Klemens. &#8211; Die Kerwezukunft: Laura und Leon Becker und Helene Hommes. &#8211; Mackenbacher Dorfmusikanten. &#8211; Strau\u00dfjugend und Publikum. &#8211; Sichtbare Hinterlassenschaft der beteiligten R\u00f6sser. &#8211; Die Luftballonsieger Leonie Schmitt, Moritz Brehm sowie Kerstin und Louisa Heinz.<\/span><br \/>\nText: bm \/ Fotos: biss, bm<\/p>\n<p>&nbsp;<\/p>\n<p><a href=\"https:\/\/www.xn--heimatverein-prrbach-hbc.de\/wp-content\/uploads\/2013\/08\/Kerwe-2013-Marktplatz-regional-21.08.13.jpg\"><img loading=\"lazy\" decoding=\"async\" class=\"alignleft size-full wp-image-523\" alt=\"Kerwe 2013 - Marktplatz regional 21.08.13\" src=\"https:\/\/www.xn--heimatverein-prrbach-hbc.de\/wp-content\/uploads\/2013\/08\/Kerwe-2013-Marktplatz-regional-21.08.13.jpg\" width=\"565\" height=\"436\" srcset=\"https:\/\/www.xn--heimatverein-prrbach-hbc.de\/wp-content\/uploads\/2013\/08\/Kerwe-2013-Marktplatz-regional-21.08.13.jpg 565w, https:\/\/www.xn--heimatverein-prrbach-hbc.de\/wp-content\/uploads\/2013\/08\/Kerwe-2013-Marktplatz-regional-21.08.13-300x231.jpg 300w\" sizes=\"auto, (max-width: 565px) 100vw, 565px\" \/><\/a><\/p>\n<p>&nbsp;<\/p>\n<p>&nbsp;<\/p>\n","protected":false},"excerpt":{"rendered":"<p>Weilerbach Aktuell &#8211; 22.08.13 &#8211; Brehm Kerweumzug fast so lang wie das D\u00f6rfchen P\u00f6rrbach P\u00f6rrbach hat zwar nur 80 Einwohner, aber ein reges kulturelles Leben, wie es oft wesentlich gr\u00f6\u00dfere Gemeinden vermissen lassen. Urheber ist ein r\u00fchriger Heimatverein, der in diesem Jahr sein 25-j\u00e4hriges Bestehen feiert und dem seit M\u00e4rz mit Elke Zantopp erstmals eine &hellip; <\/p>\n<p><a class=\"more-link btn\" href=\"https:\/\/www.xn--heimatverein-prrbach-hbc.de\/?page_id=520\">Weiterlesen<\/a><\/p>\n","protected":false},"author":2,"featured_media":0,"parent":427,"menu_order":70,"comment_status":"open","ping_status":"open","template":"","meta":{"footnotes":""},"class_list":["post-520","page","type-page","status-publish","hentry","nodate","item-wrap"],"_links":{"self":[{"href":"https:\/\/www.xn--heimatverein-prrbach-hbc.de\/index.php?rest_route=\/wp\/v2\/pages\/520","targetHints":{"allow":["GET"]}}],"collection":[{"href":"https:\/\/www.xn--heimatverein-prrbach-hbc.de\/index.php?rest_route=\/wp\/v2\/pages"}],"about":[{"href":"https:\/\/www.xn--heimatverein-prrbach-hbc.de\/index.php?rest_route=\/wp\/v2\/types\/page"}],"author":[{"embeddable":true,"href":"https:\/\/www.xn--heimatverein-prrbach-hbc.de\/index.php?rest_route=\/wp\/v2\/users\/2"}],"replies":[{"embeddable":true,"href":"https:\/\/www.xn--heimatverein-prrbach-hbc.de\/index.php?rest_route=%2Fwp%2Fv2%2Fcomments&post=520"}],"version-history":[{"count":5,"href":"https:\/\/www.xn--heimatverein-prrbach-hbc.de\/index.php?rest_route=\/wp\/v2\/pages\/520\/revisions"}],"predecessor-version":[{"id":592,"href":"https:\/\/www.xn--heimatverein-prrbach-hbc.de\/index.php?rest_route=\/wp\/v2\/pages\/520\/revisions\/592"}],"up":[{"embeddable":true,"href":"https:\/\/www.xn--heimatverein-prrbach-hbc.de\/index.php?rest_route=\/wp\/v2\/pages\/427"}],"wp:attachment":[{"href":"https:\/\/www.xn--heimatverein-prrbach-hbc.de\/index.php?rest_route=%2Fwp%2Fv2%2Fmedia&parent=520"}],"curies":[{"name":"wp","href":"https:\/\/api.w.org\/{rel}","templated":true}]}}