{"id":486,"date":"2013-07-11T10:05:21","date_gmt":"2013-07-11T08:05:21","guid":{"rendered":"http:\/\/www.xn--heimatverein-prrbach-hbc.de\/?page_id=486"},"modified":"2013-10-01T17:25:41","modified_gmt":"2013-10-01T15:25:41","slug":"dorffest-2013","status":"publish","type":"page","link":"https:\/\/www.xn--heimatverein-prrbach-hbc.de\/?page_id=486","title":{"rendered":"Dorffest 2013"},"content":{"rendered":"<h2><b>25 Jahre Heimatverein: Geburtstagstorte zum Dorffest <\/b><\/h2>\n<p>\u201cWeilerbach Aktuell\u201d \u2013 Ausgabe vom 11.07.2013 \u2013 G. Brehm<\/p>\n<p><a href=\"https:\/\/www.xn--heimatverein-prrbach-hbc.de\/wp-content\/uploads\/2013\/07\/Dorffest-13-Bilder-Weilerbach-Aktuell-28-13-11.07.13.jpg\"><img loading=\"lazy\" decoding=\"async\" class=\"aligncenter size-full wp-image-488\" alt=\"Dorffest 13 - Bilder Weilerbach Aktuell - 28-13 - 11.07.13\" src=\"https:\/\/www.xn--heimatverein-prrbach-hbc.de\/wp-content\/uploads\/2013\/07\/Dorffest-13-Bilder-Weilerbach-Aktuell-28-13-11.07.13.jpg\" width=\"404\" height=\"600\" srcset=\"https:\/\/www.xn--heimatverein-prrbach-hbc.de\/wp-content\/uploads\/2013\/07\/Dorffest-13-Bilder-Weilerbach-Aktuell-28-13-11.07.13.jpg 404w, https:\/\/www.xn--heimatverein-prrbach-hbc.de\/wp-content\/uploads\/2013\/07\/Dorffest-13-Bilder-Weilerbach-Aktuell-28-13-11.07.13-202x300.jpg 202w\" sizes=\"auto, (max-width: 404px) 100vw, 404px\" \/><\/a><\/p>\n<p><span style=\"font-size: medium;\">Eines muss man dem Verein mit anderthalbmal so vielen Mitgliedern als das \u00d6rtchen selbst Einwohner hat lassen: Er versteht zu feiern. Das hat er &#8211; wie erwartet &#8211; auch beim j\u00e4hrlich stattfindenden Dorffest, das anl\u00e4sslich des 25-j\u00e4hrigen Jubil\u00e4ums der P\u00f6rrbacher Traditionsbewahrer noch einen Tick opulenter daher kam als sonst. Zur Vierteljahrhundertfeier hat der Heimatverein P\u00f6rrbach gleich drei Musikvereinigungen aufspielen lassen. Die benachbarten Musikvereine aus Mackenbach und Reichenbach wechselten sich am Nachmittag in sch\u00f6ner Regelm\u00e4\u00dfigkeit ab und unterhielten die Besucher mit flotten Melodien bestens. Mit beliebten Evergreens und blasmusikalischen Schmankerln boten das Mackenbacher Dirigentengespann Thomas Scheer und Thomas Eckhardt sowie der Reichenbacher Taktstockschwinger Robert Hemm mit ihren Musikern die idealen Voraussetzungen f\u00fcr ein fr\u00f6hlich-beschwingtes Jubil\u00e4umsdorffest. Ein Musiker geriet an diesem Nachmittag etwas au\u00dfer Atem: Thomas Fischer. Der Hornist spielt n\u00e4mlich in beiden Ensembles und kam kaum zum Luftholen.<\/span><br \/>\n<span style=\"font-size: medium;\">Der Heimatverein P\u00f6rrbach scheint \u00fcber hervorragende Beziehungen zu Petrus zu verf\u00fcgen, stand die Feier doch ganz im Zeichen eines wunderbar angenehmen Sommertages. Und wohl auch unter dem Segen des Weltensch\u00f6pfers, den Pfarrer Frank Glade am Morgen im Festzelt mit dem Wort Gottes nach P\u00f6rrbach und unters Volk brachte. <\/span><br \/>\n<span style=\"font-size: medium;\">Etwas ganz anderes brachte die K\u00fcchenmannschaft des Vereins zur Mittagszeit vom Grill und aus der Pfanne direkt auf den Teller, n\u00e4mlich kulinarische P\u00f6rrbacher Spezialit\u00e4ten. Mit dem Anschnitt der von Ilse Theisinger liebevoll hergestellten Geburtstagstorte hatte die Vorsitzende des Heimatvereins, Elke Zantopp, einen regelrechten Ansturm auf das reich ausgestattete Kuchenbuffet ausgel\u00f6st. In Nullkommanix l\u00f6sten sich die leckeren Kalorienbomben sozusagen in Wohlgefallen auf. Auch B\u00fcrgermeisterin Anja Pfeiffer hatte sich als Vereinsneumitglied in die Pflicht nehmen lassen und einen selbst gebackenen Pfirsich-Sahne-Kuchen beigesteuert. <\/span><br \/>\n<span style=\"font-size: medium;\">Aber auch die kleinen und jungen Dorffestbesucher brauchten sich nicht zu langweilen. In der Garage der Talstra\u00dfe 2a konnten die Kinder Buttons und Sch\u00fcttelgl\u00e4ser basteln oder Mandalas ausmalen. Begeistert waren die M\u00e4dchen und Buben von der Strohrutsche. Gro\u00dfer Andrang herrschte auch beim Luftballonwettbewerb. Klein und Gro\u00df wollten die mit Helium gef\u00fcllten Ballons in den blauen Sommerhimmel entschweben lassen. Der S\u00e4gewettbewerb animierte aufgrund seiner attraktiven Preise besonders die Erwachsenen, sich an einem Holzstamm abzuarbeiten. Es galt, ein 200 Gramm schweres Holzst\u00fcck abzus\u00e4gen. Der Hauptgewinner durfte sich \u00fcber einen Geschenkgutschein des P\u00f6rrbacher Hofes freuen. Als weitere Preise winkten ein Wildschweinschinken, gespendet von Jens Schmidt-Z\u00f6llner mit einem Musikantenbrot aus dem Backparadies Kissel, zwei Gutscheine f\u00fcr ein opulentes Fr\u00fchst\u00fcck im Kissel\u2018s Caf\u00e9 in Steinwenden-Weltersbach sowie Erm\u00e4\u00dfigungsgutscheine f\u00fcr das Monte Mare. <\/span><br \/>\n<span style=\"font-size: medium;\">Mit einem musikalischen Knaller lie\u00df der Heimatverein sein Dorffest zum 25-j\u00e4hrigen Jubil\u00e4um ausklingen. Die Guggenmusik &#8222;Ratz-Fatz-Gugga&#8220; war nicht blo\u00df zum &#8222;Anguggen&#8220; aus Heidelberg angereist, die kom\u00f6diantischen &#8222;Krachmacher&#8220; mit den &#8222;Rollator&#8220;-Drummern sind auch Garanten f\u00fcr Stimmung, wenn sie sich mitten zwischen dem Publikum lautstark bemerkbar machen.<\/span><br \/>\n<span style=\"font-size: medium;\">Sichtlich geschlaucht und mitgenommen d\u00fcrfte das r\u00fchrige 50-k\u00f6pfige Einsatzkommando des Heimatvereins gegen Abend aufgeatmet haben und sich, nach der Verabschiedung des letzten Gastes, noch einen erholsamen Absacker genehmigt haben.<\/span><br \/>\n<span style=\"font-size: medium;\">Auf unseren Aufnahmen: Die &#8222;Ratz-Fatz-Guggamusik&#8220;. &#8211; Elke Zantopp schneidet die Geburtstagstorte an. &#8211; Familie Blauth aus Weilerbach hofft, dass ihre Luftballons m\u00f6glichst weit fliegen. &#8211; Ob das ein 200-Gramm-St\u00fcck ist? &#8211; Die Strohrutsche runter &#8211; eine piksende Angelegenheit. &#8211; Die S\u00e4gewettbewerb-Sieger. &#8211; Der Musikverein Mackenbach und der Musikverein Reichenbach unterhielten die Besucher bestens.<\/span><br \/>\nText: bm \/ Fotos: bi\/bm<\/p>\n","protected":false},"excerpt":{"rendered":"<p>25 Jahre Heimatverein: Geburtstagstorte zum Dorffest \u201cWeilerbach Aktuell\u201d \u2013 Ausgabe vom 11.07.2013 \u2013 G. Brehm Eines muss man dem Verein mit anderthalbmal so vielen Mitgliedern als das \u00d6rtchen selbst Einwohner hat lassen: Er versteht zu feiern. Das hat er &#8211; wie erwartet &#8211; auch beim j\u00e4hrlich stattfindenden Dorffest, das anl\u00e4sslich des 25-j\u00e4hrigen Jubil\u00e4ums der P\u00f6rrbacher &hellip; <\/p>\n<p><a class=\"more-link btn\" href=\"https:\/\/www.xn--heimatverein-prrbach-hbc.de\/?page_id=486\">Weiterlesen<\/a><\/p>\n","protected":false},"author":2,"featured_media":0,"parent":427,"menu_order":71,"comment_status":"open","ping_status":"open","template":"","meta":{"footnotes":""},"class_list":["post-486","page","type-page","status-publish","hentry","nodate","item-wrap"],"_links":{"self":[{"href":"https:\/\/www.xn--heimatverein-prrbach-hbc.de\/index.php?rest_route=\/wp\/v2\/pages\/486","targetHints":{"allow":["GET"]}}],"collection":[{"href":"https:\/\/www.xn--heimatverein-prrbach-hbc.de\/index.php?rest_route=\/wp\/v2\/pages"}],"about":[{"href":"https:\/\/www.xn--heimatverein-prrbach-hbc.de\/index.php?rest_route=\/wp\/v2\/types\/page"}],"author":[{"embeddable":true,"href":"https:\/\/www.xn--heimatverein-prrbach-hbc.de\/index.php?rest_route=\/wp\/v2\/users\/2"}],"replies":[{"embeddable":true,"href":"https:\/\/www.xn--heimatverein-prrbach-hbc.de\/index.php?rest_route=%2Fwp%2Fv2%2Fcomments&post=486"}],"version-history":[{"count":6,"href":"https:\/\/www.xn--heimatverein-prrbach-hbc.de\/index.php?rest_route=\/wp\/v2\/pages\/486\/revisions"}],"predecessor-version":[{"id":492,"href":"https:\/\/www.xn--heimatverein-prrbach-hbc.de\/index.php?rest_route=\/wp\/v2\/pages\/486\/revisions\/492"}],"up":[{"embeddable":true,"href":"https:\/\/www.xn--heimatverein-prrbach-hbc.de\/index.php?rest_route=\/wp\/v2\/pages\/427"}],"wp:attachment":[{"href":"https:\/\/www.xn--heimatverein-prrbach-hbc.de\/index.php?rest_route=%2Fwp%2Fv2%2Fmedia&parent=486"}],"curies":[{"name":"wp","href":"https:\/\/api.w.org\/{rel}","templated":true}]}}