{"id":465,"date":"2013-05-14T18:48:49","date_gmt":"2013-05-14T16:48:49","guid":{"rendered":"http:\/\/www.xn--heimatverein-prrbach-hbc.de\/?page_id=465"},"modified":"2013-10-01T17:17:22","modified_gmt":"2013-10-01T15:17:22","slug":"hexen-in-porrbach-und-schwedelbach","status":"publish","type":"page","link":"https:\/\/www.xn--heimatverein-prrbach-hbc.de\/?page_id=465","title":{"rendered":"Hexen in P\u00f6rrbach und Schwedelbach"},"content":{"rendered":"<h3><b>Hexen machen P\u00f6rrbach zur Hauptgemeinde<\/b><\/h3>\n<p>&#8222;Weilerbach Aktuell&#8220; &#8211; 09.05.2013 &#8211; Ausgabe 19\/13<\/p>\n<p><a href=\"https:\/\/www.xn--heimatverein-prrbach-hbc.de\/wp-content\/uploads\/2013\/05\/Ortsschild-P\u00f6rrbach-Schwedelbach.jpg\"><img loading=\"lazy\" decoding=\"async\" class=\"aligncenter size-full wp-image-463\" alt=\"Ortsschild P\u00f6rrbach-Schwedelbach\" src=\"https:\/\/www.xn--heimatverein-prrbach-hbc.de\/wp-content\/uploads\/2013\/05\/Ortsschild-P\u00f6rrbach-Schwedelbach.jpg\" width=\"800\" height=\"360\" srcset=\"https:\/\/www.xn--heimatverein-prrbach-hbc.de\/wp-content\/uploads\/2013\/05\/Ortsschild-P\u00f6rrbach-Schwedelbach.jpg 800w, https:\/\/www.xn--heimatverein-prrbach-hbc.de\/wp-content\/uploads\/2013\/05\/Ortsschild-P\u00f6rrbach-Schwedelbach-300x135.jpg 300w\" sizes=\"auto, (max-width: 800px) 100vw, 800px\" \/><\/a><\/p>\n<p><span style=\"font-size: medium;\">Ob Ortsb\u00fcrgermeister Dieter Hirsch am Morgen des 1. Mai in den Sinn gekommen ist, sich neue Visitenkarten drucken zu lassen, ist nicht bekannt. Verwundert allerdings d\u00fcrfte er schon gewesen sein, nachdem er der in der Nacht vom 30. April auf den 1. Mai &#8222;verhexten&#8220; Ortsschilder ansichtig wurde. Die Hauptgemeinde Schwedelbach war sozusagen \u00fcber Nacht zum Ortsteil degradiert worden. Zweifellos hatten da Hexen aus P\u00f6rrbach die H\u00e4nde im Spiel, die ihren 80-Seelen-Weiler zu &#8211; wenn auch nur kurzzeitiger &#8211; Bedeutung verhalfen. Am zweiten Mai war der P\u00f6rrbacher Traum bereits ausgetr\u00e4umt. P\u00f6rrbach war wieder P\u00f6rrbach und nicht Hauptgemeinde und Tor zur Welt. Und auch der Schwedelbacher Albtraum hatte sich in Luft aufgel\u00f6st, k\u00fcnftig nur noch die zweite Geige spielen zu m\u00fcssen. <\/span><br \/>\n<span style=\"font-size: medium;\">Anstelle t\u00f6richter Hexerei mit \u00e4rgerlicher Papier- und Schaumverschmutzung mal ein geistvoller Hexenspuk, den sich da die als Urheber entlarvten Mitglieder des P\u00f6rrbacher Heimatvereins haben einfallen lassen.<\/span><br \/>\nText\/Fotos: bm<\/p>\n","protected":false},"excerpt":{"rendered":"<p>Hexen machen P\u00f6rrbach zur Hauptgemeinde &#8222;Weilerbach Aktuell&#8220; &#8211; 09.05.2013 &#8211; Ausgabe 19\/13 Ob Ortsb\u00fcrgermeister Dieter Hirsch am Morgen des 1. Mai in den Sinn gekommen ist, sich neue Visitenkarten drucken zu lassen, ist nicht bekannt. Verwundert allerdings d\u00fcrfte er schon gewesen sein, nachdem er der in der Nacht vom 30. April auf den 1. Mai &hellip; <\/p>\n<p><a class=\"more-link btn\" href=\"https:\/\/www.xn--heimatverein-prrbach-hbc.de\/?page_id=465\">Weiterlesen<\/a><\/p>\n","protected":false},"author":2,"featured_media":0,"parent":427,"menu_order":74,"comment_status":"open","ping_status":"open","template":"","meta":{"footnotes":""},"class_list":["post-465","page","type-page","status-publish","hentry","nodate","item-wrap"],"_links":{"self":[{"href":"https:\/\/www.xn--heimatverein-prrbach-hbc.de\/index.php?rest_route=\/wp\/v2\/pages\/465","targetHints":{"allow":["GET"]}}],"collection":[{"href":"https:\/\/www.xn--heimatverein-prrbach-hbc.de\/index.php?rest_route=\/wp\/v2\/pages"}],"about":[{"href":"https:\/\/www.xn--heimatverein-prrbach-hbc.de\/index.php?rest_route=\/wp\/v2\/types\/page"}],"author":[{"embeddable":true,"href":"https:\/\/www.xn--heimatverein-prrbach-hbc.de\/index.php?rest_route=\/wp\/v2\/users\/2"}],"replies":[{"embeddable":true,"href":"https:\/\/www.xn--heimatverein-prrbach-hbc.de\/index.php?rest_route=%2Fwp%2Fv2%2Fcomments&post=465"}],"version-history":[{"count":4,"href":"https:\/\/www.xn--heimatverein-prrbach-hbc.de\/index.php?rest_route=\/wp\/v2\/pages\/465\/revisions"}],"predecessor-version":[{"id":467,"href":"https:\/\/www.xn--heimatverein-prrbach-hbc.de\/index.php?rest_route=\/wp\/v2\/pages\/465\/revisions\/467"}],"up":[{"embeddable":true,"href":"https:\/\/www.xn--heimatverein-prrbach-hbc.de\/index.php?rest_route=\/wp\/v2\/pages\/427"}],"wp:attachment":[{"href":"https:\/\/www.xn--heimatverein-prrbach-hbc.de\/index.php?rest_route=%2Fwp%2Fv2%2Fmedia&parent=465"}],"curies":[{"name":"wp","href":"https:\/\/api.w.org\/{rel}","templated":true}]}}