{"id":430,"date":"2013-04-30T15:34:55","date_gmt":"2013-04-30T13:34:55","guid":{"rendered":"http:\/\/www.xn--heimatverein-prrbach-hbc.de\/?page_id=430"},"modified":"2013-10-01T17:24:26","modified_gmt":"2013-10-01T15:24:26","slug":"jubilaumsveranstaltung","status":"publish","type":"page","link":"https:\/\/www.xn--heimatverein-prrbach-hbc.de\/?page_id=430","title":{"rendered":"Jubil\u00e4umsveranstaltung"},"content":{"rendered":"<h3><b>Jubil\u00e4umsverein mit unglaublicher Mitgliederzahl<\/b><\/h3>\n<p>&#8222;Weilerbach Aktuell&#8220; &#8211; Ausgabe vom 02.05.2013 &#8211; G. Brehm<\/p>\n<p><span style=\"font-size: medium;\"><a href=\"https:\/\/www.xn--heimatverein-prrbach-hbc.de\/wp-content\/uploads\/2013\/04\/Bilder-Jubil\u00e4um-Weilerbach-Aktuell-02.05.13.jpg\"><img loading=\"lazy\" decoding=\"async\" class=\"aligncenter size-full wp-image-456\" alt=\"Bilder Jubil\u00e4um Weilerbach Aktuell 02.05.13\" src=\"https:\/\/www.xn--heimatverein-prrbach-hbc.de\/wp-content\/uploads\/2013\/04\/Bilder-Jubil\u00e4um-Weilerbach-Aktuell-02.05.13.jpg\" width=\"740\" height=\"600\" srcset=\"https:\/\/www.xn--heimatverein-prrbach-hbc.de\/wp-content\/uploads\/2013\/04\/Bilder-Jubil\u00e4um-Weilerbach-Aktuell-02.05.13.jpg 740w, https:\/\/www.xn--heimatverein-prrbach-hbc.de\/wp-content\/uploads\/2013\/04\/Bilder-Jubil\u00e4um-Weilerbach-Aktuell-02.05.13-300x243.jpg 300w\" sizes=\"auto, (max-width: 740px) 100vw, 740px\" \/><\/a>Es war eine fr\u00f6hliche Geburtsfeier, zu der der Heimatverein ins Schwedelbacher B\u00fcrgerhaus am Samstagabend eingeladen hatte. 25 Jahre jung ist er geworden. Ein Vierteljahrhundert hat der Verein mit aktuell 117 Mitgliedern nun auf dem Buckel. Eine unglaubliche Mitgliederzahl ist das. Steht sie doch in keiner Relation zur Einwohnerzahl von P\u00f6rrbach. Gerade mal 80 Seelen wohnen dort. Wo gibt es das noch. Da m\u00fcsste der 1. FCK rund 130.000 Mitglieder haben. <\/span><br \/>\n<span style=\"font-size: medium;\">Der Heimatverein P\u00f6rrbach ist schon etwas Besonderes. Seit wenigen Wochen h\u00e4lt eine Frau die Z\u00fcgel in der Hand. Und auch in Sachen Frauenquote ist der Verein up to date.<\/span><br \/>\n<span style=\"font-size: medium;\">Elke Zantopp, die Frau an der Spitze, sprach von einem r\u00fchrigen Verein, der sich als oberstes Ziel die Versch\u00f6nerung des Ortes zur Aufgabe gemacht habe. Jung und Alt, Mann und Frau erg\u00e4nzten sich hervorragend im Verein und zeigten Engagement.<\/span><br \/>\n<span style=\"font-size: medium;\">Auch B\u00fcrgermeisterin Anja Pfeiffer gratulierte mit einem verbalen Blumenstrau\u00df und zeigte sich verwundert \u00fcber die verh\u00e4ltnism\u00e4\u00dfig bedeutende Mitgliederzahl. Die offensive Werbetaktik des Vereins bekam sie dann schnell am eigenen Leib zu sp\u00fcren. Kaum sa\u00df sie wieder an ihrem Platz hatte sie auch schon das Beitrittsformular vor sich liegen und den Stift zur Unterschrift in der Hand: Mitglied Nummer 117. <\/span><br \/>\n<span style=\"font-size: medium;\">In seinem Gru\u00dfwort dankte Ortsb\u00fcrgermeister Dieter Hirsch dem Verein f\u00fcr dessen Tatkraft und beherzten Einsatz f\u00fcr den kleinen Ortsteil. Er w\u00fcrdigte den Ideenreichtum des Vereins, der mit seinen Veranstaltungen eine Br\u00fccke schlage zwischen den Menschen in der Hauptgemeinde und dem Ortsteil. Und weil dem Verein die Heimat wichtig sei, nehme er &#8222;in der Tat Einfluss auf unser Klima und Lebengsgef\u00fchl&#8220; und mache sich stark f\u00fcr eine positive Entwicklung in Schwedelbach-P\u00f6rrbach. Hirsch: &#8222;Das ist das Kapital, mit dem wir in die Zukunft gehen k\u00f6nnen.&#8220;<\/span><br \/>\n<span style=\"font-size: medium;\">Erg\u00e4nzend zu alten Filmaufnahmen, die ein lebhaftes St\u00fcck Zeit- und Vereinsgeschichte darstellen, gew\u00e4hrte Thomas Heinz einen kurzweiligen Einblick in die Vereinschronik. Zwei M\u00e4nnern verdanke der Verein seine Existenz. Heinz dankte explizit diesen beiden: Klaus-Dieter Holz, der mit einem Grillfest den Grundstock legte, und dem damaligen Ortsb\u00fcrgermeister Hans-Joachim Schmidt, der damals gesagt haben soll: &#8222;Ich muss zu de P\u00f6rrbacher Baure, die machen schun widder e Feschd.&#8220; Die Geschicke lagen f\u00fcr drei Jahre in der Hand von Thomas Heinz, 18 Jahre war G\u00fcnter Heinz am Ruder, Thomas Haffner f\u00fchrte den Vorsitz drei Jahre und Gerd Schmidt-Z\u00f6llner ein Jahr, bis er von Elke Zantopp abgel\u00f6st wurde. Von Anfang an habe sich der Verein der Kultur verschrieben, sagte Heinz und legte eine beachtliche Bilanz vor: Weinfahrten, Beteiligung an Umz\u00fcgen, Fackelwanderungen, kulturelle Veranstaltungen, Dorffeste, Weihnachtsfeiern. Man habe so manchen Euro in die Ortsversch\u00f6nerung investiert: Blumenampeln, Sandsteinwappen, Unterstellhalle, Friedhofshalle in Schwedelbach, Kindertagesst\u00e4tte. Mit Spenden habe man auch soziale Projekte unterst\u00fctzt. Thomas Heinz dankte allen, die zu dieser Erfolgsbilanz des Vereins beigetragen haben.<\/span><br \/>\n<span style=\"font-size: medium;\">Geehrt f\u00fcr 25 Jahre Mitgliedschaft wurden Walter Becker, Irmgard Becker, Adelheid Blum, Klaus-Dieter Botsch, Wiltrud Botsch, Margit Domanetzki, Andrea Heinz, Christine Heinz, Edgar Heinz, G\u00fcnter Heinz, Ida Heinz, Lothar Heinz, Monika Heinz, Thomas Heinz, Lorenz H\u00fcttenberger, Stefan H\u00fcttenberger, Gudrun Lindner, Walter Lindner, Georg Link, Iris Marks, Thomas Marks, Thomas Pfeiffer, Peggy Przewosnik, Gerhard Rinck, Inge Rinck, Werner Rinck, Achim Schauml\u00f6ffel, J\u00fcrgen Schauml\u00f6ffel, Hans-Joachim Schmidt, Frieder Stemler, Ingo Wirth, Christa Zinsmeister, Hartwig Zinsmeister. Die Ehrung nahm G\u00fcnter Heinz vor.<\/span><br \/>\n<span style=\"font-size: medium;\">Ein echtes P\u00f6rrbacher Talent griff zu sp\u00e4ter Stunde nach der Klampfe und unterhielt die Festg\u00e4ste mit Pf\u00e4lzer Mundartliedern. Dabei erwies sich Michael Bissinger alles andere als eine &#8222;Schlooftablett&#8220;, die er mit dem Blues von Michael Bauer besang.<\/span><br \/>\n<span style=\"font-size: medium;\">G\u00fctlich taten sich die G\u00e4ste an den in den Wappenfarben geschm\u00fcckten Tischen mit einer Speisefolge aus der &#8222;Stammwirtschaft&#8220; des Vereins, dem P\u00f6rrbacher Hof.<\/span><br \/>\n<span style=\"font-size: medium;\">Auf unseren Aufnahmen (von links): G\u00fcnter Heinz, Irmgard und Walter Becker, Christa Zinsmeister, Thomas, Andrea, Lothar und Monika Heinz, Achim und J\u00fcrgen Schauml\u00f6ffel, Hans-Joachim Schmidt und Vorsitzende Elke Zantopp. &#8211; B\u00fcrgermeisterin Anja Pfeiffer, Michael Bissinger, Thomas Heinz, Ortsb\u00fcrgermeister Dieter Hirsch mit seinem Gastgeschenk und Elke Zantopp.<\/span><br \/>\nText\/Fotos: bm<\/p>\n\n\t\t<style type=\"text\/css\">\n\t\t\t#gallery-1 {\n\t\t\t\tmargin: auto;\n\t\t\t}\n\t\t\t#gallery-1 .gallery-item {\n\t\t\t\tfloat: left;\n\t\t\t\tmargin-top: 10px;\n\t\t\t\ttext-align: center;\n\t\t\t\twidth: 25%;\n\t\t\t}\n\t\t\t#gallery-1 img {\n\t\t\t\tborder: 2px solid #cfcfcf;\n\t\t\t}\n\t\t\t#gallery-1 .gallery-caption {\n\t\t\t\tmargin-left: 0;\n\t\t\t}\n\t\t\t\/* see gallery_shortcode() in wp-includes\/media.php *\/\n\t\t<\/style>\n\t\t<div id='gallery-1' class='gallery galleryid-430 gallery-columns-4 gallery-size-thumbnail'><dl class='gallery-item'>\n\t\t\t<dt class='gallery-icon landscape'>\n\t\t\t\t<a href='https:\/\/www.xn--heimatverein-prrbach-hbc.de\/?attachment_id=436'><img loading=\"lazy\" decoding=\"async\" width=\"150\" height=\"150\" src=\"https:\/\/www.xn--heimatverein-prrbach-hbc.de\/wp-content\/uploads\/2013\/04\/25-Jahre-HV-P\u00f6rrbach-01-150x150.jpg\" class=\"attachment-thumbnail size-thumbnail\" alt=\"\" \/><\/a>\n\t\t\t<\/dt><\/dl><dl class='gallery-item'>\n\t\t\t<dt class='gallery-icon landscape'>\n\t\t\t\t<a href='https:\/\/www.xn--heimatverein-prrbach-hbc.de\/?attachment_id=437'><img loading=\"lazy\" decoding=\"async\" width=\"150\" height=\"150\" src=\"https:\/\/www.xn--heimatverein-prrbach-hbc.de\/wp-content\/uploads\/2013\/04\/25-Jahre-HV-P\u00f6rrbach-02-150x150.jpg\" class=\"attachment-thumbnail size-thumbnail\" alt=\"\" \/><\/a>\n\t\t\t<\/dt><\/dl><dl class='gallery-item'>\n\t\t\t<dt class='gallery-icon landscape'>\n\t\t\t\t<a href='https:\/\/www.xn--heimatverein-prrbach-hbc.de\/?attachment_id=439'><img loading=\"lazy\" decoding=\"async\" width=\"150\" height=\"150\" src=\"https:\/\/www.xn--heimatverein-prrbach-hbc.de\/wp-content\/uploads\/2013\/04\/25-Jahre-HV-P\u00f6rrbach-04-150x150.jpg\" class=\"attachment-thumbnail size-thumbnail\" alt=\"\" \/><\/a>\n\t\t\t<\/dt><\/dl><dl class='gallery-item'>\n\t\t\t<dt class='gallery-icon landscape'>\n\t\t\t\t<a href='https:\/\/www.xn--heimatverein-prrbach-hbc.de\/?attachment_id=440'><img loading=\"lazy\" decoding=\"async\" width=\"150\" height=\"150\" src=\"https:\/\/www.xn--heimatverein-prrbach-hbc.de\/wp-content\/uploads\/2013\/04\/25-Jahre-HV-P\u00f6rrbach-05-150x150.jpg\" class=\"attachment-thumbnail size-thumbnail\" alt=\"\" \/><\/a>\n\t\t\t<\/dt><\/dl><br style=\"clear: both\" \/><dl class='gallery-item'>\n\t\t\t<dt class='gallery-icon landscape'>\n\t\t\t\t<a href='https:\/\/www.xn--heimatverein-prrbach-hbc.de\/?attachment_id=441'><img loading=\"lazy\" decoding=\"async\" width=\"150\" height=\"150\" src=\"https:\/\/www.xn--heimatverein-prrbach-hbc.de\/wp-content\/uploads\/2013\/04\/25-Jahre-HV-P\u00f6rrbach-06-150x150.jpg\" class=\"attachment-thumbnail size-thumbnail\" alt=\"\" \/><\/a>\n\t\t\t<\/dt><\/dl><dl class='gallery-item'>\n\t\t\t<dt class='gallery-icon portrait'>\n\t\t\t\t<a href='https:\/\/www.xn--heimatverein-prrbach-hbc.de\/?attachment_id=442'><img loading=\"lazy\" decoding=\"async\" width=\"150\" height=\"150\" src=\"https:\/\/www.xn--heimatverein-prrbach-hbc.de\/wp-content\/uploads\/2013\/04\/25-Jahre-HV-P\u00f6rrbach-07-e1367325407116-150x150.jpg\" class=\"attachment-thumbnail size-thumbnail\" alt=\"\" \/><\/a>\n\t\t\t<\/dt><\/dl><dl class='gallery-item'>\n\t\t\t<dt class='gallery-icon landscape'>\n\t\t\t\t<a href='https:\/\/www.xn--heimatverein-prrbach-hbc.de\/?attachment_id=443'><img loading=\"lazy\" decoding=\"async\" width=\"150\" height=\"150\" src=\"https:\/\/www.xn--heimatverein-prrbach-hbc.de\/wp-content\/uploads\/2013\/04\/25-Jahre-HV-P\u00f6rrbach-08-150x150.jpg\" class=\"attachment-thumbnail size-thumbnail\" alt=\"\" \/><\/a>\n\t\t\t<\/dt><\/dl><dl class='gallery-item'>\n\t\t\t<dt class='gallery-icon landscape'>\n\t\t\t\t<a href='https:\/\/www.xn--heimatverein-prrbach-hbc.de\/?attachment_id=444'><img loading=\"lazy\" decoding=\"async\" width=\"150\" height=\"150\" src=\"https:\/\/www.xn--heimatverein-prrbach-hbc.de\/wp-content\/uploads\/2013\/04\/25-Jahre-HV-P\u00f6rrbach-09-150x150.jpg\" class=\"attachment-thumbnail size-thumbnail\" alt=\"\" \/><\/a>\n\t\t\t<\/dt><\/dl><br style=\"clear: both\" \/><dl class='gallery-item'>\n\t\t\t<dt class='gallery-icon landscape'>\n\t\t\t\t<a href='https:\/\/www.xn--heimatverein-prrbach-hbc.de\/?attachment_id=445'><img loading=\"lazy\" decoding=\"async\" width=\"150\" height=\"150\" src=\"https:\/\/www.xn--heimatverein-prrbach-hbc.de\/wp-content\/uploads\/2013\/04\/25-Jahre-HV-P\u00f6rrbach-10-150x150.jpg\" class=\"attachment-thumbnail size-thumbnail\" alt=\"\" \/><\/a>\n\t\t\t<\/dt><\/dl><dl class='gallery-item'>\n\t\t\t<dt class='gallery-icon landscape'>\n\t\t\t\t<a href='https:\/\/www.xn--heimatverein-prrbach-hbc.de\/?attachment_id=446'><img loading=\"lazy\" decoding=\"async\" width=\"150\" height=\"150\" src=\"https:\/\/www.xn--heimatverein-prrbach-hbc.de\/wp-content\/uploads\/2013\/04\/25-Jahre-HV-P\u00f6rrbach-11-150x150.jpg\" class=\"attachment-thumbnail size-thumbnail\" alt=\"\" \/><\/a>\n\t\t\t<\/dt><\/dl><dl class='gallery-item'>\n\t\t\t<dt class='gallery-icon landscape'>\n\t\t\t\t<a href='https:\/\/www.xn--heimatverein-prrbach-hbc.de\/?attachment_id=447'><img loading=\"lazy\" decoding=\"async\" width=\"150\" height=\"150\" src=\"https:\/\/www.xn--heimatverein-prrbach-hbc.de\/wp-content\/uploads\/2013\/04\/25-Jahre-HV-P\u00f6rrbach-12-150x150.jpg\" class=\"attachment-thumbnail size-thumbnail\" alt=\"\" \/><\/a>\n\t\t\t<\/dt><\/dl><dl class='gallery-item'>\n\t\t\t<dt class='gallery-icon landscape'>\n\t\t\t\t<a href='https:\/\/www.xn--heimatverein-prrbach-hbc.de\/?attachment_id=433'><img loading=\"lazy\" decoding=\"async\" width=\"150\" height=\"150\" src=\"https:\/\/www.xn--heimatverein-prrbach-hbc.de\/wp-content\/uploads\/2013\/04\/25-Jahre-HV-P\u00f6rrbach-13-150x150.jpg\" class=\"attachment-thumbnail size-thumbnail\" alt=\"\" \/><\/a>\n\t\t\t<\/dt><\/dl><br style=\"clear: both\" \/><dl class='gallery-item'>\n\t\t\t<dt class='gallery-icon landscape'>\n\t\t\t\t<a href='https:\/\/www.xn--heimatverein-prrbach-hbc.de\/?attachment_id=434'><img loading=\"lazy\" decoding=\"async\" width=\"150\" height=\"150\" src=\"https:\/\/www.xn--heimatverein-prrbach-hbc.de\/wp-content\/uploads\/2013\/04\/25-Jahre-HV-P\u00f6rrbach-14-150x150.jpg\" class=\"attachment-thumbnail size-thumbnail\" alt=\"\" \/><\/a>\n\t\t\t<\/dt><\/dl><dl class='gallery-item'>\n\t\t\t<dt class='gallery-icon landscape'>\n\t\t\t\t<a href='https:\/\/www.xn--heimatverein-prrbach-hbc.de\/?attachment_id=435'><img loading=\"lazy\" decoding=\"async\" width=\"150\" height=\"150\" src=\"https:\/\/www.xn--heimatverein-prrbach-hbc.de\/wp-content\/uploads\/2013\/04\/25-Jahre-HV-P\u00f6rrbach-15-150x150.jpg\" class=\"attachment-thumbnail size-thumbnail\" alt=\"\" \/><\/a>\n\t\t\t<\/dt><\/dl>\n\t\t\t<br style='clear: both' \/>\n\t\t<\/div>\n\n<p>&nbsp;<\/p>\n<p><a href=\"https:\/\/www.xn--heimatverein-prrbach-hbc.de\/wp-content\/uploads\/2013\/04\/Jubil\u00e4umsveranstaltung-Marktplatz-regional-30.04.13-2.jpg\"><img loading=\"lazy\" decoding=\"async\" class=\"aligncenter size-full wp-image-449\" alt=\"Jubil\u00e4umsveranstaltung - Marktplatz regional 30.04.13-2\" src=\"https:\/\/www.xn--heimatverein-prrbach-hbc.de\/wp-content\/uploads\/2013\/04\/Jubil\u00e4umsveranstaltung-Marktplatz-regional-30.04.13-2.jpg\" width=\"1153\" height=\"636\" srcset=\"https:\/\/www.xn--heimatverein-prrbach-hbc.de\/wp-content\/uploads\/2013\/04\/Jubil\u00e4umsveranstaltung-Marktplatz-regional-30.04.13-2.jpg 1153w, https:\/\/www.xn--heimatverein-prrbach-hbc.de\/wp-content\/uploads\/2013\/04\/Jubil\u00e4umsveranstaltung-Marktplatz-regional-30.04.13-2-300x165.jpg 300w, https:\/\/www.xn--heimatverein-prrbach-hbc.de\/wp-content\/uploads\/2013\/04\/Jubil\u00e4umsveranstaltung-Marktplatz-regional-30.04.13-2-1024x564.jpg 1024w\" sizes=\"auto, (max-width: 1153px) 100vw, 1153px\" \/><\/a><\/p>\n","protected":false},"excerpt":{"rendered":"<p>Jubil\u00e4umsverein mit unglaublicher Mitgliederzahl &#8222;Weilerbach Aktuell&#8220; &#8211; Ausgabe vom 02.05.2013 &#8211; G. Brehm Es war eine fr\u00f6hliche Geburtsfeier, zu der der Heimatverein ins Schwedelbacher B\u00fcrgerhaus am Samstagabend eingeladen hatte. 25 Jahre jung ist er geworden. Ein Vierteljahrhundert hat der Verein mit aktuell 117 Mitgliedern nun auf dem Buckel. Eine unglaubliche Mitgliederzahl ist das. Steht sie &hellip; <\/p>\n<p><a class=\"more-link btn\" href=\"https:\/\/www.xn--heimatverein-prrbach-hbc.de\/?page_id=430\">Weiterlesen<\/a><\/p>\n","protected":false},"author":2,"featured_media":0,"parent":427,"menu_order":73,"comment_status":"open","ping_status":"open","template":"","meta":{"footnotes":""},"class_list":["post-430","page","type-page","status-publish","hentry","nodate","item-wrap"],"_links":{"self":[{"href":"https:\/\/www.xn--heimatverein-prrbach-hbc.de\/index.php?rest_route=\/wp\/v2\/pages\/430","targetHints":{"allow":["GET"]}}],"collection":[{"href":"https:\/\/www.xn--heimatverein-prrbach-hbc.de\/index.php?rest_route=\/wp\/v2\/pages"}],"about":[{"href":"https:\/\/www.xn--heimatverein-prrbach-hbc.de\/index.php?rest_route=\/wp\/v2\/types\/page"}],"author":[{"embeddable":true,"href":"https:\/\/www.xn--heimatverein-prrbach-hbc.de\/index.php?rest_route=\/wp\/v2\/users\/2"}],"replies":[{"embeddable":true,"href":"https:\/\/www.xn--heimatverein-prrbach-hbc.de\/index.php?rest_route=%2Fwp%2Fv2%2Fcomments&post=430"}],"version-history":[{"count":9,"href":"https:\/\/www.xn--heimatverein-prrbach-hbc.de\/index.php?rest_route=\/wp\/v2\/pages\/430\/revisions"}],"predecessor-version":[{"id":590,"href":"https:\/\/www.xn--heimatverein-prrbach-hbc.de\/index.php?rest_route=\/wp\/v2\/pages\/430\/revisions\/590"}],"up":[{"embeddable":true,"href":"https:\/\/www.xn--heimatverein-prrbach-hbc.de\/index.php?rest_route=\/wp\/v2\/pages\/427"}],"wp:attachment":[{"href":"https:\/\/www.xn--heimatverein-prrbach-hbc.de\/index.php?rest_route=%2Fwp%2Fv2%2Fmedia&parent=430"}],"curies":[{"name":"wp","href":"https:\/\/api.w.org\/{rel}","templated":true}]}}