{"id":403,"date":"2013-04-19T19:52:53","date_gmt":"2013-04-19T17:52:53","guid":{"rendered":"http:\/\/www.xn--heimatverein-prrbach-hbc.de\/?page_id=403"},"modified":"2013-04-19T20:04:59","modified_gmt":"2013-04-19T18:04:59","slug":"mitgliederversammlung-26-02-2010","status":"publish","type":"page","link":"https:\/\/www.xn--heimatverein-prrbach-hbc.de\/?page_id=403","title":{"rendered":"Mitgliederversammlung"},"content":{"rendered":"<h3><b>Mitgliederversammlung des Heimatverein P\u00f6rrbach<\/b><\/h3>\n<p><b>\u00a0<\/b><\/p>\n<p><span style=\"font-size: medium;\">Am 26. Februar 2010 fand im Landgasthaus P\u00f6rrbacher Hof die Mitgliederversammlung des\u00a0 Heimatverein P\u00f6rrbach e. V. statt. Auf der Tagesordnung standen die Berichte des 1. Vorsitzenden, des Kassenwartes sowie Neuwahlen.<\/span><\/p>\n<p><span style=\"font-size: medium;\">Der 1. Vorsitzende G\u00fcnter Heinz dankte den Ausschussmitgliedern sowie allen Helfern und G\u00f6nnern des Vereins f\u00fcr die geleistete Arbeit der letzten 3 Jahre.<\/span><\/p>\n<p><span style=\"font-size: medium;\">Die finanzielle Situation wurde vom Kassenwart Thomas Marks dargestellt. Die Mitgliederversammlung entlastete einstimmig den Vorstand. Die anschlie\u00dfenden Neuwahlen wurden wie folgt abgeschlossen:<\/span><\/p>\n<p><span style=\"font-size: medium;\">1. Vorsitzender: Thomas Haffner,<\/span><\/p>\n<p><span style=\"font-size: medium;\">2. Vorsitzender: G\u00fcnter Heinz,<\/span><\/p>\n<p><span style=\"font-size: medium;\">Kassenwart: Michael Bissinger,<\/span><\/p>\n<p><span style=\"font-size: medium;\">Schriftf\u00fchrer: Frank Garbe,<\/span><\/p>\n<p><span style=\"font-size: medium;\">Kassenpr\u00fcfer: Sandra Westrich, Gudrun Lindner,<\/span><\/p>\n<p><span style=\"font-size: medium;\">Beisitzer: Jens Schmidt-Z\u00f6llner, Thomas Heinz, Walter Lindner, Gunter Geib<\/span><\/p>\n<p><span style=\"font-size: medium;\">und Elke Zantopp.<\/span><\/p>\n","protected":false},"excerpt":{"rendered":"<p>Mitgliederversammlung des Heimatverein P\u00f6rrbach \u00a0 Am 26. Februar 2010 fand im Landgasthaus P\u00f6rrbacher Hof die Mitgliederversammlung des\u00a0 Heimatverein P\u00f6rrbach e. V. statt. Auf der Tagesordnung standen die Berichte des 1. Vorsitzenden, des Kassenwartes sowie Neuwahlen. Der 1. Vorsitzende G\u00fcnter Heinz dankte den Ausschussmitgliedern sowie allen Helfern und G\u00f6nnern des Vereins f\u00fcr die geleistete Arbeit der &hellip; <\/p>\n<p><a class=\"more-link btn\" href=\"https:\/\/www.xn--heimatverein-prrbach-hbc.de\/?page_id=403\">Weiterlesen<\/a><\/p>\n","protected":false},"author":2,"featured_media":0,"parent":270,"menu_order":0,"comment_status":"open","ping_status":"open","template":"","meta":{"footnotes":""},"class_list":["post-403","page","type-page","status-publish","hentry","nodate","item-wrap"],"_links":{"self":[{"href":"https:\/\/www.xn--heimatverein-prrbach-hbc.de\/index.php?rest_route=\/wp\/v2\/pages\/403","targetHints":{"allow":["GET"]}}],"collection":[{"href":"https:\/\/www.xn--heimatverein-prrbach-hbc.de\/index.php?rest_route=\/wp\/v2\/pages"}],"about":[{"href":"https:\/\/www.xn--heimatverein-prrbach-hbc.de\/index.php?rest_route=\/wp\/v2\/types\/page"}],"author":[{"embeddable":true,"href":"https:\/\/www.xn--heimatverein-prrbach-hbc.de\/index.php?rest_route=\/wp\/v2\/users\/2"}],"replies":[{"embeddable":true,"href":"https:\/\/www.xn--heimatverein-prrbach-hbc.de\/index.php?rest_route=%2Fwp%2Fv2%2Fcomments&post=403"}],"version-history":[{"count":7,"href":"https:\/\/www.xn--heimatverein-prrbach-hbc.de\/index.php?rest_route=\/wp\/v2\/pages\/403\/revisions"}],"predecessor-version":[{"id":405,"href":"https:\/\/www.xn--heimatverein-prrbach-hbc.de\/index.php?rest_route=\/wp\/v2\/pages\/403\/revisions\/405"}],"up":[{"embeddable":true,"href":"https:\/\/www.xn--heimatverein-prrbach-hbc.de\/index.php?rest_route=\/wp\/v2\/pages\/270"}],"wp:attachment":[{"href":"https:\/\/www.xn--heimatverein-prrbach-hbc.de\/index.php?rest_route=%2Fwp%2Fv2%2Fmedia&parent=403"}],"curies":[{"name":"wp","href":"https:\/\/api.w.org\/{rel}","templated":true}]}}