{"id":323,"date":"2013-04-19T18:00:36","date_gmt":"2013-04-19T16:00:36","guid":{"rendered":"http:\/\/www.xn--heimatverein-prrbach-hbc.de\/?page_id=323"},"modified":"2013-04-19T18:00:37","modified_gmt":"2013-04-19T16:00:37","slug":"dorffest-2008","status":"publish","type":"page","link":"https:\/\/www.xn--heimatverein-prrbach-hbc.de\/?page_id=323","title":{"rendered":"Dorffest 2008"},"content":{"rendered":"<p>Die Rheinpfalz &#8211; 03.07.2008<\/p>\n<h3>Von Wettmelken bis Ponyreiten<\/h3>\n<h2><b>Dorffest in P\u00f6rrbach lockt am Sonntag mit buntem Programm<\/b><\/h2>\n<p><b> <\/b><span style=\"font-size: medium;\">Klein, aber oho: Wenn dieser Spruch nicht f\u00fcr das 80 Einwohner starke P\u00f6rrbach gilt &#8211; f\u00fcr wen dann? Am Sonntag, 6. Juli, pr\u00e4sentiert sich der beschauliche Ortsteil Schwedelbachs von seiner besten Seite. Dieses Jahr zum 20. Mal steigt das Dorffest.<b><\/b><\/span><\/p>\n<p><span style=\"font-size: medium;\">\u201e1988 hat alles hat mit einem Grillfest begonnen, und gleich im ersten Jahr hatten wir eine sehr gute Resonanz&#8220;, erinnert sich der Vorsitzende des Heimatvereins P\u00f6rrbach, G\u00fcnther Heinz. Im zweiten Jahr sei die Veranstaltung dann richtig gro\u00df geworden, so dass die Veranstalter beschlossen, dass Grillfest in ein Dorffest umzuwandeln.<b><\/b><\/span><\/p>\n<p><span style=\"font-size: medium;\">Dieses Jahr lockt unter anderem das &#8222;Wettmelken&#8220; einer k\u00fcnstlichen Kuh. Los geht\u2018s am Sonntag, 6. Juli, um 10 Uhr mit einem \u00f6kumenischen Gottesdienst im Festzelt. Danach wartet ein Fr\u00fchschoppen auf die Besucher. Um 11.30 Uhr spielt der Musikverein Reichenbach, zwei Stunden sp\u00e4ter das &#8222;Duo Michael&#8220;. Kinder d\u00fcrfen auf eine H\u00fcpfburg und zum Ponyreiten.<b><\/b><\/span><\/p>\n<p><span style=\"font-size: medium;\">Da der Heimatverein, der das Fest ins Leben gerufen hat und sich auch um die Bewirtung und Gestaltung sorgt, kein eigenes Vereinsgel\u00e4nde besitzt, hat man das Fest ganz einfach in ein Zelt auf der Stra\u00dfe verlegt. Ziel des Dorffestes sei, so der Vorsitzende des Heimatvereins, die sozialen Kontakte zu st\u00e4rken und die Menschen aus ihren H\u00e4usern zu locken.<b><\/b><\/span><\/p>\n<p><span style=\"font-size: medium;\">\u201eIn P\u00f6rrbach gibt es einen sehr starken Zusammenhalt, fast jeder macht mit und hilft bei den Vorbereitungen.&#8220; Schon samstags treffen sich die freiwilligen Helfer, um den Salat zu putzen und die Kartoffeln zu sch\u00e4len. Heinz: &#8222;Immerhin wollen wir unsere G\u00e4ste am Sonntag mit 50 Kilogramm Bratkartoffeln verw\u00f6hnen.&#8220; (dic)<b><\/b><\/span><\/p>\n<p><span style=\"font-size: medium;\">Info:<b> <\/b>20. P\u00f6rrbacher Dorffest, Sonntag, 6. Juli, ab 10 Uhr, Info: www.heimatverein-poerrbach.de<\/span><\/p>\n\n\t\t<style type=\"text\/css\">\n\t\t\t#gallery-1 {\n\t\t\t\tmargin: auto;\n\t\t\t}\n\t\t\t#gallery-1 .gallery-item {\n\t\t\t\tfloat: left;\n\t\t\t\tmargin-top: 10px;\n\t\t\t\ttext-align: center;\n\t\t\t\twidth: 25%;\n\t\t\t}\n\t\t\t#gallery-1 img {\n\t\t\t\tborder: 2px solid #cfcfcf;\n\t\t\t}\n\t\t\t#gallery-1 .gallery-caption {\n\t\t\t\tmargin-left: 0;\n\t\t\t}\n\t\t\t\/* see gallery_shortcode() in wp-includes\/media.php *\/\n\t\t<\/style>\n\t\t<div id='gallery-1' class='gallery galleryid-323 gallery-columns-4 gallery-size-thumbnail'><dl class='gallery-item'>\n\t\t\t<dt class='gallery-icon landscape'>\n\t\t\t\t<a href='https:\/\/www.xn--heimatverein-prrbach-hbc.de\/?attachment_id=330'><img loading=\"lazy\" decoding=\"async\" width=\"150\" height=\"150\" src=\"https:\/\/www.xn--heimatverein-prrbach-hbc.de\/wp-content\/uploads\/2013\/04\/Dorffest-2008-01-150x150.jpg\" class=\"attachment-thumbnail size-thumbnail\" alt=\"\" \/><\/a>\n\t\t\t<\/dt><\/dl><dl class='gallery-item'>\n\t\t\t<dt class='gallery-icon landscape'>\n\t\t\t\t<a href='https:\/\/www.xn--heimatverein-prrbach-hbc.de\/?attachment_id=331'><img loading=\"lazy\" decoding=\"async\" width=\"150\" height=\"150\" src=\"https:\/\/www.xn--heimatverein-prrbach-hbc.de\/wp-content\/uploads\/2013\/04\/Dorffest-2008-02-150x150.jpg\" class=\"attachment-thumbnail size-thumbnail\" alt=\"\" \/><\/a>\n\t\t\t<\/dt><\/dl><dl class='gallery-item'>\n\t\t\t<dt class='gallery-icon landscape'>\n\t\t\t\t<a href='https:\/\/www.xn--heimatverein-prrbach-hbc.de\/?attachment_id=332'><img loading=\"lazy\" decoding=\"async\" width=\"150\" height=\"150\" src=\"https:\/\/www.xn--heimatverein-prrbach-hbc.de\/wp-content\/uploads\/2013\/04\/Dorffest-2008-03-150x150.jpg\" class=\"attachment-thumbnail size-thumbnail\" alt=\"\" \/><\/a>\n\t\t\t<\/dt><\/dl><dl class='gallery-item'>\n\t\t\t<dt class='gallery-icon landscape'>\n\t\t\t\t<a href='https:\/\/www.xn--heimatverein-prrbach-hbc.de\/?attachment_id=333'><img loading=\"lazy\" decoding=\"async\" width=\"150\" height=\"150\" src=\"https:\/\/www.xn--heimatverein-prrbach-hbc.de\/wp-content\/uploads\/2013\/04\/Dorffest-2008-04-150x150.jpg\" class=\"attachment-thumbnail size-thumbnail\" alt=\"\" \/><\/a>\n\t\t\t<\/dt><\/dl><br style=\"clear: both\" \/><dl class='gallery-item'>\n\t\t\t<dt class='gallery-icon landscape'>\n\t\t\t\t<a href='https:\/\/www.xn--heimatverein-prrbach-hbc.de\/?attachment_id=334'><img loading=\"lazy\" decoding=\"async\" width=\"150\" height=\"150\" src=\"https:\/\/www.xn--heimatverein-prrbach-hbc.de\/wp-content\/uploads\/2013\/04\/Dorffest-2008-05-150x150.jpg\" class=\"attachment-thumbnail size-thumbnail\" alt=\"\" \/><\/a>\n\t\t\t<\/dt><\/dl><dl class='gallery-item'>\n\t\t\t<dt class='gallery-icon landscape'>\n\t\t\t\t<a href='https:\/\/www.xn--heimatverein-prrbach-hbc.de\/?attachment_id=335'><img loading=\"lazy\" decoding=\"async\" width=\"150\" height=\"150\" src=\"https:\/\/www.xn--heimatverein-prrbach-hbc.de\/wp-content\/uploads\/2013\/04\/Dorffest-2008-06-150x150.jpg\" class=\"attachment-thumbnail size-thumbnail\" alt=\"\" \/><\/a>\n\t\t\t<\/dt><\/dl><dl class='gallery-item'>\n\t\t\t<dt class='gallery-icon landscape'>\n\t\t\t\t<a href='https:\/\/www.xn--heimatverein-prrbach-hbc.de\/?attachment_id=336'><img loading=\"lazy\" decoding=\"async\" width=\"150\" height=\"150\" src=\"https:\/\/www.xn--heimatverein-prrbach-hbc.de\/wp-content\/uploads\/2013\/04\/Dorffest-2008-07-150x150.jpg\" class=\"attachment-thumbnail size-thumbnail\" alt=\"\" \/><\/a>\n\t\t\t<\/dt><\/dl><dl class='gallery-item'>\n\t\t\t<dt class='gallery-icon landscape'>\n\t\t\t\t<a href='https:\/\/www.xn--heimatverein-prrbach-hbc.de\/?attachment_id=337'><img loading=\"lazy\" decoding=\"async\" width=\"150\" height=\"150\" src=\"https:\/\/www.xn--heimatverein-prrbach-hbc.de\/wp-content\/uploads\/2013\/04\/Dorffest-2008-08-150x150.jpg\" class=\"attachment-thumbnail size-thumbnail\" alt=\"\" \/><\/a>\n\t\t\t<\/dt><\/dl><br style=\"clear: both\" \/><dl class='gallery-item'>\n\t\t\t<dt class='gallery-icon landscape'>\n\t\t\t\t<a href='https:\/\/www.xn--heimatverein-prrbach-hbc.de\/?attachment_id=338'><img loading=\"lazy\" decoding=\"async\" width=\"150\" height=\"150\" src=\"https:\/\/www.xn--heimatverein-prrbach-hbc.de\/wp-content\/uploads\/2013\/04\/Dorffest-2008-09-150x150.jpg\" class=\"attachment-thumbnail size-thumbnail\" alt=\"\" \/><\/a>\n\t\t\t<\/dt><\/dl><dl class='gallery-item'>\n\t\t\t<dt class='gallery-icon landscape'>\n\t\t\t\t<a href='https:\/\/www.xn--heimatverein-prrbach-hbc.de\/?attachment_id=339'><img loading=\"lazy\" decoding=\"async\" width=\"150\" height=\"150\" src=\"https:\/\/www.xn--heimatverein-prrbach-hbc.de\/wp-content\/uploads\/2013\/04\/Dorffest-2008-10-150x150.jpg\" class=\"attachment-thumbnail size-thumbnail\" alt=\"\" \/><\/a>\n\t\t\t<\/dt><\/dl><dl class='gallery-item'>\n\t\t\t<dt class='gallery-icon landscape'>\n\t\t\t\t<a href='https:\/\/www.xn--heimatverein-prrbach-hbc.de\/?attachment_id=340'><img loading=\"lazy\" decoding=\"async\" width=\"150\" height=\"150\" src=\"https:\/\/www.xn--heimatverein-prrbach-hbc.de\/wp-content\/uploads\/2013\/04\/Dorffest-2008-11-150x150.jpg\" class=\"attachment-thumbnail size-thumbnail\" alt=\"\" \/><\/a>\n\t\t\t<\/dt><\/dl><dl class='gallery-item'>\n\t\t\t<dt class='gallery-icon landscape'>\n\t\t\t\t<a href='https:\/\/www.xn--heimatverein-prrbach-hbc.de\/?attachment_id=341'><img loading=\"lazy\" decoding=\"async\" width=\"150\" height=\"150\" src=\"https:\/\/www.xn--heimatverein-prrbach-hbc.de\/wp-content\/uploads\/2013\/04\/Dorffest-2008-12-150x150.jpg\" class=\"attachment-thumbnail size-thumbnail\" alt=\"\" \/><\/a>\n\t\t\t<\/dt><\/dl><br style=\"clear: both\" \/><dl class='gallery-item'>\n\t\t\t<dt class='gallery-icon landscape'>\n\t\t\t\t<a href='https:\/\/www.xn--heimatverein-prrbach-hbc.de\/?attachment_id=342'><img loading=\"lazy\" decoding=\"async\" width=\"150\" height=\"150\" src=\"https:\/\/www.xn--heimatverein-prrbach-hbc.de\/wp-content\/uploads\/2013\/04\/Dorffest-2008-13-150x150.jpg\" class=\"attachment-thumbnail size-thumbnail\" alt=\"\" \/><\/a>\n\t\t\t<\/dt><\/dl><dl class='gallery-item'>\n\t\t\t<dt class='gallery-icon landscape'>\n\t\t\t\t<a href='https:\/\/www.xn--heimatverein-prrbach-hbc.de\/?attachment_id=343'><img loading=\"lazy\" decoding=\"async\" width=\"150\" height=\"150\" src=\"https:\/\/www.xn--heimatverein-prrbach-hbc.de\/wp-content\/uploads\/2013\/04\/Dorffest-2008-14-150x150.jpg\" class=\"attachment-thumbnail size-thumbnail\" alt=\"\" \/><\/a>\n\t\t\t<\/dt><\/dl><dl class='gallery-item'>\n\t\t\t<dt class='gallery-icon landscape'>\n\t\t\t\t<a href='https:\/\/www.xn--heimatverein-prrbach-hbc.de\/?attachment_id=344'><img loading=\"lazy\" decoding=\"async\" width=\"150\" height=\"150\" src=\"https:\/\/www.xn--heimatverein-prrbach-hbc.de\/wp-content\/uploads\/2013\/04\/Dorffest-2008-15-150x150.jpg\" class=\"attachment-thumbnail size-thumbnail\" alt=\"\" \/><\/a>\n\t\t\t<\/dt><\/dl><dl class='gallery-item'>\n\t\t\t<dt class='gallery-icon landscape'>\n\t\t\t\t<a href='https:\/\/www.xn--heimatverein-prrbach-hbc.de\/?attachment_id=345'><img loading=\"lazy\" decoding=\"async\" width=\"150\" height=\"150\" src=\"https:\/\/www.xn--heimatverein-prrbach-hbc.de\/wp-content\/uploads\/2013\/04\/Dorffest-2008-16-150x150.jpg\" class=\"attachment-thumbnail size-thumbnail\" alt=\"\" \/><\/a>\n\t\t\t<\/dt><\/dl><br style=\"clear: both\" \/><dl class='gallery-item'>\n\t\t\t<dt class='gallery-icon landscape'>\n\t\t\t\t<a href='https:\/\/www.xn--heimatverein-prrbach-hbc.de\/?attachment_id=346'><img loading=\"lazy\" decoding=\"async\" width=\"150\" height=\"150\" src=\"https:\/\/www.xn--heimatverein-prrbach-hbc.de\/wp-content\/uploads\/2013\/04\/Dorffest-2008-17-150x150.jpg\" class=\"attachment-thumbnail size-thumbnail\" alt=\"\" \/><\/a>\n\t\t\t<\/dt><\/dl><dl class='gallery-item'>\n\t\t\t<dt class='gallery-icon landscape'>\n\t\t\t\t<a href='https:\/\/www.xn--heimatverein-prrbach-hbc.de\/?attachment_id=347'><img loading=\"lazy\" decoding=\"async\" width=\"150\" height=\"150\" src=\"https:\/\/www.xn--heimatverein-prrbach-hbc.de\/wp-content\/uploads\/2013\/04\/Dorffest-2008-18-150x150.jpg\" class=\"attachment-thumbnail size-thumbnail\" alt=\"\" \/><\/a>\n\t\t\t<\/dt><\/dl><dl class='gallery-item'>\n\t\t\t<dt class='gallery-icon landscape'>\n\t\t\t\t<a href='https:\/\/www.xn--heimatverein-prrbach-hbc.de\/?attachment_id=348'><img loading=\"lazy\" decoding=\"async\" width=\"150\" height=\"150\" src=\"https:\/\/www.xn--heimatverein-prrbach-hbc.de\/wp-content\/uploads\/2013\/04\/Dorffest-2008-19-150x150.jpg\" class=\"attachment-thumbnail size-thumbnail\" alt=\"\" \/><\/a>\n\t\t\t<\/dt><\/dl><dl class='gallery-item'>\n\t\t\t<dt class='gallery-icon landscape'>\n\t\t\t\t<a href='https:\/\/www.xn--heimatverein-prrbach-hbc.de\/?attachment_id=349'><img loading=\"lazy\" decoding=\"async\" width=\"150\" height=\"150\" src=\"https:\/\/www.xn--heimatverein-prrbach-hbc.de\/wp-content\/uploads\/2013\/04\/Dorffest-2008-20-150x150.jpg\" class=\"attachment-thumbnail size-thumbnail\" alt=\"\" \/><\/a>\n\t\t\t<\/dt><\/dl><br style=\"clear: both\" \/><dl class='gallery-item'>\n\t\t\t<dt class='gallery-icon landscape'>\n\t\t\t\t<a href='https:\/\/www.xn--heimatverein-prrbach-hbc.de\/?attachment_id=350'><img loading=\"lazy\" decoding=\"async\" width=\"150\" height=\"150\" src=\"https:\/\/www.xn--heimatverein-prrbach-hbc.de\/wp-content\/uploads\/2013\/04\/Dorffest-2008-21-150x150.jpg\" class=\"attachment-thumbnail size-thumbnail\" alt=\"\" \/><\/a>\n\t\t\t<\/dt><\/dl><dl class='gallery-item'>\n\t\t\t<dt class='gallery-icon landscape'>\n\t\t\t\t<a href='https:\/\/www.xn--heimatverein-prrbach-hbc.de\/?attachment_id=351'><img loading=\"lazy\" decoding=\"async\" width=\"150\" height=\"150\" src=\"https:\/\/www.xn--heimatverein-prrbach-hbc.de\/wp-content\/uploads\/2013\/04\/Dorffest-2008-22-150x150.jpg\" class=\"attachment-thumbnail size-thumbnail\" alt=\"\" \/><\/a>\n\t\t\t<\/dt><\/dl><dl class='gallery-item'>\n\t\t\t<dt class='gallery-icon landscape'>\n\t\t\t\t<a href='https:\/\/www.xn--heimatverein-prrbach-hbc.de\/?attachment_id=352'><img loading=\"lazy\" decoding=\"async\" width=\"150\" height=\"150\" src=\"https:\/\/www.xn--heimatverein-prrbach-hbc.de\/wp-content\/uploads\/2013\/04\/Dorffest-2008-23-150x150.jpg\" class=\"attachment-thumbnail size-thumbnail\" alt=\"\" \/><\/a>\n\t\t\t<\/dt><\/dl><dl class='gallery-item'>\n\t\t\t<dt class='gallery-icon landscape'>\n\t\t\t\t<a href='https:\/\/www.xn--heimatverein-prrbach-hbc.de\/?attachment_id=353'><img loading=\"lazy\" decoding=\"async\" width=\"150\" height=\"150\" src=\"https:\/\/www.xn--heimatverein-prrbach-hbc.de\/wp-content\/uploads\/2013\/04\/Dorffest-2008-24-150x150.jpg\" class=\"attachment-thumbnail size-thumbnail\" alt=\"\" \/><\/a>\n\t\t\t<\/dt><\/dl><br style=\"clear: both\" \/><dl class='gallery-item'>\n\t\t\t<dt class='gallery-icon landscape'>\n\t\t\t\t<a href='https:\/\/www.xn--heimatverein-prrbach-hbc.de\/?attachment_id=354'><img loading=\"lazy\" decoding=\"async\" width=\"150\" height=\"150\" src=\"https:\/\/www.xn--heimatverein-prrbach-hbc.de\/wp-content\/uploads\/2013\/04\/Dorffest-2008-25-150x150.jpg\" class=\"attachment-thumbnail size-thumbnail\" alt=\"\" \/><\/a>\n\t\t\t<\/dt><\/dl><dl class='gallery-item'>\n\t\t\t<dt class='gallery-icon landscape'>\n\t\t\t\t<a href='https:\/\/www.xn--heimatverein-prrbach-hbc.de\/?attachment_id=355'><img loading=\"lazy\" decoding=\"async\" width=\"150\" height=\"150\" src=\"https:\/\/www.xn--heimatverein-prrbach-hbc.de\/wp-content\/uploads\/2013\/04\/Dorffest-2008-26-150x150.jpg\" class=\"attachment-thumbnail size-thumbnail\" alt=\"\" \/><\/a>\n\t\t\t<\/dt><\/dl><dl class='gallery-item'>\n\t\t\t<dt class='gallery-icon landscape'>\n\t\t\t\t<a href='https:\/\/www.xn--heimatverein-prrbach-hbc.de\/?attachment_id=324'><img loading=\"lazy\" decoding=\"async\" width=\"150\" height=\"150\" src=\"https:\/\/www.xn--heimatverein-prrbach-hbc.de\/wp-content\/uploads\/2013\/04\/Dorffest-2008-27-150x150.jpg\" class=\"attachment-thumbnail size-thumbnail\" alt=\"\" \/><\/a>\n\t\t\t<\/dt><\/dl><dl class='gallery-item'>\n\t\t\t<dt class='gallery-icon landscape'>\n\t\t\t\t<a href='https:\/\/www.xn--heimatverein-prrbach-hbc.de\/?attachment_id=325'><img loading=\"lazy\" decoding=\"async\" width=\"150\" height=\"150\" src=\"https:\/\/www.xn--heimatverein-prrbach-hbc.de\/wp-content\/uploads\/2013\/04\/Dorffest-2008-28-150x150.jpg\" class=\"attachment-thumbnail size-thumbnail\" alt=\"\" \/><\/a>\n\t\t\t<\/dt><\/dl><br style=\"clear: both\" \/><dl class='gallery-item'>\n\t\t\t<dt class='gallery-icon landscape'>\n\t\t\t\t<a href='https:\/\/www.xn--heimatverein-prrbach-hbc.de\/?attachment_id=326'><img loading=\"lazy\" decoding=\"async\" width=\"150\" height=\"150\" src=\"https:\/\/www.xn--heimatverein-prrbach-hbc.de\/wp-content\/uploads\/2013\/04\/Dorffest-2008-29-150x150.jpg\" class=\"attachment-thumbnail size-thumbnail\" alt=\"\" \/><\/a>\n\t\t\t<\/dt><\/dl><dl class='gallery-item'>\n\t\t\t<dt class='gallery-icon landscape'>\n\t\t\t\t<a href='https:\/\/www.xn--heimatverein-prrbach-hbc.de\/?attachment_id=327'><img loading=\"lazy\" decoding=\"async\" width=\"150\" height=\"150\" src=\"https:\/\/www.xn--heimatverein-prrbach-hbc.de\/wp-content\/uploads\/2013\/04\/Dorffest-2008-30-150x150.jpg\" class=\"attachment-thumbnail size-thumbnail\" alt=\"\" \/><\/a>\n\t\t\t<\/dt><\/dl><dl class='gallery-item'>\n\t\t\t<dt class='gallery-icon landscape'>\n\t\t\t\t<a href='https:\/\/www.xn--heimatverein-prrbach-hbc.de\/?attachment_id=328'><img loading=\"lazy\" decoding=\"async\" width=\"150\" height=\"150\" src=\"https:\/\/www.xn--heimatverein-prrbach-hbc.de\/wp-content\/uploads\/2013\/04\/Dorffest-2008-31-150x150.jpg\" class=\"attachment-thumbnail size-thumbnail\" alt=\"\" \/><\/a>\n\t\t\t<\/dt><\/dl><dl class='gallery-item'>\n\t\t\t<dt class='gallery-icon landscape'>\n\t\t\t\t<a href='https:\/\/www.xn--heimatverein-prrbach-hbc.de\/?attachment_id=329'><img loading=\"lazy\" decoding=\"async\" width=\"150\" height=\"150\" src=\"https:\/\/www.xn--heimatverein-prrbach-hbc.de\/wp-content\/uploads\/2013\/04\/Dorffest-2008-32-150x150.jpg\" class=\"attachment-thumbnail size-thumbnail\" alt=\"\" \/><\/a>\n\t\t\t<\/dt><\/dl><br style=\"clear: both\" \/>\n\t\t<\/div>\n\n","protected":false},"excerpt":{"rendered":"<p>Die Rheinpfalz &#8211; 03.07.2008 Von Wettmelken bis Ponyreiten Dorffest in P\u00f6rrbach lockt am Sonntag mit buntem Programm Klein, aber oho: Wenn dieser Spruch nicht f\u00fcr das 80 Einwohner starke P\u00f6rrbach gilt &#8211; f\u00fcr wen dann? Am Sonntag, 6. Juli, pr\u00e4sentiert sich der beschauliche Ortsteil Schwedelbachs von seiner besten Seite. Dieses Jahr zum 20. Mal steigt &hellip; <\/p>\n<p><a class=\"more-link btn\" href=\"https:\/\/www.xn--heimatverein-prrbach-hbc.de\/?page_id=323\">Weiterlesen<\/a><\/p>\n","protected":false},"author":2,"featured_media":344,"parent":315,"menu_order":27,"comment_status":"open","ping_status":"open","template":"","meta":{"footnotes":""},"class_list":["post-323","page","type-page","status-publish","has-post-thumbnail","hentry","nodate","item-wrap"],"_links":{"self":[{"href":"https:\/\/www.xn--heimatverein-prrbach-hbc.de\/index.php?rest_route=\/wp\/v2\/pages\/323","targetHints":{"allow":["GET"]}}],"collection":[{"href":"https:\/\/www.xn--heimatverein-prrbach-hbc.de\/index.php?rest_route=\/wp\/v2\/pages"}],"about":[{"href":"https:\/\/www.xn--heimatverein-prrbach-hbc.de\/index.php?rest_route=\/wp\/v2\/types\/page"}],"author":[{"embeddable":true,"href":"https:\/\/www.xn--heimatverein-prrbach-hbc.de\/index.php?rest_route=\/wp\/v2\/users\/2"}],"replies":[{"embeddable":true,"href":"https:\/\/www.xn--heimatverein-prrbach-hbc.de\/index.php?rest_route=%2Fwp%2Fv2%2Fcomments&post=323"}],"version-history":[{"count":2,"href":"https:\/\/www.xn--heimatverein-prrbach-hbc.de\/index.php?rest_route=\/wp\/v2\/pages\/323\/revisions"}],"predecessor-version":[{"id":357,"href":"https:\/\/www.xn--heimatverein-prrbach-hbc.de\/index.php?rest_route=\/wp\/v2\/pages\/323\/revisions\/357"}],"up":[{"embeddable":true,"href":"https:\/\/www.xn--heimatverein-prrbach-hbc.de\/index.php?rest_route=\/wp\/v2\/pages\/315"}],"wp:featuredmedia":[{"embeddable":true,"href":"https:\/\/www.xn--heimatverein-prrbach-hbc.de\/index.php?rest_route=\/wp\/v2\/media\/344"}],"wp:attachment":[{"href":"https:\/\/www.xn--heimatverein-prrbach-hbc.de\/index.php?rest_route=%2Fwp%2Fv2%2Fmedia&parent=323"}],"curies":[{"name":"wp","href":"https:\/\/api.w.org\/{rel}","templated":true}]}}