{"id":320,"date":"2013-04-19T17:19:31","date_gmt":"2013-04-19T15:19:31","guid":{"rendered":"http:\/\/www.xn--heimatverein-prrbach-hbc.de\/?page_id=320"},"modified":"2013-04-19T18:10:22","modified_gmt":"2013-04-19T16:10:22","slug":"pflanzen-fur-leichenhalle-schwedelbach","status":"publish","type":"page","link":"https:\/\/www.xn--heimatverein-prrbach-hbc.de\/?page_id=320","title":{"rendered":"Pflanzen f\u00fcr Leichenhalle Schwedelbach"},"content":{"rendered":"<h2>Heimatverein P\u00f6rrbach spendet vier &#8222;Ficus Nitida&#8220;<\/h2>\n<p><a href=\"https:\/\/www.xn--heimatverein-prrbach-hbc.de\/wp-content\/uploads\/2013\/04\/Ficus-f\u00fcr-Leichenhalle.jpg\"><img loading=\"lazy\" decoding=\"async\" class=\"alignleft size-full wp-image-359\" alt=\"Ficus f\u00fcr Leichenhalle\" src=\"https:\/\/www.xn--heimatverein-prrbach-hbc.de\/wp-content\/uploads\/2013\/04\/Ficus-f\u00fcr-Leichenhalle.jpg\" width=\"300\" height=\"225\" \/><\/a><\/p>\n<p>&nbsp;<\/p>\n<p>&nbsp;<\/p>\n<p>&nbsp;<\/p>\n<p>&nbsp;<\/p>\n<p>&nbsp;<\/p>\n<p>&nbsp;<\/p>\n<p>&nbsp;<\/p>\n<p>&nbsp;<\/p>\n<p>&nbsp;<\/p>\n<p>Vor den vier &#8222;Ficus Nitida&#8220; (von links): Heimatvereins-Vorsitzender G\u00fcnter Heinz (links) und stellvertretender Vorsitzender Walter Lindner (rechts) \u00fcbergeben die vier &#8222;Ficus Nitida&#8220; an Ortsb\u00fcrgermeister Dieter Hirsch.<\/p>\n<p><span style=\"font-size: medium;\">Am 7. Februar \u00fcberreichte der Heimatverein P\u00f6rrbach vier stattliche &#8222;Ficus Nitida&#8220; dem Schwedelbacher Ortsb\u00fcrgermeister Dieter Hirsch. Die gut zwei Meter hohen k\u00fcnstlichen, aber t\u00e4uschend echt aussehenden B\u00e4umchen in dekorativen Holzk\u00fcbeln finden als Spalierschmuck in der Leichenhalle Verwendung. F\u00fcr die n\u00fctzliche Sachspende hat der Heimatverein des Schwedelbacher Ortsteils tief in die Kasse gegriffen. Das Geld f\u00fcr die 800 Euro teuren &#8222;Benjamini&#8220; stamme aus dem Erl\u00f6s des letztj\u00e4hrigen Dorffestes, erkl\u00e4rte Vorsitzender G\u00fcnter Heinz in Beisein seines Stellvertreters, Walter Lindner, bei der \u00dcbergabe. Ortsb\u00fcrgermeister Dieter Hirsch bedankte sich auch im Namen des Gemeinderates bei dem r\u00fchrigen Verein ganz herzlich. Nicht zum ersten Mal habe die Ortsgemeinde von der Gro\u00dfz\u00fcgigkeit des Heimatvereins P\u00f6rrbach profitieren k\u00f6nnen. Als Beispiele nannte er die Bank in Richtung P\u00f6rrbach oder n\u00fctzliche Investitionen auf dem Friedhof. Die P\u00f6rrbacher Gemeinschaft geh\u00f6re zu den wenigen \u00f6rtlichen Vereinen, die bei ihrem Engagement immer wieder auch die Gemeinde ber\u00fccksichtigten. Auf solche Vereine sei er, der selbst nicht m\u00fcde wird, immer wieder dem B\u00fcrgersinn das Wort zu reden, stolz.<\/span><\/p>\n<p>&#8222;Weilerbach Aktuell&#8220; 02.08<\/p>\n","protected":false},"excerpt":{"rendered":"<p>Heimatverein P\u00f6rrbach spendet vier &#8222;Ficus Nitida&#8220; &nbsp; &nbsp; &nbsp; &nbsp; &nbsp; &nbsp; &nbsp; &nbsp; &nbsp; Vor den vier &#8222;Ficus Nitida&#8220; (von links): Heimatvereins-Vorsitzender G\u00fcnter Heinz (links) und stellvertretender Vorsitzender Walter Lindner (rechts) \u00fcbergeben die vier &#8222;Ficus Nitida&#8220; an Ortsb\u00fcrgermeister Dieter Hirsch. Am 7. Februar \u00fcberreichte der Heimatverein P\u00f6rrbach vier stattliche &#8222;Ficus Nitida&#8220; dem Schwedelbacher Ortsb\u00fcrgermeister &hellip; <\/p>\n<p><a class=\"more-link btn\" href=\"https:\/\/www.xn--heimatverein-prrbach-hbc.de\/?page_id=320\">Weiterlesen<\/a><\/p>\n","protected":false},"author":2,"featured_media":359,"parent":315,"menu_order":1,"comment_status":"open","ping_status":"open","template":"","meta":{"footnotes":""},"class_list":["post-320","page","type-page","status-publish","has-post-thumbnail","hentry","nodate","item-wrap"],"_links":{"self":[{"href":"https:\/\/www.xn--heimatverein-prrbach-hbc.de\/index.php?rest_route=\/wp\/v2\/pages\/320","targetHints":{"allow":["GET"]}}],"collection":[{"href":"https:\/\/www.xn--heimatverein-prrbach-hbc.de\/index.php?rest_route=\/wp\/v2\/pages"}],"about":[{"href":"https:\/\/www.xn--heimatverein-prrbach-hbc.de\/index.php?rest_route=\/wp\/v2\/types\/page"}],"author":[{"embeddable":true,"href":"https:\/\/www.xn--heimatverein-prrbach-hbc.de\/index.php?rest_route=\/wp\/v2\/users\/2"}],"replies":[{"embeddable":true,"href":"https:\/\/www.xn--heimatverein-prrbach-hbc.de\/index.php?rest_route=%2Fwp%2Fv2%2Fcomments&post=320"}],"version-history":[{"count":3,"href":"https:\/\/www.xn--heimatverein-prrbach-hbc.de\/index.php?rest_route=\/wp\/v2\/pages\/320\/revisions"}],"predecessor-version":[{"id":322,"href":"https:\/\/www.xn--heimatverein-prrbach-hbc.de\/index.php?rest_route=\/wp\/v2\/pages\/320\/revisions\/322"}],"up":[{"embeddable":true,"href":"https:\/\/www.xn--heimatverein-prrbach-hbc.de\/index.php?rest_route=\/wp\/v2\/pages\/315"}],"wp:featuredmedia":[{"embeddable":true,"href":"https:\/\/www.xn--heimatverein-prrbach-hbc.de\/index.php?rest_route=\/wp\/v2\/media\/359"}],"wp:attachment":[{"href":"https:\/\/www.xn--heimatverein-prrbach-hbc.de\/index.php?rest_route=%2Fwp%2Fv2%2Fmedia&parent=320"}],"curies":[{"name":"wp","href":"https:\/\/api.w.org\/{rel}","templated":true}]}}