{"id":312,"date":"2013-04-19T17:10:34","date_gmt":"2013-04-19T15:10:34","guid":{"rendered":"http:\/\/www.xn--heimatverein-prrbach-hbc.de\/?page_id=312"},"modified":"2013-04-19T17:10:34","modified_gmt":"2013-04-19T15:10:34","slug":"dorffest-2009","status":"publish","type":"page","link":"https:\/\/www.xn--heimatverein-prrbach-hbc.de\/?page_id=312","title":{"rendered":"Dorffest 2009"},"content":{"rendered":"<p><span style=\"font-size: medium;\"><a href=\"https:\/\/www.xn--heimatverein-prrbach-hbc.de\/wp-content\/uploads\/2013\/04\/Dorffest-2009-601kg.jpg\"><img loading=\"lazy\" decoding=\"async\" class=\"alignleft size-full wp-image-313\" alt=\"Dorffest 2009 -601kg\" src=\"https:\/\/www.xn--heimatverein-prrbach-hbc.de\/wp-content\/uploads\/2013\/04\/Dorffest-2009-601kg.jpg\" width=\"403\" height=\"600\" srcset=\"https:\/\/www.xn--heimatverein-prrbach-hbc.de\/wp-content\/uploads\/2013\/04\/Dorffest-2009-601kg.jpg 403w, https:\/\/www.xn--heimatverein-prrbach-hbc.de\/wp-content\/uploads\/2013\/04\/Dorffest-2009-601kg-201x300.jpg 201w\" sizes=\"auto, (max-width: 403px) 100vw, 403px\" \/><\/a>Welche Gemeinde kann es sich erlauben, anl\u00e4sslich eines Dorffestes gleich die gesamte Ortsdurchfahrt zu sperren? P\u00f6rrbach! Wer am Sonntag in den Schwedelbacher Annex wollte, musste entweder sein Fahrzeug vor dem Ortseingang parken oder weitl\u00e4ufig \u00fcber Schwedelbach umfahren, denn fast die gesamte Hauptverkehrsader war nicht befahrbar. Statt Fahrzeug Fu\u00dfg\u00e4nger, die die Annehmlichkeiten des beliebten P\u00f6rrbacher Dorffestes genossen und vor den Getr\u00e4nke- und Speisenausgaben geduldig Schlange standen. Das Fest wurde mit einem Gottesdienst im Zelt er\u00f6ffnet. Pfarrerin Anja Scheel-B\u00f6\u00df hatte die Feier auch unter ein passendes Thema gestellt: &#8222;Jesus spricht: Sorgt nicht um euer Leben, was ihr essen und trinken werdet &#8230;&#8220;. Doch beschr\u00e4nkte sich ihre christliche Botschaft beileibe nicht nur auf das leibliche Wohl. Die Seele baumeln lassen. Mal abschalten, entspannen. Sich eine Ruhepause g\u00f6nnen, tief durchatmen, auftanken. Und diese eigentliche Message verk\u00fcndete sie stilgerecht aus dem Liegestuhl heraus. Gott habe uns ja geradezu solche Pausen verordnet, meinte sie, denn sonst h\u00e4tte er ja nicht den Feiertag erfunden, den Tag, an dem wir Menschen mal die Arbeit ruhen lassen sollen. Und so ein Tag sei eben auch das P\u00f6rrbacher Dorffest. Die richtige Gelegenheit, es sich gut gehen zu lassen. Und nach dem Schlusssegen konnten die fr\u00fchen Dorffestg\u00e4ste die gutgemeinten Ratschl\u00e4ge auch gleich in die Praxis umsetzen, sich mit Musik und Gesang unterhalten, beispielsweise mit der P\u00f6rrbacher Spezialit\u00e4t &#8222;Semmelkn\u00f6del mit Pilzso\u00dfe&#8220; kulinarisch verw\u00f6hnen und den lieben Gott einen guten Mann sein lassen. Die beiden musikalischen Tausendsassas, das &#8222;Duo Michael&#8220;, brachten unerm\u00fcdlich Stimmung &#8222;in die Bude&#8220;. Auch an die Kinder war wieder gedacht. Diese machten die H\u00fcpfburg unsicher oder riskierten einen Ritt auf den Ponys Pascha und Blue aus dem Stall Braun. Oder sie beteiligten sich an den Kinderaktionen, kneteten oder filzten sich Schmuck.<\/span><\/p>\n<div>\n<p><span style=\"font-size: medium;\">Der Gastgeber des Dorffestes, der r\u00fchrige Heimatverein P\u00f6rrbach, l\u00e4sst sich Jahr f\u00fcr Jahr immer eine andere Attraktion mit Gewinnchancen einfallen. Ob grammgenaues Baumst\u00fcckabs\u00e4gen oder Wettmilchmelken. Heuer hat sich die siebenk\u00f6pfige Vorstandschaft von Ortsb\u00fcrgermeister Dieter Hirsch wiegen lassen. Das Ergebnis wurde ortsb\u00fcrgermeisterlich festgehalten und versiegelt. &#8222;Wieviel wiegt die Vorstandschaft?&#8220; Die Besucher konnten ihren Tipp w\u00e4hrend des Tages abgeben. Gegen 17 Uhr l\u00f6ste der Vorsitzende des Heimatvereins, G\u00fcnter Heinz, des R\u00e4tsels L\u00f6sung und verk\u00fcndete die Gewinner. Kurt Wilking hat mit 601 Kilogramm exakt das Gesamtvorstandsgewicht gesch\u00e4tzt und darf sich \u00fcber einen Gutschein f\u00fcr den P\u00f6rrbacher Hof freuen. Nicht minder daneben gelegen haben auch die N\u00e4chstplatzierten, n\u00e4mlich nur um ein Kilogramm, sodass das Los entscheiden musste. Der zweite Preis und die beiden dritten Preise (ebenfalls Gutscheine f\u00fcr die \u00f6rtliche Lokalit\u00e4t) gingen an Gudrun Lohwasser (600 kg) sowie Hermann Preis und Manfred Ecker (602 kg).<\/span><\/p>\n<p><span style=\"font-size: x-small;\">Text\/Fotos: bm \/ &#8222;Weilerbach Aktuell&#8220;<\/span><\/p>\n<p><span style=\"font-size: medium;\">Bildlegende (linke Spalte von oben nach unten): Auch wenn\u2032s so aussieht, die Kinder h\u00fcpften nicht auf den K\u00f6pfen der Vorstandschaft. &#8211; Brachten 601 Kilogramm auf die Waage (von links): Gunter Geib, Thomas Haffner, Gudrun Lindner, Walter Lindner, G\u00fcnter Heinz, Michael Bissinger (es fehlt Thomas Marks). &#8211; Die gl\u00fccklichen Rategewinner (von links): Manfred Ecker, Kurt Wilking, Gudrun Lohwasser, Hermann Preis und Vorsitzender G\u00fcnter Heinz. &#8211; Rechte Spalte von oben nach unten: Bis hierher und nicht weiter! &#8211; Filzen macht Spa\u00df. &#8211; Pfarrerin Anja Scheel-B\u00f6\u00df demonstrierte nach dem Gottesdienst noch einmal, wie das mit dem Relaxen geht. &#8211; Die charmanten Bon-bonnieres. &#8211; &#8222;Oh, wie ist das sch\u00f6n!&#8220;, das &#8222;Duo Michael&#8220;. &#8211; Die Ponys Blue und Pascha mit Tobias und Gerald Braun.<\/span><\/p>\n<p>&nbsp;<\/p>\n\n\t\t<style type=\"text\/css\">\n\t\t\t#gallery-1 {\n\t\t\t\tmargin: auto;\n\t\t\t}\n\t\t\t#gallery-1 .gallery-item {\n\t\t\t\tfloat: left;\n\t\t\t\tmargin-top: 10px;\n\t\t\t\ttext-align: center;\n\t\t\t\twidth: 25%;\n\t\t\t}\n\t\t\t#gallery-1 img {\n\t\t\t\tborder: 2px solid #cfcfcf;\n\t\t\t}\n\t\t\t#gallery-1 .gallery-caption {\n\t\t\t\tmargin-left: 0;\n\t\t\t}\n\t\t\t\/* see gallery_shortcode() in wp-includes\/media.php *\/\n\t\t<\/style>\n\t\t<div id='gallery-1' class='gallery galleryid-312 gallery-columns-4 gallery-size-thumbnail'><dl class='gallery-item'>\n\t\t\t<dt class='gallery-icon landscape'>\n\t\t\t\t<a href='https:\/\/www.xn--heimatverein-prrbach-hbc.de\/?attachment_id=242'><img loading=\"lazy\" decoding=\"async\" width=\"150\" height=\"150\" src=\"https:\/\/www.xn--heimatverein-prrbach-hbc.de\/wp-content\/uploads\/2013\/04\/Dorffest-2009-01-150x150.jpg\" class=\"attachment-thumbnail size-thumbnail\" alt=\"\" \/><\/a>\n\t\t\t<\/dt><\/dl><dl class='gallery-item'>\n\t\t\t<dt class='gallery-icon landscape'>\n\t\t\t\t<a href='https:\/\/www.xn--heimatverein-prrbach-hbc.de\/?attachment_id=243'><img loading=\"lazy\" decoding=\"async\" width=\"150\" height=\"150\" src=\"https:\/\/www.xn--heimatverein-prrbach-hbc.de\/wp-content\/uploads\/2013\/04\/Dorffest-2009-02-150x150.jpg\" class=\"attachment-thumbnail size-thumbnail\" alt=\"\" \/><\/a>\n\t\t\t<\/dt><\/dl><dl class='gallery-item'>\n\t\t\t<dt class='gallery-icon landscape'>\n\t\t\t\t<a href='https:\/\/www.xn--heimatverein-prrbach-hbc.de\/?attachment_id=244'><img loading=\"lazy\" decoding=\"async\" width=\"150\" height=\"150\" src=\"https:\/\/www.xn--heimatverein-prrbach-hbc.de\/wp-content\/uploads\/2013\/04\/Dorffest-2009-03-150x150.jpg\" class=\"attachment-thumbnail size-thumbnail\" alt=\"\" \/><\/a>\n\t\t\t<\/dt><\/dl><dl class='gallery-item'>\n\t\t\t<dt class='gallery-icon landscape'>\n\t\t\t\t<a href='https:\/\/www.xn--heimatverein-prrbach-hbc.de\/?attachment_id=245'><img loading=\"lazy\" decoding=\"async\" width=\"150\" height=\"150\" src=\"https:\/\/www.xn--heimatverein-prrbach-hbc.de\/wp-content\/uploads\/2013\/04\/Dorffest-2009-04-150x150.jpg\" class=\"attachment-thumbnail size-thumbnail\" alt=\"\" \/><\/a>\n\t\t\t<\/dt><\/dl><br style=\"clear: both\" \/><dl class='gallery-item'>\n\t\t\t<dt class='gallery-icon landscape'>\n\t\t\t\t<a href='https:\/\/www.xn--heimatverein-prrbach-hbc.de\/?attachment_id=246'><img loading=\"lazy\" decoding=\"async\" width=\"150\" height=\"150\" src=\"https:\/\/www.xn--heimatverein-prrbach-hbc.de\/wp-content\/uploads\/2013\/04\/Dorffest-2009-05-150x150.jpg\" class=\"attachment-thumbnail size-thumbnail\" alt=\"\" \/><\/a>\n\t\t\t<\/dt><\/dl><dl class='gallery-item'>\n\t\t\t<dt class='gallery-icon landscape'>\n\t\t\t\t<a href='https:\/\/www.xn--heimatverein-prrbach-hbc.de\/?attachment_id=247'><img loading=\"lazy\" decoding=\"async\" width=\"150\" height=\"150\" src=\"https:\/\/www.xn--heimatverein-prrbach-hbc.de\/wp-content\/uploads\/2013\/04\/Dorffest-2009-06-150x150.jpg\" class=\"attachment-thumbnail size-thumbnail\" alt=\"\" \/><\/a>\n\t\t\t<\/dt><\/dl><dl class='gallery-item'>\n\t\t\t<dt class='gallery-icon portrait'>\n\t\t\t\t<a href='https:\/\/www.xn--heimatverein-prrbach-hbc.de\/?attachment_id=248'><img loading=\"lazy\" decoding=\"async\" width=\"150\" height=\"150\" src=\"https:\/\/www.xn--heimatverein-prrbach-hbc.de\/wp-content\/uploads\/2013\/04\/Dorffest-2009-07-150x150.jpg\" class=\"attachment-thumbnail size-thumbnail\" alt=\"\" \/><\/a>\n\t\t\t<\/dt><\/dl><dl class='gallery-item'>\n\t\t\t<dt class='gallery-icon landscape'>\n\t\t\t\t<a href='https:\/\/www.xn--heimatverein-prrbach-hbc.de\/?attachment_id=249'><img loading=\"lazy\" decoding=\"async\" width=\"150\" height=\"150\" src=\"https:\/\/www.xn--heimatverein-prrbach-hbc.de\/wp-content\/uploads\/2013\/04\/Dorffest-2009-08-150x150.jpg\" class=\"attachment-thumbnail size-thumbnail\" alt=\"\" \/><\/a>\n\t\t\t<\/dt><\/dl><br style=\"clear: both\" \/><dl class='gallery-item'>\n\t\t\t<dt class='gallery-icon landscape'>\n\t\t\t\t<a href='https:\/\/www.xn--heimatverein-prrbach-hbc.de\/?attachment_id=250'><img loading=\"lazy\" decoding=\"async\" width=\"150\" height=\"150\" src=\"https:\/\/www.xn--heimatverein-prrbach-hbc.de\/wp-content\/uploads\/2013\/04\/Dorffest-2009-09-150x150.jpg\" class=\"attachment-thumbnail size-thumbnail\" alt=\"\" \/><\/a>\n\t\t\t<\/dt><\/dl><dl class='gallery-item'>\n\t\t\t<dt class='gallery-icon portrait'>\n\t\t\t\t<a href='https:\/\/www.xn--heimatverein-prrbach-hbc.de\/?attachment_id=251'><img loading=\"lazy\" decoding=\"async\" width=\"150\" height=\"150\" src=\"https:\/\/www.xn--heimatverein-prrbach-hbc.de\/wp-content\/uploads\/2013\/04\/Dorffest-2009-10-150x150.jpg\" class=\"attachment-thumbnail size-thumbnail\" alt=\"\" \/><\/a>\n\t\t\t<\/dt><\/dl><dl class='gallery-item'>\n\t\t\t<dt class='gallery-icon landscape'>\n\t\t\t\t<a href='https:\/\/www.xn--heimatverein-prrbach-hbc.de\/?attachment_id=252'><img loading=\"lazy\" decoding=\"async\" width=\"150\" height=\"150\" src=\"https:\/\/www.xn--heimatverein-prrbach-hbc.de\/wp-content\/uploads\/2013\/04\/Dorffest-2009-11-150x150.jpg\" class=\"attachment-thumbnail size-thumbnail\" alt=\"\" \/><\/a>\n\t\t\t<\/dt><\/dl><dl class='gallery-item'>\n\t\t\t<dt class='gallery-icon landscape'>\n\t\t\t\t<a href='https:\/\/www.xn--heimatverein-prrbach-hbc.de\/?attachment_id=253'><img loading=\"lazy\" decoding=\"async\" width=\"150\" height=\"150\" src=\"https:\/\/www.xn--heimatverein-prrbach-hbc.de\/wp-content\/uploads\/2013\/04\/Dorffest-2009-12-150x150.jpg\" class=\"attachment-thumbnail size-thumbnail\" alt=\"\" \/><\/a>\n\t\t\t<\/dt><\/dl><br style=\"clear: both\" \/><dl class='gallery-item'>\n\t\t\t<dt class='gallery-icon landscape'>\n\t\t\t\t<a href='https:\/\/www.xn--heimatverein-prrbach-hbc.de\/?attachment_id=254'><img loading=\"lazy\" decoding=\"async\" width=\"150\" height=\"150\" src=\"https:\/\/www.xn--heimatverein-prrbach-hbc.de\/wp-content\/uploads\/2013\/04\/Dorffest-2009-13-150x150.jpg\" class=\"attachment-thumbnail size-thumbnail\" alt=\"\" \/><\/a>\n\t\t\t<\/dt><\/dl><dl class='gallery-item'>\n\t\t\t<dt class='gallery-icon portrait'>\n\t\t\t\t<a href='https:\/\/www.xn--heimatverein-prrbach-hbc.de\/?attachment_id=255'><img loading=\"lazy\" decoding=\"async\" width=\"150\" height=\"150\" src=\"https:\/\/www.xn--heimatverein-prrbach-hbc.de\/wp-content\/uploads\/2013\/04\/Dorffest-2009-14-150x150.jpg\" class=\"attachment-thumbnail size-thumbnail\" alt=\"\" \/><\/a>\n\t\t\t<\/dt><\/dl><dl class='gallery-item'>\n\t\t\t<dt class='gallery-icon landscape'>\n\t\t\t\t<a href='https:\/\/www.xn--heimatverein-prrbach-hbc.de\/?attachment_id=256'><img loading=\"lazy\" decoding=\"async\" width=\"150\" height=\"150\" src=\"https:\/\/www.xn--heimatverein-prrbach-hbc.de\/wp-content\/uploads\/2013\/04\/Dorffest-2009-15-150x150.jpg\" class=\"attachment-thumbnail size-thumbnail\" alt=\"\" \/><\/a>\n\t\t\t<\/dt><\/dl><dl class='gallery-item'>\n\t\t\t<dt class='gallery-icon landscape'>\n\t\t\t\t<a href='https:\/\/www.xn--heimatverein-prrbach-hbc.de\/?attachment_id=257'><img loading=\"lazy\" decoding=\"async\" width=\"150\" height=\"150\" src=\"https:\/\/www.xn--heimatverein-prrbach-hbc.de\/wp-content\/uploads\/2013\/04\/Dorffest-2009-16-150x150.jpg\" class=\"attachment-thumbnail size-thumbnail\" alt=\"\" \/><\/a>\n\t\t\t<\/dt><\/dl><br style=\"clear: both\" \/><dl class='gallery-item'>\n\t\t\t<dt class='gallery-icon portrait'>\n\t\t\t\t<a href='https:\/\/www.xn--heimatverein-prrbach-hbc.de\/?attachment_id=258'><img loading=\"lazy\" decoding=\"async\" width=\"150\" height=\"150\" src=\"https:\/\/www.xn--heimatverein-prrbach-hbc.de\/wp-content\/uploads\/2013\/04\/Dorffest-2009-17-150x150.jpg\" class=\"attachment-thumbnail size-thumbnail\" alt=\"\" \/><\/a>\n\t\t\t<\/dt><\/dl><dl class='gallery-item'>\n\t\t\t<dt class='gallery-icon landscape'>\n\t\t\t\t<a href='https:\/\/www.xn--heimatverein-prrbach-hbc.de\/?attachment_id=259'><img loading=\"lazy\" decoding=\"async\" width=\"150\" height=\"150\" src=\"https:\/\/www.xn--heimatverein-prrbach-hbc.de\/wp-content\/uploads\/2013\/04\/Dorffest-2009-18-150x150.jpg\" class=\"attachment-thumbnail size-thumbnail\" alt=\"\" \/><\/a>\n\t\t\t<\/dt><\/dl><dl class='gallery-item'>\n\t\t\t<dt class='gallery-icon portrait'>\n\t\t\t\t<a href='https:\/\/www.xn--heimatverein-prrbach-hbc.de\/?attachment_id=260'><img loading=\"lazy\" decoding=\"async\" width=\"150\" height=\"150\" src=\"https:\/\/www.xn--heimatverein-prrbach-hbc.de\/wp-content\/uploads\/2013\/04\/Dorffest-2009-19-150x150.jpg\" class=\"attachment-thumbnail size-thumbnail\" alt=\"\" \/><\/a>\n\t\t\t<\/dt><\/dl><dl class='gallery-item'>\n\t\t\t<dt class='gallery-icon portrait'>\n\t\t\t\t<a href='https:\/\/www.xn--heimatverein-prrbach-hbc.de\/?attachment_id=233'><img loading=\"lazy\" decoding=\"async\" width=\"150\" height=\"150\" src=\"https:\/\/www.xn--heimatverein-prrbach-hbc.de\/wp-content\/uploads\/2013\/04\/Dorffest-2009-20-150x150.jpg\" class=\"attachment-thumbnail size-thumbnail\" alt=\"\" \/><\/a>\n\t\t\t<\/dt><\/dl><br style=\"clear: both\" \/><dl class='gallery-item'>\n\t\t\t<dt class='gallery-icon landscape'>\n\t\t\t\t<a href='https:\/\/www.xn--heimatverein-prrbach-hbc.de\/?attachment_id=234'><img loading=\"lazy\" decoding=\"async\" width=\"150\" height=\"150\" src=\"https:\/\/www.xn--heimatverein-prrbach-hbc.de\/wp-content\/uploads\/2013\/04\/Dorffest-2009-21-150x150.jpg\" class=\"attachment-thumbnail size-thumbnail\" alt=\"\" \/><\/a>\n\t\t\t<\/dt><\/dl><dl class='gallery-item'>\n\t\t\t<dt class='gallery-icon landscape'>\n\t\t\t\t<a href='https:\/\/www.xn--heimatverein-prrbach-hbc.de\/?attachment_id=235'><img loading=\"lazy\" decoding=\"async\" width=\"150\" height=\"150\" src=\"https:\/\/www.xn--heimatverein-prrbach-hbc.de\/wp-content\/uploads\/2013\/04\/Dorffest-2009-22-150x150.jpg\" class=\"attachment-thumbnail size-thumbnail\" alt=\"\" \/><\/a>\n\t\t\t<\/dt><\/dl><dl class='gallery-item'>\n\t\t\t<dt class='gallery-icon portrait'>\n\t\t\t\t<a href='https:\/\/www.xn--heimatverein-prrbach-hbc.de\/?attachment_id=236'><img loading=\"lazy\" decoding=\"async\" width=\"150\" height=\"150\" src=\"https:\/\/www.xn--heimatverein-prrbach-hbc.de\/wp-content\/uploads\/2013\/04\/Dorffest-2009-23-150x150.jpg\" class=\"attachment-thumbnail size-thumbnail\" alt=\"\" \/><\/a>\n\t\t\t<\/dt><\/dl><dl class='gallery-item'>\n\t\t\t<dt class='gallery-icon portrait'>\n\t\t\t\t<a href='https:\/\/www.xn--heimatverein-prrbach-hbc.de\/?attachment_id=237'><img loading=\"lazy\" decoding=\"async\" width=\"150\" height=\"150\" src=\"https:\/\/www.xn--heimatverein-prrbach-hbc.de\/wp-content\/uploads\/2013\/04\/Dorffest-2009-24-150x150.jpg\" class=\"attachment-thumbnail size-thumbnail\" alt=\"\" \/><\/a>\n\t\t\t<\/dt><\/dl><br style=\"clear: both\" \/><dl class='gallery-item'>\n\t\t\t<dt class='gallery-icon landscape'>\n\t\t\t\t<a href='https:\/\/www.xn--heimatverein-prrbach-hbc.de\/?attachment_id=238'><img loading=\"lazy\" decoding=\"async\" width=\"150\" height=\"150\" src=\"https:\/\/www.xn--heimatverein-prrbach-hbc.de\/wp-content\/uploads\/2013\/04\/Dorffest-2009-25-150x150.jpg\" class=\"attachment-thumbnail size-thumbnail\" alt=\"\" \/><\/a>\n\t\t\t<\/dt><\/dl><dl class='gallery-item'>\n\t\t\t<dt class='gallery-icon landscape'>\n\t\t\t\t<a href='https:\/\/www.xn--heimatverein-prrbach-hbc.de\/?attachment_id=239'><img loading=\"lazy\" decoding=\"async\" width=\"150\" height=\"150\" src=\"https:\/\/www.xn--heimatverein-prrbach-hbc.de\/wp-content\/uploads\/2013\/04\/Dorffest-2009-26-150x150.jpg\" class=\"attachment-thumbnail size-thumbnail\" alt=\"\" \/><\/a>\n\t\t\t<\/dt><\/dl><dl class='gallery-item'>\n\t\t\t<dt class='gallery-icon portrait'>\n\t\t\t\t<a href='https:\/\/www.xn--heimatverein-prrbach-hbc.de\/?attachment_id=240'><img loading=\"lazy\" decoding=\"async\" width=\"150\" height=\"150\" src=\"https:\/\/www.xn--heimatverein-prrbach-hbc.de\/wp-content\/uploads\/2013\/04\/Dorffest-2009-27-150x150.jpg\" class=\"attachment-thumbnail size-thumbnail\" alt=\"\" \/><\/a>\n\t\t\t<\/dt><\/dl><dl class='gallery-item'>\n\t\t\t<dt class='gallery-icon landscape'>\n\t\t\t\t<a href='https:\/\/www.xn--heimatverein-prrbach-hbc.de\/?attachment_id=241'><img loading=\"lazy\" decoding=\"async\" width=\"150\" height=\"150\" src=\"https:\/\/www.xn--heimatverein-prrbach-hbc.de\/wp-content\/uploads\/2013\/04\/Dorffest-2009-28-150x150.jpg\" class=\"attachment-thumbnail size-thumbnail\" alt=\"\" \/><\/a>\n\t\t\t<\/dt><\/dl><br style=\"clear: both\" \/>\n\t\t<\/div>\n\n<\/div>\n","protected":false},"excerpt":{"rendered":"<p>Welche Gemeinde kann es sich erlauben, anl\u00e4sslich eines Dorffestes gleich die gesamte Ortsdurchfahrt zu sperren? P\u00f6rrbach! Wer am Sonntag in den Schwedelbacher Annex wollte, musste entweder sein Fahrzeug vor dem Ortseingang parken oder weitl\u00e4ufig \u00fcber Schwedelbach umfahren, denn fast die gesamte Hauptverkehrsader war nicht befahrbar. Statt Fahrzeug Fu\u00dfg\u00e4nger, die die Annehmlichkeiten des beliebten P\u00f6rrbacher Dorffestes &hellip; <\/p>\n<p><a class=\"more-link btn\" href=\"https:\/\/www.xn--heimatverein-prrbach-hbc.de\/?page_id=312\">Weiterlesen<\/a><\/p>\n","protected":false},"author":2,"featured_media":0,"parent":303,"menu_order":28,"comment_status":"open","ping_status":"open","template":"","meta":{"footnotes":""},"class_list":["post-312","page","type-page","status-publish","hentry","nodate","item-wrap"],"_links":{"self":[{"href":"https:\/\/www.xn--heimatverein-prrbach-hbc.de\/index.php?rest_route=\/wp\/v2\/pages\/312","targetHints":{"allow":["GET"]}}],"collection":[{"href":"https:\/\/www.xn--heimatverein-prrbach-hbc.de\/index.php?rest_route=\/wp\/v2\/pages"}],"about":[{"href":"https:\/\/www.xn--heimatverein-prrbach-hbc.de\/index.php?rest_route=\/wp\/v2\/types\/page"}],"author":[{"embeddable":true,"href":"https:\/\/www.xn--heimatverein-prrbach-hbc.de\/index.php?rest_route=\/wp\/v2\/users\/2"}],"replies":[{"embeddable":true,"href":"https:\/\/www.xn--heimatverein-prrbach-hbc.de\/index.php?rest_route=%2Fwp%2Fv2%2Fcomments&post=312"}],"version-history":[{"count":1,"href":"https:\/\/www.xn--heimatverein-prrbach-hbc.de\/index.php?rest_route=\/wp\/v2\/pages\/312\/revisions"}],"predecessor-version":[{"id":314,"href":"https:\/\/www.xn--heimatverein-prrbach-hbc.de\/index.php?rest_route=\/wp\/v2\/pages\/312\/revisions\/314"}],"up":[{"embeddable":true,"href":"https:\/\/www.xn--heimatverein-prrbach-hbc.de\/index.php?rest_route=\/wp\/v2\/pages\/303"}],"wp:attachment":[{"href":"https:\/\/www.xn--heimatverein-prrbach-hbc.de\/index.php?rest_route=%2Fwp%2Fv2%2Fmedia&parent=312"}],"curies":[{"name":"wp","href":"https:\/\/api.w.org\/{rel}","templated":true}]}}