{"id":3012,"date":"2026-05-04T10:48:12","date_gmt":"2026-05-04T08:48:12","guid":{"rendered":"https:\/\/www.xn--heimatverein-prrbach-hbc.de\/?page_id=3012"},"modified":"2026-05-04T11:12:47","modified_gmt":"2026-05-04T09:12:47","slug":"3-pfaelzer-genusswanderung","status":"publish","type":"page","link":"https:\/\/www.xn--heimatverein-prrbach-hbc.de\/?page_id=3012","title":{"rendered":"3. Pf\u00e4lzer Genusswanderung"},"content":{"rendered":"<p><a href=\"https:\/\/www.xn--heimatverein-prrbach-hbc.de\/wp-content\/uploads\/2026\/02\/Wanderung-2026.jpg\"><img loading=\"lazy\" decoding=\"async\" class=\" wp-image-2956 alignnone\" src=\"https:\/\/www.xn--heimatverein-prrbach-hbc.de\/wp-content\/uploads\/2026\/02\/Wanderung-2026-192x300.jpg\" alt=\"\" width=\"349\" height=\"545\" srcset=\"https:\/\/www.xn--heimatverein-prrbach-hbc.de\/wp-content\/uploads\/2026\/02\/Wanderung-2026-192x300.jpg 192w, https:\/\/www.xn--heimatverein-prrbach-hbc.de\/wp-content\/uploads\/2026\/02\/Wanderung-2026-654x1024.jpg 654w, https:\/\/www.xn--heimatverein-prrbach-hbc.de\/wp-content\/uploads\/2026\/02\/Wanderung-2026-768x1202.jpg 768w, https:\/\/www.xn--heimatverein-prrbach-hbc.de\/wp-content\/uploads\/2026\/02\/Wanderung-2026-981x1536.jpg 981w, https:\/\/www.xn--heimatverein-prrbach-hbc.de\/wp-content\/uploads\/2026\/02\/Wanderung-2026-847x1326.jpg 847w, https:\/\/www.xn--heimatverein-prrbach-hbc.de\/wp-content\/uploads\/2026\/02\/Wanderung-2026.jpg 1308w\" sizes=\"auto, (max-width: 349px) 100vw, 349px\" \/><\/a><\/p>\n<p>&nbsp;<\/p>\n<p>Am 26. April wurde die Ortsgemeinde Schwedelbach-P\u00f6rrbach erneut zum Treffpunkt f\u00fcr Wanderfreunde \ud83e\udd7e und Genie\u00dfer. \ud83e\udd63 \ud83c\udf77<\/p>\n<p>&nbsp;<\/p>\n<p>Die dritte Pf\u00e4lzer Genusswanderung lockte bei besten Bedingungen mehr als 2000 G\u00e4ste in die Region der Verbandsgemeinde Weilerbach.<\/p>\n<p>&nbsp;<\/p>\n<p>Bei strahlendem Sonnenschein und idealem Wanderwetter konnten die Teilnehmer die abwechslungsreiche Strecke in vollen Z\u00fcgen genie\u00dfen. Die Kombination aus Natur, Bewegung und kulinarischen Angeboten entlang des Weges sorgte f\u00fcr eine rundum gelungene Veranstaltung. Viele Besucher nutzten die Gelegenheit, die Landschaft zu erkunden und gleichzeitig regionale Spezialit\u00e4ten zu entdecken.<\/p>\n<p>&nbsp;<\/p>\n<p>Ein besonderer Dank gilt den zahlreichen G\u00e4sten, die mit ihrer Teilnahme und guter Stimmung zum gro\u00dfen Erfolg der Genusswanderung beigetragen haben. Ebenso verdient das Engagement der vielen Helferinnen und Helfer gro\u00dfe Anerkennung! Ohne ihren unerm\u00fcdlichen Einsatz in der Organisation, an den Stationen und im Hintergrund w\u00e4re eine Veranstaltung dieser Gr\u00f6\u00dfenordnung nicht m\u00f6glich gewesen.<\/p>\n<p>&nbsp;<\/p>\n<p>Dank der hervorragenden Vorbereitung und den optimal \u00e4u\u00dferen Bedingungen wird die dritte Pf\u00e4lzer Genusswanderung auf der Gemarkung Schwedelbach und Erzenhausen, sicherlich vielen in bester Erinnerung bleiben.<\/p>\n<p><span style=\"font-size: 10pt;\">(Text: WhatsApp-Kanal Ortsgemeinde Schwedelbach-P\u00f6rrbach)<\/span><\/p>\n<p>&nbsp;<\/p>\n<p>Der Heimatverein P\u00f6rrbach beteiligte sich beim Kuchenverkauf und stellte seinen Toilettenwagen kostenfrei zur Verf\u00fcgung.<\/p>\n\n\t\t<style type=\"text\/css\">\n\t\t\t#gallery-1 {\n\t\t\t\tmargin: auto;\n\t\t\t}\n\t\t\t#gallery-1 .gallery-item {\n\t\t\t\tfloat: left;\n\t\t\t\tmargin-top: 10px;\n\t\t\t\ttext-align: center;\n\t\t\t\twidth: 25%;\n\t\t\t}\n\t\t\t#gallery-1 img {\n\t\t\t\tborder: 2px solid #cfcfcf;\n\t\t\t}\n\t\t\t#gallery-1 .gallery-caption {\n\t\t\t\tmargin-left: 0;\n\t\t\t}\n\t\t\t\/* see gallery_shortcode() in wp-includes\/media.php *\/\n\t\t<\/style>\n\t\t<div id='gallery-1' class='gallery galleryid-3012 gallery-columns-4 gallery-size-thumbnail'><dl class='gallery-item'>\n\t\t\t<dt class='gallery-icon landscape'>\n\t\t\t\t<a href='https:\/\/www.xn--heimatverein-prrbach-hbc.de\/?attachment_id=3017'><img loading=\"lazy\" decoding=\"async\" width=\"150\" height=\"150\" src=\"https:\/\/www.xn--heimatverein-prrbach-hbc.de\/wp-content\/uploads\/2026\/05\/PfaelzerGenussWanderung_2026_1-150x150.jpeg\" class=\"attachment-thumbnail size-thumbnail\" alt=\"\" \/><\/a>\n\t\t\t<\/dt><\/dl><dl class='gallery-item'>\n\t\t\t<dt class='gallery-icon portrait'>\n\t\t\t\t<a href='https:\/\/www.xn--heimatverein-prrbach-hbc.de\/?attachment_id=3018'><img loading=\"lazy\" decoding=\"async\" width=\"150\" height=\"150\" src=\"https:\/\/www.xn--heimatverein-prrbach-hbc.de\/wp-content\/uploads\/2026\/05\/PfaelzerGenussWanderung_2026_2-150x150.jpeg\" class=\"attachment-thumbnail size-thumbnail\" alt=\"\" \/><\/a>\n\t\t\t<\/dt><\/dl><dl class='gallery-item'>\n\t\t\t<dt class='gallery-icon portrait'>\n\t\t\t\t<a href='https:\/\/www.xn--heimatverein-prrbach-hbc.de\/?attachment_id=3016'><img loading=\"lazy\" decoding=\"async\" width=\"150\" height=\"150\" src=\"https:\/\/www.xn--heimatverein-prrbach-hbc.de\/wp-content\/uploads\/2026\/05\/PfaelzerGenussWanderung_2026_3-150x150.jpeg\" class=\"attachment-thumbnail size-thumbnail\" alt=\"\" \/><\/a>\n\t\t\t<\/dt><\/dl><dl class='gallery-item'>\n\t\t\t<dt class='gallery-icon portrait'>\n\t\t\t\t<a href='https:\/\/www.xn--heimatverein-prrbach-hbc.de\/?attachment_id=3015'><img loading=\"lazy\" decoding=\"async\" width=\"150\" height=\"150\" src=\"https:\/\/www.xn--heimatverein-prrbach-hbc.de\/wp-content\/uploads\/2026\/05\/PfaelzerGenussWanderung_2026_4-150x150.jpeg\" class=\"attachment-thumbnail size-thumbnail\" alt=\"\" \/><\/a>\n\t\t\t<\/dt><\/dl><br style=\"clear: both\" \/>\n\t\t<\/div>\n\n","protected":false},"excerpt":{"rendered":"<p>&nbsp; Am 26. April wurde die Ortsgemeinde Schwedelbach-P\u00f6rrbach erneut zum Treffpunkt f\u00fcr Wanderfreunde \ud83e\udd7e und Genie\u00dfer. \ud83e\udd63 \ud83c\udf77 &nbsp; Die dritte Pf\u00e4lzer Genusswanderung lockte bei besten Bedingungen mehr als 2000 G\u00e4ste in die Region der Verbandsgemeinde Weilerbach. &nbsp; Bei strahlendem Sonnenschein und idealem Wanderwetter konnten die Teilnehmer die abwechslungsreiche Strecke in vollen Z\u00fcgen genie\u00dfen. Die &hellip; <\/p>\n<p><a class=\"more-link btn\" href=\"https:\/\/www.xn--heimatverein-prrbach-hbc.de\/?page_id=3012\">Weiterlesen<\/a><\/p>\n","protected":false},"author":2,"featured_media":0,"parent":2947,"menu_order":88,"comment_status":"closed","ping_status":"closed","template":"","meta":{"footnotes":""},"class_list":["post-3012","page","type-page","status-publish","hentry","nodate","item-wrap"],"_links":{"self":[{"href":"https:\/\/www.xn--heimatverein-prrbach-hbc.de\/index.php?rest_route=\/wp\/v2\/pages\/3012","targetHints":{"allow":["GET"]}}],"collection":[{"href":"https:\/\/www.xn--heimatverein-prrbach-hbc.de\/index.php?rest_route=\/wp\/v2\/pages"}],"about":[{"href":"https:\/\/www.xn--heimatverein-prrbach-hbc.de\/index.php?rest_route=\/wp\/v2\/types\/page"}],"author":[{"embeddable":true,"href":"https:\/\/www.xn--heimatverein-prrbach-hbc.de\/index.php?rest_route=\/wp\/v2\/users\/2"}],"replies":[{"embeddable":true,"href":"https:\/\/www.xn--heimatverein-prrbach-hbc.de\/index.php?rest_route=%2Fwp%2Fv2%2Fcomments&post=3012"}],"version-history":[{"count":5,"href":"https:\/\/www.xn--heimatverein-prrbach-hbc.de\/index.php?rest_route=\/wp\/v2\/pages\/3012\/revisions"}],"predecessor-version":[{"id":3021,"href":"https:\/\/www.xn--heimatverein-prrbach-hbc.de\/index.php?rest_route=\/wp\/v2\/pages\/3012\/revisions\/3021"}],"up":[{"embeddable":true,"href":"https:\/\/www.xn--heimatverein-prrbach-hbc.de\/index.php?rest_route=\/wp\/v2\/pages\/2947"}],"wp:attachment":[{"href":"https:\/\/www.xn--heimatverein-prrbach-hbc.de\/index.php?rest_route=%2Fwp%2Fv2%2Fmedia&parent=3012"}],"curies":[{"name":"wp","href":"https:\/\/api.w.org\/{rel}","templated":true}]}}