{"id":2998,"date":"2026-04-10T16:58:58","date_gmt":"2026-04-10T14:58:58","guid":{"rendered":"https:\/\/www.xn--heimatverein-prrbach-hbc.de\/?page_id=2998"},"modified":"2026-04-10T17:02:18","modified_gmt":"2026-04-10T15:02:18","slug":"vereinsportraet-die-rheinpfalz","status":"publish","type":"page","link":"https:\/\/www.xn--heimatverein-prrbach-hbc.de\/?page_id=2998","title":{"rendered":"Vereinsportr\u00e4t &#8211; &#8222;Die Rheinpfalz&#8220;"},"content":{"rendered":"<h3 class=\"nfy-detail-headline\">Wie aus einem Grillabend der Heimatverein P\u00f6rrbach entstand<\/h3>\n<p><a href=\"https:\/\/www.xn--heimatverein-prrbach-hbc.de\/wp-content\/uploads\/2026\/04\/DieRheinpfalz_6984309_1_articledetail_poerrbach_heimatverein3.jpg\"><img loading=\"lazy\" decoding=\"async\" class=\" wp-image-2994 alignnone\" src=\"https:\/\/www.xn--heimatverein-prrbach-hbc.de\/wp-content\/uploads\/2026\/04\/DieRheinpfalz_6984309_1_articledetail_poerrbach_heimatverein3-300x200.jpg\" alt=\"\" width=\"770\" height=\"513\" srcset=\"https:\/\/www.xn--heimatverein-prrbach-hbc.de\/wp-content\/uploads\/2026\/04\/DieRheinpfalz_6984309_1_articledetail_poerrbach_heimatverein3-300x200.jpg 300w, https:\/\/www.xn--heimatverein-prrbach-hbc.de\/wp-content\/uploads\/2026\/04\/DieRheinpfalz_6984309_1_articledetail_poerrbach_heimatverein3.jpg 753w\" sizes=\"auto, (max-width: 770px) 100vw, 770px\" \/><\/a><\/p>\n<p><span style=\"font-size: 10pt;\">Der Heimatverein P\u00f6rrbach hat zum zehnten Mal einen Riesen-Osterhasen am Ortseingang aufgestellt (von links): stellvertretender Vorsitzender G\u00fcnter Heinz, Schatzmeister Michael Bissinger, Vorsitzende Gudrun Lindner, \u00bbOsterhasen-Dekorateur\u00ab Noah Heinz, Schriftf\u00fchrerin Isolde Bohn und Beisitzer Bj\u00f6rn Heinz.Foto: Anja Benndorf<\/span><\/p>\n<p>&nbsp;<\/p>\n<p>Die Rheinpfalz | 03. April 2026 | von Anja Benndorf<\/p>\n<p>&nbsp;<\/p>\n<p class=\"rhp-dpa-teaser\"><span style=\"font-size: 14pt;\"><b>Ein Zugezogener hat den P\u00f6rrbachern den Heimatverein beschert. Der Verein hat mehr Mitglieder als das Dorf Einwohner und leistet einen wichtigen Beitrag f\u00fcr die Gemeinschaft.<\/b><\/span><\/p>\n<div id=\"rhp-piano-podcast-top\"><\/div>\n<div><\/div>\n<div><\/div>\n<div><\/div>\n<div id=\"opinary-automation-placeholder\"><\/div>\n<p>Jetzt gr\u00fc\u00dft er wieder am Ortseingang: der Riesenhase aus Stroh, der allen frohe Ostern w\u00fcnscht. \u201eDie langen Ohren sind aus Holz mit Grumbeers\u00e4cken dr\u00fcber\u201c, erl\u00e4utert Michael Bissinger. Der Schatzmeister des P\u00f6rrbacher Heimatvereins berichtet, dass der M\u00fcmmelmann ein beliebtes Fotomotiv sei. Gebaut wird die freundliche Figur seit 2017. \u201eDavor hatten wir einen Schneemann dorthin gestellt\u201c, so der 67-J\u00e4hrige.<\/p>\n<p>&nbsp;<\/p>\n<p>Ein lebensgro\u00dfer Opa, den die Vorsitzende Gudrun Lindner und ihr Ehemann Walter kreiert und auf einen Stuhl an die Bushaltestelle gesetzt hatten, konnte der Allgemeinheit nur kurze Zeit eine Freude bereiten. \u201eAm 31. Juli 2019 wurde er einfach geklaut\u201c, erinnert sich die 73-J\u00e4hrige. Sie ist Frau der ersten Stunde des Heimatvereins.<\/p>\n<p>&nbsp;<\/p>\n<h3>Alles begann mit einem Grillfest<\/h3>\n<p>Keimzelle war Klaus-Dieter Holz, ein Zugezogener, wie Lindner erz\u00e4hlt, der Anfang der 1980er Jahre den P\u00f6rrbacher Hof gekauft hatte. Um die rund 80 Einwohner des kleinen Schwedelbacher Ortsteils n\u00e4her kennenzulernen, habe er ein Grillfest veranstaltet. Der Zuspruch wuchs j\u00e4hrlich, schlie\u00dflich wurde Gewinn erwirtschaftet und die <span class=\"rtr-schema-org\"><a class=\"rtr-entity\" href=\"https:\/\/www.rheinpfalz.de\/themen\/verbandsgemeinde-weilerbach?utm_source=rheinpfalz.de&amp;utm_medium=tms&amp;utm_campaign=intext\" data-rtr-entity=\"Verbandsgemeinde Weilerbach\" data-rtr-id=\"c996fd7554641139173b530e8151a2d823abd69f\" data-rtr-score=\"5.771466449112788\" data-rtr-etype=\"location\" data-rtr-index=\"0\">Verbandsgemeinde Weilerbach<\/a><\/span> riet dazu, einen Verein zu gr\u00fcnden. Dieser wurde 1988 ins Leben gerufen.<\/p>\n<p>&nbsp;<\/p>\n<div id=\"nativendo-intext\"><\/div>\n<div><\/div>\n<div><\/div>\n<p>Mitbegr\u00fcnder war auch G\u00fcnter Heinz, der ab 1991 f\u00fcr 18 Jahre das Amt des Vorsitzenden innehatte. Aktuell ist er Stellvertreter. Der 67-J\u00e4hrige hat einen Traktor und einen Hof, wo er unter anderem Bierzeltgarnituren, Sonnenschirme und Schilder zum Absperren der Stra\u00dfe lagern kann. Deshalb hat das zentrale Event des P\u00f6rrbacher Heimatvereins, das aus dem Grillabend erwachsene Dorffest, rund um sein Anwesen stattgefunden. \u201eDa kamen Hunderte Besucher, allein bis zu 600 Liter Bier wurden gezapft\u201c, so Heinz. \u201eDazu wurde qualitativ hochwertiges Essen serviert\u201c, erz\u00e4hlt Bissinger, der aus Hochdorf-Assenheim stammt und \u00fcber das Dorffest im Sommer 1998 Mitglied wurde.<\/p>\n<h3>Das Ende einer \u00c4ra<\/h3>\n<p>Doch irgendwann waren die tagelangen Vor- und Nachbereitungen zu belastend. 2015 wurde die Veranstaltung ein letztes Mal organisiert. Der Heimatverein P\u00f6rrbach, der aktuell 110 Mitglieder zwischen acht und 84 Jahren z\u00e4hlt, hat aber noch viele andere Aktivit\u00e4ten auf die Beine gestellt. Weinfahrten wurden angeboten, man nahm teil an Fasnachts- und Kerweumz\u00fcgen im Umland, und mit dem Kirchenchor <span class=\"rtr-schema-org\"><a class=\"rtr-entity\" href=\"https:\/\/www.rheinpfalz.de\/themen\/schwedelbach?utm_source=rheinpfalz.de&amp;utm_medium=tms&amp;utm_campaign=intext\" data-rtr-entity=\"Schwedelbach\" data-rtr-id=\"8c503d3d4852db861ddbef731b6210f93c383c63\" data-rtr-score=\"24.06485825005099\" data-rtr-etype=\"location\" data-rtr-index=\"11\">Schwedelbach<\/a><\/span> sowie der Zithergruppe Erfenbach feierte man Advent. Heute beteiligt sich der Verein zur Weihnachtszeit mit Angeboten an der \u201eBude am Baum\u201c. Auch zur Dorfversch\u00f6nerung wird immer wieder beigetragen.<\/p>\n<p>&nbsp;<\/p>\n<p>Bereits 1989 wurde ein Antrag auf Genehmigung eines Sandsteins mit Wappen eingereicht, der in der Ortsmitte stehen sollte. Bis das von Bildhauer Gerhard Rettinger angefertigte Kunstwerk aber an seinen Platz kommen durfte, dauerte es bis 2004. In einem ausrangierten Bauwagen wurden 1993 sanit\u00e4re Anlagen installiert, sodass die Ortsgemeinde keinen Toilettenwagen mehr mieten musste. Nach 20 Jahren wurde ein neuer gebaut. \u201eWir verleihen den regelm\u00e4\u00dfig\u201c, sagt Heinz.<\/p>\n<p>&nbsp;<\/p>\n<p><a class=\"external-link-new-window\" title=\"\" href=\"https:\/\/www.rheinpfalz.de\/lokal\/kaiserslautern_artikel,-nicht-nur-die-p%C3%B6rrbacher-sollen-lachen-_arid,449380.html\" target=\"_blank\" rel=\"noopener\">Seit 2011 l\u00e4dt der Verein zu Comedy-Abenden ins S\u00e4ngerheim Erzenhausen<\/a> ein. \u201eWir hatten schon Detlef Sch\u00f6nauer hier, Chako, Spitz &amp; Stumpf sowie das Kabarett Weibsbilder\u201c, blickt Lindner zur\u00fcck. Diesen Herbst werden <a class=\"external-link-new-window\" title=\"\" href=\"https:\/\/www.rheinpfalz.de\/pfalzleben\/freizeit-erlebnis_artikel,-pf%C3%A4lzer-comedy-interview-mit-g%C3%B6tz-valter-%C3%BCber-sein-neues-duo-_arid,5793904.html\" target=\"_blank\" rel=\"noopener\">Ren\u00e9 Weintz und G\u00f6tz Valter vom Boulevardtheater Deidesheim<\/a> erwartet. Laut Bissinger kommen durchschnittlich 160 Besucher zu den Abenden, es seien aber auch schon 230 gewesen.<\/p>\n<p>&nbsp;<\/p>\n<h3>Premiere bei der Pf\u00e4lzer Genusswanderung<\/h3>\n<p>Rund 30 bis 50 Teilnehmer locke die Herbstwanderung an, die seit 2012 stets am 3. Oktober im Kalender steht. \u201eAm 26. April werden wir uns erstmals an der Pf\u00e4lzer Genusswanderung beteiligen\u201c, k\u00fcndigt Bissinger an. Auf dem 8,2 Kilometer langen Pletschm\u00fchlweg, einem neu ausgewiesenen Rundweg, geht es an sieben Verzehrst\u00e4nden vorbei.<\/p>\n<p>&nbsp;<\/p>\n<p>Einnahmen, die nicht zur Kostendeckung ben\u00f6tigt werden, spendet der Heimatverein. Bohn (70), die 2007 eingetreten ist, findet so einen aktiven Verein sehr wichtig f\u00fcr den Erhalt der Dorfgemeinschaft. Und der \u00fcbrige Vorstand pflichtet ihr nickend bei.<\/p>\n","protected":false},"excerpt":{"rendered":"<p>Wie aus einem Grillabend der Heimatverein P\u00f6rrbach entstand Der Heimatverein P\u00f6rrbach hat zum zehnten Mal einen Riesen-Osterhasen am Ortseingang aufgestellt (von links): stellvertretender Vorsitzender G\u00fcnter Heinz, Schatzmeister Michael Bissinger, Vorsitzende Gudrun Lindner, \u00bbOsterhasen-Dekorateur\u00ab Noah Heinz, Schriftf\u00fchrerin Isolde Bohn und Beisitzer Bj\u00f6rn Heinz.Foto: Anja Benndorf &nbsp; Die Rheinpfalz | 03. April 2026 | von Anja Benndorf &hellip; <\/p>\n<p><a class=\"more-link btn\" href=\"https:\/\/www.xn--heimatverein-prrbach-hbc.de\/?page_id=2998\">Weiterlesen<\/a><\/p>\n","protected":false},"author":2,"featured_media":2994,"parent":2947,"menu_order":89,"comment_status":"closed","ping_status":"closed","template":"","meta":{"footnotes":""},"class_list":["post-2998","page","type-page","status-publish","has-post-thumbnail","hentry","nodate","item-wrap"],"_links":{"self":[{"href":"https:\/\/www.xn--heimatverein-prrbach-hbc.de\/index.php?rest_route=\/wp\/v2\/pages\/2998","targetHints":{"allow":["GET"]}}],"collection":[{"href":"https:\/\/www.xn--heimatverein-prrbach-hbc.de\/index.php?rest_route=\/wp\/v2\/pages"}],"about":[{"href":"https:\/\/www.xn--heimatverein-prrbach-hbc.de\/index.php?rest_route=\/wp\/v2\/types\/page"}],"author":[{"embeddable":true,"href":"https:\/\/www.xn--heimatverein-prrbach-hbc.de\/index.php?rest_route=\/wp\/v2\/users\/2"}],"replies":[{"embeddable":true,"href":"https:\/\/www.xn--heimatverein-prrbach-hbc.de\/index.php?rest_route=%2Fwp%2Fv2%2Fcomments&post=2998"}],"version-history":[{"count":8,"href":"https:\/\/www.xn--heimatverein-prrbach-hbc.de\/index.php?rest_route=\/wp\/v2\/pages\/2998\/revisions"}],"predecessor-version":[{"id":3006,"href":"https:\/\/www.xn--heimatverein-prrbach-hbc.de\/index.php?rest_route=\/wp\/v2\/pages\/2998\/revisions\/3006"}],"up":[{"embeddable":true,"href":"https:\/\/www.xn--heimatverein-prrbach-hbc.de\/index.php?rest_route=\/wp\/v2\/pages\/2947"}],"wp:featuredmedia":[{"embeddable":true,"href":"https:\/\/www.xn--heimatverein-prrbach-hbc.de\/index.php?rest_route=\/wp\/v2\/media\/2994"}],"wp:attachment":[{"href":"https:\/\/www.xn--heimatverein-prrbach-hbc.de\/index.php?rest_route=%2Fwp%2Fv2%2Fmedia&parent=2998"}],"curies":[{"name":"wp","href":"https:\/\/api.w.org\/{rel}","templated":true}]}}