{"id":292,"date":"2013-04-19T14:07:34","date_gmt":"2013-04-19T12:07:34","guid":{"rendered":"http:\/\/www.xn--heimatverein-prrbach-hbc.de\/?page_id=292"},"modified":"2013-04-19T14:07:34","modified_gmt":"2013-04-19T12:07:34","slug":"blumenampeln-2010","status":"publish","type":"page","link":"https:\/\/www.xn--heimatverein-prrbach-hbc.de\/?page_id=292","title":{"rendered":"Blumenampeln 2010"},"content":{"rendered":"<p><a href=\"https:\/\/www.xn--heimatverein-prrbach-hbc.de\/wp-content\/uploads\/2013\/04\/Blumenampeln-20101.jpg\"><img loading=\"lazy\" decoding=\"async\" class=\"alignleft size-full wp-image-293\" alt=\"Blumenampeln 2010\" src=\"https:\/\/www.xn--heimatverein-prrbach-hbc.de\/wp-content\/uploads\/2013\/04\/Blumenampeln-20101.jpg\" width=\"789\" height=\"518\" srcset=\"https:\/\/www.xn--heimatverein-prrbach-hbc.de\/wp-content\/uploads\/2013\/04\/Blumenampeln-20101.jpg 789w, https:\/\/www.xn--heimatverein-prrbach-hbc.de\/wp-content\/uploads\/2013\/04\/Blumenampeln-20101-300x196.jpg 300w\" sizes=\"auto, (max-width: 789px) 100vw, 789px\" \/><\/a><span style=\"font-size: medium;\">Der Heimatverein P\u00f6rrbach hat die im vergangenen Jahr angeschafften Blumenampeln an den Stra\u00dfenlaternen im Zuge der Neupflanzung erweitert. Aufgrund der positiven Resonanz der B\u00fcrger von P\u00f6rrbach wurden weitere Blumenschalen vom Heimatverein gestiftet und zu den vorhandenen Schalen angebracht, so dass an der Laterne ein kompletter Kreis entstanden ist. Die Montage und die Bepflanzung der Ampeln ist in der letzten Woche erfolgt, so dass auch dieses Jahr die Blumenampeln dazu beitragen sollen, den Ortsteil zu versch\u00f6nern. Der Heimatverein dankt den B\u00fcrgern von P\u00f6rrbach, die die Patenschaft, d. h. das Gie\u00dfen in den Sommermonaten, \u00fcbernommen haben. Ansonsten wird das Gie\u00dfen durch Mitglieder des Heimatvereines durchgef\u00fchrt.<\/span><br \/>\nThomas Haffner, 1. Vorsitzender Heimatverein P\u00f6rrbach e.V.<\/p>\n","protected":false},"excerpt":{"rendered":"<p>Der Heimatverein P\u00f6rrbach hat die im vergangenen Jahr angeschafften Blumenampeln an den Stra\u00dfenlaternen im Zuge der Neupflanzung erweitert. Aufgrund der positiven Resonanz der B\u00fcrger von P\u00f6rrbach wurden weitere Blumenschalen vom Heimatverein gestiftet und zu den vorhandenen Schalen angebracht, so dass an der Laterne ein kompletter Kreis entstanden ist. Die Montage und die Bepflanzung der Ampeln &hellip; <\/p>\n<p><a class=\"more-link btn\" href=\"https:\/\/www.xn--heimatverein-prrbach-hbc.de\/?page_id=292\">Weiterlesen<\/a><\/p>\n","protected":false},"author":2,"featured_media":0,"parent":270,"menu_order":1,"comment_status":"open","ping_status":"open","template":"","meta":{"footnotes":""},"class_list":["post-292","page","type-page","status-publish","hentry","nodate","item-wrap"],"_links":{"self":[{"href":"https:\/\/www.xn--heimatverein-prrbach-hbc.de\/index.php?rest_route=\/wp\/v2\/pages\/292","targetHints":{"allow":["GET"]}}],"collection":[{"href":"https:\/\/www.xn--heimatverein-prrbach-hbc.de\/index.php?rest_route=\/wp\/v2\/pages"}],"about":[{"href":"https:\/\/www.xn--heimatverein-prrbach-hbc.de\/index.php?rest_route=\/wp\/v2\/types\/page"}],"author":[{"embeddable":true,"href":"https:\/\/www.xn--heimatverein-prrbach-hbc.de\/index.php?rest_route=\/wp\/v2\/users\/2"}],"replies":[{"embeddable":true,"href":"https:\/\/www.xn--heimatverein-prrbach-hbc.de\/index.php?rest_route=%2Fwp%2Fv2%2Fcomments&post=292"}],"version-history":[{"count":1,"href":"https:\/\/www.xn--heimatverein-prrbach-hbc.de\/index.php?rest_route=\/wp\/v2\/pages\/292\/revisions"}],"predecessor-version":[{"id":295,"href":"https:\/\/www.xn--heimatverein-prrbach-hbc.de\/index.php?rest_route=\/wp\/v2\/pages\/292\/revisions\/295"}],"up":[{"embeddable":true,"href":"https:\/\/www.xn--heimatverein-prrbach-hbc.de\/index.php?rest_route=\/wp\/v2\/pages\/270"}],"wp:attachment":[{"href":"https:\/\/www.xn--heimatverein-prrbach-hbc.de\/index.php?rest_route=%2Fwp%2Fv2%2Fmedia&parent=292"}],"curies":[{"name":"wp","href":"https:\/\/api.w.org\/{rel}","templated":true}]}}