{"id":2915,"date":"2025-12-15T11:39:01","date_gmt":"2025-12-15T09:39:01","guid":{"rendered":"https:\/\/www.xn--heimatverein-prrbach-hbc.de\/?page_id=2915"},"modified":"2025-12-15T11:39:01","modified_gmt":"2025-12-15T09:39:01","slug":"spende-fuer-den-foerderverein-waldfreibad-rodenbach","status":"publish","type":"page","link":"https:\/\/www.xn--heimatverein-prrbach-hbc.de\/?page_id=2915","title":{"rendered":"Spende f\u00fcr den F\u00f6rderverein Waldfreibad Rodenbach"},"content":{"rendered":"<div class=\"row\">\n<div class=\"col-md-12\">\n<h1>Der Heimatverein P\u00f6rrbach spendet 500 Euro an den F\u00f6rderverein Waldfreibad Rodenbach e.V.<\/h1>\n<p>&nbsp;<\/p>\n<\/div>\n<\/div>\n<div class=\"row\">\n<div class=\"col-md-12\">\n<p>Mit gro\u00dfer Freude nahm der F\u00f6rderverein Waldfreibad Rodenbach e. V. der Verbandsgemeinde Weilerbach den \u201esymbolischen Scheck\u201c \u00fcber <strong>500 \u20ac<\/strong> vom <strong>Heimatverein P\u00f6rrbach<\/strong> entgegen. Eine gro\u00dfz\u00fcgige Spende, f\u00fcr die der F\u00f6rderverein sehr dankbar ist. Zur \u00dcberreichung des Schecks trafen sich Vorstandsmitglieder von beiden Vereinen im Schwimmbad. Der F\u00f6rderverein Waldfreibad Rodenbach war vertreten durch die Vorstandsmitglieder Herbert Faul und Gerd Lang sowie die Vorsitzende Sabine Seidel. Vom Heimatverein P\u00f6rrbach waren die Vorsitzende Gudrun Lindner, der stellv. Vorsitzende G\u00fcnter Heinz und der Kassenwart Michael Bissinger extra nach Rodenbach in das Schwimmbad gekommen, welches gerade vom Schwimmbadpersonal winterfest \u201everpackt\u201c wird. Es gab gute Gespr\u00e4che zwischen den Vertretern beider Vereine. Es ist sehr wichtig, dass Kontakte zwischen Menschen und Vereinen aus der gesamten Verbandsgemeinde gepflegt werden, denn unser Schwimmbad ist das Schwimmbad der Verbandsgemeinde Weilerbach, welches zuf\u00e4llig in Rodenbach steht\u2026.<\/p>\n<p>&nbsp;<\/p>\n<p><img loading=\"lazy\" decoding=\"async\" class=\"iv-large-image alignnone\" src=\"https:\/\/ol.wittich.de\/pic\/00000000000050801430-OL-798-2025-50-50-0-olinfo-0\" alt=\"\" width=\"1024\" height=\"768\" \/><\/p>\n<p>&nbsp;<\/p>\n<p><a href=\"http:\/\/www.foerderverein-waldfreibad-rodenbach.de\" target=\"_blank\" rel=\"noopener\"><strong>www.foerderverein-waldfreibad-rodenbach.de<\/strong><\/a><\/p>\n<p>&nbsp;<\/p>\n<p>&#8222;Weilerbach aktuell&#8220; &#8211; Ausgabe 50\/2025<\/p>\n<\/div>\n<\/div>\n","protected":false},"excerpt":{"rendered":"<p>Der Heimatverein P\u00f6rrbach spendet 500 Euro an den F\u00f6rderverein Waldfreibad Rodenbach e.V. &nbsp; Mit gro\u00dfer Freude nahm der F\u00f6rderverein Waldfreibad Rodenbach e. V. der Verbandsgemeinde Weilerbach den \u201esymbolischen Scheck\u201c \u00fcber 500 \u20ac vom Heimatverein P\u00f6rrbach entgegen. Eine gro\u00dfz\u00fcgige Spende, f\u00fcr die der F\u00f6rderverein sehr dankbar ist. Zur \u00dcberreichung des Schecks trafen sich Vorstandsmitglieder von beiden &hellip; <\/p>\n<p><a class=\"more-link btn\" href=\"https:\/\/www.xn--heimatverein-prrbach-hbc.de\/?page_id=2915\">Weiterlesen<\/a><\/p>\n","protected":false},"author":2,"featured_media":2889,"parent":2788,"menu_order":34,"comment_status":"closed","ping_status":"closed","template":"","meta":{"footnotes":""},"class_list":["post-2915","page","type-page","status-publish","has-post-thumbnail","hentry","nodate","item-wrap"],"_links":{"self":[{"href":"https:\/\/www.xn--heimatverein-prrbach-hbc.de\/index.php?rest_route=\/wp\/v2\/pages\/2915","targetHints":{"allow":["GET"]}}],"collection":[{"href":"https:\/\/www.xn--heimatverein-prrbach-hbc.de\/index.php?rest_route=\/wp\/v2\/pages"}],"about":[{"href":"https:\/\/www.xn--heimatverein-prrbach-hbc.de\/index.php?rest_route=\/wp\/v2\/types\/page"}],"author":[{"embeddable":true,"href":"https:\/\/www.xn--heimatverein-prrbach-hbc.de\/index.php?rest_route=\/wp\/v2\/users\/2"}],"replies":[{"embeddable":true,"href":"https:\/\/www.xn--heimatverein-prrbach-hbc.de\/index.php?rest_route=%2Fwp%2Fv2%2Fcomments&post=2915"}],"version-history":[{"count":5,"href":"https:\/\/www.xn--heimatverein-prrbach-hbc.de\/index.php?rest_route=\/wp\/v2\/pages\/2915\/revisions"}],"predecessor-version":[{"id":2920,"href":"https:\/\/www.xn--heimatverein-prrbach-hbc.de\/index.php?rest_route=\/wp\/v2\/pages\/2915\/revisions\/2920"}],"up":[{"embeddable":true,"href":"https:\/\/www.xn--heimatverein-prrbach-hbc.de\/index.php?rest_route=\/wp\/v2\/pages\/2788"}],"wp:featuredmedia":[{"embeddable":true,"href":"https:\/\/www.xn--heimatverein-prrbach-hbc.de\/index.php?rest_route=\/wp\/v2\/media\/2889"}],"wp:attachment":[{"href":"https:\/\/www.xn--heimatverein-prrbach-hbc.de\/index.php?rest_route=%2Fwp%2Fv2%2Fmedia&parent=2915"}],"curies":[{"name":"wp","href":"https:\/\/api.w.org\/{rel}","templated":true}]}}