{"id":2876,"date":"2025-11-11T18:31:26","date_gmt":"2025-11-11T16:31:26","guid":{"rendered":"https:\/\/www.xn--heimatverein-prrbach-hbc.de\/?page_id=2876"},"modified":"2025-11-17T18:33:14","modified_gmt":"2025-11-17T16:33:14","slug":"weibsbilder","status":"publish","type":"page","link":"https:\/\/www.xn--heimatverein-prrbach-hbc.de\/?page_id=2876","title":{"rendered":"Weibsbilder &#8211; 07.11.25"},"content":{"rendered":"<h3>Weibsbilder strapazieren die Lachmuskeln<\/h3>\n<p>&nbsp;<\/p>\n\n\t\t<style type=\"text\/css\">\n\t\t\t#gallery-1 {\n\t\t\t\tmargin: auto;\n\t\t\t}\n\t\t\t#gallery-1 .gallery-item {\n\t\t\t\tfloat: left;\n\t\t\t\tmargin-top: 10px;\n\t\t\t\ttext-align: center;\n\t\t\t\twidth: 33%;\n\t\t\t}\n\t\t\t#gallery-1 img {\n\t\t\t\tborder: 2px solid #cfcfcf;\n\t\t\t}\n\t\t\t#gallery-1 .gallery-caption {\n\t\t\t\tmargin-left: 0;\n\t\t\t}\n\t\t\t\/* see gallery_shortcode() in wp-includes\/media.php *\/\n\t\t<\/style>\n\t\t<div id='gallery-1' class='gallery galleryid-2876 gallery-columns-3 gallery-size-thumbnail'><dl class='gallery-item'>\n\t\t\t<dt class='gallery-icon landscape'>\n\t\t\t\t<a href='https:\/\/www.xn--heimatverein-prrbach-hbc.de\/?attachment_id=2863'><img loading=\"lazy\" decoding=\"async\" width=\"150\" height=\"150\" src=\"https:\/\/www.xn--heimatverein-prrbach-hbc.de\/wp-content\/uploads\/2025\/11\/HVPoerrbach_Weibsbilder_07.11.25_N.Schuler_01-150x150.jpg\" class=\"attachment-thumbnail size-thumbnail\" alt=\"\" \/><\/a>\n\t\t\t<\/dt><\/dl><dl class='gallery-item'>\n\t\t\t<dt class='gallery-icon landscape'>\n\t\t\t\t<a href='https:\/\/www.xn--heimatverein-prrbach-hbc.de\/?attachment_id=2864'><img loading=\"lazy\" decoding=\"async\" width=\"150\" height=\"150\" src=\"https:\/\/www.xn--heimatverein-prrbach-hbc.de\/wp-content\/uploads\/2025\/11\/HVPoerrbach_Weibsbilder_07.11.25_N.Schuler_02-150x150.jpg\" class=\"attachment-thumbnail size-thumbnail\" alt=\"\" \/><\/a>\n\t\t\t<\/dt><\/dl><dl class='gallery-item'>\n\t\t\t<dt class='gallery-icon landscape'>\n\t\t\t\t<a href='https:\/\/www.xn--heimatverein-prrbach-hbc.de\/?attachment_id=2865'><img loading=\"lazy\" decoding=\"async\" width=\"150\" height=\"150\" src=\"https:\/\/www.xn--heimatverein-prrbach-hbc.de\/wp-content\/uploads\/2025\/11\/HVPoerrbach_Weibsbilder_07.11.25_N.Schuler_03-150x150.jpg\" class=\"attachment-thumbnail size-thumbnail\" alt=\"\" \/><\/a>\n\t\t\t<\/dt><\/dl><br style=\"clear: both\" \/><dl class='gallery-item'>\n\t\t\t<dt class='gallery-icon landscape'>\n\t\t\t\t<a href='https:\/\/www.xn--heimatverein-prrbach-hbc.de\/?attachment_id=2866'><img loading=\"lazy\" decoding=\"async\" width=\"150\" height=\"150\" src=\"https:\/\/www.xn--heimatverein-prrbach-hbc.de\/wp-content\/uploads\/2025\/11\/HVPoerrbach_Weibsbilder_07.11.25_N.Schuler_04-150x150.jpg\" class=\"attachment-thumbnail size-thumbnail\" alt=\"\" \/><\/a>\n\t\t\t<\/dt><\/dl><dl class='gallery-item'>\n\t\t\t<dt class='gallery-icon landscape'>\n\t\t\t\t<a href='https:\/\/www.xn--heimatverein-prrbach-hbc.de\/?attachment_id=2867'><img loading=\"lazy\" decoding=\"async\" width=\"150\" height=\"150\" src=\"https:\/\/www.xn--heimatverein-prrbach-hbc.de\/wp-content\/uploads\/2025\/11\/HVPoerrbach_Weibsbilder_07.11.25_N.Schuler_05-150x150.jpg\" class=\"attachment-thumbnail size-thumbnail\" alt=\"\" \/><\/a>\n\t\t\t<\/dt><\/dl><dl class='gallery-item'>\n\t\t\t<dt class='gallery-icon landscape'>\n\t\t\t\t<a href='https:\/\/www.xn--heimatverein-prrbach-hbc.de\/?attachment_id=2868'><img loading=\"lazy\" decoding=\"async\" width=\"150\" height=\"150\" src=\"https:\/\/www.xn--heimatverein-prrbach-hbc.de\/wp-content\/uploads\/2025\/11\/HVPoerrbach_Weibsbilder_07.11.25_N.Schuler_06-150x150.jpg\" class=\"attachment-thumbnail size-thumbnail\" alt=\"\" \/><\/a>\n\t\t\t<\/dt><\/dl><br style=\"clear: both\" \/><dl class='gallery-item'>\n\t\t\t<dt class='gallery-icon landscape'>\n\t\t\t\t<a href='https:\/\/www.xn--heimatverein-prrbach-hbc.de\/?attachment_id=2869'><img loading=\"lazy\" decoding=\"async\" width=\"150\" height=\"150\" src=\"https:\/\/www.xn--heimatverein-prrbach-hbc.de\/wp-content\/uploads\/2025\/11\/HVPoerrbach_Weibsbilder_07.11.25_N.Schuler_07-150x150.jpg\" class=\"attachment-thumbnail size-thumbnail\" alt=\"\" \/><\/a>\n\t\t\t<\/dt><\/dl><dl class='gallery-item'>\n\t\t\t<dt class='gallery-icon landscape'>\n\t\t\t\t<a href='https:\/\/www.xn--heimatverein-prrbach-hbc.de\/?attachment_id=2870'><img loading=\"lazy\" decoding=\"async\" width=\"150\" height=\"150\" src=\"https:\/\/www.xn--heimatverein-prrbach-hbc.de\/wp-content\/uploads\/2025\/11\/HVPoerrbach_Weibsbilder_07.11.25_N.Schuler_08-150x150.jpg\" class=\"attachment-thumbnail size-thumbnail\" alt=\"\" \/><\/a>\n\t\t\t<\/dt><\/dl><dl class='gallery-item'>\n\t\t\t<dt class='gallery-icon landscape'>\n\t\t\t\t<a href='https:\/\/www.xn--heimatverein-prrbach-hbc.de\/?attachment_id=2871'><img loading=\"lazy\" decoding=\"async\" width=\"150\" height=\"150\" src=\"https:\/\/www.xn--heimatverein-prrbach-hbc.de\/wp-content\/uploads\/2025\/11\/HVPoerrbach_Weibsbilder_07.11.25_N.Schuler_09-150x150.jpg\" class=\"attachment-thumbnail size-thumbnail\" alt=\"\" \/><\/a>\n\t\t\t<\/dt><\/dl><br style=\"clear: both\" \/><dl class='gallery-item'>\n\t\t\t<dt class='gallery-icon landscape'>\n\t\t\t\t<a href='https:\/\/www.xn--heimatverein-prrbach-hbc.de\/?attachment_id=2872'><img loading=\"lazy\" decoding=\"async\" width=\"150\" height=\"150\" src=\"https:\/\/www.xn--heimatverein-prrbach-hbc.de\/wp-content\/uploads\/2025\/11\/HVPoerrbach_Weibsbilder_07.11.25_N.Schuler_10-150x150.jpg\" class=\"attachment-thumbnail size-thumbnail\" alt=\"\" \/><\/a>\n\t\t\t<\/dt><\/dl><dl class='gallery-item'>\n\t\t\t<dt class='gallery-icon landscape'>\n\t\t\t\t<a href='https:\/\/www.xn--heimatverein-prrbach-hbc.de\/?attachment_id=2873'><img loading=\"lazy\" decoding=\"async\" width=\"150\" height=\"150\" src=\"https:\/\/www.xn--heimatverein-prrbach-hbc.de\/wp-content\/uploads\/2025\/11\/HVPoerrbach_Weibsbilder_07.11.25_N.Schuler_11-150x150.jpg\" class=\"attachment-thumbnail size-thumbnail\" alt=\"\" \/><\/a>\n\t\t\t<\/dt><\/dl><dl class='gallery-item'>\n\t\t\t<dt class='gallery-icon landscape'>\n\t\t\t\t<a href='https:\/\/www.xn--heimatverein-prrbach-hbc.de\/?attachment_id=2874'><img loading=\"lazy\" decoding=\"async\" width=\"150\" height=\"150\" src=\"https:\/\/www.xn--heimatverein-prrbach-hbc.de\/wp-content\/uploads\/2025\/11\/HVPoerrbach_Weibsbilder_07.11.25_N.Schuler_12-150x150.jpg\" class=\"attachment-thumbnail size-thumbnail\" alt=\"\" \/><\/a>\n\t\t\t<\/dt><\/dl><br style=\"clear: both\" \/>\n\t\t<\/div>\n\n<p>&nbsp;<\/p>\n<p><a href=\"https:\/\/www.xn--heimatverein-prrbach-hbc.de\/wp-content\/uploads\/2025\/04\/Weibsbilder_Plakat_HVPoerrbach_07.11.25_A4.jpg\"><img loading=\"lazy\" decoding=\"async\" class=\"alignnone wp-image-2759\" src=\"https:\/\/www.xn--heimatverein-prrbach-hbc.de\/wp-content\/uploads\/2025\/04\/Weibsbilder_Plakat_HVPoerrbach_07.11.25_A4-214x300.jpg\" alt=\"\" width=\"427\" height=\"599\" srcset=\"https:\/\/www.xn--heimatverein-prrbach-hbc.de\/wp-content\/uploads\/2025\/04\/Weibsbilder_Plakat_HVPoerrbach_07.11.25_A4-214x300.jpg 214w, https:\/\/www.xn--heimatverein-prrbach-hbc.de\/wp-content\/uploads\/2025\/04\/Weibsbilder_Plakat_HVPoerrbach_07.11.25_A4-730x1024.jpg 730w, https:\/\/www.xn--heimatverein-prrbach-hbc.de\/wp-content\/uploads\/2025\/04\/Weibsbilder_Plakat_HVPoerrbach_07.11.25_A4-768x1077.jpg 768w, https:\/\/www.xn--heimatverein-prrbach-hbc.de\/wp-content\/uploads\/2025\/04\/Weibsbilder_Plakat_HVPoerrbach_07.11.25_A4-1096x1536.jpg 1096w, https:\/\/www.xn--heimatverein-prrbach-hbc.de\/wp-content\/uploads\/2025\/04\/Weibsbilder_Plakat_HVPoerrbach_07.11.25_A4-847x1188.jpg 847w, https:\/\/www.xn--heimatverein-prrbach-hbc.de\/wp-content\/uploads\/2025\/04\/Weibsbilder_Plakat_HVPoerrbach_07.11.25_A4.jpg 1276w\" sizes=\"auto, (max-width: 427px) 100vw, 427px\" \/><\/a><\/p>\n<p>&nbsp;<\/p>\n<p><strong><em>\u201eSie machen ihrem Namen alle Ehre, die \u201eWeibsbilder\u201c, das Kabarettduo aus der Eifel. Witzig, scharfz\u00fcngig und mit Blick f\u00fcrs unglaubliche Detail erweisen sie sich als begnadete Chronistinnen der Schlachten und Schlappen des Alltags\u2026\u201c<\/em><\/strong><\/p>\n<p>&nbsp;<\/p>\n<p>&nbsp;<\/p>\n<p>Es ist soweit \u2026 das neue Programm der Weibsbilder steht in den Startl\u00f6chern:\u00a0 \u201eAbstellgleis \u2013 Anschluss verpasst\u201c.<br \/>\nWer dahinter nackte Tatsachen, ungeschminkte Wahrheiten oder gnadenlose Selbstironie vermutet, der hat Recht. Die Zuschauer erleben eine Weltpremiere: Claudia Thiel und Anke Brausch werden sich erstmalig als Frauen \u00fcber 30, vielleicht sogar als Frauen \u00fcber 40 outen.<\/p>\n<p>&nbsp;<\/p>\n<p>Nachdem sie in den vergangenen Jahren nicht ins \u201eBr\u00e4uteschema\u201c der M\u00e4nner passten, warten sie weiterhin auf den letzten Einstieg in den Beziehungszug. Ist es eine Fahrt ins Nirgendwo, werden sie doch noch im Bahnhof der Liebe ankommen, ist der Zug f\u00fcr sie schon abgefahren oder wie lange m\u00fcssen sie noch auf dem Abstellgleis warten? Schlafwagen, Schnellzug oder auch Schmalspurbahnen haben sie in den vergangenen Jahren schon zur Gen\u00fcge genossen. Oder sind sie tats\u00e4chlich einfach f\u00fcreinander \u00fcbrig geblieben?<\/p>\n<p>&nbsp;<\/p>\n<p>Gleichzeitig befinden sich die beiden Damen im t\u00e4glichen Nahkampf an der Front des realen Lebens und stellen so langsam die Weichen f\u00fcr die Lebensmitte.<\/p>\n<p>&nbsp;<\/p>\n<p>Mit dabei sind auch die beliebten B\u00fchnenfiguren der Weibsbilder:<\/p>\n<p>Die Eigenurin trinkende Gundula tut ebenfalls alles, um die Dampflok in ihrer Beziehung noch einmal anzuheizen, denn sie will nicht auf dem Abstellgleis der Liebe landen.<\/p>\n<p>&nbsp;<\/p>\n<p>M\u00fcssen wir Angst um die dauertrinkende Britta haben, dass diese unter die R\u00e4der kommt? Denn auch sie will einen Platz im Zug der Liebe ergattern.<\/p>\n<p>&nbsp;<\/p>\n<p>Ebenso wie sie, ist B\u00e4uerin Christel M\u00fcller immer noch Single. Niemand will mit ihr in ihrer renovierten Melkkammer verschwinden .<\/p>\n<p>&nbsp;<\/p>\n<p>Einzig, die immer 7j\u00e4hrige Tineke stellt einen jugendlichen Kontrast im Programm der beiden K\u00fcnstlerinnen dar. Altklug und lebensnah wie immer besch\u00e4ftigt sie sich mit den Themen der Zeit.<\/p>\n<p>&nbsp;<\/p>\n<p>Lassen Sie sich diese am\u00fcsante Fahrt nicht entgehen, denn wie sagt die Presse:<\/p>\n<p><em>\u201eClaudia Thiel und Anke Brausch sorgten \u00fcber zwei Stunden lang f\u00fcr humoristischen Dauerbeschuss\u201c<\/em> (Westf\u00e4lische Nachrichten)<\/p>\n<p><em>\u201eKabarettvergn\u00fcgen mit viel K\u00f6pfchen.\u201c<\/em> (Die Rheinpfalz)<\/p>\n<p><em>\u201eEin wahres Dauerfeuerwerk an Gags prasselte auf die Besucher\u201c<\/em> (Westerw\u00e4lder Kurier)<\/p>\n<p><em>\u201eSie sind wahre Publikumslieblinge\u201c<\/em> (NGZ &#8211; Neuss-Grevenbroicher Zeitung )<\/p>\n<p>&nbsp;<\/p>\n<p>Zu den K\u00fcnstlerinnen: <a href=\"https:\/\/kabarett-weibsbilder.de\" target=\"_blank\" rel=\"noopener\">https:\/\/kabarett-weibsbilder.de<\/a><\/p>\n","protected":false},"excerpt":{"rendered":"<p>Weibsbilder strapazieren die Lachmuskeln &nbsp; &nbsp; &nbsp; \u201eSie machen ihrem Namen alle Ehre, die \u201eWeibsbilder\u201c, das Kabarettduo aus der Eifel. Witzig, scharfz\u00fcngig und mit Blick f\u00fcrs unglaubliche Detail erweisen sie sich als begnadete Chronistinnen der Schlachten und Schlappen des Alltags\u2026\u201c &nbsp; &nbsp; Es ist soweit \u2026 das neue Programm der Weibsbilder steht in den Startl\u00f6chern:\u00a0 &hellip; <\/p>\n<p><a class=\"more-link btn\" href=\"https:\/\/www.xn--heimatverein-prrbach-hbc.de\/?page_id=2876\">Weiterlesen<\/a><\/p>\n","protected":false},"author":2,"featured_media":2866,"parent":2788,"menu_order":38,"comment_status":"closed","ping_status":"closed","template":"","meta":{"footnotes":""},"class_list":["post-2876","page","type-page","status-publish","has-post-thumbnail","hentry","nodate","item-wrap"],"_links":{"self":[{"href":"https:\/\/www.xn--heimatverein-prrbach-hbc.de\/index.php?rest_route=\/wp\/v2\/pages\/2876","targetHints":{"allow":["GET"]}}],"collection":[{"href":"https:\/\/www.xn--heimatverein-prrbach-hbc.de\/index.php?rest_route=\/wp\/v2\/pages"}],"about":[{"href":"https:\/\/www.xn--heimatverein-prrbach-hbc.de\/index.php?rest_route=\/wp\/v2\/types\/page"}],"author":[{"embeddable":true,"href":"https:\/\/www.xn--heimatverein-prrbach-hbc.de\/index.php?rest_route=\/wp\/v2\/users\/2"}],"replies":[{"embeddable":true,"href":"https:\/\/www.xn--heimatverein-prrbach-hbc.de\/index.php?rest_route=%2Fwp%2Fv2%2Fcomments&post=2876"}],"version-history":[{"count":6,"href":"https:\/\/www.xn--heimatverein-prrbach-hbc.de\/index.php?rest_route=\/wp\/v2\/pages\/2876\/revisions"}],"predecessor-version":[{"id":2886,"href":"https:\/\/www.xn--heimatverein-prrbach-hbc.de\/index.php?rest_route=\/wp\/v2\/pages\/2876\/revisions\/2886"}],"up":[{"embeddable":true,"href":"https:\/\/www.xn--heimatverein-prrbach-hbc.de\/index.php?rest_route=\/wp\/v2\/pages\/2788"}],"wp:featuredmedia":[{"embeddable":true,"href":"https:\/\/www.xn--heimatverein-prrbach-hbc.de\/index.php?rest_route=\/wp\/v2\/media\/2866"}],"wp:attachment":[{"href":"https:\/\/www.xn--heimatverein-prrbach-hbc.de\/index.php?rest_route=%2Fwp%2Fv2%2Fmedia&parent=2876"}],"curies":[{"name":"wp","href":"https:\/\/api.w.org\/{rel}","templated":true}]}}