{"id":286,"date":"2013-04-19T13:23:17","date_gmt":"2013-04-19T11:23:17","guid":{"rendered":"http:\/\/www.xn--heimatverein-prrbach-hbc.de\/?page_id=286"},"modified":"2013-05-17T18:15:21","modified_gmt":"2013-05-17T16:15:21","slug":"ramon-chormann-2011","status":"publish","type":"page","link":"https:\/\/www.xn--heimatverein-prrbach-hbc.de\/?page_id=286","title":{"rendered":"Ramon Chormann 2011"},"content":{"rendered":"<h2><b>James Bond, Kaffeevollautomaten und Grutschtschublade<\/b><\/h2>\n<p><a href=\"https:\/\/www.xn--heimatverein-prrbach-hbc.de\/wp-content\/uploads\/2013\/04\/Ramon-Chormann-WA.jpg\"><img loading=\"lazy\" decoding=\"async\" class=\"aligncenter size-full wp-image-471\" alt=\"Ramon Chormann WA\" src=\"https:\/\/www.xn--heimatverein-prrbach-hbc.de\/wp-content\/uploads\/2013\/04\/Ramon-Chormann-WA.jpg\" width=\"886\" height=\"625\" srcset=\"https:\/\/www.xn--heimatverein-prrbach-hbc.de\/wp-content\/uploads\/2013\/04\/Ramon-Chormann-WA.jpg 886w, https:\/\/www.xn--heimatverein-prrbach-hbc.de\/wp-content\/uploads\/2013\/04\/Ramon-Chormann-WA-300x211.jpg 300w\" sizes=\"auto, (max-width: 886px) 100vw, 886px\" \/><\/a><\/p>\n<p><span style=\"font-size: medium;\">,,lch w\u00e4r so gern James Bond&#8220;, sang Ramon Chormann am Samstagabend. Auf der B\u00fchne des S\u00e4ngerheims in Erzenhausen pr\u00e4sentierte er im Rahmen seines neuen Programms ,,Des isses jo!&#8220; auch das Lied ,,Geh heim, Agent&#8220;. Wenn ,,De P\u00e4lzer&#8220; aus der Nordpfalz in seiner Arbeitskleidung, dunkler Anzug, Fliege, und in seiner Lieblingspose, den verschr\u00e4nkten Armen, auf der B\u00fchne steht, k\u00f6nnte er glatt als lan Flemmings Superheld\u00a0 durchgehen. In Sachen Schlagfertigkeit steht Chormann dem smarten Film- ,,Geheimagent ihrer Majest\u00e4t&#8220; jedenfalls nicht nach. Bezwingt jener die langbeinigen Bondgirls mit Charme und seine Gegner mit sicherem Auge, ruhiger Hand und stahlseilstarken Nerven, ,,schwallt&#8220; der Comedian sein Publikum mit seiner st\u00e4rksten Waffe in Grund und Boden. Takt und Feingef\u00fchl geh\u00f6ren nicht gerade zu den Tugenden des Alleinunterhalters. lm Boxring w\u00fcrden die verbalen Tiefschl\u00e4ge geahndet werden. Bei Chormann jedoch halten die Besucher still, wenn dieser mit ,,aufgedrehter&#8220; Stimme seine Eintrittskartenk\u00e4ufer unsanft auf die Bretter schmettert und in die Weichteile tritt. Der Chormann jedoch darf das. Darf in seinem neuen Programm ,,Des isses jo!&#8220; \u00fcber ,,Formen der Kommunikation&#8220; granteln und \u00fcber Lehrer, Politiker, Versicherungsvertreter, Verm\u00f6gensberater, den Papst und die Schwiegerm\u00fctter herziehen. Wie Sauerbier preist\u00a0 er seinen Universalspruch an. Die Rede<\/span><span style=\"font-size: medium;\">wendung eigne sich vorz\u00fcglich als Replik auf s\u00e4mtliche Fragen, in allen Lebenslagen und Situationen. Griechenland und ltalien sind pleite! ,,Des isses jo!&#8220; ,,Froen se mich was!&#8220;, animiert er das Publikum ,,Kaffeevollautomade brauche mehr Pflege wie e Kleinkind!&#8220;, schwadroniert er. Diesem &#8218;Objekt der modernen K\u00fcchenkultur widmet er sich mit Hingabe. Und das Auditorium h\u00e4ngt wie gebannt an seinen Lippen, als er \u00fcber die vermaledeite Blinkerei dieses ,,Drecksdings&#8220; wettert und sich mit, dem Pflegefelddisplay anlegt, sich zum Sklaven der Befehle macht. ,,Dann geht&#8217;s rund!&#8220; Wenn Chormann den ganz normalen Alltags-Wahnsinn zelebriert, l\u00e4uft er zur Hochform auf. Er spricht den Zuschauern aus der Seele. Seine Art, das Problem zu l\u00f6sen, d\u00fcrfte allerdings nicht jedermanns Wohlwollen gefunden haben. Hat er doch ,,das arrogante, hochn\u00e4sige Drecksding&#8220;, auf dem auch noch Jura draufsteht, als h\u00e4tte es studiert, ganz ruhig entsorgt, durchs Fenster zum Hof. Und dann rechnet er dem Auditorium vor, wie teuer den Besitzer eines solchen ,,Dreckdings&#8220; eine Tasse Kaffee kommt. Dem standen ob dieser anregend-obskuren Milchm\u00e4dchenrechnung die Haare zu Berge, schlug eine Tasse des koffeinhaltigen Getr\u00e4nks bei Chormann doch mit satten 8 Euro 50 zu Buche.<\/span><\/p>\n<p><span style=\"font-size: medium;\">Als hervorragender Beobachter und Analyst erweist sich der Nordpf\u00e4lzer auch, als er sich \u00fcber das t\u00e4gliche Verkehrschaos vor den Kinderg\u00e4rten mokiert. Den ,,Supermamis und Superpapis, die ihre Prinzessjer und Prinzjer dort hineintragen&#8220;, empfiehlt er eine ,,Drive ln&#8220;-Einrichtung. Dort k\u00f6nnten sie vorne hinein- und hinten wieder herausfahren. Genauso bissig watscht er die moderne Kindererziehung ab. Und dann rei\u00dft er noch die ,,Gruschtschublad&#8220; auf. Eine ,,Einrichtung&#8220;, die, wie die Reaktion des Publikums zeigt, in keinem Haushalt zu fehlen scheint und sich als Aufbewahrungshort f\u00fcr Schl\u00fcssel von vor 30 Jahren ausgebauten T\u00fcren ebenso wie f\u00fcr abgebrochene Meter entpuppt. F\u00fcr Chormann ein Ph\u00e4nomen &#8211; wie schwarze L\u00f6cher: ,,Die ziehen alles an sich.&#8220; Und dann setzt er sich wieder ans Klavier und gibt eine eigentlich f\u00fcr Chormann atypische Liebeserkl\u00e4rung an die Ptalz ab: ,,Do bin ich deh\u00e4\u00e4m&#8220;. Mit Hermann und Elvira, zwei seiner repr\u00e4sentativen Protagonisten, bringt er den Saal noch mal zum Kochen. Das Ehepaar hat n\u00e4mlich st\u00e4ndig Zoff . So bekennt Willi w\u00e4hrend einer Auseinandersetzung&#8217;mit seiner Elvira, dass er damals nach einem Taxi gewunken habe ,,und net dir!&#8220; Ramon Chormann hat dem Publikum in Erzenhausen seine Weltanschauung offenbart und dabei manches zugemutet. Trotzdem ist der Grantl-Seigneur des Kabaretts ein eigentlich sympathischer Kerl. Des isses jo!<\/span><\/p>\n<p>Text\/Fotos: bm<\/p>\n<p>\u201eWeilerbach Aktuell\u201c &#8211; Ausgabe 40\/2011 &#8211; 6. Oktober 2011<\/p>\n\n\t\t<style type=\"text\/css\">\n\t\t\t#gallery-1 {\n\t\t\t\tmargin: auto;\n\t\t\t}\n\t\t\t#gallery-1 .gallery-item {\n\t\t\t\tfloat: left;\n\t\t\t\tmargin-top: 10px;\n\t\t\t\ttext-align: center;\n\t\t\t\twidth: 25%;\n\t\t\t}\n\t\t\t#gallery-1 img {\n\t\t\t\tborder: 2px solid #cfcfcf;\n\t\t\t}\n\t\t\t#gallery-1 .gallery-caption {\n\t\t\t\tmargin-left: 0;\n\t\t\t}\n\t\t\t\/* see gallery_shortcode() in wp-includes\/media.php *\/\n\t\t<\/style>\n\t\t<div id='gallery-1' class='gallery galleryid-286 gallery-columns-4 gallery-size-thumbnail'><dl class='gallery-item'>\n\t\t\t<dt class='gallery-icon landscape'>\n\t\t\t\t<a href='https:\/\/www.xn--heimatverein-prrbach-hbc.de\/?attachment_id=269'><img loading=\"lazy\" decoding=\"async\" width=\"150\" height=\"150\" src=\"https:\/\/www.xn--heimatverein-prrbach-hbc.de\/wp-content\/uploads\/2013\/04\/Ramon-Chormann-07-150x150.jpg\" class=\"attachment-thumbnail size-thumbnail\" alt=\"\" \/><\/a>\n\t\t\t<\/dt><\/dl><dl class='gallery-item'>\n\t\t\t<dt class='gallery-icon landscape'>\n\t\t\t\t<a href='https:\/\/www.xn--heimatverein-prrbach-hbc.de\/?attachment_id=263'><img loading=\"lazy\" decoding=\"async\" width=\"150\" height=\"150\" src=\"https:\/\/www.xn--heimatverein-prrbach-hbc.de\/wp-content\/uploads\/2013\/04\/Ramon-Chormann-01-150x150.jpg\" class=\"attachment-thumbnail size-thumbnail\" alt=\"\" \/><\/a>\n\t\t\t<\/dt><\/dl><dl class='gallery-item'>\n\t\t\t<dt class='gallery-icon landscape'>\n\t\t\t\t<a href='https:\/\/www.xn--heimatverein-prrbach-hbc.de\/?attachment_id=266'><img loading=\"lazy\" decoding=\"async\" width=\"150\" height=\"150\" src=\"https:\/\/www.xn--heimatverein-prrbach-hbc.de\/wp-content\/uploads\/2013\/04\/Ramon-Chormann-04-150x150.jpg\" class=\"attachment-thumbnail size-thumbnail\" alt=\"\" \/><\/a>\n\t\t\t<\/dt><\/dl><dl class='gallery-item'>\n\t\t\t<dt class='gallery-icon landscape'>\n\t\t\t\t<a href='https:\/\/www.xn--heimatverein-prrbach-hbc.de\/?attachment_id=265'><img loading=\"lazy\" decoding=\"async\" width=\"150\" height=\"150\" src=\"https:\/\/www.xn--heimatverein-prrbach-hbc.de\/wp-content\/uploads\/2013\/04\/Ramon-Chormann-03-150x150.jpg\" class=\"attachment-thumbnail size-thumbnail\" alt=\"\" \/><\/a>\n\t\t\t<\/dt><\/dl><br style=\"clear: both\" \/><dl class='gallery-item'>\n\t\t\t<dt class='gallery-icon landscape'>\n\t\t\t\t<a href='https:\/\/www.xn--heimatverein-prrbach-hbc.de\/?attachment_id=268'><img loading=\"lazy\" decoding=\"async\" width=\"150\" height=\"150\" src=\"https:\/\/www.xn--heimatverein-prrbach-hbc.de\/wp-content\/uploads\/2013\/04\/Ramon-Chormann-06-150x150.jpg\" class=\"attachment-thumbnail size-thumbnail\" alt=\"\" \/><\/a>\n\t\t\t<\/dt><\/dl><dl class='gallery-item'>\n\t\t\t<dt class='gallery-icon landscape'>\n\t\t\t\t<a href='https:\/\/www.xn--heimatverein-prrbach-hbc.de\/?attachment_id=267'><img loading=\"lazy\" decoding=\"async\" width=\"150\" height=\"150\" src=\"https:\/\/www.xn--heimatverein-prrbach-hbc.de\/wp-content\/uploads\/2013\/04\/Ramon-Chormann-05-150x150.jpg\" class=\"attachment-thumbnail size-thumbnail\" alt=\"\" \/><\/a>\n\t\t\t<\/dt><\/dl><dl class='gallery-item'>\n\t\t\t<dt class='gallery-icon portrait'>\n\t\t\t\t<a href='https:\/\/www.xn--heimatverein-prrbach-hbc.de\/?attachment_id=264'><img loading=\"lazy\" decoding=\"async\" width=\"150\" height=\"150\" src=\"https:\/\/www.xn--heimatverein-prrbach-hbc.de\/wp-content\/uploads\/2013\/04\/Ramon-Chormann-02-150x150.jpg\" class=\"attachment-thumbnail size-thumbnail\" alt=\"\" \/><\/a>\n\t\t\t<\/dt><\/dl><dl class='gallery-item'>\n\t\t\t<dt class='gallery-icon landscape'>\n\t\t\t\t<a href='https:\/\/www.xn--heimatverein-prrbach-hbc.de\/?attachment_id=262'><img loading=\"lazy\" decoding=\"async\" width=\"150\" height=\"150\" src=\"https:\/\/www.xn--heimatverein-prrbach-hbc.de\/wp-content\/uploads\/2013\/04\/Ramon-Chormann-09-150x150.jpg\" class=\"attachment-thumbnail size-thumbnail\" alt=\"\" \/><\/a>\n\t\t\t<\/dt><\/dl><br style=\"clear: both\" \/><dl class='gallery-item'>\n\t\t\t<dt class='gallery-icon landscape'>\n\t\t\t\t<a href='https:\/\/www.xn--heimatverein-prrbach-hbc.de\/?attachment_id=261'><img loading=\"lazy\" decoding=\"async\" width=\"150\" height=\"150\" src=\"https:\/\/www.xn--heimatverein-prrbach-hbc.de\/wp-content\/uploads\/2013\/04\/Ramon-Chormann-08-150x150.jpg\" class=\"attachment-thumbnail size-thumbnail\" alt=\"\" \/><\/a>\n\t\t\t<\/dt><\/dl>\n\t\t\t<br style='clear: both' \/>\n\t\t<\/div>\n\n","protected":false},"excerpt":{"rendered":"<p>James Bond, Kaffeevollautomaten und Grutschtschublade ,,lch w\u00e4r so gern James Bond&#8220;, sang Ramon Chormann am Samstagabend. Auf der B\u00fchne des S\u00e4ngerheims in Erzenhausen pr\u00e4sentierte er im Rahmen seines neuen Programms ,,Des isses jo!&#8220; auch das Lied ,,Geh heim, Agent&#8220;. Wenn ,,De P\u00e4lzer&#8220; aus der Nordpfalz in seiner Arbeitskleidung, dunkler Anzug, Fliege, und in seiner Lieblingspose, &hellip; <\/p>\n<p><a class=\"more-link btn\" href=\"https:\/\/www.xn--heimatverein-prrbach-hbc.de\/?page_id=286\">Weiterlesen<\/a><\/p>\n","protected":false},"author":2,"featured_media":269,"parent":201,"menu_order":29,"comment_status":"open","ping_status":"open","template":"","meta":{"footnotes":""},"class_list":["post-286","page","type-page","status-publish","has-post-thumbnail","hentry","nodate","item-wrap"],"_links":{"self":[{"href":"https:\/\/www.xn--heimatverein-prrbach-hbc.de\/index.php?rest_route=\/wp\/v2\/pages\/286","targetHints":{"allow":["GET"]}}],"collection":[{"href":"https:\/\/www.xn--heimatverein-prrbach-hbc.de\/index.php?rest_route=\/wp\/v2\/pages"}],"about":[{"href":"https:\/\/www.xn--heimatverein-prrbach-hbc.de\/index.php?rest_route=\/wp\/v2\/types\/page"}],"author":[{"embeddable":true,"href":"https:\/\/www.xn--heimatverein-prrbach-hbc.de\/index.php?rest_route=\/wp\/v2\/users\/2"}],"replies":[{"embeddable":true,"href":"https:\/\/www.xn--heimatverein-prrbach-hbc.de\/index.php?rest_route=%2Fwp%2Fv2%2Fcomments&post=286"}],"version-history":[{"count":7,"href":"https:\/\/www.xn--heimatverein-prrbach-hbc.de\/index.php?rest_route=\/wp\/v2\/pages\/286\/revisions"}],"predecessor-version":[{"id":470,"href":"https:\/\/www.xn--heimatverein-prrbach-hbc.de\/index.php?rest_route=\/wp\/v2\/pages\/286\/revisions\/470"}],"up":[{"embeddable":true,"href":"https:\/\/www.xn--heimatverein-prrbach-hbc.de\/index.php?rest_route=\/wp\/v2\/pages\/201"}],"wp:featuredmedia":[{"embeddable":true,"href":"https:\/\/www.xn--heimatverein-prrbach-hbc.de\/index.php?rest_route=\/wp\/v2\/media\/269"}],"wp:attachment":[{"href":"https:\/\/www.xn--heimatverein-prrbach-hbc.de\/index.php?rest_route=%2Fwp%2Fv2%2Fmedia&parent=286"}],"curies":[{"name":"wp","href":"https:\/\/api.w.org\/{rel}","templated":true}]}}