{"id":284,"date":"2013-04-19T13:20:15","date_gmt":"2013-04-19T11:20:15","guid":{"rendered":"http:\/\/www.xn--heimatverein-prrbach-hbc.de\/?page_id=284"},"modified":"2013-04-19T13:24:31","modified_gmt":"2013-04-19T11:24:31","slug":"dorffest-2011","status":"publish","type":"page","link":"https:\/\/www.xn--heimatverein-prrbach-hbc.de\/?page_id=284","title":{"rendered":"Dorffest 2011"},"content":{"rendered":"<p>Die Rheinpfalz MARKTPLATZ vom 06.07.2011<\/p>\n<h3>Gute Stimmung unterm Schirmmeer<\/h3>\n<p><span style=\"font-size: medium;\"><b>Heimatverein richtet 23. Dorffest aus<\/b><\/span><\/p>\n<p><span style=\"font-size: medium;\">Zum 23. Mal organisierte der Heimatverein P\u00f6rrbach das Dorffest im Schwedelbacher Ortsteil. Immer am ersten Sonntag im Juli findet die Feier statt. Das in diesem Jahr erstmals geplante Holzpferderennen musste wegen zu viel Besucherandrang abgesagt werden.<\/span><\/p>\n<p><span style=\"font-size: medium;\">Wir haben die Durchfahrtsstra\u00dfe heute zum Feiern gesperrt und das Wetter ist einfach klasse, freute sich Thomas Haffner, Vorsitzender des Heimatvereins P\u00f6rrbach. Seit 23 Jahren organisiert der Verein am ersten Sonntag im Juli das Dorffest in dem Ortsteil von Schwedelbach.<\/span><\/p>\n<p><span style=\"font-size: medium;\">Los ging es diesmal morgens um 10 Uhr mit einem Zeltgottesdienst. Jede Sitzgelegenheit auf dem Festplatz war dabei besetzt. Danach konnten die Besucher beim Fr\u00fchschoppen den Tag richtig beginnen lassen. Ein Meer aus Sonnenschirmen sch\u00fctzte die G\u00e4ste vor der Sonne und schaffte ein ganz besonderes Flair der Gem\u00fctlichkeit.<\/span><\/p>\n<p><span style=\"font-size: medium;\">Zur Mittagszeit bietet unter anderem Jens Schmitt-Z\u00f6llner vom \u201eP\u00f6rrbacher Hof\u201c Semmelkn\u00f6del mit Pilzrahmso\u00dfe und vieles mehr zum Essen an. Er hat extra f\u00fcr das Dorffest sein Restaurant geschlossen, um f\u00fcr die Besucher zu kochen, berichtete Haffner.<\/span><\/p>\n<p><span style=\"font-size: medium;\">Zum ersten Mal sollte auf dem Dorffest auch ein Pferderennen stattfinden. Geplant war laut Haffner &#8222;kein \u00fcbliches Pferderennen, sondern ein ganz besonderes\u201c. Auf einer Holzplatte sollten Pferde an einer Schnur, die aufgewickelt werden sollte, ins Ziel gezogen werden. Siegerpokale f\u00fcr die Gewinner hatte der Heimatverein schon besorgt. Da jedoch zu viele Besucher zum Fest kamen, musste das Rennen aus organisatorischen Gr\u00fcnden ausfallen, sagte Haffner mit Bedauern.<\/span><\/p>\n<p><span style=\"font-size: medium;\">F\u00fcr die kleinen G\u00e4ste jedoch war einiges geboten. Neben Kinderbetreuung und jeder Menge verschiedener Spiele stand eine gro\u00dfe H\u00fcpfburg zur Verf\u00fcgung, auf der sich die Kinder so richtig austoben konnten.<\/span><\/p>\n<p><span style=\"font-size: medium;\">Von &#8222;Heut&#8216; ist so ein sch\u00f6ner Tag\u201c \u00fcber &#8222;Ahoi, Kameraden\u201c bis hin zu &#8222;Ich fliege mit dir in die Heimat\u201c sorgte Alleinunterhalter Marco Rauch ab der Mittagszeit f\u00fcr Stimmung, die schon beim Betreten des Dorffestes zu h\u00f6ren war. Gesungen, geklatscht und getanzt wurde bis in den sp\u00e4ten Abend. (crn)<\/span><\/p>\n<p><span style=\"font-size: medium;\">\u00a0<\/span><\/p>\n","protected":false},"excerpt":{"rendered":"<p>Die Rheinpfalz MARKTPLATZ vom 06.07.2011 Gute Stimmung unterm Schirmmeer Heimatverein richtet 23. Dorffest aus Zum 23. Mal organisierte der Heimatverein P\u00f6rrbach das Dorffest im Schwedelbacher Ortsteil. Immer am ersten Sonntag im Juli findet die Feier statt. Das in diesem Jahr erstmals geplante Holzpferderennen musste wegen zu viel Besucherandrang abgesagt werden. Wir haben die Durchfahrtsstra\u00dfe heute &hellip; <\/p>\n<p><a class=\"more-link btn\" href=\"https:\/\/www.xn--heimatverein-prrbach-hbc.de\/?page_id=284\">Weiterlesen<\/a><\/p>\n","protected":false},"author":2,"featured_media":0,"parent":201,"menu_order":22,"comment_status":"open","ping_status":"open","template":"","meta":{"footnotes":""},"class_list":["post-284","page","type-page","status-publish","hentry","nodate","item-wrap"],"_links":{"self":[{"href":"https:\/\/www.xn--heimatverein-prrbach-hbc.de\/index.php?rest_route=\/wp\/v2\/pages\/284","targetHints":{"allow":["GET"]}}],"collection":[{"href":"https:\/\/www.xn--heimatverein-prrbach-hbc.de\/index.php?rest_route=\/wp\/v2\/pages"}],"about":[{"href":"https:\/\/www.xn--heimatverein-prrbach-hbc.de\/index.php?rest_route=\/wp\/v2\/types\/page"}],"author":[{"embeddable":true,"href":"https:\/\/www.xn--heimatverein-prrbach-hbc.de\/index.php?rest_route=\/wp\/v2\/users\/2"}],"replies":[{"embeddable":true,"href":"https:\/\/www.xn--heimatverein-prrbach-hbc.de\/index.php?rest_route=%2Fwp%2Fv2%2Fcomments&post=284"}],"version-history":[{"count":2,"href":"https:\/\/www.xn--heimatverein-prrbach-hbc.de\/index.php?rest_route=\/wp\/v2\/pages\/284\/revisions"}],"predecessor-version":[{"id":289,"href":"https:\/\/www.xn--heimatverein-prrbach-hbc.de\/index.php?rest_route=\/wp\/v2\/pages\/284\/revisions\/289"}],"up":[{"embeddable":true,"href":"https:\/\/www.xn--heimatverein-prrbach-hbc.de\/index.php?rest_route=\/wp\/v2\/pages\/201"}],"wp:attachment":[{"href":"https:\/\/www.xn--heimatverein-prrbach-hbc.de\/index.php?rest_route=%2Fwp%2Fv2%2Fmedia&parent=284"}],"curies":[{"name":"wp","href":"https:\/\/api.w.org\/{rel}","templated":true}]}}