{"id":2827,"date":"2025-10-04T10:39:43","date_gmt":"2025-10-04T08:39:43","guid":{"rendered":"https:\/\/www.xn--heimatverein-prrbach-hbc.de\/?page_id=2827"},"modified":"2025-10-06T16:53:55","modified_gmt":"2025-10-06T14:53:55","slug":"herbstwanderung-2025","status":"publish","type":"page","link":"https:\/\/www.xn--heimatverein-prrbach-hbc.de\/?page_id=2827","title":{"rendered":"Herbstwanderung um den Kranichwoog"},"content":{"rendered":"\n\t\t<style type=\"text\/css\">\n\t\t\t#gallery-1 {\n\t\t\t\tmargin: auto;\n\t\t\t}\n\t\t\t#gallery-1 .gallery-item {\n\t\t\t\tfloat: left;\n\t\t\t\tmargin-top: 10px;\n\t\t\t\ttext-align: center;\n\t\t\t\twidth: 25%;\n\t\t\t}\n\t\t\t#gallery-1 img {\n\t\t\t\tborder: 2px solid #cfcfcf;\n\t\t\t}\n\t\t\t#gallery-1 .gallery-caption {\n\t\t\t\tmargin-left: 0;\n\t\t\t}\n\t\t\t\/* see gallery_shortcode() in wp-includes\/media.php *\/\n\t\t<\/style>\n\t\t<div id='gallery-1' class='gallery galleryid-2827 gallery-columns-4 gallery-size-thumbnail'><dl class='gallery-item'>\n\t\t\t<dt class='gallery-icon portrait'>\n\t\t\t\t<a href='https:\/\/www.xn--heimatverein-prrbach-hbc.de\/?attachment_id=2831'><img loading=\"lazy\" decoding=\"async\" width=\"150\" height=\"150\" src=\"https:\/\/www.xn--heimatverein-prrbach-hbc.de\/wp-content\/uploads\/2025\/10\/HVPoerrbach_Herbstwanderung_03.10.25_1-150x150.jpg\" class=\"attachment-thumbnail size-thumbnail\" alt=\"\" \/><\/a>\n\t\t\t<\/dt><\/dl><dl class='gallery-item'>\n\t\t\t<dt class='gallery-icon portrait'>\n\t\t\t\t<a href='https:\/\/www.xn--heimatverein-prrbach-hbc.de\/?attachment_id=2830'><img loading=\"lazy\" decoding=\"async\" width=\"150\" height=\"150\" src=\"https:\/\/www.xn--heimatverein-prrbach-hbc.de\/wp-content\/uploads\/2025\/10\/HVPoerrbach_Herbstwanderung_03.10.25_2-150x150.jpg\" class=\"attachment-thumbnail size-thumbnail\" alt=\"\" \/><\/a>\n\t\t\t<\/dt><\/dl><dl class='gallery-item'>\n\t\t\t<dt class='gallery-icon portrait'>\n\t\t\t\t<a href='https:\/\/www.xn--heimatverein-prrbach-hbc.de\/?attachment_id=2829'><img loading=\"lazy\" decoding=\"async\" width=\"150\" height=\"150\" src=\"https:\/\/www.xn--heimatverein-prrbach-hbc.de\/wp-content\/uploads\/2025\/10\/HVPoerrbach_Herbstwanderung_03.10.25_3-150x150.jpg\" class=\"attachment-thumbnail size-thumbnail\" alt=\"\" \/><\/a>\n\t\t\t<\/dt><\/dl><dl class='gallery-item'>\n\t\t\t<dt class='gallery-icon portrait'>\n\t\t\t\t<a href='https:\/\/www.xn--heimatverein-prrbach-hbc.de\/?attachment_id=2828'><img loading=\"lazy\" decoding=\"async\" width=\"150\" height=\"150\" src=\"https:\/\/www.xn--heimatverein-prrbach-hbc.de\/wp-content\/uploads\/2025\/10\/HVPoerrbach_Herbstwanderung_03.10.25_4-150x150.jpg\" class=\"attachment-thumbnail size-thumbnail\" alt=\"\" \/><\/a>\n\t\t\t<\/dt><\/dl><br style=\"clear: both\" \/>\n\t\t<\/div>\n\n<h3><\/h3>\n<p>\u00dcber 40 Wanderfreunde waren bei der informativen Wanderrunde um den Kranichwoog bei H\u00fctschenhausen am 03.10.2025 dabei.<\/p>\n<p>&nbsp;<\/p>\n<p>Der ehemalige Landrat Paul Junker f\u00fchrte uns fachkundig \u00fcber den \u201eNatura 2000-Weg\u201c. Er versorgte uns mit\u00a0vielen Informationen zur pf\u00e4lzischen Moorniederung, zur Pflanzen-, Vogel- und Tierwelt sowie der Geschichte des Kranichwoogs mitsamt seines Beweidungsareals, der Anlage des Erlebnisweges und den Bau des Kranichswoog-Erlebnisturms. Die Turmbesteigung mit einem tollen Ausblick \u00fcber das ganze Naturraumarreal war im wahrtsten Sinne der H\u00f6hepunkt der Wanderung.<\/p>\n<p>Wir bedanken uns sehr herzlich bei Herrn Junker f\u00fcr diese besondere F\u00fchrung!<\/p>\n<p>Viele Mitwanderer liesen den Tag beim gemeinsamen Mittagessen auf der Fritz-Claus-H\u00fctte ausklingen.<\/p>\n<p>&nbsp;<\/p>\n<p><a href=\"https:\/\/www.xn--heimatverein-prrbach-hbc.de\/wp-content\/uploads\/2025\/09\/Natura2000_turm-29apr24-3-1.jpg\"><img loading=\"lazy\" decoding=\"async\" class=\"alignnone wp-image-2819 \" src=\"https:\/\/www.xn--heimatverein-prrbach-hbc.de\/wp-content\/uploads\/2025\/09\/Natura2000_turm-29apr24-3-1-1024x432.jpg\" alt=\"\" width=\"451\" height=\"190\" srcset=\"https:\/\/www.xn--heimatverein-prrbach-hbc.de\/wp-content\/uploads\/2025\/09\/Natura2000_turm-29apr24-3-1-1024x432.jpg 1024w, https:\/\/www.xn--heimatverein-prrbach-hbc.de\/wp-content\/uploads\/2025\/09\/Natura2000_turm-29apr24-3-1-300x127.jpg 300w, https:\/\/www.xn--heimatverein-prrbach-hbc.de\/wp-content\/uploads\/2025\/09\/Natura2000_turm-29apr24-3-1-768x324.jpg 768w, https:\/\/www.xn--heimatverein-prrbach-hbc.de\/wp-content\/uploads\/2025\/09\/Natura2000_turm-29apr24-3-1-847x358.jpg 847w, https:\/\/www.xn--heimatverein-prrbach-hbc.de\/wp-content\/uploads\/2025\/09\/Natura2000_turm-29apr24-3-1.jpg 1440w\" sizes=\"auto, (max-width: 451px) 100vw, 451px\" \/><\/a><\/p>\n<p><a href=\"https:\/\/www.kranichwoog.de\/\" target=\"_blank\" rel=\"noopener\">https:\/\/www.kranichwoog.de\/<\/a><\/p>\n<p><a href=\"https:\/\/www.xn--heimatverein-prrbach-hbc.de\/wp-content\/uploads\/2025\/09\/Fritz-Claus-Huette.jpg\"><img loading=\"lazy\" decoding=\"async\" class=\"alignnone wp-image-2816\" src=\"https:\/\/www.xn--heimatverein-prrbach-hbc.de\/wp-content\/uploads\/2025\/09\/Fritz-Claus-Huette-300x225.jpg\" alt=\"\" width=\"253\" height=\"190\" srcset=\"https:\/\/www.xn--heimatverein-prrbach-hbc.de\/wp-content\/uploads\/2025\/09\/Fritz-Claus-Huette-300x225.jpg 300w, https:\/\/www.xn--heimatverein-prrbach-hbc.de\/wp-content\/uploads\/2025\/09\/Fritz-Claus-Huette.jpg 600w\" sizes=\"auto, (max-width: 253px) 100vw, 253px\" \/><\/a><\/p>\n<p><a href=\"https:\/\/fritz-claus-huette.de\" target=\"_blank\" rel=\"noopener\">https:\/\/fritz-claus-huette.de<\/a><\/p>\n<p>&nbsp;<\/p>\n<p>&nbsp;<\/p>\n","protected":false},"excerpt":{"rendered":"<p>\u00dcber 40 Wanderfreunde waren bei der informativen Wanderrunde um den Kranichwoog bei H\u00fctschenhausen am 03.10.2025 dabei. &nbsp; Der ehemalige Landrat Paul Junker f\u00fchrte uns fachkundig \u00fcber den \u201eNatura 2000-Weg\u201c. Er versorgte uns mit\u00a0vielen Informationen zur pf\u00e4lzischen Moorniederung, zur Pflanzen-, Vogel- und Tierwelt sowie der Geschichte des Kranichwoogs mitsamt seines Beweidungsareals, der Anlage des Erlebnisweges und &hellip; <\/p>\n<p><a class=\"more-link btn\" href=\"https:\/\/www.xn--heimatverein-prrbach-hbc.de\/?page_id=2827\">Weiterlesen<\/a><\/p>\n","protected":false},"author":2,"featured_media":2834,"parent":2788,"menu_order":44,"comment_status":"closed","ping_status":"closed","template":"","meta":{"footnotes":""},"class_list":["post-2827","page","type-page","status-publish","has-post-thumbnail","hentry","nodate","item-wrap"],"_links":{"self":[{"href":"https:\/\/www.xn--heimatverein-prrbach-hbc.de\/index.php?rest_route=\/wp\/v2\/pages\/2827","targetHints":{"allow":["GET"]}}],"collection":[{"href":"https:\/\/www.xn--heimatverein-prrbach-hbc.de\/index.php?rest_route=\/wp\/v2\/pages"}],"about":[{"href":"https:\/\/www.xn--heimatverein-prrbach-hbc.de\/index.php?rest_route=\/wp\/v2\/types\/page"}],"author":[{"embeddable":true,"href":"https:\/\/www.xn--heimatverein-prrbach-hbc.de\/index.php?rest_route=\/wp\/v2\/users\/2"}],"replies":[{"embeddable":true,"href":"https:\/\/www.xn--heimatverein-prrbach-hbc.de\/index.php?rest_route=%2Fwp%2Fv2%2Fcomments&post=2827"}],"version-history":[{"count":6,"href":"https:\/\/www.xn--heimatverein-prrbach-hbc.de\/index.php?rest_route=\/wp\/v2\/pages\/2827\/revisions"}],"predecessor-version":[{"id":2850,"href":"https:\/\/www.xn--heimatverein-prrbach-hbc.de\/index.php?rest_route=\/wp\/v2\/pages\/2827\/revisions\/2850"}],"up":[{"embeddable":true,"href":"https:\/\/www.xn--heimatverein-prrbach-hbc.de\/index.php?rest_route=\/wp\/v2\/pages\/2788"}],"wp:featuredmedia":[{"embeddable":true,"href":"https:\/\/www.xn--heimatverein-prrbach-hbc.de\/index.php?rest_route=\/wp\/v2\/media\/2834"}],"wp:attachment":[{"href":"https:\/\/www.xn--heimatverein-prrbach-hbc.de\/index.php?rest_route=%2Fwp%2Fv2%2Fmedia&parent=2827"}],"curies":[{"name":"wp","href":"https:\/\/api.w.org\/{rel}","templated":true}]}}