{"id":2825,"date":"2025-10-29T16:02:35","date_gmt":"2025-10-29T14:02:35","guid":{"rendered":"https:\/\/www.xn--heimatverein-prrbach-hbc.de\/?page_id=2825"},"modified":"2025-10-29T16:02:35","modified_gmt":"2025-10-29T14:02:35","slug":"friedhofsdach-repariert","status":"publish","type":"page","link":"https:\/\/www.xn--heimatverein-prrbach-hbc.de\/?page_id=2825","title":{"rendered":"Friedhofsdach repariert"},"content":{"rendered":"<p>Im ehrenamtlichen Einsatz nahmen Mitglieder des Heimatvereins P\u00f6rrbach Reparaturarbeiten an der \u00dcberdachung auf dem Friedhof in P\u00f6rrbach vor. Durch die Witterung zerst\u00f6rte Ziegeln wurden ausgetauscht um die Dichtigkeit des Daches wieder herzustellen. Zu einem sp\u00e4teren Zeitpunkt werden wir noch den Anstrich der Holzkonstruktion erneuern.\u00a0 Der Heimatverein \u00fcbernimmt die Kosten f\u00fcr die komplette Sanierung des Daches.<\/p>\n\n\t\t<style type=\"text\/css\">\n\t\t\t#gallery-1 {\n\t\t\t\tmargin: auto;\n\t\t\t}\n\t\t\t#gallery-1 .gallery-item {\n\t\t\t\tfloat: left;\n\t\t\t\tmargin-top: 10px;\n\t\t\t\ttext-align: center;\n\t\t\t\twidth: 33%;\n\t\t\t}\n\t\t\t#gallery-1 img {\n\t\t\t\tborder: 2px solid #cfcfcf;\n\t\t\t}\n\t\t\t#gallery-1 .gallery-caption {\n\t\t\t\tmargin-left: 0;\n\t\t\t}\n\t\t\t\/* see gallery_shortcode() in wp-includes\/media.php *\/\n\t\t<\/style>\n\t\t<div id='gallery-1' class='gallery galleryid-2825 gallery-columns-3 gallery-size-thumbnail'><dl class='gallery-item'>\n\t\t\t<dt class='gallery-icon portrait'>\n\t\t\t\t<a href='https:\/\/www.xn--heimatverein-prrbach-hbc.de\/?attachment_id=2840'><img loading=\"lazy\" decoding=\"async\" width=\"150\" height=\"150\" src=\"https:\/\/www.xn--heimatverein-prrbach-hbc.de\/wp-content\/uploads\/2025\/10\/Friedhofsdach_10.2025_1-150x150.jpg\" class=\"attachment-thumbnail size-thumbnail\" alt=\"\" \/><\/a>\n\t\t\t<\/dt><\/dl><dl class='gallery-item'>\n\t\t\t<dt class='gallery-icon portrait'>\n\t\t\t\t<a href='https:\/\/www.xn--heimatverein-prrbach-hbc.de\/?attachment_id=2841'><img loading=\"lazy\" decoding=\"async\" width=\"150\" height=\"150\" src=\"https:\/\/www.xn--heimatverein-prrbach-hbc.de\/wp-content\/uploads\/2025\/10\/Friedhofsdach_10.2025_2-150x150.jpg\" class=\"attachment-thumbnail size-thumbnail\" alt=\"\" \/><\/a>\n\t\t\t<\/dt><\/dl><dl class='gallery-item'>\n\t\t\t<dt class='gallery-icon portrait'>\n\t\t\t\t<a href='https:\/\/www.xn--heimatverein-prrbach-hbc.de\/?attachment_id=2842'><img loading=\"lazy\" decoding=\"async\" width=\"150\" height=\"150\" src=\"https:\/\/www.xn--heimatverein-prrbach-hbc.de\/wp-content\/uploads\/2025\/10\/Friedhofsdach_10.2025_3-150x150.jpg\" class=\"attachment-thumbnail size-thumbnail\" alt=\"\" \/><\/a>\n\t\t\t<\/dt><\/dl><br style=\"clear: both\" \/>\n\t\t<\/div>\n\n","protected":false},"excerpt":{"rendered":"<p>Im ehrenamtlichen Einsatz nahmen Mitglieder des Heimatvereins P\u00f6rrbach Reparaturarbeiten an der \u00dcberdachung auf dem Friedhof in P\u00f6rrbach vor. Durch die Witterung zerst\u00f6rte Ziegeln wurden ausgetauscht um die Dichtigkeit des Daches wieder herzustellen. Zu einem sp\u00e4teren Zeitpunkt werden wir noch den Anstrich der Holzkonstruktion erneuern.\u00a0 Der Heimatverein \u00fcbernimmt die Kosten f\u00fcr die komplette Sanierung des Daches.<\/p>\n","protected":false},"author":2,"featured_media":2841,"parent":2788,"menu_order":50,"comment_status":"closed","ping_status":"closed","template":"","meta":{"footnotes":""},"class_list":["post-2825","page","type-page","status-publish","has-post-thumbnail","hentry","nodate","item-wrap"],"_links":{"self":[{"href":"https:\/\/www.xn--heimatverein-prrbach-hbc.de\/index.php?rest_route=\/wp\/v2\/pages\/2825","targetHints":{"allow":["GET"]}}],"collection":[{"href":"https:\/\/www.xn--heimatverein-prrbach-hbc.de\/index.php?rest_route=\/wp\/v2\/pages"}],"about":[{"href":"https:\/\/www.xn--heimatverein-prrbach-hbc.de\/index.php?rest_route=\/wp\/v2\/types\/page"}],"author":[{"embeddable":true,"href":"https:\/\/www.xn--heimatverein-prrbach-hbc.de\/index.php?rest_route=\/wp\/v2\/users\/2"}],"replies":[{"embeddable":true,"href":"https:\/\/www.xn--heimatverein-prrbach-hbc.de\/index.php?rest_route=%2Fwp%2Fv2%2Fcomments&post=2825"}],"version-history":[{"count":2,"href":"https:\/\/www.xn--heimatverein-prrbach-hbc.de\/index.php?rest_route=\/wp\/v2\/pages\/2825\/revisions"}],"predecessor-version":[{"id":2843,"href":"https:\/\/www.xn--heimatverein-prrbach-hbc.de\/index.php?rest_route=\/wp\/v2\/pages\/2825\/revisions\/2843"}],"up":[{"embeddable":true,"href":"https:\/\/www.xn--heimatverein-prrbach-hbc.de\/index.php?rest_route=\/wp\/v2\/pages\/2788"}],"wp:featuredmedia":[{"embeddable":true,"href":"https:\/\/www.xn--heimatverein-prrbach-hbc.de\/index.php?rest_route=\/wp\/v2\/media\/2841"}],"wp:attachment":[{"href":"https:\/\/www.xn--heimatverein-prrbach-hbc.de\/index.php?rest_route=%2Fwp%2Fv2%2Fmedia&parent=2825"}],"curies":[{"name":"wp","href":"https:\/\/api.w.org\/{rel}","templated":true}]}}