{"id":2806,"date":"2025-09-12T17:12:23","date_gmt":"2025-09-12T15:12:23","guid":{"rendered":"https:\/\/www.xn--heimatverein-prrbach-hbc.de\/?page_id=2806"},"modified":"2025-09-12T17:22:31","modified_gmt":"2025-09-12T15:22:31","slug":"heimatverein-poerrbach-spendiert-buswartehaeuschen-neuen-anstrich","status":"publish","type":"page","link":"https:\/\/www.xn--heimatverein-prrbach-hbc.de\/?page_id=2806","title":{"rendered":"Heimatverein spendiert Buswarteh\u00e4uschen neuen Anstrich"},"content":{"rendered":"\n\t\t<style type=\"text\/css\">\n\t\t\t#gallery-1 {\n\t\t\t\tmargin: auto;\n\t\t\t}\n\t\t\t#gallery-1 .gallery-item {\n\t\t\t\tfloat: left;\n\t\t\t\tmargin-top: 10px;\n\t\t\t\ttext-align: center;\n\t\t\t\twidth: 25%;\n\t\t\t}\n\t\t\t#gallery-1 img {\n\t\t\t\tborder: 2px solid #cfcfcf;\n\t\t\t}\n\t\t\t#gallery-1 .gallery-caption {\n\t\t\t\tmargin-left: 0;\n\t\t\t}\n\t\t\t\/* see gallery_shortcode() in wp-includes\/media.php *\/\n\t\t<\/style>\n\t\t<div id='gallery-1' class='gallery galleryid-2806 gallery-columns-4 gallery-size-thumbnail'><dl class='gallery-item'>\n\t\t\t<dt class='gallery-icon landscape'>\n\t\t\t\t<a href='https:\/\/www.xn--heimatverein-prrbach-hbc.de\/?attachment_id=2803'><img loading=\"lazy\" decoding=\"async\" width=\"150\" height=\"150\" src=\"https:\/\/www.xn--heimatverein-prrbach-hbc.de\/wp-content\/uploads\/2025\/09\/HV_Poerrbach_Buswartehaeuschen_08.2025_6-150x150.jpg\" class=\"attachment-thumbnail size-thumbnail\" alt=\"\" \/><\/a>\n\t\t\t<\/dt><\/dl><dl class='gallery-item'>\n\t\t\t<dt class='gallery-icon landscape'>\n\t\t\t\t<a href='https:\/\/www.xn--heimatverein-prrbach-hbc.de\/?attachment_id=2808'><img loading=\"lazy\" decoding=\"async\" width=\"150\" height=\"150\" src=\"https:\/\/www.xn--heimatverein-prrbach-hbc.de\/wp-content\/uploads\/2025\/09\/HV_Poerrbach_Buswartehaeuschen_08.2025_3-150x150.jpg\" class=\"attachment-thumbnail size-thumbnail\" alt=\"\" \/><\/a>\n\t\t\t<\/dt><\/dl><dl class='gallery-item'>\n\t\t\t<dt class='gallery-icon portrait'>\n\t\t\t\t<a href='https:\/\/www.xn--heimatverein-prrbach-hbc.de\/?attachment_id=2807'><img loading=\"lazy\" decoding=\"async\" width=\"150\" height=\"150\" src=\"https:\/\/www.xn--heimatverein-prrbach-hbc.de\/wp-content\/uploads\/2025\/09\/HV_Poerrbach_Buswartehaeuschen_08.2025_2-150x150.jpg\" class=\"attachment-thumbnail size-thumbnail\" alt=\"\" \/><\/a>\n\t\t\t<\/dt><\/dl><dl class='gallery-item'>\n\t\t\t<dt class='gallery-icon portrait'>\n\t\t\t\t<a href='https:\/\/www.xn--heimatverein-prrbach-hbc.de\/?attachment_id=2809'><img loading=\"lazy\" decoding=\"async\" width=\"150\" height=\"150\" src=\"https:\/\/www.xn--heimatverein-prrbach-hbc.de\/wp-content\/uploads\/2025\/09\/HV_Poerrbach_Buswartehaeuschen_08.2025_7-150x150.jpg\" class=\"attachment-thumbnail size-thumbnail\" alt=\"\" \/><\/a>\n\t\t\t<\/dt><\/dl><br style=\"clear: both\" \/>\n\t\t<\/div>\n\n<p>Die Holzkonstruktion des Unterstands an der Bushaltestelle in P\u00f6rrbach erhielt auf Initiative des Heimatvereins eine neue Beschichtung. Die verwitterte Altbeschichtung wurde geschliffen und mehrmals mit Holzschutzlasur erneuert. Der Heimatverein P\u00f6rrbach organisierte alle erforderlichen Arbeiten und \u00fcbernimmt s\u00e4mtliche Kosten der Renovierung.<\/p>\n<p>Der Ortsb\u00fcrgermeister von Schwedelbach-P\u00f6rrbach, Henning Schauml\u00f6ffel, dankte dem Heimatverein P\u00f6rrbach sehr herzlich f\u00fcr diese gro\u00dfartige Aktion.<\/p>\n<p>&nbsp;<\/p>\n","protected":false},"excerpt":{"rendered":"<p>Die Holzkonstruktion des Unterstands an der Bushaltestelle in P\u00f6rrbach erhielt auf Initiative des Heimatvereins eine neue Beschichtung. Die verwitterte Altbeschichtung wurde geschliffen und mehrmals mit Holzschutzlasur erneuert. Der Heimatverein P\u00f6rrbach organisierte alle erforderlichen Arbeiten und \u00fcbernimmt s\u00e4mtliche Kosten der Renovierung. Der Ortsb\u00fcrgermeister von Schwedelbach-P\u00f6rrbach, Henning Schauml\u00f6ffel, dankte dem Heimatverein P\u00f6rrbach sehr herzlich f\u00fcr diese gro\u00dfartige &hellip; <\/p>\n<p><a class=\"more-link btn\" href=\"https:\/\/www.xn--heimatverein-prrbach-hbc.de\/?page_id=2806\">Weiterlesen<\/a><\/p>\n","protected":false},"author":2,"featured_media":0,"parent":2788,"menu_order":58,"comment_status":"closed","ping_status":"closed","template":"","meta":{"footnotes":""},"class_list":["post-2806","page","type-page","status-publish","hentry","nodate","item-wrap"],"_links":{"self":[{"href":"https:\/\/www.xn--heimatverein-prrbach-hbc.de\/index.php?rest_route=\/wp\/v2\/pages\/2806","targetHints":{"allow":["GET"]}}],"collection":[{"href":"https:\/\/www.xn--heimatverein-prrbach-hbc.de\/index.php?rest_route=\/wp\/v2\/pages"}],"about":[{"href":"https:\/\/www.xn--heimatverein-prrbach-hbc.de\/index.php?rest_route=\/wp\/v2\/types\/page"}],"author":[{"embeddable":true,"href":"https:\/\/www.xn--heimatverein-prrbach-hbc.de\/index.php?rest_route=\/wp\/v2\/users\/2"}],"replies":[{"embeddable":true,"href":"https:\/\/www.xn--heimatverein-prrbach-hbc.de\/index.php?rest_route=%2Fwp%2Fv2%2Fcomments&post=2806"}],"version-history":[{"count":2,"href":"https:\/\/www.xn--heimatverein-prrbach-hbc.de\/index.php?rest_route=\/wp\/v2\/pages\/2806\/revisions"}],"predecessor-version":[{"id":2814,"href":"https:\/\/www.xn--heimatverein-prrbach-hbc.de\/index.php?rest_route=\/wp\/v2\/pages\/2806\/revisions\/2814"}],"up":[{"embeddable":true,"href":"https:\/\/www.xn--heimatverein-prrbach-hbc.de\/index.php?rest_route=\/wp\/v2\/pages\/2788"}],"wp:attachment":[{"href":"https:\/\/www.xn--heimatverein-prrbach-hbc.de\/index.php?rest_route=%2Fwp%2Fv2%2Fmedia&parent=2806"}],"curies":[{"name":"wp","href":"https:\/\/api.w.org\/{rel}","templated":true}]}}