{"id":2655,"date":"2024-11-19T19:41:58","date_gmt":"2024-11-19T17:41:58","guid":{"rendered":"https:\/\/www.xn--heimatverein-prrbach-hbc.de\/?page_id=2655"},"modified":"2024-11-21T19:15:35","modified_gmt":"2024-11-21T17:15:35","slug":"homburger-frauenkabarett-16-11-24","status":"publish","type":"page","link":"https:\/\/www.xn--heimatverein-prrbach-hbc.de\/?page_id=2655","title":{"rendered":"Homburger Frauenkabarett &#8211; 16.11.24"},"content":{"rendered":"<h3>Begeisternder Auftritt des Homburger Frauenkabaretts in Erzenhausen<\/h3>\n<p><a href=\"https:\/\/www.xn--heimatverein-prrbach-hbc.de\/wp-content\/uploads\/2024\/03\/HFK_Plakat_HVPoerrbach_16.11.24-scaled.jpg\"><img loading=\"lazy\" decoding=\"async\" class=\"alignnone wp-image-2536\" src=\"https:\/\/www.xn--heimatverein-prrbach-hbc.de\/wp-content\/uploads\/2024\/03\/HFK_Plakat_HVPoerrbach_16.11.24-214x300.jpg\" alt=\"\" width=\"350\" height=\"491\" srcset=\"https:\/\/www.xn--heimatverein-prrbach-hbc.de\/wp-content\/uploads\/2024\/03\/HFK_Plakat_HVPoerrbach_16.11.24-214x300.jpg 214w, https:\/\/www.xn--heimatverein-prrbach-hbc.de\/wp-content\/uploads\/2024\/03\/HFK_Plakat_HVPoerrbach_16.11.24-730x1024.jpg 730w, https:\/\/www.xn--heimatverein-prrbach-hbc.de\/wp-content\/uploads\/2024\/03\/HFK_Plakat_HVPoerrbach_16.11.24-768x1077.jpg 768w, https:\/\/www.xn--heimatverein-prrbach-hbc.de\/wp-content\/uploads\/2024\/03\/HFK_Plakat_HVPoerrbach_16.11.24-1095x1536.jpg 1095w, https:\/\/www.xn--heimatverein-prrbach-hbc.de\/wp-content\/uploads\/2024\/03\/HFK_Plakat_HVPoerrbach_16.11.24-1460x2048.jpg 1460w, https:\/\/www.xn--heimatverein-prrbach-hbc.de\/wp-content\/uploads\/2024\/03\/HFK_Plakat_HVPoerrbach_16.11.24-847x1188.jpg 847w, https:\/\/www.xn--heimatverein-prrbach-hbc.de\/wp-content\/uploads\/2024\/03\/HFK_Plakat_HVPoerrbach_16.11.24-scaled.jpg 1825w\" sizes=\"auto, (max-width: 350px) 100vw, 350px\" \/><\/a><\/p>\n<p>&nbsp;<\/p>\n<p>\u00dcber 200 Besucher erlebten einen fulminanten, humorvollen und abwechslungsreichen Auftritt der 5 Frauen des Homburger Frauenkabaretts auf der Heimatvereinb\u00fchne im S\u00e4ngerheim Erzenhausen.<\/p>\n<p>&nbsp;<\/p>\n<p>Wie angek\u00fcndigt ging es in ihrem Best-Off-Programm mit Witz \u2013 Satire \u2013 Zeitkritik und Nonsens thematisch Querbeet \u2013 ohne Tabus \u2013 von der Politik \u2013 \u00fcber das Zeitgeschehen \u2013 bis zum banalen und nervenden Alltag.<\/p>\n<p>&nbsp;<\/p>\n<p>Die Beschreibung aus einer fr\u00fcheren Rheinpalz-Ausgabe trifft auch auf diesen tollen Auftritt zu:<br \/>\n<em>\u201eWie diese f\u00fcnf Damen aus der Saarpfalz aber auch ihre Kritik an der Gesellschaft in saftigen Humor verpacken und auf die B\u00fchne bringen, ist einfach grandios. Sie zerpfl\u00fccken, spitzen zu, langen ganz sch\u00f6n hin, hauen Skurriles und Komisches mit jeder Menge Galgenhumor raus. Von der Kost\u00fcmierung bis zur Aussprache stimmt einfach alles. Jedes Detail sitzt, jede Geste, jede Bewegung. Schauspielkunst auf hohem Niveau mit jeder Menge Sinn f\u00fcr Ulk und Klamauk. Mit treffsicheren Pointen und starken Liedern steuern sie das Zwerchfell ohne Umwege an \u2026\u201c<br \/>\n<\/em><span style=\"font-size: 8pt;\"><em>Zitat: Die Rheinpfalz \u2013 Walter Falk<\/em><\/span><\/p>\n<p>&nbsp;<\/p>\n<p>Das Publikum bedankte sich mit st\u00fcrmischen Applaus und stehenden Ovationen.<\/p>\n<p>&nbsp;<\/p>\n<p>Der Heimatverein P\u00f6rrbach bedankt sich bei allen Helferinnen und Helfern die zum Gelingen des Abends beigetragen haben, dem gut gelaunten Publikum f\u00fcr seinen Besuch und den 5 Damen des Homburger Frauenkabaretts f\u00fcr die tolle Vorstellung und die gute Zusammenarbeit!<\/p>\n<p>&nbsp;<\/p>\n\n\t\t<style type=\"text\/css\">\n\t\t\t#gallery-1 {\n\t\t\t\tmargin: auto;\n\t\t\t}\n\t\t\t#gallery-1 .gallery-item {\n\t\t\t\tfloat: left;\n\t\t\t\tmargin-top: 10px;\n\t\t\t\ttext-align: center;\n\t\t\t\twidth: 25%;\n\t\t\t}\n\t\t\t#gallery-1 img {\n\t\t\t\tborder: 2px solid #cfcfcf;\n\t\t\t}\n\t\t\t#gallery-1 .gallery-caption {\n\t\t\t\tmargin-left: 0;\n\t\t\t}\n\t\t\t\/* see gallery_shortcode() in wp-includes\/media.php *\/\n\t\t<\/style>\n\t\t<div id='gallery-1' class='gallery galleryid-2655 gallery-columns-4 gallery-size-thumbnail'><dl class='gallery-item'>\n\t\t\t<dt class='gallery-icon landscape'>\n\t\t\t\t<a href='https:\/\/www.xn--heimatverein-prrbach-hbc.de\/?attachment_id=2669'><img loading=\"lazy\" decoding=\"async\" width=\"150\" height=\"150\" src=\"https:\/\/www.xn--heimatverein-prrbach-hbc.de\/wp-content\/uploads\/2024\/11\/HFK_HV_Poerrbach_16.11.24_007-150x150.jpg\" class=\"attachment-thumbnail size-thumbnail\" alt=\"\" \/><\/a>\n\t\t\t<\/dt><\/dl><dl class='gallery-item'>\n\t\t\t<dt class='gallery-icon landscape'>\n\t\t\t\t<a href='https:\/\/www.xn--heimatverein-prrbach-hbc.de\/?attachment_id=2670'><img loading=\"lazy\" decoding=\"async\" width=\"150\" height=\"150\" src=\"https:\/\/www.xn--heimatverein-prrbach-hbc.de\/wp-content\/uploads\/2024\/11\/HFK_HV_Poerrbach_16.11.24_008-150x150.jpg\" class=\"attachment-thumbnail size-thumbnail\" alt=\"\" \/><\/a>\n\t\t\t<\/dt><\/dl><dl class='gallery-item'>\n\t\t\t<dt class='gallery-icon landscape'>\n\t\t\t\t<a href='https:\/\/www.xn--heimatverein-prrbach-hbc.de\/?attachment_id=2671'><img loading=\"lazy\" decoding=\"async\" width=\"150\" height=\"150\" src=\"https:\/\/www.xn--heimatverein-prrbach-hbc.de\/wp-content\/uploads\/2024\/11\/HFK_HV_Poerrbach_16.11.24_012-150x150.jpg\" class=\"attachment-thumbnail size-thumbnail\" alt=\"\" \/><\/a>\n\t\t\t<\/dt><\/dl><dl class='gallery-item'>\n\t\t\t<dt class='gallery-icon landscape'>\n\t\t\t\t<a href='https:\/\/www.xn--heimatverein-prrbach-hbc.de\/?attachment_id=2672'><img loading=\"lazy\" decoding=\"async\" width=\"150\" height=\"150\" src=\"https:\/\/www.xn--heimatverein-prrbach-hbc.de\/wp-content\/uploads\/2024\/11\/HFK_HV_Poerrbach_16.11.24_021-150x150.jpg\" class=\"attachment-thumbnail size-thumbnail\" alt=\"\" \/><\/a>\n\t\t\t<\/dt><\/dl><br style=\"clear: both\" \/><dl class='gallery-item'>\n\t\t\t<dt class='gallery-icon landscape'>\n\t\t\t\t<a href='https:\/\/www.xn--heimatverein-prrbach-hbc.de\/?attachment_id=2673'><img loading=\"lazy\" decoding=\"async\" width=\"150\" height=\"150\" src=\"https:\/\/www.xn--heimatverein-prrbach-hbc.de\/wp-content\/uploads\/2024\/11\/HFK_HV_Poerrbach_16.11.24_029-150x150.jpg\" class=\"attachment-thumbnail size-thumbnail\" alt=\"\" \/><\/a>\n\t\t\t<\/dt><\/dl><dl class='gallery-item'>\n\t\t\t<dt class='gallery-icon landscape'>\n\t\t\t\t<a href='https:\/\/www.xn--heimatverein-prrbach-hbc.de\/?attachment_id=2674'><img loading=\"lazy\" decoding=\"async\" width=\"150\" height=\"150\" src=\"https:\/\/www.xn--heimatverein-prrbach-hbc.de\/wp-content\/uploads\/2024\/11\/HFK_HV_Poerrbach_16.11.24_034-150x150.jpg\" class=\"attachment-thumbnail size-thumbnail\" alt=\"\" \/><\/a>\n\t\t\t<\/dt><\/dl><dl class='gallery-item'>\n\t\t\t<dt class='gallery-icon landscape'>\n\t\t\t\t<a href='https:\/\/www.xn--heimatverein-prrbach-hbc.de\/?attachment_id=2675'><img loading=\"lazy\" decoding=\"async\" width=\"150\" height=\"150\" src=\"https:\/\/www.xn--heimatverein-prrbach-hbc.de\/wp-content\/uploads\/2024\/11\/HFK_HV_Poerrbach_16.11.24_040-150x150.jpg\" class=\"attachment-thumbnail size-thumbnail\" alt=\"\" \/><\/a>\n\t\t\t<\/dt><\/dl><dl class='gallery-item'>\n\t\t\t<dt class='gallery-icon portrait'>\n\t\t\t\t<a href='https:\/\/www.xn--heimatverein-prrbach-hbc.de\/?attachment_id=2676'><img loading=\"lazy\" decoding=\"async\" width=\"150\" height=\"150\" src=\"https:\/\/www.xn--heimatverein-prrbach-hbc.de\/wp-content\/uploads\/2024\/11\/HFK_HV_Poerrbach_16.11.24_043-150x150.jpg\" class=\"attachment-thumbnail size-thumbnail\" alt=\"\" \/><\/a>\n\t\t\t<\/dt><\/dl><br style=\"clear: both\" \/><dl class='gallery-item'>\n\t\t\t<dt class='gallery-icon landscape'>\n\t\t\t\t<a href='https:\/\/www.xn--heimatverein-prrbach-hbc.de\/?attachment_id=2677'><img loading=\"lazy\" decoding=\"async\" width=\"150\" height=\"150\" src=\"https:\/\/www.xn--heimatverein-prrbach-hbc.de\/wp-content\/uploads\/2024\/11\/HFK_HV_Poerrbach_16.11.24_045-150x150.jpg\" class=\"attachment-thumbnail size-thumbnail\" alt=\"\" \/><\/a>\n\t\t\t<\/dt><\/dl><dl class='gallery-item'>\n\t\t\t<dt class='gallery-icon landscape'>\n\t\t\t\t<a href='https:\/\/www.xn--heimatverein-prrbach-hbc.de\/?attachment_id=2678'><img loading=\"lazy\" decoding=\"async\" width=\"150\" height=\"150\" src=\"https:\/\/www.xn--heimatverein-prrbach-hbc.de\/wp-content\/uploads\/2024\/11\/HFK_HV_Poerrbach_16.11.24_054-150x150.jpg\" class=\"attachment-thumbnail size-thumbnail\" alt=\"\" \/><\/a>\n\t\t\t<\/dt><\/dl><dl class='gallery-item'>\n\t\t\t<dt class='gallery-icon landscape'>\n\t\t\t\t<a href='https:\/\/www.xn--heimatverein-prrbach-hbc.de\/?attachment_id=2679'><img loading=\"lazy\" decoding=\"async\" width=\"150\" height=\"150\" src=\"https:\/\/www.xn--heimatverein-prrbach-hbc.de\/wp-content\/uploads\/2024\/11\/HFK_HV_Poerrbach_16.11.24_056-150x150.jpg\" class=\"attachment-thumbnail size-thumbnail\" alt=\"\" \/><\/a>\n\t\t\t<\/dt><\/dl><dl class='gallery-item'>\n\t\t\t<dt class='gallery-icon landscape'>\n\t\t\t\t<a href='https:\/\/www.xn--heimatverein-prrbach-hbc.de\/?attachment_id=2680'><img loading=\"lazy\" decoding=\"async\" width=\"150\" height=\"150\" src=\"https:\/\/www.xn--heimatverein-prrbach-hbc.de\/wp-content\/uploads\/2024\/11\/HFK_HV_Poerrbach_16.11.24_070-150x150.jpg\" class=\"attachment-thumbnail size-thumbnail\" alt=\"\" \/><\/a>\n\t\t\t<\/dt><\/dl><br style=\"clear: both\" \/><dl class='gallery-item'>\n\t\t\t<dt class='gallery-icon landscape'>\n\t\t\t\t<a href='https:\/\/www.xn--heimatverein-prrbach-hbc.de\/?attachment_id=2681'><img loading=\"lazy\" decoding=\"async\" width=\"150\" height=\"150\" src=\"https:\/\/www.xn--heimatverein-prrbach-hbc.de\/wp-content\/uploads\/2024\/11\/HFK_HV_Poerrbach_16.11.24_072-150x150.jpg\" class=\"attachment-thumbnail size-thumbnail\" alt=\"\" \/><\/a>\n\t\t\t<\/dt><\/dl><dl class='gallery-item'>\n\t\t\t<dt class='gallery-icon landscape'>\n\t\t\t\t<a href='https:\/\/www.xn--heimatverein-prrbach-hbc.de\/?attachment_id=2682'><img loading=\"lazy\" decoding=\"async\" width=\"150\" height=\"150\" src=\"https:\/\/www.xn--heimatverein-prrbach-hbc.de\/wp-content\/uploads\/2024\/11\/HFK_HV_Poerrbach_16.11.24_073-150x150.jpg\" class=\"attachment-thumbnail size-thumbnail\" alt=\"\" \/><\/a>\n\t\t\t<\/dt><\/dl><dl class='gallery-item'>\n\t\t\t<dt class='gallery-icon landscape'>\n\t\t\t\t<a href='https:\/\/www.xn--heimatverein-prrbach-hbc.de\/?attachment_id=2687'><img loading=\"lazy\" decoding=\"async\" width=\"150\" height=\"150\" src=\"https:\/\/www.xn--heimatverein-prrbach-hbc.de\/wp-content\/uploads\/2024\/11\/HFK_HV_Poerrbach_16.11.24_74-150x150.jpg\" class=\"attachment-thumbnail size-thumbnail\" alt=\"\" \/><\/a>\n\t\t\t<\/dt><\/dl>\n\t\t\t<br style='clear: both' \/>\n\t\t<\/div>\n\n<p>&nbsp;<\/p>\n","protected":false},"excerpt":{"rendered":"<p>Begeisternder Auftritt des Homburger Frauenkabaretts in Erzenhausen &nbsp; \u00dcber 200 Besucher erlebten einen fulminanten, humorvollen und abwechslungsreichen Auftritt der 5 Frauen des Homburger Frauenkabaretts auf der Heimatvereinb\u00fchne im S\u00e4ngerheim Erzenhausen. &nbsp; Wie angek\u00fcndigt ging es in ihrem Best-Off-Programm mit Witz \u2013 Satire \u2013 Zeitkritik und Nonsens thematisch Querbeet \u2013 ohne Tabus \u2013 von der Politik &hellip; <\/p>\n<p><a class=\"more-link btn\" href=\"https:\/\/www.xn--heimatverein-prrbach-hbc.de\/?page_id=2655\">Weiterlesen<\/a><\/p>\n","protected":false},"author":2,"featured_media":2671,"parent":2552,"menu_order":39,"comment_status":"closed","ping_status":"closed","template":"","meta":{"footnotes":""},"class_list":["post-2655","page","type-page","status-publish","has-post-thumbnail","hentry","nodate","item-wrap"],"_links":{"self":[{"href":"https:\/\/www.xn--heimatverein-prrbach-hbc.de\/index.php?rest_route=\/wp\/v2\/pages\/2655","targetHints":{"allow":["GET"]}}],"collection":[{"href":"https:\/\/www.xn--heimatverein-prrbach-hbc.de\/index.php?rest_route=\/wp\/v2\/pages"}],"about":[{"href":"https:\/\/www.xn--heimatverein-prrbach-hbc.de\/index.php?rest_route=\/wp\/v2\/types\/page"}],"author":[{"embeddable":true,"href":"https:\/\/www.xn--heimatverein-prrbach-hbc.de\/index.php?rest_route=\/wp\/v2\/users\/2"}],"replies":[{"embeddable":true,"href":"https:\/\/www.xn--heimatverein-prrbach-hbc.de\/index.php?rest_route=%2Fwp%2Fv2%2Fcomments&post=2655"}],"version-history":[{"count":9,"href":"https:\/\/www.xn--heimatverein-prrbach-hbc.de\/index.php?rest_route=\/wp\/v2\/pages\/2655\/revisions"}],"predecessor-version":[{"id":2688,"href":"https:\/\/www.xn--heimatverein-prrbach-hbc.de\/index.php?rest_route=\/wp\/v2\/pages\/2655\/revisions\/2688"}],"up":[{"embeddable":true,"href":"https:\/\/www.xn--heimatverein-prrbach-hbc.de\/index.php?rest_route=\/wp\/v2\/pages\/2552"}],"wp:featuredmedia":[{"embeddable":true,"href":"https:\/\/www.xn--heimatverein-prrbach-hbc.de\/index.php?rest_route=\/wp\/v2\/media\/2671"}],"wp:attachment":[{"href":"https:\/\/www.xn--heimatverein-prrbach-hbc.de\/index.php?rest_route=%2Fwp%2Fv2%2Fmedia&parent=2655"}],"curies":[{"name":"wp","href":"https:\/\/api.w.org\/{rel}","templated":true}]}}