{"id":2631,"date":"2024-10-15T16:36:56","date_gmt":"2024-10-15T14:36:56","guid":{"rendered":"https:\/\/www.xn--heimatverein-prrbach-hbc.de\/?page_id=2631"},"modified":"2024-10-15T16:36:56","modified_gmt":"2024-10-15T14:36:56","slug":"herbstwanderung-2024","status":"publish","type":"page","link":"https:\/\/www.xn--heimatverein-prrbach-hbc.de\/?page_id=2631","title":{"rendered":"Herbstwanderung 2024"},"content":{"rendered":"<h3>03.10.24 \u2013 Herbstwanderung durch die heimischen W\u00e4lder<\/h3>\n<p><a href=\"https:\/\/www.xn--heimatverein-prrbach-hbc.de\/wp-content\/uploads\/2016\/09\/Herbstwanderung.jpg\"><img loading=\"lazy\" decoding=\"async\" class=\"alignnone wp-image-1223 size-medium\" src=\"https:\/\/www.xn--heimatverein-prrbach-hbc.de\/wp-content\/uploads\/2016\/09\/Herbstwanderung-300x173.jpg\" alt=\"\" width=\"300\" height=\"173\" srcset=\"https:\/\/www.xn--heimatverein-prrbach-hbc.de\/wp-content\/uploads\/2016\/09\/Herbstwanderung-300x173.jpg 300w, https:\/\/www.xn--heimatverein-prrbach-hbc.de\/wp-content\/uploads\/2016\/09\/Herbstwanderung.jpg 400w\" sizes=\"auto, (max-width: 300px) 100vw, 300px\" \/><\/a><\/p>\n<p>Wir laden alle Mitglieder sowie alle Mitb\u00fcrgerinnen und Mitb\u00fcrger zu unserer traditionellen Herbstwanderung am <strong>Donnerstag<\/strong>, den<strong> 03.10.2024<\/strong> recht herzlich ein.<\/p>\n<p>Start unserer ca. 8 km langen Rundwanderung durch die heimischen W\u00e4lder ist um <strong>14:00 Uhr<\/strong> am <strong>\u201eP\u00f6rrbacher Hof\u201c<\/strong>, Talstra\u00dfe 16 in 67685 Schwedelbach.<\/p>\n<p>Bei einer Pause versorgen wir Euch mit Erfrischungsgetr\u00e4nken.<\/p>\n<p>Zum Abschluss unserer Wanderung besteht die M\u00f6glichkeit auf ein gem\u00fctliches Beisammensein im \u201eP\u00f6rrbacher Hof\u201c.<\/p>\n<p>Die Vorstandschaft des Heimatvereins freut sich auf zahlreiche Wanderer.<\/p>\n\n\t\t<style type=\"text\/css\">\n\t\t\t#gallery-1 {\n\t\t\t\tmargin: auto;\n\t\t\t}\n\t\t\t#gallery-1 .gallery-item {\n\t\t\t\tfloat: left;\n\t\t\t\tmargin-top: 10px;\n\t\t\t\ttext-align: center;\n\t\t\t\twidth: 25%;\n\t\t\t}\n\t\t\t#gallery-1 img {\n\t\t\t\tborder: 2px solid #cfcfcf;\n\t\t\t}\n\t\t\t#gallery-1 .gallery-caption {\n\t\t\t\tmargin-left: 0;\n\t\t\t}\n\t\t\t\/* see gallery_shortcode() in wp-includes\/media.php *\/\n\t\t<\/style>\n\t\t<div id='gallery-1' class='gallery galleryid-2631 gallery-columns-4 gallery-size-thumbnail'><dl class='gallery-item'>\n\t\t\t<dt class='gallery-icon portrait'>\n\t\t\t\t<a href='https:\/\/www.xn--heimatverein-prrbach-hbc.de\/?attachment_id=2633'><img loading=\"lazy\" decoding=\"async\" width=\"150\" height=\"150\" src=\"https:\/\/www.xn--heimatverein-prrbach-hbc.de\/wp-content\/uploads\/2024\/10\/HVPoerrbach_Wanderung_03.10.24_2-150x150.jpg\" class=\"attachment-thumbnail size-thumbnail\" alt=\"\" \/><\/a>\n\t\t\t<\/dt><\/dl><dl class='gallery-item'>\n\t\t\t<dt class='gallery-icon landscape'>\n\t\t\t\t<a href='https:\/\/www.xn--heimatverein-prrbach-hbc.de\/?attachment_id=2634'><img loading=\"lazy\" decoding=\"async\" width=\"150\" height=\"150\" src=\"https:\/\/www.xn--heimatverein-prrbach-hbc.de\/wp-content\/uploads\/2024\/10\/HVPoerrbach_Wanderung_03.10.24_3-150x150.jpg\" class=\"attachment-thumbnail size-thumbnail\" alt=\"\" \/><\/a>\n\t\t\t<\/dt><\/dl><dl class='gallery-item'>\n\t\t\t<dt class='gallery-icon landscape'>\n\t\t\t\t<a href='https:\/\/www.xn--heimatverein-prrbach-hbc.de\/?attachment_id=2635'><img loading=\"lazy\" decoding=\"async\" width=\"150\" height=\"150\" src=\"https:\/\/www.xn--heimatverein-prrbach-hbc.de\/wp-content\/uploads\/2024\/10\/HVPoerrbach_Wanderung_03.10.24_4-150x150.jpg\" class=\"attachment-thumbnail size-thumbnail\" alt=\"\" \/><\/a>\n\t\t\t<\/dt><\/dl><dl class='gallery-item'>\n\t\t\t<dt class='gallery-icon portrait'>\n\t\t\t\t<a href='https:\/\/www.xn--heimatverein-prrbach-hbc.de\/?attachment_id=2636'><img loading=\"lazy\" decoding=\"async\" width=\"150\" height=\"150\" src=\"https:\/\/www.xn--heimatverein-prrbach-hbc.de\/wp-content\/uploads\/2024\/10\/HVPoerrbach_Wanderung_03.10.24_5-150x150.jpg\" class=\"attachment-thumbnail size-thumbnail\" alt=\"\" \/><\/a>\n\t\t\t<\/dt><\/dl><br style=\"clear: both\" \/>\n\t\t<\/div>\n\n","protected":false},"excerpt":{"rendered":"<p>03.10.24 \u2013 Herbstwanderung durch die heimischen W\u00e4lder Wir laden alle Mitglieder sowie alle Mitb\u00fcrgerinnen und Mitb\u00fcrger zu unserer traditionellen Herbstwanderung am Donnerstag, den 03.10.2024 recht herzlich ein. Start unserer ca. 8 km langen Rundwanderung durch die heimischen W\u00e4lder ist um 14:00 Uhr am \u201eP\u00f6rrbacher Hof\u201c, Talstra\u00dfe 16 in 67685 Schwedelbach. Bei einer Pause versorgen wir &hellip; <\/p>\n<p><a class=\"more-link btn\" href=\"https:\/\/www.xn--heimatverein-prrbach-hbc.de\/?page_id=2631\">Weiterlesen<\/a><\/p>\n","protected":false},"author":2,"featured_media":2634,"parent":2552,"menu_order":51,"comment_status":"closed","ping_status":"closed","template":"","meta":{"footnotes":""},"class_list":["post-2631","page","type-page","status-publish","has-post-thumbnail","hentry","nodate","item-wrap"],"_links":{"self":[{"href":"https:\/\/www.xn--heimatverein-prrbach-hbc.de\/index.php?rest_route=\/wp\/v2\/pages\/2631","targetHints":{"allow":["GET"]}}],"collection":[{"href":"https:\/\/www.xn--heimatverein-prrbach-hbc.de\/index.php?rest_route=\/wp\/v2\/pages"}],"about":[{"href":"https:\/\/www.xn--heimatverein-prrbach-hbc.de\/index.php?rest_route=\/wp\/v2\/types\/page"}],"author":[{"embeddable":true,"href":"https:\/\/www.xn--heimatverein-prrbach-hbc.de\/index.php?rest_route=\/wp\/v2\/users\/2"}],"replies":[{"embeddable":true,"href":"https:\/\/www.xn--heimatverein-prrbach-hbc.de\/index.php?rest_route=%2Fwp%2Fv2%2Fcomments&post=2631"}],"version-history":[{"count":2,"href":"https:\/\/www.xn--heimatverein-prrbach-hbc.de\/index.php?rest_route=\/wp\/v2\/pages\/2631\/revisions"}],"predecessor-version":[{"id":2637,"href":"https:\/\/www.xn--heimatverein-prrbach-hbc.de\/index.php?rest_route=\/wp\/v2\/pages\/2631\/revisions\/2637"}],"up":[{"embeddable":true,"href":"https:\/\/www.xn--heimatverein-prrbach-hbc.de\/index.php?rest_route=\/wp\/v2\/pages\/2552"}],"wp:featuredmedia":[{"embeddable":true,"href":"https:\/\/www.xn--heimatverein-prrbach-hbc.de\/index.php?rest_route=\/wp\/v2\/media\/2634"}],"wp:attachment":[{"href":"https:\/\/www.xn--heimatverein-prrbach-hbc.de\/index.php?rest_route=%2Fwp%2Fv2%2Fmedia&parent=2631"}],"curies":[{"name":"wp","href":"https:\/\/api.w.org\/{rel}","templated":true}]}}