{"id":2554,"date":"2024-07-06T10:33:44","date_gmt":"2024-07-06T08:33:44","guid":{"rendered":"https:\/\/www.xn--heimatverein-prrbach-hbc.de\/?page_id=2554"},"modified":"2024-07-06T11:07:00","modified_gmt":"2024-07-06T09:07:00","slug":"pfaelzer-genusswanderung-2024","status":"publish","type":"page","link":"https:\/\/www.xn--heimatverein-prrbach-hbc.de\/?page_id=2554","title":{"rendered":"Pf\u00e4lzer Genusswanderung 2024"},"content":{"rendered":"<h4>Gute Stimmung am Stand des Heimatvereins mit zahlreichen Wanderern bei Hausmacher Broten, K\u00e4sespie\u00dfen, guten pf\u00e4lzer Weinen und pf\u00e4lzer Livemusik.<\/h4>\n\n\t\t<style type=\"text\/css\">\n\t\t\t#gallery-1 {\n\t\t\t\tmargin: auto;\n\t\t\t}\n\t\t\t#gallery-1 .gallery-item {\n\t\t\t\tfloat: left;\n\t\t\t\tmargin-top: 10px;\n\t\t\t\ttext-align: center;\n\t\t\t\twidth: 33%;\n\t\t\t}\n\t\t\t#gallery-1 img {\n\t\t\t\tborder: 2px solid #cfcfcf;\n\t\t\t}\n\t\t\t#gallery-1 .gallery-caption {\n\t\t\t\tmargin-left: 0;\n\t\t\t}\n\t\t\t\/* see gallery_shortcode() in wp-includes\/media.php *\/\n\t\t<\/style>\n\t\t<div id='gallery-1' class='gallery galleryid-2554 gallery-columns-3 gallery-size-thumbnail'><dl class='gallery-item'>\n\t\t\t<dt class='gallery-icon landscape'>\n\t\t\t\t<a href='https:\/\/www.xn--heimatverein-prrbach-hbc.de\/?attachment_id=2569'><img loading=\"lazy\" decoding=\"async\" width=\"150\" height=\"150\" src=\"https:\/\/www.xn--heimatverein-prrbach-hbc.de\/wp-content\/uploads\/2024\/07\/Genusswanderung_21.04.24_0-150x150.jpg\" class=\"attachment-thumbnail size-thumbnail\" alt=\"\" \/><\/a>\n\t\t\t<\/dt><\/dl><dl class='gallery-item'>\n\t\t\t<dt class='gallery-icon landscape'>\n\t\t\t\t<a href='https:\/\/www.xn--heimatverein-prrbach-hbc.de\/?attachment_id=2564'><img loading=\"lazy\" decoding=\"async\" width=\"150\" height=\"150\" src=\"https:\/\/www.xn--heimatverein-prrbach-hbc.de\/wp-content\/uploads\/2024\/07\/Genusswanderung_21.04.24_1-150x150.jpg\" class=\"attachment-thumbnail size-thumbnail\" alt=\"\" \/><\/a>\n\t\t\t<\/dt><\/dl><dl class='gallery-item'>\n\t\t\t<dt class='gallery-icon landscape'>\n\t\t\t\t<a href='https:\/\/www.xn--heimatverein-prrbach-hbc.de\/?attachment_id=2565'><img loading=\"lazy\" decoding=\"async\" width=\"150\" height=\"150\" src=\"https:\/\/www.xn--heimatverein-prrbach-hbc.de\/wp-content\/uploads\/2024\/07\/Genusswanderung_21.04.24_2-150x150.jpg\" class=\"attachment-thumbnail size-thumbnail\" alt=\"\" \/><\/a>\n\t\t\t<\/dt><\/dl><br style=\"clear: both\" \/><dl class='gallery-item'>\n\t\t\t<dt class='gallery-icon landscape'>\n\t\t\t\t<a href='https:\/\/www.xn--heimatverein-prrbach-hbc.de\/?attachment_id=2566'><img loading=\"lazy\" decoding=\"async\" width=\"150\" height=\"150\" src=\"https:\/\/www.xn--heimatverein-prrbach-hbc.de\/wp-content\/uploads\/2024\/07\/Genusswanderung_21.04.24_3-150x150.jpg\" class=\"attachment-thumbnail size-thumbnail\" alt=\"\" \/><\/a>\n\t\t\t<\/dt><\/dl><dl class='gallery-item'>\n\t\t\t<dt class='gallery-icon portrait'>\n\t\t\t\t<a href='https:\/\/www.xn--heimatverein-prrbach-hbc.de\/?attachment_id=2567'><img loading=\"lazy\" decoding=\"async\" width=\"150\" height=\"150\" src=\"https:\/\/www.xn--heimatverein-prrbach-hbc.de\/wp-content\/uploads\/2024\/07\/Genusswanderung_21.04.24_4-150x150.jpg\" class=\"attachment-thumbnail size-thumbnail\" alt=\"\" \/><\/a>\n\t\t\t<\/dt><\/dl><dl class='gallery-item'>\n\t\t\t<dt class='gallery-icon landscape'>\n\t\t\t\t<a href='https:\/\/www.xn--heimatverein-prrbach-hbc.de\/?attachment_id=2568'><img loading=\"lazy\" decoding=\"async\" width=\"150\" height=\"150\" src=\"https:\/\/www.xn--heimatverein-prrbach-hbc.de\/wp-content\/uploads\/2024\/07\/Genusswanderung_21.04.24_5-150x150.jpg\" class=\"attachment-thumbnail size-thumbnail\" alt=\"\" \/><\/a>\n\t\t\t<\/dt><\/dl><br style=\"clear: both\" \/>\n\t\t<\/div>\n\n<p><a href=\"https:\/\/www.xn--heimatverein-prrbach-hbc.de\/wp-content\/uploads\/2024\/07\/PfaelzerGenusswanderung_RP_23.04.24.jpg\"><img loading=\"lazy\" decoding=\"async\" class=\"alignleft size-large wp-image-2562\" src=\"https:\/\/www.xn--heimatverein-prrbach-hbc.de\/wp-content\/uploads\/2024\/07\/PfaelzerGenusswanderung_RP_23.04.24-1024x630.jpg\" alt=\"\" width=\"847\" height=\"521\" srcset=\"https:\/\/www.xn--heimatverein-prrbach-hbc.de\/wp-content\/uploads\/2024\/07\/PfaelzerGenusswanderung_RP_23.04.24-1024x630.jpg 1024w, https:\/\/www.xn--heimatverein-prrbach-hbc.de\/wp-content\/uploads\/2024\/07\/PfaelzerGenusswanderung_RP_23.04.24-300x185.jpg 300w, https:\/\/www.xn--heimatverein-prrbach-hbc.de\/wp-content\/uploads\/2024\/07\/PfaelzerGenusswanderung_RP_23.04.24-768x472.jpg 768w, https:\/\/www.xn--heimatverein-prrbach-hbc.de\/wp-content\/uploads\/2024\/07\/PfaelzerGenusswanderung_RP_23.04.24-1536x945.jpg 1536w, https:\/\/www.xn--heimatverein-prrbach-hbc.de\/wp-content\/uploads\/2024\/07\/PfaelzerGenusswanderung_RP_23.04.24-847x521.jpg 847w, https:\/\/www.xn--heimatverein-prrbach-hbc.de\/wp-content\/uploads\/2024\/07\/PfaelzerGenusswanderung_RP_23.04.24.jpg 1595w\" sizes=\"auto, (max-width: 847px) 100vw, 847px\" \/><\/a><\/p>\n<p><a href=\"https:\/\/www.xn--heimatverein-prrbach-hbc.de\/wp-content\/uploads\/2024\/02\/PfaelzerGenusswanderung_SchwedelbachPoerrbach_Plakat.jpg\"><img loading=\"lazy\" decoding=\"async\" class=\"size-large wp-image-2516 alignnone\" src=\"https:\/\/www.xn--heimatverein-prrbach-hbc.de\/wp-content\/uploads\/2024\/02\/PfaelzerGenusswanderung_SchwedelbachPoerrbach_Plakat-720x1024.jpg\" alt=\"\" width=\"720\" height=\"1024\" data-wp-editing=\"1\" srcset=\"https:\/\/www.xn--heimatverein-prrbach-hbc.de\/wp-content\/uploads\/2024\/02\/PfaelzerGenusswanderung_SchwedelbachPoerrbach_Plakat-720x1024.jpg 720w, https:\/\/www.xn--heimatverein-prrbach-hbc.de\/wp-content\/uploads\/2024\/02\/PfaelzerGenusswanderung_SchwedelbachPoerrbach_Plakat-211x300.jpg 211w, https:\/\/www.xn--heimatverein-prrbach-hbc.de\/wp-content\/uploads\/2024\/02\/PfaelzerGenusswanderung_SchwedelbachPoerrbach_Plakat-768x1092.jpg 768w, https:\/\/www.xn--heimatverein-prrbach-hbc.de\/wp-content\/uploads\/2024\/02\/PfaelzerGenusswanderung_SchwedelbachPoerrbach_Plakat-1080x1536.jpg 1080w, https:\/\/www.xn--heimatverein-prrbach-hbc.de\/wp-content\/uploads\/2024\/02\/PfaelzerGenusswanderung_SchwedelbachPoerrbach_Plakat-847x1205.jpg 847w, https:\/\/www.xn--heimatverein-prrbach-hbc.de\/wp-content\/uploads\/2024\/02\/PfaelzerGenusswanderung_SchwedelbachPoerrbach_Plakat.jpg 1170w\" sizes=\"auto, (max-width: 720px) 100vw, 720px\" \/><\/a><\/p>\n<p><a href=\"https:\/\/www.heimatverein-p\u00f6rrbach.de\/wp-content\/uploads\/2022\/03\/Wanderkarte_Schwedelbach_Poerrbach.pdf\">Wanderkarte Schwedelbach_P\u00f6rrbach<\/a><\/p>\n","protected":false},"excerpt":{"rendered":"<p>Gute Stimmung am Stand des Heimatvereins mit zahlreichen Wanderern bei Hausmacher Broten, K\u00e4sespie\u00dfen, guten pf\u00e4lzer Weinen und pf\u00e4lzer Livemusik. Wanderkarte Schwedelbach_P\u00f6rrbach<\/p>\n","protected":false},"author":2,"featured_media":0,"parent":2552,"menu_order":64,"comment_status":"closed","ping_status":"closed","template":"","meta":{"footnotes":""},"class_list":["post-2554","page","type-page","status-publish","hentry","nodate","item-wrap"],"_links":{"self":[{"href":"https:\/\/www.xn--heimatverein-prrbach-hbc.de\/index.php?rest_route=\/wp\/v2\/pages\/2554","targetHints":{"allow":["GET"]}}],"collection":[{"href":"https:\/\/www.xn--heimatverein-prrbach-hbc.de\/index.php?rest_route=\/wp\/v2\/pages"}],"about":[{"href":"https:\/\/www.xn--heimatverein-prrbach-hbc.de\/index.php?rest_route=\/wp\/v2\/types\/page"}],"author":[{"embeddable":true,"href":"https:\/\/www.xn--heimatverein-prrbach-hbc.de\/index.php?rest_route=\/wp\/v2\/users\/2"}],"replies":[{"embeddable":true,"href":"https:\/\/www.xn--heimatverein-prrbach-hbc.de\/index.php?rest_route=%2Fwp%2Fv2%2Fcomments&post=2554"}],"version-history":[{"count":6,"href":"https:\/\/www.xn--heimatverein-prrbach-hbc.de\/index.php?rest_route=\/wp\/v2\/pages\/2554\/revisions"}],"predecessor-version":[{"id":2570,"href":"https:\/\/www.xn--heimatverein-prrbach-hbc.de\/index.php?rest_route=\/wp\/v2\/pages\/2554\/revisions\/2570"}],"up":[{"embeddable":true,"href":"https:\/\/www.xn--heimatverein-prrbach-hbc.de\/index.php?rest_route=\/wp\/v2\/pages\/2552"}],"wp:attachment":[{"href":"https:\/\/www.xn--heimatverein-prrbach-hbc.de\/index.php?rest_route=%2Fwp%2Fv2%2Fmedia&parent=2554"}],"curies":[{"name":"wp","href":"https:\/\/api.w.org\/{rel}","templated":true}]}}