{"id":2445,"date":"2023-11-15T17:53:45","date_gmt":"2023-11-15T15:53:45","guid":{"rendered":"https:\/\/www.xn--heimatverein-prrbach-hbc.de\/?page_id=2445"},"modified":"2023-11-16T17:57:49","modified_gmt":"2023-11-16T15:57:49","slug":"comedytheater-mit-tim-poschmann","status":"publish","type":"page","link":"https:\/\/www.xn--heimatverein-prrbach-hbc.de\/?page_id=2445","title":{"rendered":"Comedytheater mit Tim Poschmann"},"content":{"rendered":"\r\n\r\n\r\n\r\n\r\n<figure class=\"wp-block-image size-large is-resized\">Toller Abend &#8211; Voller Saal!<br \/>Danke an Tim f\u00fcr den lustigen Abend und an das wunderbare Publikum!<\/figure>\r\n<figure class=\"wp-block-image size-large is-resized\"><a href=\"https:\/\/www.xn--heimatverein-prrbach-hbc.de\/wp-content\/uploads\/2023\/04\/img-Website_Erzenhausen_VorDerEhe.jpg\"><img loading=\"lazy\" decoding=\"async\" class=\"alignleft wp-image-2307\" src=\"https:\/\/www.xn--heimatverein-prrbach-hbc.de\/wp-content\/uploads\/2023\/04\/img-Website_Erzenhausen_VorDerEhe-731x1024.jpg\" alt=\"\" width=\"339\" height=\"475\" srcset=\"https:\/\/www.xn--heimatverein-prrbach-hbc.de\/wp-content\/uploads\/2023\/04\/img-Website_Erzenhausen_VorDerEhe-731x1024.jpg 731w, https:\/\/www.xn--heimatverein-prrbach-hbc.de\/wp-content\/uploads\/2023\/04\/img-Website_Erzenhausen_VorDerEhe-214x300.jpg 214w, https:\/\/www.xn--heimatverein-prrbach-hbc.de\/wp-content\/uploads\/2023\/04\/img-Website_Erzenhausen_VorDerEhe-768x1075.jpg 768w, https:\/\/www.xn--heimatverein-prrbach-hbc.de\/wp-content\/uploads\/2023\/04\/img-Website_Erzenhausen_VorDerEhe-1097x1536.jpg 1097w, https:\/\/www.xn--heimatverein-prrbach-hbc.de\/wp-content\/uploads\/2023\/04\/img-Website_Erzenhausen_VorDerEhe.jpg 1200w\" sizes=\"auto, (max-width: 339px) 100vw, 339px\" \/><\/a><\/figure>\r\n\r\n\r\n\r\n<p>VOR DER EHE WOLLT ICH EWIG LEBEN von Stephan Bauer<\/p>\r\n<p>&nbsp;<\/p>\r\n<p>Jeder kennt sie, die M\u00fcdigkeit in der Beziehung, wenn man nach einigen Jahren ratlos in das Gesicht des Partners schaut und sich klar wird: \u201eVor der Ehe wollte ich ewig leben\u201c.Viele hatten so ihre Tr\u00e4ume von einem gl\u00fccklichen und erf\u00fcllten Dasein. Mit 25 heiratet man den Menschen, der einem den Verstand wegbu&#8230;, mit 50 stellt man fest: Es ist ihm gelungen. Ist denn nun die Ehe trotz hoher Scheidungsraten wirklich \u00fcberholt? Sind Single-Le-ben, Abendabschlussgef\u00e4hrten und Fremdgehportale im Netz eine tragf\u00e4hige Alternative? K\u00f6nnte man nicht das alte Institut Ehe modernisieren? F\u00fcr M\u00e4nner ist es heute nicht mehr wichtig, dass eine Frau kochen kann. Wichtiger ist, dass sie keinen guten Anwalt kennt. Der Mann wei\u00df inzwischen ohnehin: Wer oben liegt, muss sp\u00fclen. Bedeutend ist doch heute nur noch, dass die Beziehung ausgeglichen ist: Einer hat also recht, der andere ist der Ehemann! Nat\u00fcrlich hat die Ehe auch ihre konformen und spannenden Seiten. Zum Beispiel, wenn man nach Hause kommt und immer dieselbe Bezugsperson hat die einen ablehnt, oder wenn man eine Lebensversicherungen aufeinander abschlie\u00dft und mit Spannung wartet wer gewinnt! Wichtig sind zweifellos auch die Regeln in einer Ehe &#8211; und die wichtigste lautet: Treue! Viele Menschen k\u00f6nnen nicht treu sein. Die Frage ist: WIESO? Bei Tieren funktioniert das doch auch? Etwa bei Pinguinen &#8211; die sind sich ein Leben lang treu! Jedoch im Gegensatz zu den Menschen sehen die halt auch alle ein Leben lang gleich aus&#8230;! Tim Poschmann &#8211; sein neues Programm, nach dem gleichnamigen Buch von Stephan Bauer, ist wie immer ein pointenpraller Mega-Spa\u00df, aber auch eine offene Abrechnung mit der Single-Gesellschaft, erodierenden Werten und dem Gef\u00fchl von \u201ealles geht\u201c.\u00a0<\/p>\r\n<p>Zu dem K\u00fcnstler: \u00a0 <a href=\"https:\/\/tim-poschmann.de\/\" target=\"_blank\" rel=\"noopener\">tim-poschmann.de<\/a>\u00a0 \u00a0 <a href=\"https:\/\/www.boulevard-deidesheim.de\/\" target=\"_blank\" rel=\"noopener\">boulevard-deidesheim.de<\/a> \u00a0<\/p>\r\n\n\t\t<style type=\"text\/css\">\n\t\t\t#gallery-1 {\n\t\t\t\tmargin: auto;\n\t\t\t}\n\t\t\t#gallery-1 .gallery-item {\n\t\t\t\tfloat: left;\n\t\t\t\tmargin-top: 10px;\n\t\t\t\ttext-align: center;\n\t\t\t\twidth: 33%;\n\t\t\t}\n\t\t\t#gallery-1 img {\n\t\t\t\tborder: 2px solid #cfcfcf;\n\t\t\t}\n\t\t\t#gallery-1 .gallery-caption {\n\t\t\t\tmargin-left: 0;\n\t\t\t}\n\t\t\t\/* see gallery_shortcode() in wp-includes\/media.php *\/\n\t\t<\/style>\n\t\t<div id='gallery-1' class='gallery galleryid-2445 gallery-columns-3 gallery-size-thumbnail'><dl class='gallery-item'>\n\t\t\t<dt class='gallery-icon landscape'>\n\t\t\t\t<a href='https:\/\/www.xn--heimatverein-prrbach-hbc.de\/?attachment_id=2457'><img loading=\"lazy\" decoding=\"async\" width=\"150\" height=\"150\" src=\"https:\/\/www.xn--heimatverein-prrbach-hbc.de\/wp-content\/uploads\/2023\/11\/Tim_Poschmann_HV_Poerrbach_03.11.23_01-150x150.jpg\" class=\"attachment-thumbnail size-thumbnail\" alt=\"\" \/><\/a>\n\t\t\t<\/dt><\/dl><dl class='gallery-item'>\n\t\t\t<dt class='gallery-icon landscape'>\n\t\t\t\t<a href='https:\/\/www.xn--heimatverein-prrbach-hbc.de\/?attachment_id=2458'><img loading=\"lazy\" decoding=\"async\" width=\"150\" height=\"150\" src=\"https:\/\/www.xn--heimatverein-prrbach-hbc.de\/wp-content\/uploads\/2023\/11\/Tim_Poschmann_HV_Poerrbach_03.11.23_02-150x150.jpg\" class=\"attachment-thumbnail size-thumbnail\" alt=\"\" \/><\/a>\n\t\t\t<\/dt><\/dl><dl class='gallery-item'>\n\t\t\t<dt class='gallery-icon landscape'>\n\t\t\t\t<a href='https:\/\/www.xn--heimatverein-prrbach-hbc.de\/?attachment_id=2459'><img loading=\"lazy\" decoding=\"async\" width=\"150\" height=\"150\" src=\"https:\/\/www.xn--heimatverein-prrbach-hbc.de\/wp-content\/uploads\/2023\/11\/Tim_Poschmann_HV_Poerrbach_03.11.23_03-150x150.jpg\" class=\"attachment-thumbnail size-thumbnail\" alt=\"\" \/><\/a>\n\t\t\t<\/dt><\/dl><br style=\"clear: both\" \/><dl class='gallery-item'>\n\t\t\t<dt class='gallery-icon landscape'>\n\t\t\t\t<a href='https:\/\/www.xn--heimatverein-prrbach-hbc.de\/?attachment_id=2460'><img loading=\"lazy\" decoding=\"async\" width=\"150\" height=\"150\" src=\"https:\/\/www.xn--heimatverein-prrbach-hbc.de\/wp-content\/uploads\/2023\/11\/Tim_Poschmann_HV_Poerrbach_03.11.23_04-150x150.jpg\" class=\"attachment-thumbnail size-thumbnail\" alt=\"\" \/><\/a>\n\t\t\t<\/dt><\/dl><dl class='gallery-item'>\n\t\t\t<dt class='gallery-icon landscape'>\n\t\t\t\t<a href='https:\/\/www.xn--heimatverein-prrbach-hbc.de\/?attachment_id=2461'><img loading=\"lazy\" decoding=\"async\" width=\"150\" height=\"150\" src=\"https:\/\/www.xn--heimatverein-prrbach-hbc.de\/wp-content\/uploads\/2023\/11\/Tim_Poschmann_HV_Poerrbach_03.11.23_05-150x150.jpg\" class=\"attachment-thumbnail size-thumbnail\" alt=\"\" \/><\/a>\n\t\t\t<\/dt><\/dl><dl class='gallery-item'>\n\t\t\t<dt class='gallery-icon portrait'>\n\t\t\t\t<a href='https:\/\/www.xn--heimatverein-prrbach-hbc.de\/?attachment_id=2462'><img loading=\"lazy\" decoding=\"async\" width=\"150\" height=\"150\" src=\"https:\/\/www.xn--heimatverein-prrbach-hbc.de\/wp-content\/uploads\/2023\/11\/Tim_Poschmann_HV_Poerrbach_03.11.23_06-150x150.jpg\" class=\"attachment-thumbnail size-thumbnail\" alt=\"\" \/><\/a>\n\t\t\t<\/dt><\/dl><br style=\"clear: both\" \/>\n\t\t<\/div>\n\r\n<p><a href=\"https:\/\/www.xn--heimatverein-prrbach-hbc.de\/wp-content\/uploads\/2023\/11\/Tim_Poschmann_HV_Poerrbach_03.11.23_Facebook_Tim.jpg\">Tim Poschmann auf Facebook<\/a><a href=\"https:\/\/www.xn--heimatverein-prrbach-hbc.de\/wp-content\/uploads\/2023\/11\/Tim_Poschmann_HV_Poerrbach_03.11.23_Facebook_Tim.jpg\"><img loading=\"lazy\" decoding=\"async\" class=\"alignleft size-large wp-image-2463\" src=\"https:\/\/www.xn--heimatverein-prrbach-hbc.de\/wp-content\/uploads\/2023\/11\/Tim_Poschmann_HV_Poerrbach_03.11.23_Facebook_Tim-1024x554.jpg\" alt=\"\" width=\"847\" height=\"458\" srcset=\"https:\/\/www.xn--heimatverein-prrbach-hbc.de\/wp-content\/uploads\/2023\/11\/Tim_Poschmann_HV_Poerrbach_03.11.23_Facebook_Tim-1024x554.jpg 1024w, https:\/\/www.xn--heimatverein-prrbach-hbc.de\/wp-content\/uploads\/2023\/11\/Tim_Poschmann_HV_Poerrbach_03.11.23_Facebook_Tim-300x162.jpg 300w, https:\/\/www.xn--heimatverein-prrbach-hbc.de\/wp-content\/uploads\/2023\/11\/Tim_Poschmann_HV_Poerrbach_03.11.23_Facebook_Tim-768x416.jpg 768w, https:\/\/www.xn--heimatverein-prrbach-hbc.de\/wp-content\/uploads\/2023\/11\/Tim_Poschmann_HV_Poerrbach_03.11.23_Facebook_Tim-847x458.jpg 847w, https:\/\/www.xn--heimatverein-prrbach-hbc.de\/wp-content\/uploads\/2023\/11\/Tim_Poschmann_HV_Poerrbach_03.11.23_Facebook_Tim.jpg 1055w\" sizes=\"auto, (max-width: 847px) 100vw, 847px\" \/><\/a><\/p>\r\n<p>&nbsp;<\/p>","protected":false},"excerpt":{"rendered":"<p>Toller Abend &#8211; Voller Saal!Danke an Tim f\u00fcr den lustigen Abend und an das wunderbare Publikum! VOR DER EHE WOLLT ICH EWIG LEBEN von Stephan Bauer &nbsp; Jeder kennt sie, die M\u00fcdigkeit in der Beziehung, wenn man nach einigen Jahren ratlos in das Gesicht des Partners schaut und sich klar wird: \u201eVor der Ehe wollte &hellip; <\/p>\n<p><a class=\"more-link btn\" href=\"https:\/\/www.xn--heimatverein-prrbach-hbc.de\/?page_id=2445\">Weiterlesen<\/a><\/p>\n","protected":false},"author":2,"featured_media":2464,"parent":2363,"menu_order":80,"comment_status":"closed","ping_status":"closed","template":"","meta":{"footnotes":""},"class_list":["post-2445","page","type-page","status-publish","has-post-thumbnail","hentry","nodate","item-wrap"],"_links":{"self":[{"href":"https:\/\/www.xn--heimatverein-prrbach-hbc.de\/index.php?rest_route=\/wp\/v2\/pages\/2445","targetHints":{"allow":["GET"]}}],"collection":[{"href":"https:\/\/www.xn--heimatverein-prrbach-hbc.de\/index.php?rest_route=\/wp\/v2\/pages"}],"about":[{"href":"https:\/\/www.xn--heimatverein-prrbach-hbc.de\/index.php?rest_route=\/wp\/v2\/types\/page"}],"author":[{"embeddable":true,"href":"https:\/\/www.xn--heimatverein-prrbach-hbc.de\/index.php?rest_route=\/wp\/v2\/users\/2"}],"replies":[{"embeddable":true,"href":"https:\/\/www.xn--heimatverein-prrbach-hbc.de\/index.php?rest_route=%2Fwp%2Fv2%2Fcomments&post=2445"}],"version-history":[{"count":8,"href":"https:\/\/www.xn--heimatverein-prrbach-hbc.de\/index.php?rest_route=\/wp\/v2\/pages\/2445\/revisions"}],"predecessor-version":[{"id":2466,"href":"https:\/\/www.xn--heimatverein-prrbach-hbc.de\/index.php?rest_route=\/wp\/v2\/pages\/2445\/revisions\/2466"}],"up":[{"embeddable":true,"href":"https:\/\/www.xn--heimatverein-prrbach-hbc.de\/index.php?rest_route=\/wp\/v2\/pages\/2363"}],"wp:featuredmedia":[{"embeddable":true,"href":"https:\/\/www.xn--heimatverein-prrbach-hbc.de\/index.php?rest_route=\/wp\/v2\/media\/2464"}],"wp:attachment":[{"href":"https:\/\/www.xn--heimatverein-prrbach-hbc.de\/index.php?rest_route=%2Fwp%2Fv2%2Fmedia&parent=2445"}],"curies":[{"name":"wp","href":"https:\/\/api.w.org\/{rel}","templated":true}]}}