{"id":2258,"date":"2022-11-30T17:18:49","date_gmt":"2022-11-30T15:18:49","guid":{"rendered":"https:\/\/www.xn--heimatverein-prrbach-hbc.de\/?page_id=2258"},"modified":"2023-11-15T17:46:49","modified_gmt":"2023-11-15T15:46:49","slug":"paelzer-cantry-baend-butzlumbe","status":"publish","type":"page","link":"https:\/\/www.xn--heimatverein-prrbach-hbc.de\/?page_id=2258","title":{"rendered":"P\u00e4lzer Cantry B\u00e4nd + Butzlumbe"},"content":{"rendered":"\r\n<p class=\"has-medium-font-size\">Ein gelungener &#8222;P\u00e4lzer Owend&#8220; mit fr\u00f6hlich, witziger Mussig un Kabarett uff P\u00e4lzisch!<\/p>\r\n<p class=\"has-large-font-size\"><img loading=\"lazy\" decoding=\"async\" class=\"wp-image-2186\" src=\"https:\/\/www.xn--heimatverein-prrbach-hbc.de\/wp-content\/uploads\/2022\/09\/Flyer_PCB_Butzlumbe_A6_05.11.22.jpg\" sizes=\"auto, (max-width: 1242px) 100vw, 1242px\" srcset=\"https:\/\/www.xn--heimatverein-prrbach-hbc.de\/wp-content\/uploads\/2022\/09\/Flyer_PCB_Butzlumbe_A6_05.11.22.jpg 1242w, https:\/\/www.xn--heimatverein-prrbach-hbc.de\/wp-content\/uploads\/2022\/09\/Flyer_PCB_Butzlumbe_A6_05.11.22-213x300.jpg 213w, https:\/\/www.xn--heimatverein-prrbach-hbc.de\/wp-content\/uploads\/2022\/09\/Flyer_PCB_Butzlumbe_A6_05.11.22-727x1024.jpg 727w, https:\/\/www.xn--heimatverein-prrbach-hbc.de\/wp-content\/uploads\/2022\/09\/Flyer_PCB_Butzlumbe_A6_05.11.22-768x1082.jpg 768w, https:\/\/www.xn--heimatverein-prrbach-hbc.de\/wp-content\/uploads\/2022\/09\/Flyer_PCB_Butzlumbe_A6_05.11.22-1090x1536.jpg 1090w\" alt=\"\" width=\"393\" height=\"554\" \/><\/p>\r\n<p class=\"has-white-color has-text-color has-small-font-size\">f<\/p>\r\n<p>\u201eFerz mit Krigge\u201c \u2013 pr\u00e4sentiert von der <strong>\u201eP\u00e4lzer Cantry B\u00e4nd\u201c<\/strong>, die \u201ekuriose Truppe mit dem Zeug zur Kultcombo\u201c!<br \/>\u201eUnbek\u00fcmmert, fr\u00f6hlich, deftig bildhaft und \u00fcberzeugend\u201c pr\u00e4sentiert sie \u201ewitzige Musik, sch\u00f6n unernst, schr\u00e4g und<br \/>immer authentisch\u201c \u2013 und vor allem: uff P\u00e4lzisch! \u2013 <a href=\"http:\/\/www.cantry.de\">www.cantry.de<\/a><\/p>\r\n<p>Die<strong> \u201eButz Lumbe\u201c<\/strong> stehen f\u00fcr unpolitisches Kabarett in Pf\u00e4lzer Mundart. Zwei waschechte Pf\u00e4lzer Buben, nehmen das<br \/>Publikum mit durch ihr Programm \u201eOhr D\u00f6\u00f6fre\u201c, gespickt mit Slapstick, Solonummern und Improvisation. Dabei wird<br \/>Pf\u00e4lzisch mit leicht hochdeutschem Akzent gebabbelt.<\/p>\r\n\n\t\t<style type=\"text\/css\">\n\t\t\t#gallery-1 {\n\t\t\t\tmargin: auto;\n\t\t\t}\n\t\t\t#gallery-1 .gallery-item {\n\t\t\t\tfloat: left;\n\t\t\t\tmargin-top: 10px;\n\t\t\t\ttext-align: center;\n\t\t\t\twidth: 25%;\n\t\t\t}\n\t\t\t#gallery-1 img {\n\t\t\t\tborder: 2px solid #cfcfcf;\n\t\t\t}\n\t\t\t#gallery-1 .gallery-caption {\n\t\t\t\tmargin-left: 0;\n\t\t\t}\n\t\t\t\/* see gallery_shortcode() in wp-includes\/media.php *\/\n\t\t<\/style>\n\t\t<div id='gallery-1' class='gallery galleryid-2258 gallery-columns-4 gallery-size-thumbnail'><dl class='gallery-item'>\n\t\t\t<dt class='gallery-icon landscape'>\n\t\t\t\t<a href='https:\/\/www.xn--heimatverein-prrbach-hbc.de\/?attachment_id=2268'><img loading=\"lazy\" decoding=\"async\" width=\"150\" height=\"150\" src=\"https:\/\/www.xn--heimatverein-prrbach-hbc.de\/wp-content\/uploads\/2022\/12\/HVP_PCB_Butzlumbe_05.11.22_1-150x150.jpg\" class=\"attachment-thumbnail size-thumbnail\" alt=\"\" \/><\/a>\n\t\t\t<\/dt><\/dl><dl class='gallery-item'>\n\t\t\t<dt class='gallery-icon landscape'>\n\t\t\t\t<a href='https:\/\/www.xn--heimatverein-prrbach-hbc.de\/?attachment_id=2269'><img loading=\"lazy\" decoding=\"async\" width=\"150\" height=\"150\" src=\"https:\/\/www.xn--heimatverein-prrbach-hbc.de\/wp-content\/uploads\/2022\/12\/HVP_PCB_Butzlumbe_05.11.22_2.jpg-150x150.jpg\" class=\"attachment-thumbnail size-thumbnail\" alt=\"\" \/><\/a>\n\t\t\t<\/dt><\/dl><dl class='gallery-item'>\n\t\t\t<dt class='gallery-icon landscape'>\n\t\t\t\t<a href='https:\/\/www.xn--heimatverein-prrbach-hbc.de\/?attachment_id=2270'><img loading=\"lazy\" decoding=\"async\" width=\"150\" height=\"150\" src=\"https:\/\/www.xn--heimatverein-prrbach-hbc.de\/wp-content\/uploads\/2022\/12\/HVP_PCB_Butzlumbe_05.11.22_3.jpg-150x150.jpg\" class=\"attachment-thumbnail size-thumbnail\" alt=\"\" \/><\/a>\n\t\t\t<\/dt><\/dl><dl class='gallery-item'>\n\t\t\t<dt class='gallery-icon landscape'>\n\t\t\t\t<a href='https:\/\/www.xn--heimatverein-prrbach-hbc.de\/?attachment_id=2272'><img loading=\"lazy\" decoding=\"async\" width=\"150\" height=\"150\" src=\"https:\/\/www.xn--heimatverein-prrbach-hbc.de\/wp-content\/uploads\/2022\/12\/HVP_PCB_Butzlumbe_05.11.22_4-150x150.jpg\" class=\"attachment-thumbnail size-thumbnail\" alt=\"\" \/><\/a>\n\t\t\t<\/dt><\/dl><br style=\"clear: both\" \/><dl class='gallery-item'>\n\t\t\t<dt class='gallery-icon portrait'>\n\t\t\t\t<a href='https:\/\/www.xn--heimatverein-prrbach-hbc.de\/?attachment_id=2273'><img loading=\"lazy\" decoding=\"async\" width=\"150\" height=\"150\" src=\"https:\/\/www.xn--heimatverein-prrbach-hbc.de\/wp-content\/uploads\/2022\/12\/HVP_PCB_Butzlumbe_05.11.22_5.jpg-150x150.jpeg\" class=\"attachment-thumbnail size-thumbnail\" alt=\"\" \/><\/a>\n\t\t\t<\/dt><\/dl><dl class='gallery-item'>\n\t\t\t<dt class='gallery-icon landscape'>\n\t\t\t\t<a href='https:\/\/www.xn--heimatverein-prrbach-hbc.de\/?attachment_id=2274'><img loading=\"lazy\" decoding=\"async\" width=\"150\" height=\"150\" src=\"https:\/\/www.xn--heimatverein-prrbach-hbc.de\/wp-content\/uploads\/2022\/12\/HVP_PCB_Butzlumbe_05.11.22_6.jpg-150x150.jpeg\" class=\"attachment-thumbnail size-thumbnail\" alt=\"\" \/><\/a>\n\t\t\t<\/dt><\/dl><dl class='gallery-item'>\n\t\t\t<dt class='gallery-icon landscape'>\n\t\t\t\t<a href='https:\/\/www.xn--heimatverein-prrbach-hbc.de\/?attachment_id=2275'><img loading=\"lazy\" decoding=\"async\" width=\"150\" height=\"150\" src=\"https:\/\/www.xn--heimatverein-prrbach-hbc.de\/wp-content\/uploads\/2022\/12\/HVP_PCB_Butzlumbe_05.11.22_7.jpg-150x150.jpeg\" class=\"attachment-thumbnail size-thumbnail\" alt=\"\" \/><\/a>\n\t\t\t<\/dt><\/dl>\n\t\t\t<br style='clear: both' \/>\n\t\t<\/div>\n\r\n<p>&nbsp;<\/p>\r\n","protected":false},"excerpt":{"rendered":"<p>Ein gelungener &#8222;P\u00e4lzer Owend&#8220; mit fr\u00f6hlich, witziger Mussig un Kabarett uff P\u00e4lzisch! f \u201eFerz mit Krigge\u201c \u2013 pr\u00e4sentiert von der \u201eP\u00e4lzer Cantry B\u00e4nd\u201c, die \u201ekuriose Truppe mit dem Zeug zur Kultcombo\u201c!\u201eUnbek\u00fcmmert, fr\u00f6hlich, deftig bildhaft und \u00fcberzeugend\u201c pr\u00e4sentiert sie \u201ewitzige Musik, sch\u00f6n unernst, schr\u00e4g undimmer authentisch\u201c \u2013 und vor allem: uff P\u00e4lzisch! \u2013 www.cantry.de Die \u201eButz &hellip; <\/p>\n<p><a class=\"more-link btn\" href=\"https:\/\/www.xn--heimatverein-prrbach-hbc.de\/?page_id=2258\">Weiterlesen<\/a><\/p>\n","protected":false},"author":2,"featured_media":2268,"parent":2134,"menu_order":81,"comment_status":"closed","ping_status":"closed","template":"","meta":{"footnotes":""},"class_list":["post-2258","page","type-page","status-publish","has-post-thumbnail","hentry","nodate","item-wrap"],"_links":{"self":[{"href":"https:\/\/www.xn--heimatverein-prrbach-hbc.de\/index.php?rest_route=\/wp\/v2\/pages\/2258","targetHints":{"allow":["GET"]}}],"collection":[{"href":"https:\/\/www.xn--heimatverein-prrbach-hbc.de\/index.php?rest_route=\/wp\/v2\/pages"}],"about":[{"href":"https:\/\/www.xn--heimatverein-prrbach-hbc.de\/index.php?rest_route=\/wp\/v2\/types\/page"}],"author":[{"embeddable":true,"href":"https:\/\/www.xn--heimatverein-prrbach-hbc.de\/index.php?rest_route=\/wp\/v2\/users\/2"}],"replies":[{"embeddable":true,"href":"https:\/\/www.xn--heimatverein-prrbach-hbc.de\/index.php?rest_route=%2Fwp%2Fv2%2Fcomments&post=2258"}],"version-history":[{"count":6,"href":"https:\/\/www.xn--heimatverein-prrbach-hbc.de\/index.php?rest_route=\/wp\/v2\/pages\/2258\/revisions"}],"predecessor-version":[{"id":2447,"href":"https:\/\/www.xn--heimatverein-prrbach-hbc.de\/index.php?rest_route=\/wp\/v2\/pages\/2258\/revisions\/2447"}],"up":[{"embeddable":true,"href":"https:\/\/www.xn--heimatverein-prrbach-hbc.de\/index.php?rest_route=\/wp\/v2\/pages\/2134"}],"wp:featuredmedia":[{"embeddable":true,"href":"https:\/\/www.xn--heimatverein-prrbach-hbc.de\/index.php?rest_route=\/wp\/v2\/media\/2268"}],"wp:attachment":[{"href":"https:\/\/www.xn--heimatverein-prrbach-hbc.de\/index.php?rest_route=%2Fwp%2Fv2%2Fmedia&parent=2258"}],"curies":[{"name":"wp","href":"https:\/\/api.w.org\/{rel}","templated":true}]}}