{"id":2146,"date":"2022-04-28T11:28:24","date_gmt":"2022-04-28T09:28:24","guid":{"rendered":"https:\/\/www.xn--heimatverein-prrbach-hbc.de\/?page_id=2146"},"modified":"2022-04-28T11:31:07","modified_gmt":"2022-04-28T09:31:07","slug":"pfaelzer-genusswanderung","status":"publish","type":"page","link":"https:\/\/www.xn--heimatverein-prrbach-hbc.de\/?page_id=2146","title":{"rendered":"Pf\u00e4lzer Genusswanderung"},"content":{"rendered":"\n<figure class=\"wp-block-gallery columns-4 is-cropped\">\n<ul class=\"blocks-gallery-grid\">\n<li class=\"blocks-gallery-item\">\n\n\t\t<style type=\"text\/css\">\n\t\t\t#gallery-1 {\n\t\t\t\tmargin: auto;\n\t\t\t}\n\t\t\t#gallery-1 .gallery-item {\n\t\t\t\tfloat: left;\n\t\t\t\tmargin-top: 10px;\n\t\t\t\ttext-align: center;\n\t\t\t\twidth: 25%;\n\t\t\t}\n\t\t\t#gallery-1 img {\n\t\t\t\tborder: 2px solid #cfcfcf;\n\t\t\t}\n\t\t\t#gallery-1 .gallery-caption {\n\t\t\t\tmargin-left: 0;\n\t\t\t}\n\t\t\t\/* see gallery_shortcode() in wp-includes\/media.php *\/\n\t\t<\/style>\n\t\t<div id='gallery-1' class='gallery galleryid-2146 gallery-columns-4 gallery-size-thumbnail'><dl class='gallery-item'>\n\t\t\t<dt class='gallery-icon landscape'>\n\t\t\t\t<a href='https:\/\/www.xn--heimatverein-prrbach-hbc.de\/?attachment_id=2142'><img loading=\"lazy\" decoding=\"async\" width=\"150\" height=\"150\" src=\"https:\/\/www.xn--heimatverein-prrbach-hbc.de\/wp-content\/uploads\/2022\/04\/HV_Poerrbach_Genusswanderung_24.04.22_01-150x150.jpg\" class=\"attachment-thumbnail size-thumbnail\" alt=\"\" \/><\/a>\n\t\t\t<\/dt><\/dl><dl class='gallery-item'>\n\t\t\t<dt class='gallery-icon landscape'>\n\t\t\t\t<a href='https:\/\/www.xn--heimatverein-prrbach-hbc.de\/?attachment_id=2143'><img loading=\"lazy\" decoding=\"async\" width=\"150\" height=\"150\" src=\"https:\/\/www.xn--heimatverein-prrbach-hbc.de\/wp-content\/uploads\/2022\/04\/HV_Poerrbach_Genusswanderung_24.04.22_02-150x150.jpg\" class=\"attachment-thumbnail size-thumbnail\" alt=\"\" \/><\/a>\n\t\t\t<\/dt><\/dl><dl class='gallery-item'>\n\t\t\t<dt class='gallery-icon landscape'>\n\t\t\t\t<a href='https:\/\/www.xn--heimatverein-prrbach-hbc.de\/?attachment_id=2144'><img loading=\"lazy\" decoding=\"async\" width=\"150\" height=\"150\" src=\"https:\/\/www.xn--heimatverein-prrbach-hbc.de\/wp-content\/uploads\/2022\/04\/HV_Poerrbach_Genusswanderung_24.04.22_03-150x150.jpg\" class=\"attachment-thumbnail size-thumbnail\" alt=\"\" \/><\/a>\n\t\t\t<\/dt><\/dl><dl class='gallery-item'>\n\t\t\t<dt class='gallery-icon landscape'>\n\t\t\t\t<a href='https:\/\/www.xn--heimatverein-prrbach-hbc.de\/?attachment_id=2141'><img loading=\"lazy\" decoding=\"async\" width=\"150\" height=\"150\" src=\"https:\/\/www.xn--heimatverein-prrbach-hbc.de\/wp-content\/uploads\/2022\/04\/HV_Poerrbach_Genusswanderung_24.04.22_04-150x150.jpg\" class=\"attachment-thumbnail size-thumbnail\" alt=\"\" \/><\/a>\n\t\t\t<\/dt><\/dl><br style=\"clear: both\" \/>\n\t\t<\/div>\n\n<\/li>\n<\/ul>\n<h3 class=\"vred-strict\">Wanderparadies Verbandsgemeinde Weilerbach <strong>(Weilerbach Aktuell 17\/22 &#8211; 28.04.22)<\/strong><\/h3>\n<p>Die Verbandsgemeinde Weilerbach ist auf dem besten Weg, sich als Wanderparadies aufzustellen. Seit vergangenem Sonntag, 24. April, bereichern gleich zwei neue Wanderwege das touristische Portfolio. Mit dem \u201eStartschuss\u201c zu einer Pf\u00e4lzer Genusswanderung hat der Schwedelbacher Ortsb\u00fcrgermeister Henning Schauml\u00f6ffel hunderte z\u00fcnftig gewandete und beschuhte Freizeitler, darunter sehr viele amerikanische Mitb\u00fcrger, den Landtagsabgeordneten und Mackenbacher Ortsb\u00fcrgermeister Daniel Sch\u00e4ffner wie auch der Erzenhausener Ortschef Klaus Urschel, auf die zwei reizvollen Rundwanderstrecken \u201elosgelassen\u201c.<\/p>\n<p>Der 8,2 km lange Pletschm\u00fchlweg verdankt seinen Namen einer M\u00fchlenvergangenheit bei P\u00f6rrbach, die 400 Jahre zur\u00fcckreicht. Das Wegweiserlogo zeigt das Fragment eines M\u00fchlenrades. Der Sandhasenweg nimmt Bezug auf den Spitz- oder Spottnamen der Schwedelbacher B\u00fcrger: \u201eSandhase\u201c. Bis vor wenigen Jahren existierte ein r\u00fchriger Wanderverein \u201ePf\u00e4lzer Sandhase\u201c. Ein hoppelnder gelber Hase auf blauem Grund begleitet die Wanderer, die der Beschilderung auf der 9,2 km langen Strecke folgen. Die ausgekl\u00fcgelte F\u00fchrung der Routen erm\u00f6glicht problemlos den Einstieg in den Pf\u00e4lzer Musikantenweg, P\u00f6rrbacher Rundweg und den Wanderweg Erzgewinnung. Lohnend sind auch Abstecher zu der Tropfsteinh\u00f6hle und an den Pottaschenweiher.<\/p>\n<p>Die Ortsgemeinde hat sich mit ihren Vereinen, Gruppierungen sowie der \u00f6rtlichen Gastronomie auch m\u00e4chtig ins Zeug gelegt, um ihren G\u00e4sten das neue Wegeangebot \u201eschmackhaft\u201c zu machen, und zwar mit Pf\u00e4lzer K\u00f6stlichkeiten an zehn Stationen. F\u00fcr das Wohl der Wandersleute sorgten der Heimatverein P\u00f6rrbach, die Sportvereinigung ESP, die Landfrauen, der Kindergarten, die Strau\u00dfjugend, die Parteien CDU, FWG und SPD, der P\u00f6rrbacher Hof sowie die Familie Gras mit Produkten ihrer Tauernscheckenziegen. Das kulinarische Angebot selbst phantasievoll und schmackhaft. Da gab es \u201eSauma vum Wild aus em P\u00e4lzerwald; Grumbeersupp vegetarisch, iss tierisch gut; gegrillter Ziegek\u00e4\u00e4s vun de Wis n\u00e4wedro uff Brod; Kaffee, Waffele un Kuche; Vielfalt vun de P\u00e4lzer Broodworscht; Grumbeerpannkuche mit Appelmus; P\u00e4lzer Tapas uff die Hand; Grieweschmalz- &amp; Hausmacherbrode; Feinstes vum Grill; Hochprozentisches, pur und gemischt\u201c und an jeder Station Kaltgetr\u00e4nke und \u201eahh a gurer Wein\u201c. Das Otterberger Forstamt beteiligte sich mit einem Infostand \u201eWald und Wild\u201c und stand mit einer gro\u00dfen Delegation von Forstleuten interessierten Spazierg\u00e4ngern Rede und Antwort.<\/p>\n<p>Ganz Schwedelbach war an diesem Sonntag ein einziger Parkplatz. Die Nummernschilder der Fahrzeuge verwiesen auf Teilnehmer nicht nur aus der Region, sogar aus Hessen und Bayern war man zu diesem Anlass in die Westpfalz gekommen.<\/p>\n<p>Vor gro\u00dfer Besucherkulisse schilderte in seiner Begr\u00fc\u00dfung Ortsb\u00fcrgermeister Henning Schauml\u00f6ffel, die Entstehungsgeschichte der Wanderwege. Nachdem Ortsbeigeordneter Achim Schauml\u00f6ffel 2020 einigen Wanderschildern im Kuseler Raum \u201enochgeloff\u201c war, kam im \u201eHeizraum\u201c bei einem Bierchen den beiden Schauml\u00f6ffels in den Sinn: \u201eDes kann mer doch aa bei uns.\u201c Die Idee fand sich z\u00fcgig auf der Tagesordnung des Gemeinderates wieder und ebenso schnell das Wohlwollen der Ratsmitglieder. Unter Einbeziehung des Tourismusbeauftragten der Verbandsgemeinde, Volker Halfmann, sowie des ausgebildeten Wanderf\u00fchrers J\u00fcrgen Wachowski (Deutscher Wanderverband) aus Otterberg machte sich eine Arbeitsgruppe an die Realisierung: Wege sondieren, Namenssuche, Logofindung, Streckenverlauf und Beschilderung. Letztere wurde in Eigenleistung in 40 Arbeitsstunden in den Monaten Februar und M\u00e4rz vorgenommen. Henning Schauml\u00f6ffel dankte ausdr\u00fccklich den Beteiligten in allen Phasen des Projektes. Diesem Dank schloss sich auch B\u00fcrgermeister Ralf Schwarm an, der sportlich ambitioniert die Strecken nicht gem\u00fctlich erwandert, sondern als bekannter L\u00e4ufer im Vorfeld erkundet hat. Er fand lobende Worte f\u00fcr die z\u00fcgige Realisierung und den informativen Flyer, der sich in der Aufmachung einheitlich am Werbeauftritt der Verbandsgemeinde orientiert. F\u00fcr ihn stellt das Angebot eine Erg\u00e4nzung der bereits bestehenden Fern- und Pr\u00e4dikatswanderwege dar und ein gute M\u00f6glichkeit, die reizvolle Region besser kennenzulernen. Einen Aufw\u00e4rtstrend des Wandertourismus erkennt J\u00fcrgen Wachowski anhand Statistiken des Deutschen Wanderverbandes, dem die beiden von ihrer L\u00e4nge her idealen Halbtagesstrecken ideal Rechnung tragen.<\/p>\n<p>Ein zus\u00e4tzliches Highlight des Tages und ein au\u00dfergew\u00f6hnliches Erlebnis f\u00fcr Gro\u00df und Klein war der Almauftrieb der Tauernscheckenziegen aus der Zucht der Familie von Michael Gras. \u00dcbrigens sorgen der Almab- und -auftrieb in sch\u00f6ner Regelm\u00e4\u00dfigkeit seit vielen Jahren im Ort f\u00fcr Aufmerksamkeit. Ein stattlicher Zug von Wanderern begleitete den Zug der Mutter- und neugierigen Jungtiere auf einer Etappe des Sandhasenweges hoch zur auf dem Heideberg befindlichen Sommeralm, angef\u00fchrt von Ortsb\u00fcrgermeister Henning Schauml\u00f6ffel und Sabine Gras.<\/p>\n\n\t\t<style type=\"text\/css\">\n\t\t\t#gallery-2 {\n\t\t\t\tmargin: auto;\n\t\t\t}\n\t\t\t#gallery-2 .gallery-item {\n\t\t\t\tfloat: left;\n\t\t\t\tmargin-top: 10px;\n\t\t\t\ttext-align: center;\n\t\t\t\twidth: 25%;\n\t\t\t}\n\t\t\t#gallery-2 img {\n\t\t\t\tborder: 2px solid #cfcfcf;\n\t\t\t}\n\t\t\t#gallery-2 .gallery-caption {\n\t\t\t\tmargin-left: 0;\n\t\t\t}\n\t\t\t\/* see gallery_shortcode() in wp-includes\/media.php *\/\n\t\t<\/style>\n\t\t<div id='gallery-2' class='gallery galleryid-2146 gallery-columns-4 gallery-size-thumbnail'><dl class='gallery-item'>\n\t\t\t<dt class='gallery-icon landscape'>\n\t\t\t\t<a href='https:\/\/www.xn--heimatverein-prrbach-hbc.de\/?attachment_id=2151'><img loading=\"lazy\" decoding=\"async\" width=\"150\" height=\"150\" src=\"https:\/\/www.xn--heimatverein-prrbach-hbc.de\/wp-content\/uploads\/2022\/04\/Genusswanderung_Buergermeister-150x150.jpg\" class=\"attachment-thumbnail size-thumbnail\" alt=\"\" \/><\/a>\n\t\t\t<\/dt><\/dl><dl class='gallery-item'>\n\t\t\t<dt class='gallery-icon portrait'>\n\t\t\t\t<a href='https:\/\/www.xn--heimatverein-prrbach-hbc.de\/?attachment_id=2153'><img loading=\"lazy\" decoding=\"async\" width=\"150\" height=\"150\" src=\"https:\/\/www.xn--heimatverein-prrbach-hbc.de\/wp-content\/uploads\/2022\/04\/Genusswanderung_Logos-150x150.jpg\" class=\"attachment-thumbnail size-thumbnail\" alt=\"\" srcset=\"https:\/\/www.xn--heimatverein-prrbach-hbc.de\/wp-content\/uploads\/2022\/04\/Genusswanderung_Logos-150x150.jpg 150w, https:\/\/www.xn--heimatverein-prrbach-hbc.de\/wp-content\/uploads\/2022\/04\/Genusswanderung_Logos-248x250.jpg 248w\" sizes=\"auto, (max-width: 150px) 100vw, 150px\" \/><\/a>\n\t\t\t<\/dt><\/dl><dl class='gallery-item'>\n\t\t\t<dt class='gallery-icon landscape'>\n\t\t\t\t<a href='https:\/\/www.xn--heimatverein-prrbach-hbc.de\/?attachment_id=2150'><img loading=\"lazy\" decoding=\"async\" width=\"150\" height=\"150\" src=\"https:\/\/www.xn--heimatverein-prrbach-hbc.de\/wp-content\/uploads\/2022\/04\/Genusswanderung_Almauftrieb-150x150.jpg\" class=\"attachment-thumbnail size-thumbnail\" alt=\"\" \/><\/a>\n\t\t\t<\/dt><\/dl><dl class='gallery-item'>\n\t\t\t<dt class='gallery-icon portrait'>\n\t\t\t\t<a href='https:\/\/www.xn--heimatverein-prrbach-hbc.de\/?attachment_id=2152'><img loading=\"lazy\" decoding=\"async\" width=\"150\" height=\"150\" src=\"https:\/\/www.xn--heimatverein-prrbach-hbc.de\/wp-content\/uploads\/2022\/04\/Genusswanderung_KuselerWandergruppe-150x150.jpg\" class=\"attachment-thumbnail size-thumbnail\" alt=\"\" srcset=\"https:\/\/www.xn--heimatverein-prrbach-hbc.de\/wp-content\/uploads\/2022\/04\/Genusswanderung_KuselerWandergruppe-150x150.jpg 150w, https:\/\/www.xn--heimatverein-prrbach-hbc.de\/wp-content\/uploads\/2022\/04\/Genusswanderung_KuselerWandergruppe-248x250.jpg 248w\" sizes=\"auto, (max-width: 150px) 100vw, 150px\" \/><\/a>\n\t\t\t<\/dt><\/dl><br style=\"clear: both\" \/>\n\t\t<\/div>\n\n<p><a href=\"https:\/\/www.xn--heimatverein-prrbach-hbc.de\/wp-content\/uploads\/2022\/04\/Rheinpfalz_26.04.22_PfaelzerGenusswanderung.jpg\"><img loading=\"lazy\" decoding=\"async\" class=\"alignleft size-full wp-image-2147\" src=\"https:\/\/www.xn--heimatverein-prrbach-hbc.de\/wp-content\/uploads\/2022\/04\/Rheinpfalz_26.04.22_PfaelzerGenusswanderung.jpg\" alt=\"\" width=\"1609\" height=\"1435\" srcset=\"https:\/\/www.xn--heimatverein-prrbach-hbc.de\/wp-content\/uploads\/2022\/04\/Rheinpfalz_26.04.22_PfaelzerGenusswanderung.jpg 1609w, https:\/\/www.xn--heimatverein-prrbach-hbc.de\/wp-content\/uploads\/2022\/04\/Rheinpfalz_26.04.22_PfaelzerGenusswanderung-300x268.jpg 300w, https:\/\/www.xn--heimatverein-prrbach-hbc.de\/wp-content\/uploads\/2022\/04\/Rheinpfalz_26.04.22_PfaelzerGenusswanderung-1024x913.jpg 1024w, https:\/\/www.xn--heimatverein-prrbach-hbc.de\/wp-content\/uploads\/2022\/04\/Rheinpfalz_26.04.22_PfaelzerGenusswanderung-768x685.jpg 768w, https:\/\/www.xn--heimatverein-prrbach-hbc.de\/wp-content\/uploads\/2022\/04\/Rheinpfalz_26.04.22_PfaelzerGenusswanderung-1536x1370.jpg 1536w\" sizes=\"auto, (max-width: 1609px) 100vw, 1609px\" \/><\/a><\/p>\n<p>\u00a0<\/p>\n<ul class=\"blocks-gallery-grid\">\n<li class=\"blocks-gallery-item\">\u00a0<\/li>\n<li class=\"blocks-gallery-item\">\u00a0<\/li>\n<li class=\"blocks-gallery-item\">\u00a0<\/li>\n<\/ul>\n<\/figure>\n","protected":false},"excerpt":{"rendered":"<p>Wanderparadies Verbandsgemeinde Weilerbach (Weilerbach Aktuell 17\/22 &#8211; 28.04.22) Die Verbandsgemeinde Weilerbach ist auf dem besten Weg, sich als Wanderparadies aufzustellen. Seit vergangenem Sonntag, 24. April, bereichern gleich zwei neue Wanderwege das touristische Portfolio. Mit dem \u201eStartschuss\u201c zu einer Pf\u00e4lzer Genusswanderung hat der Schwedelbacher Ortsb\u00fcrgermeister Henning Schauml\u00f6ffel hunderte z\u00fcnftig gewandete und beschuhte Freizeitler, darunter sehr viele &hellip; <\/p>\n<p><a class=\"more-link btn\" href=\"https:\/\/www.xn--heimatverein-prrbach-hbc.de\/?page_id=2146\">Weiterlesen<\/a><\/p>\n","protected":false},"author":2,"featured_media":2156,"parent":2134,"menu_order":92,"comment_status":"closed","ping_status":"closed","template":"","meta":{"footnotes":""},"class_list":["post-2146","page","type-page","status-publish","has-post-thumbnail","hentry","nodate","item-wrap"],"_links":{"self":[{"href":"https:\/\/www.xn--heimatverein-prrbach-hbc.de\/index.php?rest_route=\/wp\/v2\/pages\/2146","targetHints":{"allow":["GET"]}}],"collection":[{"href":"https:\/\/www.xn--heimatverein-prrbach-hbc.de\/index.php?rest_route=\/wp\/v2\/pages"}],"about":[{"href":"https:\/\/www.xn--heimatverein-prrbach-hbc.de\/index.php?rest_route=\/wp\/v2\/types\/page"}],"author":[{"embeddable":true,"href":"https:\/\/www.xn--heimatverein-prrbach-hbc.de\/index.php?rest_route=\/wp\/v2\/users\/2"}],"replies":[{"embeddable":true,"href":"https:\/\/www.xn--heimatverein-prrbach-hbc.de\/index.php?rest_route=%2Fwp%2Fv2%2Fcomments&post=2146"}],"version-history":[{"count":4,"href":"https:\/\/www.xn--heimatverein-prrbach-hbc.de\/index.php?rest_route=\/wp\/v2\/pages\/2146\/revisions"}],"predecessor-version":[{"id":2155,"href":"https:\/\/www.xn--heimatverein-prrbach-hbc.de\/index.php?rest_route=\/wp\/v2\/pages\/2146\/revisions\/2155"}],"up":[{"embeddable":true,"href":"https:\/\/www.xn--heimatverein-prrbach-hbc.de\/index.php?rest_route=\/wp\/v2\/pages\/2134"}],"wp:featuredmedia":[{"embeddable":true,"href":"https:\/\/www.xn--heimatverein-prrbach-hbc.de\/index.php?rest_route=\/wp\/v2\/media\/2156"}],"wp:attachment":[{"href":"https:\/\/www.xn--heimatverein-prrbach-hbc.de\/index.php?rest_route=%2Fwp%2Fv2%2Fmedia&parent=2146"}],"curies":[{"name":"wp","href":"https:\/\/api.w.org\/{rel}","templated":true}]}}