{"id":1832,"date":"2019-05-07T20:19:19","date_gmt":"2019-05-07T18:19:19","guid":{"rendered":"http:\/\/www.xn--heimatverein-prrbach-hbc.de\/?page_id=1832"},"modified":"2019-06-20T11:48:01","modified_gmt":"2019-06-20T09:48:01","slug":"andy-ost-kunstpark-ost","status":"publish","type":"page","link":"https:\/\/www.xn--heimatverein-prrbach-hbc.de\/?page_id=1832","title":{"rendered":"Andy Ost &#8211; &#8222;Kunstpark Ost&#8220;"},"content":{"rendered":"<p><strong>Wenn Geschichten zu leben beginnen <\/strong><\/p>\n<p><strong>Der Comedian und Songwriter Andy Ost gastiert in Erzenhausen<\/strong><\/p>\n<p><em>Von Walter Falk<\/em><\/p>\n<p><em>\u00a0<\/em><strong>Er ist S\u00e4nger, Songwriter und Comedian in Personalunion und spielt in der aktuellen Kabarettbundesliga ganz vorne mit. Die Rede ist von dem Multitalent Andy Ost. Am Samstagabend gastierte der 38-J\u00e4hrige beim Heimatverein P\u00f6rrbach im Erzenhausener S\u00e4ngerheim mit seinem neuesten Programm \u201eKunstpark Ost\u201c. Ein Non-Stop-Angriff auf die Lachmuskeln.<\/strong><\/p>\n<p>Wenn es im Leben darum geht Erfahrungen zu sammeln, hat Andy Ost bereits eine ganze Menge vorzuweisen. Er war Langstrecken-Pilot und quasi nebenbei als Comedian, Musik-Kabarettist und Dauergast in der Fernseh-Fastnacht erfolgreich. Wegen k\u00f6rperlicher Probleme jedoch hatte der Arzt ihm 2011 das Fliegen verboten. In diesem Moment brach f\u00fcr ihn eine Welt zusammen. Berufliche Zukunft, finanzielle Sicherheit \u2013 alles war ungewiss. Es begann f\u00fcr ihn eine Reise von Genesung \u00fcber Selbsterkenntnis bis zu Konzepten, die es ihm erm\u00f6glichten, ein selbstbestimmtes Leben zu f\u00fchren.2014 reiste er mit all seinem Ersparten nach Los Angeles, um mit angesagten Studiomusikern ein eigenes Songwriter-Album aufzunehmen. Dieses Album mit dem Titel \u201eBock auf Leben\u201c ist inzwischen zehnfach ausgezeichnet worden. Alle diese Lebenserfahrungen schlagen sich in Osts B\u00fchnenprogramm nieder. Das begeisterte Publikum erlebt eine Quintessenz aus Musik-Kabarett, Stand-up-Comedy und Parodie. Geschichten aus dem Leben werden zu lebenden Geschichten, in denen seine Liebe zu Gef\u00fchlen aus seinem Publikum Beteiligte machen. Mit geschliffenem Wortspiel seziert er die heile Welt, um sie nur einen Atemzug sp\u00e4ter neu aufzubauen. Dabei spricht er oft wie ein Wasserfall und webt immer wieder witzig humorvolle Gags ein.<\/p>\n<p>Wenn sich der<br \/>\nTiger totstelltBeispiel: \u201eTante Erika war fr\u00fcher als Gewichtheberin im Kader f\u00fcr die Olympischen Spiele. Wenn die in den Zoo ging, dann stellte sich der Tiger tot.\u201c Bei Selbstfindungs-Workshops sei er besonders beeindruckt gewesen von der \u201eRehr\u00fcckenschule nach Petri Heil\u201c und vom \u201eVeganer-Fasten\u201c. Oft sto\u00dfen in seinen intelligenten Wortwitzen zwei Gedanken unvermutet aufeinander, die sich v\u00f6llig fremd sind. In diesen Verdichtungen explodieren sie wie das Gasgemisch im Ottomotor. Seine Parodien auf Herbert Gr\u00f6nemeyer sind gro\u00dfe Klasse. Zum Schreien witzig die Parodie auf Udo Lindenberg, in der es um die Enthaarung seiner Beine geht: \u201eUnd ist das Wachs erst ab, brennt\u2019s weiter\u201c wird zum Hit, den alle mitsingen. Von etlichen Zuh\u00f6rern, die von Lachkr\u00e4mpfen gesch\u00fcttelt werden l\u00e4sst er sich aber auch fast aus dem Konzept bringen.<\/p>\n<p><span style=\"font-size: 10pt;\">Die Rheinpfalz &#8211; Pf\u00e4lzische Volkszeitung &#8211; 06. Mai 2019<\/span><\/p>\n\n\t\t<style type=\"text\/css\">\n\t\t\t#gallery-1 {\n\t\t\t\tmargin: auto;\n\t\t\t}\n\t\t\t#gallery-1 .gallery-item {\n\t\t\t\tfloat: left;\n\t\t\t\tmargin-top: 10px;\n\t\t\t\ttext-align: center;\n\t\t\t\twidth: 25%;\n\t\t\t}\n\t\t\t#gallery-1 img {\n\t\t\t\tborder: 2px solid #cfcfcf;\n\t\t\t}\n\t\t\t#gallery-1 .gallery-caption {\n\t\t\t\tmargin-left: 0;\n\t\t\t}\n\t\t\t\/* see gallery_shortcode() in wp-includes\/media.php *\/\n\t\t<\/style>\n\t\t<div id='gallery-1' class='gallery galleryid-1832 gallery-columns-4 gallery-size-thumbnail'><dl class='gallery-item'>\n\t\t\t<dt class='gallery-icon landscape'>\n\t\t\t\t<a href='https:\/\/www.xn--heimatverein-prrbach-hbc.de\/?attachment_id=1834'><img loading=\"lazy\" decoding=\"async\" width=\"150\" height=\"150\" src=\"https:\/\/www.xn--heimatverein-prrbach-hbc.de\/wp-content\/uploads\/2019\/05\/Andy_Ost_04.05.19_HVP\u00f6rrbach_01-150x150.jpg\" class=\"attachment-thumbnail size-thumbnail\" alt=\"\" \/><\/a>\n\t\t\t<\/dt><\/dl><dl class='gallery-item'>\n\t\t\t<dt class='gallery-icon landscape'>\n\t\t\t\t<a href='https:\/\/www.xn--heimatverein-prrbach-hbc.de\/?attachment_id=1835'><img loading=\"lazy\" decoding=\"async\" width=\"150\" height=\"150\" src=\"https:\/\/www.xn--heimatverein-prrbach-hbc.de\/wp-content\/uploads\/2019\/05\/Andy_Ost_04.05.19_HVP\u00f6rrbach_02-150x150.jpg\" class=\"attachment-thumbnail size-thumbnail\" alt=\"\" \/><\/a>\n\t\t\t<\/dt><\/dl><dl class='gallery-item'>\n\t\t\t<dt class='gallery-icon portrait'>\n\t\t\t\t<a href='https:\/\/www.xn--heimatverein-prrbach-hbc.de\/?attachment_id=1836'><img loading=\"lazy\" decoding=\"async\" width=\"150\" height=\"150\" src=\"https:\/\/www.xn--heimatverein-prrbach-hbc.de\/wp-content\/uploads\/2019\/05\/Andy_Ost_04.05.19_HVP\u00f6rrbach_03-150x150.jpg\" class=\"attachment-thumbnail size-thumbnail\" alt=\"\" \/><\/a>\n\t\t\t<\/dt><\/dl><dl class='gallery-item'>\n\t\t\t<dt class='gallery-icon landscape'>\n\t\t\t\t<a href='https:\/\/www.xn--heimatverein-prrbach-hbc.de\/?attachment_id=1837'><img loading=\"lazy\" decoding=\"async\" width=\"150\" height=\"150\" src=\"https:\/\/www.xn--heimatverein-prrbach-hbc.de\/wp-content\/uploads\/2019\/05\/Andy_Ost_04.05.19_HVP\u00f6rrbach_04-150x150.jpg\" class=\"attachment-thumbnail size-thumbnail\" alt=\"\" \/><\/a>\n\t\t\t<\/dt><\/dl><br style=\"clear: both\" \/><dl class='gallery-item'>\n\t\t\t<dt class='gallery-icon landscape'>\n\t\t\t\t<a href='https:\/\/www.xn--heimatverein-prrbach-hbc.de\/?attachment_id=1838'><img loading=\"lazy\" decoding=\"async\" width=\"150\" height=\"150\" src=\"https:\/\/www.xn--heimatverein-prrbach-hbc.de\/wp-content\/uploads\/2019\/05\/Andy_Ost_04.05.19_HVP\u00f6rrbach_05-150x150.jpg\" class=\"attachment-thumbnail size-thumbnail\" alt=\"\" \/><\/a>\n\t\t\t<\/dt><\/dl><dl class='gallery-item'>\n\t\t\t<dt class='gallery-icon landscape'>\n\t\t\t\t<a href='https:\/\/www.xn--heimatverein-prrbach-hbc.de\/?attachment_id=1839'><img loading=\"lazy\" decoding=\"async\" width=\"150\" height=\"150\" src=\"https:\/\/www.xn--heimatverein-prrbach-hbc.de\/wp-content\/uploads\/2019\/05\/Andy_Ost_04.05.19_HVP\u00f6rrbach_06-150x150.jpg\" class=\"attachment-thumbnail size-thumbnail\" alt=\"\" \/><\/a>\n\t\t\t<\/dt><\/dl><dl class='gallery-item'>\n\t\t\t<dt class='gallery-icon landscape'>\n\t\t\t\t<a href='https:\/\/www.xn--heimatverein-prrbach-hbc.de\/?attachment_id=1840'><img loading=\"lazy\" decoding=\"async\" width=\"150\" height=\"150\" src=\"https:\/\/www.xn--heimatverein-prrbach-hbc.de\/wp-content\/uploads\/2019\/05\/Andy_Ost_04.05.19_HVP\u00f6rrbach_07-150x150.jpg\" class=\"attachment-thumbnail size-thumbnail\" alt=\"\" \/><\/a>\n\t\t\t<\/dt><\/dl><dl class='gallery-item'>\n\t\t\t<dt class='gallery-icon landscape'>\n\t\t\t\t<a href='https:\/\/www.xn--heimatverein-prrbach-hbc.de\/?attachment_id=1841'><img loading=\"lazy\" decoding=\"async\" width=\"150\" height=\"150\" src=\"https:\/\/www.xn--heimatverein-prrbach-hbc.de\/wp-content\/uploads\/2019\/05\/Andy_Ost_04.05.19_HVP\u00f6rrbach_08-150x150.jpg\" class=\"attachment-thumbnail size-thumbnail\" alt=\"\" \/><\/a>\n\t\t\t<\/dt><\/dl><br style=\"clear: both\" \/><dl class='gallery-item'>\n\t\t\t<dt class='gallery-icon landscape'>\n\t\t\t\t<a href='https:\/\/www.xn--heimatverein-prrbach-hbc.de\/?attachment_id=1833'><img loading=\"lazy\" decoding=\"async\" width=\"150\" height=\"150\" src=\"https:\/\/www.xn--heimatverein-prrbach-hbc.de\/wp-content\/uploads\/2019\/05\/Andy_Ost_04.05.19_HVP\u00f6rrbach_09-150x150.jpg\" class=\"attachment-thumbnail size-thumbnail\" alt=\"\" \/><\/a>\n\t\t\t<\/dt><\/dl>\n\t\t\t<br style='clear: both' \/>\n\t\t<\/div>\n\n<p><span style=\"font-size: 10pt;\">Alle Bilder: \u00a9Michael Bissinger<\/span><\/p>\n<p>&nbsp;<\/p>\n<h2><strong>Sa., 04.05.2019<\/strong><\/h2>\n<h1><strong>Andy Ost &#8211; &#8222;Kunstpark Ost&#8220;<\/strong><strong><br \/>\n<\/strong><\/h1>\n<h3><strong>Kabarett &amp; Musik &amp; Comedy<\/strong><\/h3>\n<p><a href=\"https:\/\/www.xn--heimatverein-prrbach-hbc.de\/wp-content\/uploads\/2018\/11\/AndyOst_KunstParkOst_Plakat-Kopie-Kopie.jpg\"><img loading=\"lazy\" decoding=\"async\" class=\"aligncenter wp-image-1765 size-full\" src=\"https:\/\/www.xn--heimatverein-prrbach-hbc.de\/wp-content\/uploads\/2018\/11\/AndyOst_KunstParkOst_Plakat-Kopie-Kopie.jpg\" alt=\"\" width=\"768\" height=\"793\" srcset=\"https:\/\/www.xn--heimatverein-prrbach-hbc.de\/wp-content\/uploads\/2018\/11\/AndyOst_KunstParkOst_Plakat-Kopie-Kopie.jpg 768w, https:\/\/www.xn--heimatverein-prrbach-hbc.de\/wp-content\/uploads\/2018\/11\/AndyOst_KunstParkOst_Plakat-Kopie-Kopie-291x300.jpg 291w\" sizes=\"auto, (max-width: 768px) 100vw, 768px\" \/><\/a><\/p>\n<p>So facettenreich wie das ehemalige M\u00fcnchener \u201cVergn\u00fcgungsgebiet\u201c pr\u00e4sentiert der aktuelle Deutsche Kabarettmeister, als auch Preistr\u00e4ger des Fr\u00e4nkischen und Vorarlberger Kabarettpreises sein neues Programm. Denn so unterschiedlich wie der Besuch einer Vernissage, eines Flohmarkts oder Rockkonzerts, gibt sich KUNSTPARK OST als Quintessenz des Lebens an sich.<\/p>\n<p>Wenn sich Lachfalten, ungetr\u00fcbter Spa\u00df und Tr\u00e4nen der R\u00fchrung vermischen, wenn Geschichten des Lebens lebendige Geschichten werden, dann hei\u00dft es<\/p>\n<p>\u201eHerzlich willkommen im KUNSTPARK OST\u201c<\/p>\n<p>Zu dem K\u00fcnstler:\u00a0 <a href=\"http:\/\/www.andy-ost.com\">www.andy-ost.com<\/a><\/p>\n<p>&nbsp;<\/p>\n<p><strong>S\u00e4ngerheim Erzenhausen<\/strong> | Schulstra\u00dfe 9, 67685 Erzenhausen | Barrierefreier Zugang<\/p>\n<p>Beginn <strong>20:00 Uhr<\/strong> | Einlass ab 18:30 Uhr<\/p>\n<p>Eintritt: VVK: 18,&#8211; \u20ac | Abendkasse: 20,&#8211; \u20ac<\/p>\n<p>Vorverkauf:<\/p>\n<ul>\n<li>Fa. Thomas Heinz, Schwedelbach, 0 63 74 \u2013 99 51 75<\/li>\n<li>Landgasthof \u201cP\u00f6rrbacher Hof\u201d, P\u00f6rrbach, 0 63 74 \u2013 7 07 76<\/li>\n<li>Bestellung \u00fcber unser <a href=\"https:\/\/www.xn--heimatverein-prrbach-hbc.de\/?page_id=131\">Kontakformular<\/a> oder per E-Mail: <a href=\"mailto:info@heimatverein-poerrbach.de\">info@heimatverein-poerrbach.de<\/a>.<br \/>\nKartenversand per Post (zzgl. Bearbeitungs- und Versandgeb\u00fchr von 2,&#8211; \u20ac je Bestellung )<br \/>\nBitte beachten Sie unsere <a href=\"https:\/\/www.xn--heimatverein-prrbach-hbc.de\/?page_id=1570\">Hinweise zu Kartenbestellungen<\/a>.<\/li>\n<\/ul>\n","protected":false},"excerpt":{"rendered":"<p>Wenn Geschichten zu leben beginnen Der Comedian und Songwriter Andy Ost gastiert in Erzenhausen Von Walter Falk \u00a0Er ist S\u00e4nger, Songwriter und Comedian in Personalunion und spielt in der aktuellen Kabarettbundesliga ganz vorne mit. Die Rede ist von dem Multitalent Andy Ost. Am Samstagabend gastierte der 38-J\u00e4hrige beim Heimatverein P\u00f6rrbach im Erzenhausener S\u00e4ngerheim mit seinem &hellip; <\/p>\n<p><a class=\"more-link btn\" href=\"https:\/\/www.xn--heimatverein-prrbach-hbc.de\/?page_id=1832\">Weiterlesen<\/a><\/p>\n","protected":false},"author":2,"featured_media":1841,"parent":1830,"menu_order":94,"comment_status":"closed","ping_status":"closed","template":"","meta":{"footnotes":""},"class_list":["post-1832","page","type-page","status-publish","has-post-thumbnail","hentry","nodate","item-wrap"],"_links":{"self":[{"href":"https:\/\/www.xn--heimatverein-prrbach-hbc.de\/index.php?rest_route=\/wp\/v2\/pages\/1832","targetHints":{"allow":["GET"]}}],"collection":[{"href":"https:\/\/www.xn--heimatverein-prrbach-hbc.de\/index.php?rest_route=\/wp\/v2\/pages"}],"about":[{"href":"https:\/\/www.xn--heimatverein-prrbach-hbc.de\/index.php?rest_route=\/wp\/v2\/types\/page"}],"author":[{"embeddable":true,"href":"https:\/\/www.xn--heimatverein-prrbach-hbc.de\/index.php?rest_route=\/wp\/v2\/users\/2"}],"replies":[{"embeddable":true,"href":"https:\/\/www.xn--heimatverein-prrbach-hbc.de\/index.php?rest_route=%2Fwp%2Fv2%2Fcomments&post=1832"}],"version-history":[{"count":4,"href":"https:\/\/www.xn--heimatverein-prrbach-hbc.de\/index.php?rest_route=\/wp\/v2\/pages\/1832\/revisions"}],"predecessor-version":[{"id":1872,"href":"https:\/\/www.xn--heimatverein-prrbach-hbc.de\/index.php?rest_route=\/wp\/v2\/pages\/1832\/revisions\/1872"}],"up":[{"embeddable":true,"href":"https:\/\/www.xn--heimatverein-prrbach-hbc.de\/index.php?rest_route=\/wp\/v2\/pages\/1830"}],"wp:featuredmedia":[{"embeddable":true,"href":"https:\/\/www.xn--heimatverein-prrbach-hbc.de\/index.php?rest_route=\/wp\/v2\/media\/1841"}],"wp:attachment":[{"href":"https:\/\/www.xn--heimatverein-prrbach-hbc.de\/index.php?rest_route=%2Fwp%2Fv2%2Fmedia&parent=1832"}],"curies":[{"name":"wp","href":"https:\/\/api.w.org\/{rel}","templated":true}]}}