{"id":1759,"date":"2018-11-18T15:53:37","date_gmt":"2018-11-18T13:53:37","guid":{"rendered":"http:\/\/www.xn--heimatverein-prrbach-hbc.de\/?page_id=1759"},"modified":"2018-11-18T15:57:36","modified_gmt":"2018-11-18T13:57:36","slug":"1759-2","status":"publish","type":"page","link":"https:\/\/www.xn--heimatverein-prrbach-hbc.de\/?page_id=1759","title":{"rendered":"Spende f\u00fcr den B\u00fchnenvorhang im S\u00e4ngerheim Erzenhausen"},"content":{"rendered":"<p><a href=\"https:\/\/www.xn--heimatverein-prrbach-hbc.de\/wp-content\/uploads\/2018\/11\/SchwarzeGr\u00fctze_09.11.18_HVP\u00f6rrbach_01-S.jpg\"><img loading=\"lazy\" decoding=\"async\" class=\"alignleft size-full wp-image-1740\" src=\"https:\/\/www.xn--heimatverein-prrbach-hbc.de\/wp-content\/uploads\/2018\/11\/SchwarzeGr\u00fctze_09.11.18_HVP\u00f6rrbach_01-S.jpg\" alt=\"\" width=\"808\" height=\"460\" srcset=\"https:\/\/www.xn--heimatverein-prrbach-hbc.de\/wp-content\/uploads\/2018\/11\/SchwarzeGr\u00fctze_09.11.18_HVP\u00f6rrbach_01-S.jpg 808w, https:\/\/www.xn--heimatverein-prrbach-hbc.de\/wp-content\/uploads\/2018\/11\/SchwarzeGr\u00fctze_09.11.18_HVP\u00f6rrbach_01-S-300x171.jpg 300w, https:\/\/www.xn--heimatverein-prrbach-hbc.de\/wp-content\/uploads\/2018\/11\/SchwarzeGr\u00fctze_09.11.18_HVP\u00f6rrbach_01-S-768x437.jpg 768w\" sizes=\"auto, (max-width: 808px) 100vw, 808px\" \/><\/a><\/p>\n<p>&nbsp;<\/p>\n<p>&nbsp;<\/p>\n<p>&nbsp;<\/p>\n<p>&nbsp;<\/p>\n<p>&nbsp;<\/p>\n<p>&nbsp;<\/p>\n<p>&nbsp;<\/p>\n<p>&nbsp;<\/p>\n<p><strong>Heimatverein P\u00f6rrbach spendet f\u00fcr den B\u00fchnenvorhang des S\u00e4ngerheims Erzenhausen<\/strong><\/p>\n<p>Der Heimatverein P\u00f6rrbach \u00fcberreichte im Rahmen seiner Kulturveranstaltung am 09. November eine Spende in H\u00f6he von 500 Euro an die Ortsgemeinde Erzenhausen f\u00fcr den neuen Hintergrundvorhang der B\u00fchne im S\u00e4ngerheim Erzenhausen. Die Vorsitzenden Elke Zantopp und G\u00fcnter Heinz bedankten sich bei Ortsb\u00fcrgermeister Klaus Urschel f\u00fcr das Engagement der Ortsgemeinde zur Aufwertung des Veranstaltungsraumes. Der Heimatverein nutzt regelm\u00e4\u00dfig das S\u00e4ngerheim f\u00fcr seine Kulturveranstaltungen. Mit dem neuen Vorhang kann nun ein professioneller B\u00fchnenhintergrund geschaffen werden.<\/p>\n","protected":false},"excerpt":{"rendered":"<p>&nbsp; &nbsp; &nbsp; &nbsp; &nbsp; &nbsp; &nbsp; &nbsp; Heimatverein P\u00f6rrbach spendet f\u00fcr den B\u00fchnenvorhang des S\u00e4ngerheims Erzenhausen Der Heimatverein P\u00f6rrbach \u00fcberreichte im Rahmen seiner Kulturveranstaltung am 09. November eine Spende in H\u00f6he von 500 Euro an die Ortsgemeinde Erzenhausen f\u00fcr den neuen Hintergrundvorhang der B\u00fchne im S\u00e4ngerheim Erzenhausen. Die Vorsitzenden Elke Zantopp und G\u00fcnter Heinz &hellip; <\/p>\n<p><a class=\"more-link btn\" href=\"https:\/\/www.xn--heimatverein-prrbach-hbc.de\/?page_id=1759\">Weiterlesen<\/a><\/p>\n","protected":false},"author":2,"featured_media":1740,"parent":1496,"menu_order":76,"comment_status":"closed","ping_status":"closed","template":"","meta":{"footnotes":""},"class_list":["post-1759","page","type-page","status-publish","has-post-thumbnail","hentry","nodate","item-wrap"],"_links":{"self":[{"href":"https:\/\/www.xn--heimatverein-prrbach-hbc.de\/index.php?rest_route=\/wp\/v2\/pages\/1759","targetHints":{"allow":["GET"]}}],"collection":[{"href":"https:\/\/www.xn--heimatverein-prrbach-hbc.de\/index.php?rest_route=\/wp\/v2\/pages"}],"about":[{"href":"https:\/\/www.xn--heimatverein-prrbach-hbc.de\/index.php?rest_route=\/wp\/v2\/types\/page"}],"author":[{"embeddable":true,"href":"https:\/\/www.xn--heimatverein-prrbach-hbc.de\/index.php?rest_route=\/wp\/v2\/users\/2"}],"replies":[{"embeddable":true,"href":"https:\/\/www.xn--heimatverein-prrbach-hbc.de\/index.php?rest_route=%2Fwp%2Fv2%2Fcomments&post=1759"}],"version-history":[{"count":5,"href":"https:\/\/www.xn--heimatverein-prrbach-hbc.de\/index.php?rest_route=\/wp\/v2\/pages\/1759\/revisions"}],"predecessor-version":[{"id":1764,"href":"https:\/\/www.xn--heimatverein-prrbach-hbc.de\/index.php?rest_route=\/wp\/v2\/pages\/1759\/revisions\/1764"}],"up":[{"embeddable":true,"href":"https:\/\/www.xn--heimatverein-prrbach-hbc.de\/index.php?rest_route=\/wp\/v2\/pages\/1496"}],"wp:featuredmedia":[{"embeddable":true,"href":"https:\/\/www.xn--heimatverein-prrbach-hbc.de\/index.php?rest_route=\/wp\/v2\/media\/1740"}],"wp:attachment":[{"href":"https:\/\/www.xn--heimatverein-prrbach-hbc.de\/index.php?rest_route=%2Fwp%2Fv2%2Fmedia&parent=1759"}],"curies":[{"name":"wp","href":"https:\/\/api.w.org\/{rel}","templated":true}]}}