{"id":16,"date":"2013-04-17T21:19:14","date_gmt":"2013-04-17T19:19:14","guid":{"rendered":"http:\/\/www.xn--heimatverein-prrbach-hbc.de\/?page_id=16"},"modified":"2025-04-26T18:11:41","modified_gmt":"2025-04-26T16:11:41","slug":"vorstand","status":"publish","type":"page","link":"https:\/\/www.xn--heimatverein-prrbach-hbc.de\/?page_id=16","title":{"rendered":"Vorstand"},"content":{"rendered":"<table style=\"height: 429px; width: 100%; border-collapse: collapse; border-style: none; border-color: #000000;\" border=\"0\">\n<tbody>\n<tr style=\"border-style: none;\">\n<td style=\"width: 25.6%; height: 39px; border-style: none;\"><span style=\"font-size: 14pt; color: #4682b4;\"><strong>1. Vorsitzende:<\/strong><\/span><\/td>\n<td style=\"width: 74.4%; height: 39px; border-style: none;\"><span style=\"font-size: 14pt;\"><strong>Gudrun Lindner<\/strong><\/span><\/td>\n<\/tr>\n<tr style=\"border-style: none;\">\n<td style=\"width: 25.6%; height: 39px; border-style: none;\"><span style=\"font-size: 14pt; color: #4682b4;\"><strong>2. Vorsitzender:<\/strong><\/span><\/td>\n<td style=\"width: 74.4%; height: 39px; border-style: none;\"><span style=\"font-size: 14pt;\"><strong>G\u00fcnter Heinz<\/strong><\/span><\/td>\n<\/tr>\n<tr style=\"border-style: none;\">\n<td style=\"width: 25.6%; height: 39px; border-style: none;\"><span style=\"color: #4682b4;\"><strong><span style=\"font-size: 14pt;\">Kassenwart:<\/span><\/strong><\/span><\/td>\n<td style=\"width: 74.4%; height: 39px; border-style: none;\"><strong><span style=\"font-size: 14pt;\">Michael Bissinger<\/span><\/strong><\/td>\n<\/tr>\n<tr style=\"border-style: none; height: 60px;\">\n<td style=\"width: 25.6%; height: 39px; border-style: none;\"><span style=\"color: #4682b4;\"><strong><span style=\"font-size: 14pt;\">Schriftf\u00fchrerin:<br \/>\n<\/span><\/strong><\/span><\/td>\n<td style=\"width: 74.4%; height: 39px; border-style: none;\"><strong><span style=\"font-size: 14pt;\">Isolde Bohn<br \/>\n<\/span><\/strong><\/td>\n<\/tr>\n<tr style=\"border-style: none;\">\n<td style=\"width: 25.6%; height: 39px; border-style: none;\"><span style=\"color: #4682b4;\"><strong><span style=\"font-size: 14pt;\">Beisitzer:<\/span><\/strong><\/span><\/td>\n<td style=\"width: 74.4%; height: 39px; border-style: none;\"><strong><span style=\"font-size: 14pt;\">Bj\u00f6rn Heinz<\/span><\/strong><\/td>\n<\/tr>\n<tr style=\"border-style: none;\">\n<td style=\"width: 25.6%; height: 10px; border-style: none;\"><\/td>\n<td style=\"width: 74.4%; height: 10px; border-style: none;\"><strong><span style=\"font-size: 14pt;\">Lothar Heinz<\/span><\/strong><\/td>\n<\/tr>\n<tr style=\"height: 43px; border-style: none;\">\n<td style=\"width: 25.6%; border-style: none; height: 43px;\"><\/td>\n<td style=\"width: 74.4%; border-style: none; height: 43px;\"><strong><span style=\"font-size: 14pt;\">Kai Lied<\/span><\/strong><\/td>\n<\/tr>\n<tr style=\"height: 43px; border-style: none;\">\n<td style=\"width: 25.6%; border-style: none; height: 43px;\"><\/td>\n<td style=\"width: 74.4%; border-style: none; height: 43px;\"><strong><span style=\"font-size: 14pt;\">Walter Lindner<\/span><\/strong><\/td>\n<\/tr>\n<tr style=\"height: 43px; border-style: none;\">\n<td style=\"width: 25.6%; border-style: none; height: 43px;\"><\/td>\n<td style=\"width: 74.4%; border-style: none; height: 43px;\"><strong><span style=\"font-size: 14pt;\">Achim Schauml\u00f6ffel<\/span><\/strong><\/td>\n<\/tr>\n<tr style=\"height: 43px; border-style: none;\">\n<td style=\"width: 25.6%; border-style: none; height: 43px;\"><\/td>\n<td style=\"width: 74.4%; border-style: none; height: 43px;\"><strong><span style=\"font-size: 14pt;\">Gerd Schmidt-Z\u00f6llner<\/span><\/strong><\/td>\n<\/tr>\n<tr style=\"border-style: hidden;\">\n<td style=\"width: 25.6%; border-style: none; height: 42px;\"><span style=\"color: #4682b4; font-size: 14pt;\"><strong>Kassenpr\u00fcfer:<\/strong><\/span><\/td>\n<td style=\"width: 74.4%; height: 42px;\"><span style=\"font-size: 14pt;\"><strong>Sandra Braun<\/strong><\/span><\/td>\n<\/tr>\n<tr style=\"border-style: hidden;\">\n<td style=\"width: 25.6%; height: 10px; border-style: none;\"><span style=\"font-size: 14pt; color: #4682b4;\"><strong>\u00a0<\/strong><\/span><\/td>\n<td style=\"width: 74.4%; height: 10px;\"><span style=\"font-size: 14pt;\"><strong>Reiner Nashan<\/strong><\/span><\/td>\n<\/tr>\n<\/tbody>\n<\/table>\n<p><a href=\"https:\/\/www.xn--heimatverein-prrbach-hbc.de\/wp-content\/uploads\/2025\/04\/HV_Poerrbach_Vorstandschaft_04.25_2.jpg\"><img loading=\"lazy\" decoding=\"async\" class=\"alignleft wp-image-2765 size-full\" src=\"https:\/\/www.xn--heimatverein-prrbach-hbc.de\/wp-content\/uploads\/2025\/04\/HV_Poerrbach_Vorstandschaft_04.25_2.jpg\" alt=\"\" width=\"1024\" height=\"768\" srcset=\"https:\/\/www.xn--heimatverein-prrbach-hbc.de\/wp-content\/uploads\/2025\/04\/HV_Poerrbach_Vorstandschaft_04.25_2.jpg 1024w, https:\/\/www.xn--heimatverein-prrbach-hbc.de\/wp-content\/uploads\/2025\/04\/HV_Poerrbach_Vorstandschaft_04.25_2-300x225.jpg 300w, https:\/\/www.xn--heimatverein-prrbach-hbc.de\/wp-content\/uploads\/2025\/04\/HV_Poerrbach_Vorstandschaft_04.25_2-768x576.jpg 768w, https:\/\/www.xn--heimatverein-prrbach-hbc.de\/wp-content\/uploads\/2025\/04\/HV_Poerrbach_Vorstandschaft_04.25_2-847x635.jpg 847w\" sizes=\"auto, (max-width: 1024px) 100vw, 1024px\" \/><\/a><\/p>\n","protected":false},"excerpt":{"rendered":"<p>1. Vorsitzende: Gudrun Lindner 2. Vorsitzender: G\u00fcnter Heinz Kassenwart: Michael Bissinger Schriftf\u00fchrerin: Isolde Bohn Beisitzer: Bj\u00f6rn Heinz Lothar Heinz Kai Lied Walter Lindner Achim Schauml\u00f6ffel Gerd Schmidt-Z\u00f6llner Kassenpr\u00fcfer: Sandra Braun \u00a0 Reiner Nashan<\/p>\n","protected":false},"author":1,"featured_media":2765,"parent":13,"menu_order":3,"comment_status":"open","ping_status":"open","template":"","meta":{"footnotes":""},"class_list":["post-16","page","type-page","status-publish","has-post-thumbnail","hentry","nodate","item-wrap"],"_links":{"self":[{"href":"https:\/\/www.xn--heimatverein-prrbach-hbc.de\/index.php?rest_route=\/wp\/v2\/pages\/16","targetHints":{"allow":["GET"]}}],"collection":[{"href":"https:\/\/www.xn--heimatverein-prrbach-hbc.de\/index.php?rest_route=\/wp\/v2\/pages"}],"about":[{"href":"https:\/\/www.xn--heimatverein-prrbach-hbc.de\/index.php?rest_route=\/wp\/v2\/types\/page"}],"author":[{"embeddable":true,"href":"https:\/\/www.xn--heimatverein-prrbach-hbc.de\/index.php?rest_route=\/wp\/v2\/users\/1"}],"replies":[{"embeddable":true,"href":"https:\/\/www.xn--heimatverein-prrbach-hbc.de\/index.php?rest_route=%2Fwp%2Fv2%2Fcomments&post=16"}],"version-history":[{"count":62,"href":"https:\/\/www.xn--heimatverein-prrbach-hbc.de\/index.php?rest_route=\/wp\/v2\/pages\/16\/revisions"}],"predecessor-version":[{"id":2766,"href":"https:\/\/www.xn--heimatverein-prrbach-hbc.de\/index.php?rest_route=\/wp\/v2\/pages\/16\/revisions\/2766"}],"up":[{"embeddable":true,"href":"https:\/\/www.xn--heimatverein-prrbach-hbc.de\/index.php?rest_route=\/wp\/v2\/pages\/13"}],"wp:featuredmedia":[{"embeddable":true,"href":"https:\/\/www.xn--heimatverein-prrbach-hbc.de\/index.php?rest_route=\/wp\/v2\/media\/2765"}],"wp:attachment":[{"href":"https:\/\/www.xn--heimatverein-prrbach-hbc.de\/index.php?rest_route=%2Fwp%2Fv2%2Fmedia&parent=16"}],"curies":[{"name":"wp","href":"https:\/\/api.w.org\/{rel}","templated":true}]}}