{"id":1498,"date":"2018-05-21T16:57:22","date_gmt":"2018-05-21T14:57:22","guid":{"rendered":"http:\/\/www.xn--heimatverein-prrbach-hbc.de\/?page_id=1498"},"modified":"2018-05-21T17:41:25","modified_gmt":"2018-05-21T15:41:25","slug":"ramon-chormann-oder-sunscht-was","status":"publish","type":"page","link":"https:\/\/www.xn--heimatverein-prrbach-hbc.de\/?page_id=1498","title":{"rendered":"Ramon Chormann &#8222;&#8230; oder sunscht was&#8220;"},"content":{"rendered":"<h2>Standing Ovations f\u00fcr Ramon Chormann<\/h2>\n<p>Nunmehr zum dritten Mal begr\u00fc\u00dfte der Heimatverein P\u00f6rrbach Ramon Chormann auf der B\u00fchne im S\u00e4ngerheim Erzenhausen. In seinem neuen Programm &#8222;&#8230; oder sunscht was&#8220; drehte sich alles um die Vielzahl an Entscheidungen, die jeder von uns dauernd f\u00e4llen muss &#8211; &#8222;Willscht des oder des oder sunscht was?&#8220; Das f\u00e4ngt schon mir der Frage an, ob man morgens aufstehen oder besser doch im Bett liegen bleiben sollte.\u00a0 Auf humoristisch, nachdenkliche Art besch\u00e4ftigte sich der pf\u00e4lzer Kabarettist auch mit gesellschaftlichen und politischen Entwicklungen in unserem Land und in der Welt.\u00a0 So stellte Ramon Chormann Erlebnisse seiner Kindheit, die sich viel an der frischen Luft abspielte, der zum Teil\u00a0 emotionalen Verwahrlosung und von der digitalen Nabelschnur abh\u00e4ngigen heutigen Jugend gegen\u00fcber &#8211; \u201eWir brauchten kein Kabel und auch keinen Akku, kein Tablet und auch kein Smartphone\u201c, betonte Chormann. Auch die deutschen Autofahrer haben laut Chormann oft Entscheidungsprobleme auf der Stra\u00dfe &#8211; z.B. beim Blinken im Kreisverkehr. Ebenso fragt man sich oft bei\u00a0 Politikern, seien es hiesige oder auch bei amerikanischen Fris\u00f6rverweigerern, was sie nun wirklich wollen &#8211; &#8220; des oder des oder sunscht was&#8220;. Chormann verstand es, Alltagsprobleme, gesellschaftliche und politische Themen auf humurvolle Art kritisch zu beleuchten und warb dabei f\u00fcr den Mut selbst Entscheidungen zu treffen. Dies gelang ihm auch besonders gut mit seinen am Klavier gef\u00fchlvoll begleiteten heiter, besinnlichen Liedern vor der Pause und am Ende des Auftritts. Ein begeistertes Publikum bedankte sich mit\u00a0 stehenden Ovationen bei dem K\u00fcnstler.<span style=\"background-color: #ffff00;\"><br \/>\n<\/span><\/p>\n\n\t\t<style type=\"text\/css\">\n\t\t\t#gallery-1 {\n\t\t\t\tmargin: auto;\n\t\t\t}\n\t\t\t#gallery-1 .gallery-item {\n\t\t\t\tfloat: left;\n\t\t\t\tmargin-top: 10px;\n\t\t\t\ttext-align: center;\n\t\t\t\twidth: 25%;\n\t\t\t}\n\t\t\t#gallery-1 img {\n\t\t\t\tborder: 2px solid #cfcfcf;\n\t\t\t}\n\t\t\t#gallery-1 .gallery-caption {\n\t\t\t\tmargin-left: 0;\n\t\t\t}\n\t\t\t\/* see gallery_shortcode() in wp-includes\/media.php *\/\n\t\t<\/style>\n\t\t<div id='gallery-1' class='gallery galleryid-1498 gallery-columns-4 gallery-size-thumbnail'><dl class='gallery-item'>\n\t\t\t<dt class='gallery-icon landscape'>\n\t\t\t\t<a href='https:\/\/www.xn--heimatverein-prrbach-hbc.de\/?attachment_id=1507'><img loading=\"lazy\" decoding=\"async\" width=\"150\" height=\"150\" src=\"https:\/\/www.xn--heimatverein-prrbach-hbc.de\/wp-content\/uploads\/2018\/05\/Ramon_Chormann_09.05.18_HVP\u00f6rrbach_01-150x150.jpg\" class=\"attachment-thumbnail size-thumbnail\" alt=\"\" \/><\/a>\n\t\t\t<\/dt><\/dl><dl class='gallery-item'>\n\t\t\t<dt class='gallery-icon portrait'>\n\t\t\t\t<a href='https:\/\/www.xn--heimatverein-prrbach-hbc.de\/?attachment_id=1508'><img loading=\"lazy\" decoding=\"async\" width=\"150\" height=\"150\" src=\"https:\/\/www.xn--heimatverein-prrbach-hbc.de\/wp-content\/uploads\/2018\/05\/Ramon_Chormann_09.05.18_HVP\u00f6rrbach_02-150x150.jpg\" class=\"attachment-thumbnail size-thumbnail\" alt=\"\" \/><\/a>\n\t\t\t<\/dt><\/dl><dl class='gallery-item'>\n\t\t\t<dt class='gallery-icon landscape'>\n\t\t\t\t<a href='https:\/\/www.xn--heimatverein-prrbach-hbc.de\/?attachment_id=1509'><img loading=\"lazy\" decoding=\"async\" width=\"150\" height=\"150\" src=\"https:\/\/www.xn--heimatverein-prrbach-hbc.de\/wp-content\/uploads\/2018\/05\/Ramon_Chormann_09.05.18_HVP\u00f6rrbach_03-150x150.jpg\" class=\"attachment-thumbnail size-thumbnail\" alt=\"\" \/><\/a>\n\t\t\t<\/dt><\/dl><dl class='gallery-item'>\n\t\t\t<dt class='gallery-icon landscape'>\n\t\t\t\t<a href='https:\/\/www.xn--heimatverein-prrbach-hbc.de\/?attachment_id=1510'><img loading=\"lazy\" decoding=\"async\" width=\"150\" height=\"150\" src=\"https:\/\/www.xn--heimatverein-prrbach-hbc.de\/wp-content\/uploads\/2018\/05\/Ramon_Chormann_09.05.18_HVP\u00f6rrbach_04-150x150.jpg\" class=\"attachment-thumbnail size-thumbnail\" alt=\"\" \/><\/a>\n\t\t\t<\/dt><\/dl><br style=\"clear: both\" \/><dl class='gallery-item'>\n\t\t\t<dt class='gallery-icon landscape'>\n\t\t\t\t<a href='https:\/\/www.xn--heimatverein-prrbach-hbc.de\/?attachment_id=1511'><img loading=\"lazy\" decoding=\"async\" width=\"150\" height=\"150\" src=\"https:\/\/www.xn--heimatverein-prrbach-hbc.de\/wp-content\/uploads\/2018\/05\/Ramon_Chormann_09.05.18_HVP\u00f6rrbach_05-150x150.jpg\" class=\"attachment-thumbnail size-thumbnail\" alt=\"\" \/><\/a>\n\t\t\t<\/dt><\/dl><dl class='gallery-item'>\n\t\t\t<dt class='gallery-icon landscape'>\n\t\t\t\t<a href='https:\/\/www.xn--heimatverein-prrbach-hbc.de\/?attachment_id=1512'><img loading=\"lazy\" decoding=\"async\" width=\"150\" height=\"150\" src=\"https:\/\/www.xn--heimatverein-prrbach-hbc.de\/wp-content\/uploads\/2018\/05\/Ramon_Chormann_09.05.18_HVP\u00f6rrbach_06-150x150.jpg\" class=\"attachment-thumbnail size-thumbnail\" alt=\"\" \/><\/a>\n\t\t\t<\/dt><\/dl><dl class='gallery-item'>\n\t\t\t<dt class='gallery-icon landscape'>\n\t\t\t\t<a href='https:\/\/www.xn--heimatverein-prrbach-hbc.de\/?attachment_id=1513'><img loading=\"lazy\" decoding=\"async\" width=\"150\" height=\"150\" src=\"https:\/\/www.xn--heimatverein-prrbach-hbc.de\/wp-content\/uploads\/2018\/05\/Ramon_Chormann_09.05.18_HVP\u00f6rrbach_07-150x150.jpg\" class=\"attachment-thumbnail size-thumbnail\" alt=\"\" \/><\/a>\n\t\t\t<\/dt><\/dl><dl class='gallery-item'>\n\t\t\t<dt class='gallery-icon portrait'>\n\t\t\t\t<a href='https:\/\/www.xn--heimatverein-prrbach-hbc.de\/?attachment_id=1503'><img loading=\"lazy\" decoding=\"async\" width=\"150\" height=\"150\" src=\"https:\/\/www.xn--heimatverein-prrbach-hbc.de\/wp-content\/uploads\/2018\/05\/Ramon_Chormann_09.05.18_HVP\u00f6rrbach_08-150x150.jpg\" class=\"attachment-thumbnail size-thumbnail\" alt=\"\" \/><\/a>\n\t\t\t<\/dt><\/dl><br style=\"clear: both\" \/><dl class='gallery-item'>\n\t\t\t<dt class='gallery-icon portrait'>\n\t\t\t\t<a href='https:\/\/www.xn--heimatverein-prrbach-hbc.de\/?attachment_id=1504'><img loading=\"lazy\" decoding=\"async\" width=\"150\" height=\"150\" src=\"https:\/\/www.xn--heimatverein-prrbach-hbc.de\/wp-content\/uploads\/2018\/05\/Ramon_Chormann_09.05.18_HVP\u00f6rrbach_09-150x150.jpg\" class=\"attachment-thumbnail size-thumbnail\" alt=\"\" \/><\/a>\n\t\t\t<\/dt><\/dl><dl class='gallery-item'>\n\t\t\t<dt class='gallery-icon portrait'>\n\t\t\t\t<a href='https:\/\/www.xn--heimatverein-prrbach-hbc.de\/?attachment_id=1505'><img loading=\"lazy\" decoding=\"async\" width=\"150\" height=\"150\" src=\"https:\/\/www.xn--heimatverein-prrbach-hbc.de\/wp-content\/uploads\/2018\/05\/Ramon_Chormann_09.05.18_HVP\u00f6rrbach_10-150x150.jpg\" class=\"attachment-thumbnail size-thumbnail\" alt=\"\" \/><\/a>\n\t\t\t<\/dt><\/dl><dl class='gallery-item'>\n\t\t\t<dt class='gallery-icon landscape'>\n\t\t\t\t<a href='https:\/\/www.xn--heimatverein-prrbach-hbc.de\/?attachment_id=1506'><img loading=\"lazy\" decoding=\"async\" width=\"150\" height=\"150\" src=\"https:\/\/www.xn--heimatverein-prrbach-hbc.de\/wp-content\/uploads\/2018\/05\/Ramon_Chormann_09.05.18_HVP\u00f6rrbach_11-150x150.jpg\" class=\"attachment-thumbnail size-thumbnail\" alt=\"\" \/><\/a>\n\t\t\t<\/dt><\/dl>\n\t\t\t<br style='clear: both' \/>\n\t\t<\/div>\n\n<p><span style=\"font-size: 8pt;\">21.05.2018 | Text und Bilder: Michael Bissinger<\/span><\/p>\n","protected":false},"excerpt":{"rendered":"<p>Standing Ovations f\u00fcr Ramon Chormann Nunmehr zum dritten Mal begr\u00fc\u00dfte der Heimatverein P\u00f6rrbach Ramon Chormann auf der B\u00fchne im S\u00e4ngerheim Erzenhausen. In seinem neuen Programm &#8222;&#8230; oder sunscht was&#8220; drehte sich alles um die Vielzahl an Entscheidungen, die jeder von uns dauernd f\u00e4llen muss &#8211; &#8222;Willscht des oder des oder sunscht was?&#8220; Das f\u00e4ngt schon &hellip; <\/p>\n<p><a class=\"more-link btn\" href=\"https:\/\/www.xn--heimatverein-prrbach-hbc.de\/?page_id=1498\">Weiterlesen<\/a><\/p>\n","protected":false},"author":2,"featured_media":1511,"parent":1496,"menu_order":95,"comment_status":"closed","ping_status":"closed","template":"","meta":{"footnotes":""},"class_list":["post-1498","page","type-page","status-publish","has-post-thumbnail","hentry","nodate","item-wrap"],"_links":{"self":[{"href":"https:\/\/www.xn--heimatverein-prrbach-hbc.de\/index.php?rest_route=\/wp\/v2\/pages\/1498","targetHints":{"allow":["GET"]}}],"collection":[{"href":"https:\/\/www.xn--heimatverein-prrbach-hbc.de\/index.php?rest_route=\/wp\/v2\/pages"}],"about":[{"href":"https:\/\/www.xn--heimatverein-prrbach-hbc.de\/index.php?rest_route=\/wp\/v2\/types\/page"}],"author":[{"embeddable":true,"href":"https:\/\/www.xn--heimatverein-prrbach-hbc.de\/index.php?rest_route=\/wp\/v2\/users\/2"}],"replies":[{"embeddable":true,"href":"https:\/\/www.xn--heimatverein-prrbach-hbc.de\/index.php?rest_route=%2Fwp%2Fv2%2Fcomments&post=1498"}],"version-history":[{"count":15,"href":"https:\/\/www.xn--heimatverein-prrbach-hbc.de\/index.php?rest_route=\/wp\/v2\/pages\/1498\/revisions"}],"predecessor-version":[{"id":1525,"href":"https:\/\/www.xn--heimatverein-prrbach-hbc.de\/index.php?rest_route=\/wp\/v2\/pages\/1498\/revisions\/1525"}],"up":[{"embeddable":true,"href":"https:\/\/www.xn--heimatverein-prrbach-hbc.de\/index.php?rest_route=\/wp\/v2\/pages\/1496"}],"wp:featuredmedia":[{"embeddable":true,"href":"https:\/\/www.xn--heimatverein-prrbach-hbc.de\/index.php?rest_route=\/wp\/v2\/media\/1511"}],"wp:attachment":[{"href":"https:\/\/www.xn--heimatverein-prrbach-hbc.de\/index.php?rest_route=%2Fwp%2Fv2%2Fmedia&parent=1498"}],"curies":[{"name":"wp","href":"https:\/\/api.w.org\/{rel}","templated":true}]}}