{"id":137,"date":"2013-04-18T17:50:32","date_gmt":"2013-04-18T15:50:32","guid":{"rendered":"http:\/\/www.xn--heimatverein-prrbach-hbc.de\/?page_id=137"},"modified":"2026-05-05T11:40:11","modified_gmt":"2026-05-05T09:40:11","slug":"links","status":"publish","type":"page","link":"https:\/\/www.xn--heimatverein-prrbach-hbc.de\/?page_id=137","title":{"rendered":"Links"},"content":{"rendered":"<table style=\"border-width: 0px; border-color: #ffffff; background-color: #ffffff;\" border=\"0\">\n<tbody>\n<tr>\n<td style=\"border: 1px solid #ffffff; background-color: #ffffff; width: 235px;\"><a href=\"https:\/\/www.xn--heimatverein-prrbach-hbc.de\/wp-content\/uploads\/2013\/04\/Wappen-Schwedelbach.jpg\"><img loading=\"lazy\" decoding=\"async\" class=\"aligncenter wp-image-141\" src=\"https:\/\/www.xn--heimatverein-prrbach-hbc.de\/wp-content\/uploads\/2013\/04\/Wappen-Schwedelbach.jpg\" alt=\"Wappen Schwedelbach\" width=\"102\" height=\"119\" \/><\/a><\/td>\n<td style=\"border: 1px solid #ffffff; background-color: #ffffff; width: 514px;\">\n<h3><a href=\"http:\/\/www.schwedelbach.de\/\" target=\"_blank\" rel=\"noopener\">Gemeinde Schwedelbach<\/a><\/h3>\n<\/td>\n<\/tr>\n<tr>\n<td style=\"border: 1px solid #ffffff; background-color: #ffffff; width: 235px;\"><a href=\"https:\/\/www.xn--heimatverein-prrbach-hbc.de\/wp-content\/uploads\/2013\/04\/Wappen-VG-Weilerbach.jpg\"><img loading=\"lazy\" decoding=\"async\" class=\"aligncenter wp-image-146\" src=\"https:\/\/www.xn--heimatverein-prrbach-hbc.de\/wp-content\/uploads\/2013\/04\/Wappen-VG-Weilerbach.jpg\" alt=\"Wappen VG Weilerbach\" width=\"109\" height=\"129\" \/><\/a><\/td>\n<td style=\"border: 1px solid #ffffff; background-color: #ffffff; width: 514px;\">\n<h3><a href=\"http:\/\/weilerbach.de\/\" target=\"_blank\" rel=\"noopener\">Verbandsgemeinde Weilerbach<\/a><\/h3>\n<\/td>\n<\/tr>\n<tr>\n<td style=\"border: 1px solid #ffffff; background-color: #ffffff; width: 235px;\"><a href=\"https:\/\/www.xn--heimatverein-prrbach-hbc.de\/wp-content\/uploads\/2013\/04\/P\u00f6rrbacher-Hof.jpg\"><img loading=\"lazy\" decoding=\"async\" class=\"aligncenter wp-image-28\" src=\"https:\/\/www.xn--heimatverein-prrbach-hbc.de\/wp-content\/uploads\/2013\/04\/P\u00f6rrbacher-Hof.jpg\" alt=\"P\u00f6rrbacher Hof\" width=\"145\" height=\"87\" \/><\/a><\/p>\n<p>&nbsp;<\/p>\n<p><a href=\"https:\/\/www.xn--heimatverein-prrbach-hbc.de\/wp-content\/uploads\/2018\/10\/Logo-PCB-Vector-Kopie.png\"><img loading=\"lazy\" decoding=\"async\" class=\"wp-image-1720 aligncenter\" src=\"https:\/\/www.xn--heimatverein-prrbach-hbc.de\/wp-content\/uploads\/2018\/10\/Logo-PCB-Vector-Kopie-150x150.png\" alt=\"\" width=\"125\" height=\"125\" \/><\/a><\/td>\n<td style=\"border: 1px solid #ffffff; background-color: #ffffff; width: 514px;\">\n<h3><a href=\"http:\/\/www.poerrbacherhof.de\/\" target=\"_blank\" rel=\"noopener\">Landgasthaus P\u00f6rrbacher Hof<\/a><\/h3>\n<p>&nbsp;<\/p>\n<p>&nbsp;<\/p>\n<h3><\/h3>\n<h3><a href=\"https:\/\/www.cantry.de\/\" target=\"_blank\" rel=\"noopener\">P\u00e4lzer Cantry B\u00e4nd<\/a><\/h3>\n<p>&nbsp;<\/p>\n<p>&nbsp;<\/td>\n<\/tr>\n<tr>\n<td style=\"border: 1px solid #ffffff; background-color: #ffffff; width: 235px;\"><\/td>\n<td style=\"border: 1px solid #ffffff; background-color: #ffffff; width: 514px;\"><\/td>\n<\/tr>\n<\/tbody>\n<\/table>\n<p>&nbsp;<\/p>\n","protected":false},"excerpt":{"rendered":"<p>Gemeinde Schwedelbach Verbandsgemeinde Weilerbach &nbsp; Landgasthaus P\u00f6rrbacher Hof &nbsp; &nbsp; P\u00e4lzer Cantry B\u00e4nd &nbsp; &nbsp; &nbsp;<\/p>\n","protected":false},"author":2,"featured_media":0,"parent":0,"menu_order":43,"comment_status":"open","ping_status":"open","template":"","meta":{"footnotes":""},"class_list":["post-137","page","type-page","status-publish","hentry","nodate","item-wrap"],"_links":{"self":[{"href":"https:\/\/www.xn--heimatverein-prrbach-hbc.de\/index.php?rest_route=\/wp\/v2\/pages\/137","targetHints":{"allow":["GET"]}}],"collection":[{"href":"https:\/\/www.xn--heimatverein-prrbach-hbc.de\/index.php?rest_route=\/wp\/v2\/pages"}],"about":[{"href":"https:\/\/www.xn--heimatverein-prrbach-hbc.de\/index.php?rest_route=\/wp\/v2\/types\/page"}],"author":[{"embeddable":true,"href":"https:\/\/www.xn--heimatverein-prrbach-hbc.de\/index.php?rest_route=\/wp\/v2\/users\/2"}],"replies":[{"embeddable":true,"href":"https:\/\/www.xn--heimatverein-prrbach-hbc.de\/index.php?rest_route=%2Fwp%2Fv2%2Fcomments&post=137"}],"version-history":[{"count":15,"href":"https:\/\/www.xn--heimatverein-prrbach-hbc.de\/index.php?rest_route=\/wp\/v2\/pages\/137\/revisions"}],"predecessor-version":[{"id":3032,"href":"https:\/\/www.xn--heimatverein-prrbach-hbc.de\/index.php?rest_route=\/wp\/v2\/pages\/137\/revisions\/3032"}],"wp:attachment":[{"href":"https:\/\/www.xn--heimatverein-prrbach-hbc.de\/index.php?rest_route=%2Fwp%2Fv2%2Fmedia&parent=137"}],"curies":[{"name":"wp","href":"https:\/\/api.w.org\/{rel}","templated":true}]}}