{"id":126,"date":"2013-04-18T17:21:55","date_gmt":"2013-04-18T15:21:55","guid":{"rendered":"http:\/\/www.xn--heimatverein-prrbach-hbc.de\/?page_id=126"},"modified":"2019-01-02T19:04:50","modified_gmt":"2019-01-02T17:04:50","slug":"mitglied-werden","status":"publish","type":"page","link":"https:\/\/www.xn--heimatverein-prrbach-hbc.de\/?page_id=126","title":{"rendered":"Mitglied werden"},"content":{"rendered":"<p><span style=\"font-size: medium;\">F\u00fcr 5,00 \u20ac Jahresmitgliedsbeitrag k\u00f6nnen Sie beim Heimatverein P\u00f6rrbach Mitglied werden.<\/span><\/p>\n<p><span style=\"font-size: medium;\">Den nachfolgenden\u00a0Aufnahmeantrag k\u00f6nnen Sie am Computer ausdrucken. Das unterschriebene Formular senden Sie bitte an unseren Kassenwart:<\/span><\/p>\n<p><span style=\"font-size: medium;\">Michael Bissinger, Talstra\u00dfe 3a, 67685 Schwedelbach<\/span><\/p>\n<p><span style=\"font-size: medium;\">Die Beitragsabbuchung\u00a0erfolgt zum Ende des Jahres.<\/span><\/p>\n<p><span style=\"font-size: medium;\">\u00a0<\/span><\/p>\n<h3><span style=\"font-size: medium;\"><a href=\"http:\/\/www.heimatverein-p\u00f6rrbach.de\/wp-content\/Aufnahmeantrag%20-%2006.16.pdf\" target=\"_blank\" rel=\"noopener\">Aufnahmeantrag<\/a><\/span><\/h3>\n<p>&nbsp;<\/p>\n<p><span style=\"text-decoration: underline;\">\u00a0\u00a0\u00a0\u00a0\u00a0\u00a0\u00a0\u00a0\u00a0\u00a0\u00a0\u00a0\u00a0\u00a0\u00a0\u00a0\u00a0\u00a0\u00a0\u00a0\u00a0\u00a0\u00a0\u00a0\u00a0\u00a0\u00a0\u00a0\u00a0\u00a0\u00a0\u00a0\u00a0\u00a0\u00a0\u00a0\u00a0\u00a0\u00a0\u00a0\u00a0\u00a0\u00a0\u00a0\u00a0\u00a0\u00a0\u00a0\u00a0\u00a0\u00a0\u00a0\u00a0\u00a0\u00a0\u00a0\u00a0\u00a0\u00a0\u00a0\u00a0\u00a0\u00a0\u00a0\u00a0\u00a0\u00a0\u00a0\u00a0\u00a0\u00a0\u00a0\u00a0\u00a0\u00a0\u00a0\u00a0\u00a0\u00a0\u00a0\u00a0\u00a0\u00a0\u00a0\u00a0\u00a0\u00a0\u00a0\u00a0\u00a0\u00a0\u00a0\u00a0\u00a0\u00a0\u00a0\u00a0\u00a0\u00a0\u00a0\u00a0\u00a0\u00a0\u00a0\u00a0\u00a0\u00a0\u00a0\u00a0\u00a0\u00a0\u00a0\u00a0\u00a0\u00a0\u00a0\u00a0\u00a0\u00a0\u00a0\u00a0\u00a0\u00a0\u00a0\u00a0\u00a0\u00a0\u00a0\u00a0\u00a0\u00a0\u00a0\u00a0\u00a0\u00a0\u00a0\u00a0\u00a0\u00a0\u00a0\u00a0\u00a0\u00a0\u00a0\u00a0\u00a0\u00a0\u00a0\u00a0\u00a0\u00a0\u00a0\u00a0\u00a0\u00a0\u00a0\u00a0\u00a0\u00a0\u00a0\u00a0\u00a0\u00a0\u00a0\u00a0\u00a0\u00a0\u00a0\u00a0\u00a0\u00a0\u00a0\u00a0\u00a0\u00a0\u00a0\u00a0\u00a0\u00a0\u00a0\u00a0\u00a0\u00a0\u00a0\u00a0\u00a0\u00a0\u00a0\u00a0\u00a0\u00a0 <\/span><\/p>\n<h2>Einzugsverfahren f\u00fcr Ihre Mitgliedsbeitr\u00e4ge<\/h2>\n<p><span style=\"font-size: 12pt;\">Liebe Mitglieder des Heimatvereins P\u00f6rrbach,<\/span><\/p>\n<p><span style=\"font-size: 12pt;\">Wir ziehen Ihre j\u00e4hrlichen Mitgliedsbeitr\u00e4ge immer zum <strong>01. Dezember<\/strong> per SEPA-Lastschriftverfahren ein.<\/span><\/p>\n<p>Der Mitgliedsbeitrag betr\u00e4gt derzeit 5,00 \u20ac pro Jahr.<\/p>\n<p>Sie erkennen unsere Beitragseinz\u00fcge an unserer<\/p>\n<p><strong>Gl\u00e4ubiger-Identifikationsnummer:\u00a0 DE28ZZZ00000710281<\/strong><\/p>\n<p>und an Ihrer <strong>pers\u00f6nlichen Mandatsreferenz<\/strong> (= Ihre vierstellige Mitgliedsnummer mit vorangestelltem K\u00fcrzel &#8222;Hvp&#8220; &#8211; z.B. &#8222;Hvp0012&#8220;).<\/p>\n<p>Diese Angaben finden Sie als Begleittext zu der Lastschrift des Mitgliedsbeitrags auf Ihrem Kontoauszug.<\/p>\n<p>Bitte teilen Sie uns ggf. auftretende Unstimmigkeiten sowie \u00c4nderungen Ihrer Bankverbindungen umgehend mit!<\/p>\n<p>Mit freundlichen Gr\u00fc\u00dfen<\/p>\n<p>gez. Michael Bissinger (Kassenwart)<\/p>\n<p>&nbsp;<\/p>\n","protected":false},"excerpt":{"rendered":"<p>F\u00fcr 5,00 \u20ac Jahresmitgliedsbeitrag k\u00f6nnen Sie beim Heimatverein P\u00f6rrbach Mitglied werden. Den nachfolgenden\u00a0Aufnahmeantrag k\u00f6nnen Sie am Computer ausdrucken. Das unterschriebene Formular senden Sie bitte an unseren Kassenwart: Michael Bissinger, Talstra\u00dfe 3a, 67685 Schwedelbach Die Beitragsabbuchung\u00a0erfolgt zum Ende des Jahres. \u00a0 Aufnahmeantrag &nbsp; \u00a0\u00a0\u00a0\u00a0\u00a0\u00a0\u00a0\u00a0\u00a0\u00a0\u00a0\u00a0\u00a0\u00a0\u00a0\u00a0\u00a0\u00a0\u00a0\u00a0\u00a0\u00a0\u00a0\u00a0\u00a0\u00a0\u00a0\u00a0\u00a0\u00a0\u00a0\u00a0\u00a0\u00a0\u00a0\u00a0\u00a0\u00a0\u00a0\u00a0\u00a0\u00a0\u00a0\u00a0\u00a0\u00a0\u00a0\u00a0\u00a0\u00a0\u00a0\u00a0\u00a0\u00a0\u00a0\u00a0\u00a0\u00a0\u00a0\u00a0\u00a0\u00a0\u00a0\u00a0\u00a0\u00a0\u00a0\u00a0\u00a0\u00a0\u00a0\u00a0\u00a0\u00a0\u00a0\u00a0\u00a0\u00a0\u00a0\u00a0\u00a0\u00a0\u00a0\u00a0\u00a0\u00a0\u00a0\u00a0\u00a0\u00a0\u00a0\u00a0\u00a0\u00a0\u00a0\u00a0\u00a0\u00a0\u00a0\u00a0\u00a0\u00a0\u00a0\u00a0\u00a0\u00a0\u00a0\u00a0\u00a0\u00a0\u00a0\u00a0\u00a0\u00a0\u00a0\u00a0\u00a0\u00a0\u00a0\u00a0\u00a0\u00a0\u00a0\u00a0\u00a0\u00a0\u00a0\u00a0\u00a0\u00a0\u00a0\u00a0\u00a0\u00a0\u00a0\u00a0\u00a0\u00a0\u00a0\u00a0\u00a0\u00a0\u00a0\u00a0\u00a0\u00a0\u00a0\u00a0\u00a0\u00a0\u00a0\u00a0\u00a0\u00a0\u00a0\u00a0\u00a0\u00a0\u00a0\u00a0\u00a0\u00a0\u00a0\u00a0\u00a0\u00a0\u00a0\u00a0\u00a0\u00a0\u00a0\u00a0\u00a0\u00a0\u00a0\u00a0\u00a0\u00a0\u00a0\u00a0\u00a0\u00a0\u00a0\u00a0\u00a0\u00a0\u00a0\u00a0\u00a0\u00a0\u00a0 Einzugsverfahren f\u00fcr Ihre Mitgliedsbeitr\u00e4ge Liebe Mitglieder des Heimatvereins P\u00f6rrbach, Wir ziehen Ihre &hellip; <\/p>\n<p><a class=\"more-link btn\" href=\"https:\/\/www.xn--heimatverein-prrbach-hbc.de\/?page_id=126\">Weiterlesen<\/a><\/p>\n","protected":false},"author":2,"featured_media":0,"parent":13,"menu_order":49,"comment_status":"open","ping_status":"open","template":"","meta":{"footnotes":""},"class_list":["post-126","page","type-page","status-publish","hentry","nodate","item-wrap"],"_links":{"self":[{"href":"https:\/\/www.xn--heimatverein-prrbach-hbc.de\/index.php?rest_route=\/wp\/v2\/pages\/126","targetHints":{"allow":["GET"]}}],"collection":[{"href":"https:\/\/www.xn--heimatverein-prrbach-hbc.de\/index.php?rest_route=\/wp\/v2\/pages"}],"about":[{"href":"https:\/\/www.xn--heimatverein-prrbach-hbc.de\/index.php?rest_route=\/wp\/v2\/types\/page"}],"author":[{"embeddable":true,"href":"https:\/\/www.xn--heimatverein-prrbach-hbc.de\/index.php?rest_route=\/wp\/v2\/users\/2"}],"replies":[{"embeddable":true,"href":"https:\/\/www.xn--heimatverein-prrbach-hbc.de\/index.php?rest_route=%2Fwp%2Fv2%2Fcomments&post=126"}],"version-history":[{"count":20,"href":"https:\/\/www.xn--heimatverein-prrbach-hbc.de\/index.php?rest_route=\/wp\/v2\/pages\/126\/revisions"}],"predecessor-version":[{"id":1787,"href":"https:\/\/www.xn--heimatverein-prrbach-hbc.de\/index.php?rest_route=\/wp\/v2\/pages\/126\/revisions\/1787"}],"up":[{"embeddable":true,"href":"https:\/\/www.xn--heimatverein-prrbach-hbc.de\/index.php?rest_route=\/wp\/v2\/pages\/13"}],"wp:attachment":[{"href":"https:\/\/www.xn--heimatverein-prrbach-hbc.de\/index.php?rest_route=%2Fwp%2Fv2%2Fmedia&parent=126"}],"curies":[{"name":"wp","href":"https:\/\/api.w.org\/{rel}","templated":true}]}}