{"id":122,"date":"2013-04-18T17:18:06","date_gmt":"2013-04-18T15:18:06","guid":{"rendered":"http:\/\/www.xn--heimatverein-prrbach-hbc.de\/?page_id=122"},"modified":"2013-04-18T17:18:06","modified_gmt":"2013-04-18T15:18:06","slug":"unser-ort","status":"publish","type":"page","link":"https:\/\/www.xn--heimatverein-prrbach-hbc.de\/?page_id=122","title":{"rendered":"Unser Ort"},"content":{"rendered":"<p><span style=\"font-size: medium;\">P\u00f6rrbach liegt am S\u00fcdrand des Nordpf\u00e4lzer Berglandes in der\u00a0landschaftlich reizvollen\u00a0Westpfalz. Das Dorf ist Ortsteil der Gemeinde Schwedelbach und geh\u00f6rt zu der Verbandsgemeinde Weilerbach im Landkreis Kaiserslautern.<\/span><\/p>\n<p><span style=\"font-size: medium;\">Das idyllisch gelegene P\u00f6rrbach wurde im 15. Jahrhundert als &#8222;Pferrichberger Steige&#8220; erstmals erw\u00e4hnt. Die Siedlung erhielt ihren Namen nach einem Bach, an dem eine umz\u00e4unte und bewachte Weide (Pferch) errichtet worden war.<\/span><\/p>\n<p><a href=\"https:\/\/www.xn--heimatverein-prrbach-hbc.de\/wp-content\/uploads\/2013\/04\/Landschaft1-Kopie.jpg\"><img loading=\"lazy\" decoding=\"async\" class=\"aligncenter size-full wp-image-80\" alt=\"Digital Camera\" src=\"https:\/\/www.xn--heimatverein-prrbach-hbc.de\/wp-content\/uploads\/2013\/04\/Landschaft1-Kopie.jpg\" width=\"1024\" height=\"768\" srcset=\"https:\/\/www.xn--heimatverein-prrbach-hbc.de\/wp-content\/uploads\/2013\/04\/Landschaft1-Kopie.jpg 1024w, https:\/\/www.xn--heimatverein-prrbach-hbc.de\/wp-content\/uploads\/2013\/04\/Landschaft1-Kopie-300x225.jpg 300w\" sizes=\"auto, (max-width: 1024px) 100vw, 1024px\" \/><\/a><\/p>\n","protected":false},"excerpt":{"rendered":"<p>P\u00f6rrbach liegt am S\u00fcdrand des Nordpf\u00e4lzer Berglandes in der\u00a0landschaftlich reizvollen\u00a0Westpfalz. Das Dorf ist Ortsteil der Gemeinde Schwedelbach und geh\u00f6rt zu der Verbandsgemeinde Weilerbach im Landkreis Kaiserslautern. Das idyllisch gelegene P\u00f6rrbach wurde im 15. Jahrhundert als &#8222;Pferrichberger Steige&#8220; erstmals erw\u00e4hnt. Die Siedlung erhielt ihren Namen nach einem Bach, an dem eine umz\u00e4unte und bewachte Weide (Pferch) &hellip; <\/p>\n<p><a class=\"more-link btn\" href=\"https:\/\/www.xn--heimatverein-prrbach-hbc.de\/?page_id=122\">Weiterlesen<\/a><\/p>\n","protected":false},"author":2,"featured_media":0,"parent":13,"menu_order":24,"comment_status":"open","ping_status":"open","template":"","meta":{"footnotes":""},"class_list":["post-122","page","type-page","status-publish","hentry","nodate","item-wrap"],"_links":{"self":[{"href":"https:\/\/www.xn--heimatverein-prrbach-hbc.de\/index.php?rest_route=\/wp\/v2\/pages\/122","targetHints":{"allow":["GET"]}}],"collection":[{"href":"https:\/\/www.xn--heimatverein-prrbach-hbc.de\/index.php?rest_route=\/wp\/v2\/pages"}],"about":[{"href":"https:\/\/www.xn--heimatverein-prrbach-hbc.de\/index.php?rest_route=\/wp\/v2\/types\/page"}],"author":[{"embeddable":true,"href":"https:\/\/www.xn--heimatverein-prrbach-hbc.de\/index.php?rest_route=\/wp\/v2\/users\/2"}],"replies":[{"embeddable":true,"href":"https:\/\/www.xn--heimatverein-prrbach-hbc.de\/index.php?rest_route=%2Fwp%2Fv2%2Fcomments&post=122"}],"version-history":[{"count":1,"href":"https:\/\/www.xn--heimatverein-prrbach-hbc.de\/index.php?rest_route=\/wp\/v2\/pages\/122\/revisions"}],"predecessor-version":[{"id":123,"href":"https:\/\/www.xn--heimatverein-prrbach-hbc.de\/index.php?rest_route=\/wp\/v2\/pages\/122\/revisions\/123"}],"up":[{"embeddable":true,"href":"https:\/\/www.xn--heimatverein-prrbach-hbc.de\/index.php?rest_route=\/wp\/v2\/pages\/13"}],"wp:attachment":[{"href":"https:\/\/www.xn--heimatverein-prrbach-hbc.de\/index.php?rest_route=%2Fwp%2Fv2%2Fmedia&parent=122"}],"curies":[{"name":"wp","href":"https:\/\/api.w.org\/{rel}","templated":true}]}}