{"id":12,"date":"2013-04-18T17:03:15","date_gmt":"2013-04-18T15:03:15","guid":{"rendered":"http:\/\/www.xn--heimatverein-prrbach-hbc.de\/?page_id=12"},"modified":"2026-05-04T11:27:44","modified_gmt":"2026-05-04T09:27:44","slug":"veranstaltungentermine","status":"publish","type":"page","link":"https:\/\/www.xn--heimatverein-prrbach-hbc.de\/?page_id=12","title":{"rendered":"Veranstaltungen\/Termine"},"content":{"rendered":"<p>&nbsp;<\/p>\r\n<hr \/>\r\n<h3>03.10.26 &#8211; Herbstwanderung<\/h3>\r\n<p>Weitere Informationen folgen noch.<\/p>\r\n<p>&nbsp;<\/p>\r\n<hr \/>\r\n<h3>30.10.26 &#8211; Pf\u00e4lzer Comedyabend mit Dubbes &amp; Dabbes<br \/>\u00a0 \u00a0 \u00a0 \u00a0 \u00a0 \u00a0 \u00a0 \u00a0 \u00a0 \u00a0 \u00a0 \u00a0 &#8222;Liebe auf den ersten Schluck&#8220;<\/h3>\r\n<p><a href=\"https:\/\/www.xn--heimatverein-prrbach-hbc.de\/wp-content\/uploads\/2026\/03\/DubbesDabbes_HVPoerrbach_BoulevardTheater_FB.jpg\"><br \/><\/a><a href=\"https:\/\/www.xn--heimatverein-prrbach-hbc.de\/wp-content\/uploads\/2026\/03\/DubbesDabbes_HVPoerrbach_BoulevardTheater_FB.jpg\"><img loading=\"lazy\" decoding=\"async\" class=\"size-large wp-image-2964 alignnone\" src=\"https:\/\/www.xn--heimatverein-prrbach-hbc.de\/wp-content\/uploads\/2026\/03\/DubbesDabbes_HVPoerrbach_BoulevardTheater_FB-1024x1024.jpg\" alt=\"\" width=\"847\" height=\"847\" srcset=\"https:\/\/www.xn--heimatverein-prrbach-hbc.de\/wp-content\/uploads\/2026\/03\/DubbesDabbes_HVPoerrbach_BoulevardTheater_FB-1024x1024.jpg 1024w, https:\/\/www.xn--heimatverein-prrbach-hbc.de\/wp-content\/uploads\/2026\/03\/DubbesDabbes_HVPoerrbach_BoulevardTheater_FB-300x300.jpg 300w, https:\/\/www.xn--heimatverein-prrbach-hbc.de\/wp-content\/uploads\/2026\/03\/DubbesDabbes_HVPoerrbach_BoulevardTheater_FB-150x150.jpg 150w, https:\/\/www.xn--heimatverein-prrbach-hbc.de\/wp-content\/uploads\/2026\/03\/DubbesDabbes_HVPoerrbach_BoulevardTheater_FB-768x768.jpg 768w, https:\/\/www.xn--heimatverein-prrbach-hbc.de\/wp-content\/uploads\/2026\/03\/DubbesDabbes_HVPoerrbach_BoulevardTheater_FB-1536x1536.jpg 1536w, https:\/\/www.xn--heimatverein-prrbach-hbc.de\/wp-content\/uploads\/2026\/03\/DubbesDabbes_HVPoerrbach_BoulevardTheater_FB-847x847.jpg 847w, https:\/\/www.xn--heimatverein-prrbach-hbc.de\/wp-content\/uploads\/2026\/03\/DubbesDabbes_HVPoerrbach_BoulevardTheater_FB.jpg 1920w\" sizes=\"auto, (max-width: 847px) 100vw, 847px\" \/><\/a><\/p>\r\n<p>&nbsp;<\/p>\r\n<p>G\u00f6tz Valter <span style=\"font-size: 10pt;\">(fr\u00fcher Spitz &amp; Stumpf)<\/span> und Ren\u00e9 Weintz sind Dubbes &amp; Dabbes \u2013 das unschlagbare Duo, das die Pfalz mit Charme und Witz zum Strahlen bringt. Mit ihrer einzigartigen Mischung aus Comedy und Sketchen feiern sie die Pf\u00e4lzer Lebenslust in ihrer reinsten Form \u2013 mit der Pfalz, f\u00fcr die Pfalz und mitten aus der Pfalz.<\/p>\r\n<p><br \/><strong>Humorvoll durch die Pfalz!<\/strong><br \/>Die beiden Originale nehmen Sie mit auf eine urkomische Reise durch die sch\u00f6nsten Ecken der Region. Dabei treffen Sie auf typische Pf\u00e4lzer Eigenheiten, schr\u00e4ge Alltagssituationen und jede Menge liebevollen Lokalkolorit \u2013 immer gew\u00fcrzt mit einem Augenzwinkern und einem Glas Pf\u00e4lzer Wein.<\/p>\r\n<p><br \/><strong>Lachen garantiert!<\/strong><br \/>Ob eingefleischter Woiknorze oder neugieriger Neigschmeckter \u2013 Dubbes &amp; Dabbes zaubern jedem ein L\u00e4cheln ins Gesicht.<\/p>\r\n<p>&nbsp;<\/p>\r\n<p><strong>Erleben Sie Pf\u00e4lzer Lebensfreude pur \u2013 kommen Sie vorbei und lassen Sie sich begeistern!<\/strong><\/p>\r\n<p>&nbsp;<\/p>\r\n<p>&nbsp;<\/p>\r\n<p><strong>S\u00e4ngerheim Erzenhausen<\/strong> | Schulstra\u00dfe 9, 67685 Erzenhausen<\/p>\r\n<p>Beginn <strong>20:00 Uhr<\/strong> | Einlass ab 19:00 Uhr<\/p>\r\n<p>Eintritt: VVK: 25,- \u20ac | Abendkasse: 26,\u2013 \u20ac<\/p>\r\n<p><strong>F\u00fcr Ihr leibliches Wohl ist bestens gesorgt.<\/strong><\/p>\r\n<p>&nbsp;<\/p>\r\n<p><strong>Vorverkauf<\/strong>:<\/p>\r\n<ul>\r\n<li>Buchhandlung \u201eDer bunte Hund\u201c \u2013 Hauptstr. 14, 67685 Weilerbach \u2013 0 63 74 \u2013 80 55 95<\/li>\r\n<li>Buchhandlung \u201eDer bunte Hund\u201c \u2013 Hauptstr. 26, 67697 Otterberg \u2013 0 63 01 \u2013 7 98 82 48<\/li>\r\n<li>Landgasthof \u201cP\u00f6rrbacher Hof\u201d \u2013 Talstr. 16, 67685 Schwedelbach-P\u00f6rrbach \u2013 0 63 74 \u2013 7 07 76<\/li>\r\n<li>Kartenversand per Post:<br \/>Bestellung telefonisch: 0 63 74 \u2013 99 58 96<br \/>\u00fcber unser <a href=\"https:\/\/www.xn--heimatverein-prrbach-hbc.de\/?page_id=131\">Kontakformular<\/a> oder per E-Mail: <a href=\"mailto:info@heimatverein-poerrbach.de\">info@heimatverein-poerrbach.de<\/a>.<br \/>(zzgl. Bearbeitungs- und Versandgeb\u00fchr von 2,\u2013 \u20ac je Bestellung )<br \/>Bitte beachten Sie unsere <a href=\"https:\/\/www.xn--heimatverein-prrbach-hbc.de\/?page_id=1570\">Hinweise zu Kartenbestellungen<\/a>.<\/li>\r\n<\/ul>\r\n<!-- \/wp:post-content -->\r\n\r\n<!-- wp:heading {\"fontSize\":\"large\"} \/-->\r\n\r\n","protected":false},"excerpt":{"rendered":"<p>&nbsp; 03.10.26 &#8211; Herbstwanderung Weitere Informationen folgen noch. &nbsp; 30.10.26 &#8211; Pf\u00e4lzer Comedyabend mit Dubbes &amp; Dabbes\u00a0 \u00a0 \u00a0 \u00a0 \u00a0 \u00a0 \u00a0 \u00a0 \u00a0 \u00a0 \u00a0 \u00a0 &#8222;Liebe auf den ersten Schluck&#8220; &nbsp; G\u00f6tz Valter (fr\u00fcher Spitz &amp; Stumpf) und Ren\u00e9 Weintz sind Dubbes &amp; Dabbes \u2013 das unschlagbare Duo, das die Pfalz mit &hellip; <\/p>\n<p><a class=\"more-link btn\" href=\"https:\/\/www.xn--heimatverein-prrbach-hbc.de\/?page_id=12\">Weiterlesen<\/a><\/p>\n","protected":false},"author":1,"featured_media":0,"parent":0,"menu_order":0,"comment_status":"open","ping_status":"open","template":"","meta":{"footnotes":""},"class_list":["post-12","page","type-page","status-publish","hentry","nodate","item-wrap"],"_links":{"self":[{"href":"https:\/\/www.xn--heimatverein-prrbach-hbc.de\/index.php?rest_route=\/wp\/v2\/pages\/12","targetHints":{"allow":["GET"]}}],"collection":[{"href":"https:\/\/www.xn--heimatverein-prrbach-hbc.de\/index.php?rest_route=\/wp\/v2\/pages"}],"about":[{"href":"https:\/\/www.xn--heimatverein-prrbach-hbc.de\/index.php?rest_route=\/wp\/v2\/types\/page"}],"author":[{"embeddable":true,"href":"https:\/\/www.xn--heimatverein-prrbach-hbc.de\/index.php?rest_route=\/wp\/v2\/users\/1"}],"replies":[{"embeddable":true,"href":"https:\/\/www.xn--heimatverein-prrbach-hbc.de\/index.php?rest_route=%2Fwp%2Fv2%2Fcomments&post=12"}],"version-history":[{"count":292,"href":"https:\/\/www.xn--heimatverein-prrbach-hbc.de\/index.php?rest_route=\/wp\/v2\/pages\/12\/revisions"}],"predecessor-version":[{"id":3027,"href":"https:\/\/www.xn--heimatverein-prrbach-hbc.de\/index.php?rest_route=\/wp\/v2\/pages\/12\/revisions\/3027"}],"wp:attachment":[{"href":"https:\/\/www.xn--heimatverein-prrbach-hbc.de\/index.php?rest_route=%2Fwp%2Fv2%2Fmedia&parent=12"}],"curies":[{"name":"wp","href":"https:\/\/api.w.org\/{rel}","templated":true}]}}