{"id":1145,"date":"2015-11-08T13:19:28","date_gmt":"2015-11-08T11:19:28","guid":{"rendered":"http:\/\/www.xn--heimatverein-prrbach-hbc.de\/?page_id=1145"},"modified":"2015-11-12T17:24:05","modified_gmt":"2015-11-12T15:24:05","slug":"andy-ost","status":"publish","type":"page","link":"https:\/\/www.xn--heimatverein-prrbach-hbc.de\/?page_id=1145","title":{"rendered":"Andy Ost"},"content":{"rendered":"<p><span style=\"font-size: 14pt;\">Ein fantastischer Abend mit Andy Ost \u2013 ein ordentliches Quantum Unterhaltung<\/span><\/p>\n<p>&#8222;Weilerbach Aktuell&#8220; &#8211; 12.11.2015 &#8211; Sandra M\u00fcller<\/p>\n<p><span style=\"font-size: 12pt;\">Die Lachmuskeln des Publikums wurden am vergangenen Samstagabend im S\u00e4ngerheim in Erzenhausen schwer strapaziert. Andy Ost mit seinem B\u00fchnenprogramm \u201eEin Quantum Ost\u201c war auf Einladung des Heimatvereins P\u00f6rrbach zu Gast. Mit seinem musikalischen Kabarett \u201espielte\u201c er sich sogleich in die Herzen der Zuh\u00f6rer. Der amtierende Fasenachtspreistr\u00e4ger in Franken wusste, wie man das Publikum fesselt. Gleich zu Beginn gab es ein \u201eWarm-up\u201c, das seinesgleichen sucht. Auf die Schippe nahm Andy Ost zun\u00e4chst einmal Volkswagen &#8211; beim neuen Stars Wars Film w\u00fcrde Luke zu Darth Vader sagen: Vater warum atmest du so schwer? Worauf dieser antworte: Ich fahre einen Passat! Au\u00dferdem meldeten die Medien, dass Wurst ungesund sei. Er witzelte, dass es am Bahnhof demn\u00e4chst neben den Rauchern ein orangenes K\u00e4stchen gebe f\u00fcr diejenigen, die ein Salamibr\u00f6tchen essen. Dann berichtete er von seinem Opa, der auf dem Beipackzettel von Viagra den Hinweis fand, dass bei einer Erektion von mehr als vier Stunden der Arzt informiert werden m\u00fcsse. Woraufhin der Gro\u00dfvater sagte, wenn ihm in seinem Alter so was passiert, dann w\u00fcrde er dar\u00fcber jeden informieren. Witzig und charmant ging der Abend weiter, er erz\u00e4hlte aus seinem Leben, vom Auszug bei seiner Mutter \u00fcber das Kennenlernen von Vicky, seiner hochbegabten Freundin bis hin zur Hochzeit mit ihr, wie sie die Schwangerschaft durchlebten, die Geburt der Tochter und die Herausforderungen, die mit einem Baby zu durchleben sind. Dies alles fasste er nicht nur in Worte, nein, ganze Lieder textete er bravour\u00f6s um. So beispielsweise John Bon Jovis \u201eBed of Roses\u201c in \u201eWas wei\u00df ich, warum unnerm Bett noch e Hos\u00b4 is? Zum Thema \u201eM\u00e4nner und Aufr\u00e4umen\u201c. Gro\u00dfes Gel\u00e4chter im Saal gab es, als der K\u00fcnstler Udo Lindenberg imitierte \u2013 spitzenm\u00e4\u00dfig setzte er \u201eHinterm Horizont geht\u00b4s weiter\u201c in \u201eIst der Wachs erst ab, s brennt weiter \u2013 den ganzen Tag\u201c ins Rheinhessische um, hierbei ging es um Beinenthaarung bei M\u00e4nnern. Daf\u00fcr gab es Begeisterungsst\u00fcrme aus dem Publikum, es ging sogar so weit, dass Andy Ost selbst sein Programm vor Lachen kurz unterbrechen musste. Sch\u00f6n war, dass er die Zuh\u00f6rer voll und ganz mit einbezog, die Stimmung war so gut, dass er schlie\u00dflich meinte, man solle ihn daran erinnern, dass er beim Rausgehen auch Eintritt zahlen m\u00f6ge. Die Liste der Parodien wollte gar nicht aufh\u00f6ren, von Eros Ramazzotti \u00fcber Lady Gaga, Peter Maffay, Xavier Naidoo, Die Prinzen, Ozzy Osbourne, Nino de Angelo und Helene Fischer war eigentlich so fast alles mit dabei. Und dabei alles auch topp parodiert. Eine Zugabe durfte zum Schluss nat\u00fcrlich auch nicht fehlen, Ost schloss sein Programm mit einem Lied, mit welchem er schon seit zehn Jahren sein Soloprogramm abschlie\u00dft, er bedankte sich herzlich bei Publikum f\u00fcr das gr\u00f6\u00dfte Geschenk, n\u00e4mlich die Zeit, die sie sich genommen haben und w\u00fcnschte musikalisch eine \u201eGute Zeit\u201c. Alles in allem viele feingeschliffene Wortspiele, Parodien, die bravour\u00f6s gemeistert wurden und musikalisch sowohl vom Gesang, als auch an Klavier und Gitarre einfach nur topp &#8211; ein gelungener Cocktail, gesch\u00fcttelt und vielleicht auch ein bisschen ger\u00fchrt.<\/span><br \/>\n<span style=\"font-size: 8pt;\">Text: Sandra M\u00fcller<\/span><\/p>\n\n\t\t<style type=\"text\/css\">\n\t\t\t#gallery-1 {\n\t\t\t\tmargin: auto;\n\t\t\t}\n\t\t\t#gallery-1 .gallery-item {\n\t\t\t\tfloat: left;\n\t\t\t\tmargin-top: 10px;\n\t\t\t\ttext-align: center;\n\t\t\t\twidth: 25%;\n\t\t\t}\n\t\t\t#gallery-1 img {\n\t\t\t\tborder: 2px solid #cfcfcf;\n\t\t\t}\n\t\t\t#gallery-1 .gallery-caption {\n\t\t\t\tmargin-left: 0;\n\t\t\t}\n\t\t\t\/* see gallery_shortcode() in wp-includes\/media.php *\/\n\t\t<\/style>\n\t\t<div id='gallery-1' class='gallery galleryid-1145 gallery-columns-4 gallery-size-thumbnail'><dl class='gallery-item'>\n\t\t\t<dt class='gallery-icon landscape'>\n\t\t\t\t<a href='https:\/\/www.xn--heimatverein-prrbach-hbc.de\/?attachment_id=1146'><img loading=\"lazy\" decoding=\"async\" width=\"150\" height=\"150\" src=\"https:\/\/www.xn--heimatverein-prrbach-hbc.de\/wp-content\/uploads\/2015\/11\/Andy-Ost-HV-P\u00f6rrbach-07.11.15-01-150x150.jpg\" class=\"attachment-thumbnail size-thumbnail\" alt=\"\" \/><\/a>\n\t\t\t<\/dt><\/dl><dl class='gallery-item'>\n\t\t\t<dt class='gallery-icon portrait'>\n\t\t\t\t<a href='https:\/\/www.xn--heimatverein-prrbach-hbc.de\/?attachment_id=1147'><img loading=\"lazy\" decoding=\"async\" width=\"150\" height=\"150\" src=\"https:\/\/www.xn--heimatverein-prrbach-hbc.de\/wp-content\/uploads\/2015\/11\/Andy-Ost-HV-P\u00f6rrbach-07.11.15-02-150x150.jpg\" class=\"attachment-thumbnail size-thumbnail\" alt=\"\" \/><\/a>\n\t\t\t<\/dt><\/dl><dl class='gallery-item'>\n\t\t\t<dt class='gallery-icon landscape'>\n\t\t\t\t<a href='https:\/\/www.xn--heimatverein-prrbach-hbc.de\/?attachment_id=1143'><img loading=\"lazy\" decoding=\"async\" width=\"150\" height=\"150\" src=\"https:\/\/www.xn--heimatverein-prrbach-hbc.de\/wp-content\/uploads\/2015\/11\/Andy-Ost-HV-P\u00f6rrbach-07.11.15-03-150x150.jpg\" class=\"attachment-thumbnail size-thumbnail\" alt=\"\" \/><\/a>\n\t\t\t<\/dt><\/dl><dl class='gallery-item'>\n\t\t\t<dt class='gallery-icon portrait'>\n\t\t\t\t<a href='https:\/\/www.xn--heimatverein-prrbach-hbc.de\/?attachment_id=1148'><img loading=\"lazy\" decoding=\"async\" width=\"150\" height=\"150\" src=\"https:\/\/www.xn--heimatverein-prrbach-hbc.de\/wp-content\/uploads\/2015\/11\/Andy-Ost-HV-P\u00f6rrbach-07.11.15-04-150x150.jpg\" class=\"attachment-thumbnail size-thumbnail\" alt=\"\" \/><\/a>\n\t\t\t<\/dt><\/dl><br style=\"clear: both\" \/><dl class='gallery-item'>\n\t\t\t<dt class='gallery-icon portrait'>\n\t\t\t\t<a href='https:\/\/www.xn--heimatverein-prrbach-hbc.de\/?attachment_id=1149'><img loading=\"lazy\" decoding=\"async\" width=\"150\" height=\"150\" src=\"https:\/\/www.xn--heimatverein-prrbach-hbc.de\/wp-content\/uploads\/2015\/11\/Andy-Ost-HV-P\u00f6rrbach-07.11.15-05-150x150.jpg\" class=\"attachment-thumbnail size-thumbnail\" alt=\"\" \/><\/a>\n\t\t\t<\/dt><\/dl><dl class='gallery-item'>\n\t\t\t<dt class='gallery-icon portrait'>\n\t\t\t\t<a href='https:\/\/www.xn--heimatverein-prrbach-hbc.de\/?attachment_id=1150'><img loading=\"lazy\" decoding=\"async\" width=\"150\" height=\"150\" src=\"https:\/\/www.xn--heimatverein-prrbach-hbc.de\/wp-content\/uploads\/2015\/11\/Andy-Ost-HV-P\u00f6rrbach-07.11.15-06-150x150.jpg\" class=\"attachment-thumbnail size-thumbnail\" alt=\"\" \/><\/a>\n\t\t\t<\/dt><\/dl><dl class='gallery-item'>\n\t\t\t<dt class='gallery-icon portrait'>\n\t\t\t\t<a href='https:\/\/www.xn--heimatverein-prrbach-hbc.de\/?attachment_id=1151'><img loading=\"lazy\" decoding=\"async\" width=\"150\" height=\"150\" src=\"https:\/\/www.xn--heimatverein-prrbach-hbc.de\/wp-content\/uploads\/2015\/11\/Andy-Ost-HV-P\u00f6rrbach-07.11.15-07-150x150.jpg\" class=\"attachment-thumbnail size-thumbnail\" alt=\"\" \/><\/a>\n\t\t\t<\/dt><\/dl><dl class='gallery-item'>\n\t\t\t<dt class='gallery-icon portrait'>\n\t\t\t\t<a href='https:\/\/www.xn--heimatverein-prrbach-hbc.de\/?attachment_id=1152'><img loading=\"lazy\" decoding=\"async\" width=\"150\" height=\"150\" src=\"https:\/\/www.xn--heimatverein-prrbach-hbc.de\/wp-content\/uploads\/2015\/11\/Andy-Ost-HV-P\u00f6rrbach-07.11.15-08-150x150.jpg\" class=\"attachment-thumbnail size-thumbnail\" alt=\"\" \/><\/a>\n\t\t\t<\/dt><\/dl><br style=\"clear: both\" \/><dl class='gallery-item'>\n\t\t\t<dt class='gallery-icon portrait'>\n\t\t\t\t<a href='https:\/\/www.xn--heimatverein-prrbach-hbc.de\/?attachment_id=1153'><img loading=\"lazy\" decoding=\"async\" width=\"150\" height=\"150\" src=\"https:\/\/www.xn--heimatverein-prrbach-hbc.de\/wp-content\/uploads\/2015\/11\/Andy-Ost-HV-P\u00f6rrbach-07.11.15-09-150x150.jpg\" class=\"attachment-thumbnail size-thumbnail\" alt=\"\" \/><\/a>\n\t\t\t<\/dt><\/dl><dl class='gallery-item'>\n\t\t\t<dt class='gallery-icon landscape'>\n\t\t\t\t<a href='https:\/\/www.xn--heimatverein-prrbach-hbc.de\/?attachment_id=1154'><img loading=\"lazy\" decoding=\"async\" width=\"150\" height=\"150\" src=\"https:\/\/www.xn--heimatverein-prrbach-hbc.de\/wp-content\/uploads\/2015\/11\/Andy-Ost-HV-P\u00f6rrbach-07.11.15-10-150x150.jpg\" class=\"attachment-thumbnail size-thumbnail\" alt=\"\" \/><\/a>\n\t\t\t<\/dt><\/dl><dl class='gallery-item'>\n\t\t\t<dt class='gallery-icon landscape'>\n\t\t\t\t<a href='https:\/\/www.xn--heimatverein-prrbach-hbc.de\/?attachment_id=1155'><img loading=\"lazy\" decoding=\"async\" width=\"150\" height=\"150\" src=\"https:\/\/www.xn--heimatverein-prrbach-hbc.de\/wp-content\/uploads\/2015\/11\/Andy-Ost-HV-P\u00f6rrbach-07.11.15-11-150x150.jpg\" class=\"attachment-thumbnail size-thumbnail\" alt=\"\" \/><\/a>\n\t\t\t<\/dt><\/dl><dl class='gallery-item'>\n\t\t\t<dt class='gallery-icon landscape'>\n\t\t\t\t<a href='https:\/\/www.xn--heimatverein-prrbach-hbc.de\/?attachment_id=1156'><img loading=\"lazy\" decoding=\"async\" width=\"150\" height=\"150\" src=\"https:\/\/www.xn--heimatverein-prrbach-hbc.de\/wp-content\/uploads\/2015\/11\/Andy-Ost-HV-P\u00f6rrbach-07.11.15-12-150x150.jpg\" class=\"attachment-thumbnail size-thumbnail\" alt=\"\" \/><\/a>\n\t\t\t<\/dt><\/dl><br style=\"clear: both\" \/><dl class='gallery-item'>\n\t\t\t<dt class='gallery-icon landscape'>\n\t\t\t\t<a href='https:\/\/www.xn--heimatverein-prrbach-hbc.de\/?attachment_id=1157'><img loading=\"lazy\" decoding=\"async\" width=\"150\" height=\"150\" src=\"https:\/\/www.xn--heimatverein-prrbach-hbc.de\/wp-content\/uploads\/2015\/11\/Andy-Ost-HV-P\u00f6rrbach-07.11.15-13-150x150.jpg\" class=\"attachment-thumbnail size-thumbnail\" alt=\"\" \/><\/a>\n\t\t\t<\/dt><\/dl><dl class='gallery-item'>\n\t\t\t<dt class='gallery-icon portrait'>\n\t\t\t\t<a href='https:\/\/www.xn--heimatverein-prrbach-hbc.de\/?attachment_id=1158'><img loading=\"lazy\" decoding=\"async\" width=\"150\" height=\"150\" src=\"https:\/\/www.xn--heimatverein-prrbach-hbc.de\/wp-content\/uploads\/2015\/11\/Andy-Ost-HV-P\u00f6rrbach-07.11.15-14-150x150.jpg\" class=\"attachment-thumbnail size-thumbnail\" alt=\"\" \/><\/a>\n\t\t\t<\/dt><\/dl>\n\t\t\t<br style='clear: both' \/>\n\t\t<\/div>\n\n<p><span style=\"font-size: 8pt;\">Bilder: Michael Bissinger<br \/>\n<\/span><\/p>\n","protected":false},"excerpt":{"rendered":"<p>Ein fantastischer Abend mit Andy Ost \u2013 ein ordentliches Quantum Unterhaltung &#8222;Weilerbach Aktuell&#8220; &#8211; 12.11.2015 &#8211; Sandra M\u00fcller Die Lachmuskeln des Publikums wurden am vergangenen Samstagabend im S\u00e4ngerheim in Erzenhausen schwer strapaziert. Andy Ost mit seinem B\u00fchnenprogramm \u201eEin Quantum Ost\u201c war auf Einladung des Heimatvereins P\u00f6rrbach zu Gast. Mit seinem musikalischen Kabarett \u201espielte\u201c er sich &hellip; <\/p>\n<p><a class=\"more-link btn\" href=\"https:\/\/www.xn--heimatverein-prrbach-hbc.de\/?page_id=1145\">Weiterlesen<\/a><\/p>\n","protected":false},"author":2,"featured_media":1159,"parent":1015,"menu_order":77,"comment_status":"closed","ping_status":"open","template":"","meta":{"footnotes":""},"class_list":["post-1145","page","type-page","status-publish","has-post-thumbnail","hentry","nodate","item-wrap"],"_links":{"self":[{"href":"https:\/\/www.xn--heimatverein-prrbach-hbc.de\/index.php?rest_route=\/wp\/v2\/pages\/1145","targetHints":{"allow":["GET"]}}],"collection":[{"href":"https:\/\/www.xn--heimatverein-prrbach-hbc.de\/index.php?rest_route=\/wp\/v2\/pages"}],"about":[{"href":"https:\/\/www.xn--heimatverein-prrbach-hbc.de\/index.php?rest_route=\/wp\/v2\/types\/page"}],"author":[{"embeddable":true,"href":"https:\/\/www.xn--heimatverein-prrbach-hbc.de\/index.php?rest_route=\/wp\/v2\/users\/2"}],"replies":[{"embeddable":true,"href":"https:\/\/www.xn--heimatverein-prrbach-hbc.de\/index.php?rest_route=%2Fwp%2Fv2%2Fcomments&post=1145"}],"version-history":[{"count":3,"href":"https:\/\/www.xn--heimatverein-prrbach-hbc.de\/index.php?rest_route=\/wp\/v2\/pages\/1145\/revisions"}],"predecessor-version":[{"id":1166,"href":"https:\/\/www.xn--heimatverein-prrbach-hbc.de\/index.php?rest_route=\/wp\/v2\/pages\/1145\/revisions\/1166"}],"up":[{"embeddable":true,"href":"https:\/\/www.xn--heimatverein-prrbach-hbc.de\/index.php?rest_route=\/wp\/v2\/pages\/1015"}],"wp:featuredmedia":[{"embeddable":true,"href":"https:\/\/www.xn--heimatverein-prrbach-hbc.de\/index.php?rest_route=\/wp\/v2\/media\/1159"}],"wp:attachment":[{"href":"https:\/\/www.xn--heimatverein-prrbach-hbc.de\/index.php?rest_route=%2Fwp%2Fv2%2Fmedia&parent=1145"}],"curies":[{"name":"wp","href":"https:\/\/api.w.org\/{rel}","templated":true}]}}