{"id":1017,"date":"2015-01-22T19:11:43","date_gmt":"2015-01-22T17:11:43","guid":{"rendered":"http:\/\/www.xn--heimatverein-prrbach-hbc.de\/?page_id=1017"},"modified":"2015-01-22T19:12:48","modified_gmt":"2015-01-22T17:12:48","slug":"spendenuebergabe-fuer-stefan","status":"publish","type":"page","link":"https:\/\/www.xn--heimatverein-prrbach-hbc.de\/?page_id=1017","title":{"rendered":"Spenden\u00fcbergabe &#8222;F\u00fcr Stefan&#8220;"},"content":{"rendered":"<h2><strong>Irina Scheuermann bedankt sich f\u00fcr die vielf\u00e4ltige Unterst\u00fctzung<\/strong><\/h2>\n<div id=\"attachment_1013\" style=\"width: 1024px\" class=\"wp-caption aligncenter\"><a href=\"https:\/\/www.xn--heimatverein-prrbach-hbc.de\/wp-content\/uploads\/2015\/01\/Spende-F\u00fcr-Stefan.jpg\"><img loading=\"lazy\" decoding=\"async\" aria-describedby=\"caption-attachment-1013\" class=\"wp-image-1013 size-large\" src=\"https:\/\/www.xn--heimatverein-prrbach-hbc.de\/wp-content\/uploads\/2015\/01\/Spende-F\u00fcr-Stefan-1024x709.jpg\" alt=\"Spende - F\u00fcr Stefan\" width=\"1024\" height=\"709\" srcset=\"https:\/\/www.xn--heimatverein-prrbach-hbc.de\/wp-content\/uploads\/2015\/01\/Spende-F\u00fcr-Stefan-1024x709.jpg 1024w, https:\/\/www.xn--heimatverein-prrbach-hbc.de\/wp-content\/uploads\/2015\/01\/Spende-F\u00fcr-Stefan-300x207.jpg 300w, https:\/\/www.xn--heimatverein-prrbach-hbc.de\/wp-content\/uploads\/2015\/01\/Spende-F\u00fcr-Stefan.jpg 1865w\" sizes=\"auto, (max-width: 1024px) 100vw, 1024px\" \/><\/a><p id=\"caption-attachment-1013\" class=\"wp-caption-text\">Spenden\u00fcbergabe &#8222;F\u00fcr Stefan&#8220; &#8211; Vorne Mitte von links: Elke Zantopp (1. Vorsitzende), Irina Scheuermann sowie die Vorstandschaft des Heimatvereins P\u00f6rrbach<\/p><\/div>\n<p><span style=\"font-size: 14pt;\">Der Erl\u00f6s der Kulturveranstaltung des Heimatvereins mit \u201eRamon Chormann\u201c vom 21. November 2014, konnte nun \u201eF\u00fcr Stefan\u201c \u00fcberreicht werden. Hiermit soll die Familie von Stefan Scheuermann aus Erzenhausen, der an einem apallischen Syndrom (Wachkoma) leidet, unterst\u00fctzt werden.<\/span><br \/>\n<span style=\"font-size: 14pt;\"> Am 18.01.2015 \u00fcbergab der Heimatverein P\u00f6rrbach eine Spende in H\u00f6he von 2.000,00 \u20ac an Stefans Frau, Irina Scheuermann.<\/span><br \/>\n<span style=\"font-size: 14pt;\"> \u201eIch bin von der gro\u00dfen Anteilnahme so vieler Menschen \u00fcberw\u00e4ltigt. Ich bedanke mich herzlich beim Heimatverein P\u00f6rrbach und allen anderen Spendern.\u201c, sagte Irina Scheuermann.<\/span><br \/>\n<span style=\"font-size: 14pt;\"> Die 1. Vorsitzende des Heimatvereins, Elke Zantopp, betonte, dass es dem Verein ein gro\u00dfes Anliegen ist, die Familie Scheuermann zu unterst\u00fctzen. Sie ist deshalb auch Gr\u00fcndungsmitglied des gemeinn\u00fctzigen Vereins \u201eF\u00fcr Stefan e.V.\u201c, der ihm und seiner Familie helfend zur Seite steht. Wer Kontakt zu dem Verein aufnehmen m\u00f6chte, kann dies auch \u00fcber die E-Mail-Adresse des Heimatvereins P\u00f6rrbach tun: info@heimatverein-poerrbach.de.<\/span><br \/>\n<span style=\"font-size: 14pt;\"> Der Heimatverein bedankt sich bei allen Besuchern der Kulturveranstaltung und f\u00fcr deren reichliche Spenden sowie bei der Gemeinde Erzenhausen, die auf die Saalmiete verzichtete.<\/span><\/p>\n","protected":false},"excerpt":{"rendered":"<p>Irina Scheuermann bedankt sich f\u00fcr die vielf\u00e4ltige Unterst\u00fctzung Der Erl\u00f6s der Kulturveranstaltung des Heimatvereins mit \u201eRamon Chormann\u201c vom 21. November 2014, konnte nun \u201eF\u00fcr Stefan\u201c \u00fcberreicht werden. Hiermit soll die Familie von Stefan Scheuermann aus Erzenhausen, der an einem apallischen Syndrom (Wachkoma) leidet, unterst\u00fctzt werden. Am 18.01.2015 \u00fcbergab der Heimatverein P\u00f6rrbach eine Spende in H\u00f6he &hellip; <\/p>\n<p><a class=\"more-link btn\" href=\"https:\/\/www.xn--heimatverein-prrbach-hbc.de\/?page_id=1017\">Weiterlesen<\/a><\/p>\n","protected":false},"author":2,"featured_media":1013,"parent":1015,"menu_order":96,"comment_status":"closed","ping_status":"open","template":"","meta":{"footnotes":""},"class_list":["post-1017","page","type-page","status-publish","has-post-thumbnail","hentry","nodate","item-wrap"],"_links":{"self":[{"href":"https:\/\/www.xn--heimatverein-prrbach-hbc.de\/index.php?rest_route=\/wp\/v2\/pages\/1017","targetHints":{"allow":["GET"]}}],"collection":[{"href":"https:\/\/www.xn--heimatverein-prrbach-hbc.de\/index.php?rest_route=\/wp\/v2\/pages"}],"about":[{"href":"https:\/\/www.xn--heimatverein-prrbach-hbc.de\/index.php?rest_route=\/wp\/v2\/types\/page"}],"author":[{"embeddable":true,"href":"https:\/\/www.xn--heimatverein-prrbach-hbc.de\/index.php?rest_route=\/wp\/v2\/users\/2"}],"replies":[{"embeddable":true,"href":"https:\/\/www.xn--heimatverein-prrbach-hbc.de\/index.php?rest_route=%2Fwp%2Fv2%2Fcomments&post=1017"}],"version-history":[{"count":4,"href":"https:\/\/www.xn--heimatverein-prrbach-hbc.de\/index.php?rest_route=\/wp\/v2\/pages\/1017\/revisions"}],"predecessor-version":[{"id":1023,"href":"https:\/\/www.xn--heimatverein-prrbach-hbc.de\/index.php?rest_route=\/wp\/v2\/pages\/1017\/revisions\/1023"}],"up":[{"embeddable":true,"href":"https:\/\/www.xn--heimatverein-prrbach-hbc.de\/index.php?rest_route=\/wp\/v2\/pages\/1015"}],"wp:featuredmedia":[{"embeddable":true,"href":"https:\/\/www.xn--heimatverein-prrbach-hbc.de\/index.php?rest_route=\/wp\/v2\/media\/1013"}],"wp:attachment":[{"href":"https:\/\/www.xn--heimatverein-prrbach-hbc.de\/index.php?rest_route=%2Fwp%2Fv2%2Fmedia&parent=1017"}],"curies":[{"name":"wp","href":"https:\/\/api.w.org\/{rel}","templated":true}]}}